{"id":42654,"date":"2026-03-18T18:47:59","date_gmt":"2026-03-18T18:47:59","guid":{"rendered":"https:\/\/soydeaqui.ddns.net\/pachuca\/index.php\/producto\/varilla-roscada-inoxidable-304-de-1-2-x-3-60-m\/"},"modified":"2026-03-18T18:47:59","modified_gmt":"2026-03-18T18:47:59","slug":"varilla-roscada-inoxidable-304-de-1-2-x-3-60-m","status":"publish","type":"product","link":"https:\/\/soydeaqui.ddns.net\/pachuca\/index.php\/producto\/varilla-roscada-inoxidable-304-de-1-2-x-3-60-m\/","title":{"rendered":"Varilla Roscada Inoxidable 304  de 1\/2 x 3.60 m."},"content":{"rendered":"<div style='width: 100%; max-width: 1200px; margin: 0 auto; font-family: sans-serif; line-height: 1.6; color: inherit;'>\n<div style='display: flex; flex-wrap: wrap; gap: 30px; margin-bottom: 30px;'>\n<div style='flex: 1 1 300px; min-width: 280px;'>\n<h3 style='font-size: 22px; border-bottom: 2px solid currentColor; padding-bottom: 5px; margin-top: 0; color: inherit; opacity: 0.8;'>Caracter\u00edsticas T\u00e9cnicas<\/h3>\n<ul style='padding-left: 20px; font-size: 15px; color: inherit;'>\n<li style='margin-bottom: 5px;'><strong>Material:<\/strong> Acero inoxidable tipo 304<\/li>\n<li style='margin-bottom: 5px;'><strong>Di\u00e1metro:<\/strong> 1\/2 pulgada<\/li>\n<li style='margin-bottom: 5px;'><strong>Longitud:<\/strong> 3.60 metros<\/li>\n<li style='margin-bottom: 5px;'><strong>Norma:<\/strong> IFI 136 Tipo 3<\/li>\n<\/ul><\/div>\n<div style='flex: 1 1 300px; min-width: 280px;'>\n<h3 style='font-size: 22px; border-bottom: 2px solid currentColor; padding-bottom: 5px; margin-top: 0; color: inherit; opacity: 0.8;'>Propiedades F\u00edsicas<\/h3>\n<ul style='padding-left: 20px; font-size: 15px; color: inherit;'>\n<li style='margin-bottom: 5px;'><strong>Resistencia a la tracci\u00f3n:<\/strong> 85&comma;000 &#8211; 150&comma;000 PSI<\/li>\n<li style='margin-bottom: 5px;'><strong>Tensi\u00f3n de fluencia m\u00ednima:<\/strong> 40&comma;000 PSI<\/li>\n<li style='margin-bottom: 5px;'><strong>Dureza m\u00ednima:<\/strong> HRB 85<\/li>\n<\/ul><\/div>\n<div style='flex: 1 1 300px; min-width: 280px;'>\n<h3 style='font-size: 22px; border-bottom: 2px solid currentColor; padding-bottom: 5px; margin-top: 0; color: inherit; opacity: 0.8;'>Composici\u00f3n Qu\u00edmica<\/h3>\n<ul style='padding-left: 20px; font-size: 15px; color: inherit;'>\n<li style='margin-bottom: 5px;'><strong>Carb\u00f3n:<\/strong> M\u00e1ximo 0.08%<\/li>\n<li style='margin-bottom: 5px;'><strong>Manganeso:<\/strong> M\u00e1ximo 2%<\/li>\n<li style='margin-bottom: 5px;'><strong>Silicio:<\/strong> M\u00e1ximo 1%<\/li>\n<li style='margin-bottom: 5px;'><strong>F\u00f3sforo:<\/strong> M\u00e1ximo 0.045%<\/li>\n<li style='margin-bottom: 5px;'><strong>Azufre:<\/strong> M\u00e1ximo 0.03%<\/li>\n<li style='margin-bottom: 5px;'><strong>Cromo:<\/strong> 18-20%<\/li>\n<li style='margin-bottom: 5px;'><strong>N\u00edquel:<\/strong> 8-10%<\/li>\n<\/ul><\/div>\n<\/p><\/div>\n<div style='display: flex; flex-wrap: wrap; gap: 20px; margin-bottom: 30px;'>\n<div style='flex: 1 1 250px; border: 1px solid rgba(150&comma; 150&comma; 150&comma; 0.4); border-radius: 8px; overflow: hidden; display: flex; flex-direction: column;'>\n<div style='padding: 15px; border-bottom: 1px solid rgba(150&comma; 150&comma; 150&comma; 0.2); font-weight: bold; font-size: 18px; color: inherit;'>Aplicaciones<\/div>\n<div style='padding: 15px; color: inherit;'>\n<ul style='padding-left: 20px; margin: 0; font-size: 14px; list-style-type: disc;'>\n<li style='margin-bottom: 5px;'>Construcci\u00f3n industrial<\/li>\n<li style='margin-bottom: 5px;'>Montaje estructural<\/li>\n<li style='margin-bottom: 5px;'>Sistemas de anclaje<\/li>\n<li style='margin-bottom: 5px;'>Ambientes corrosivos<\/li>\n<\/ul><\/div>\n<\/p><\/div>\n<div style='flex: 1 1 250px; border: 1px solid rgba(150&comma; 150&comma; 150&comma; 0.4); border-radius: 8px; overflow: hidden; display: flex; flex-direction: column;'>\n<div style='padding: 15px; border-bottom: 1px solid rgba(150&comma; 150&comma; 150&comma; 0.2); font-weight: bold; font-size: 18px; color: inherit;'>Caracter\u00edsticas Principales<\/div>\n<div style='padding: 15px; color: inherit;'>\n<ul style='padding-left: 20px; margin: 0; font-size: 14px; list-style-type: disc;'>\n<li style='margin-bottom: 5px;'>Material inoxidable para resistencia a corrosi\u00f3n<\/li>\n<li style='margin-bottom: 5px;'>Rosca uniforme para f\u00e1cil instalaci\u00f3n<\/li>\n<li style='margin-bottom: 5px;'>Alta durabilidad en ambientes exigentes<\/li>\n<\/ul><\/div>\n<\/p><\/div>\n<\/p><\/div>\n<hr style='border: 0; border-top: 1px solid rgba(150&comma; 150&comma; 150&comma; 0.3); margin: 30px 0;'>\n<div style='display: flex; flex-wrap: wrap; gap: 30px;'>\n<div style='flex: 1 1 300px; min-width: 280px;'>\n<h3 style='font-size: 22px; border-bottom: 2px solid currentColor; padding-bottom: 5px; margin-top: 0; color: inherit; opacity: 0.8;'>Certificaci\u00f3n<\/h3>\n<p style='font-size: 15px; color: inherit;'>Producto fabricado conforme a normas internacionales de calidad en dimensiones&comma; propiedades f\u00edsicas y composici\u00f3n qu\u00edmica.<\/p>\n<\/p><\/div>\n<\/p><\/div>\n<\/p><\/div>\n","protected":false},"excerpt":{"rendered":"<p>Varilla Roscada Inoxidable 304  de 1\/2 x 3.60 m.<\/p>\n","protected":false},"featured_media":42653,"comment_status":"open","ping_status":"closed","template":"","meta":[],"product_brand":[],"product_cat":[574],"product_tag":[572,700,575],"class_list":{"0":"post-42654","1":"product","2":"type-product","3":"status-publish","4":"has-post-thumbnail","6":"product_cat-fijacion","7":"product_tag-canalizacion","8":"product_tag-dmt","9":"product_tag-fijacion","11":"first","12":"instock","13":"sale","14":"shipping-taxable","15":"purchasable","16":"product-type-simple"},"_links":{"self":[{"href":"https:\/\/soydeaqui.ddns.net\/pachuca\/index.php\/wp-json\/wp\/v2\/product\/42654","targetHints":{"allow":["GET"]}}],"collection":[{"href":"https:\/\/soydeaqui.ddns.net\/pachuca\/index.php\/wp-json\/wp\/v2\/product"}],"about":[{"href":"https:\/\/soydeaqui.ddns.net\/pachuca\/index.php\/wp-json\/wp\/v2\/types\/product"}],"replies":[{"embeddable":true,"href":"https:\/\/soydeaqui.ddns.net\/pachuca\/index.php\/wp-json\/wp\/v2\/comments?post=42654"}],"wp:featuredmedia":[{"embeddable":true,"href":"https:\/\/soydeaqui.ddns.net\/pachuca\/index.php\/wp-json\/wp\/v2\/media\/42653"}],"wp:attachment":[{"href":"https:\/\/soydeaqui.ddns.net\/pachuca\/index.php\/wp-json\/wp\/v2\/media?parent=42654"}],"wp:term":[{"taxonomy":"product_brand","embeddable":true,"href":"https:\/\/soydeaqui.ddns.net\/pachuca\/index.php\/wp-json\/wp\/v2\/product_brand?post=42654"},{"taxonomy":"product_cat","embeddable":true,"href":"https:\/\/soydeaqui.ddns.net\/pachuca\/index.php\/wp-json\/wp\/v2\/product_cat?post=42654"},{"taxonomy":"product_tag","embeddable":true,"href":"https:\/\/soydeaqui.ddns.net\/pachuca\/index.php\/wp-json\/wp\/v2\/product_tag?post=42654"}],"curies":[{"name":"wp","href":"https:\/\/api.w.org\/{rel}","templated":true}]}}