{"id":4264,"date":"2026-03-18T06:17:14","date_gmt":"2026-03-18T06:17:14","guid":{"rendered":"https:\/\/soydeaqui.ddns.net\/pachuca\/index.php\/producto\/kit-de-alertamiento-sismico-con-audio-oficial-sasmex\/"},"modified":"2026-03-18T06:17:15","modified_gmt":"2026-03-18T06:17:15","slug":"kit-de-alertamiento-sismico-con-audio-oficial-sasmex","status":"publish","type":"product","link":"https:\/\/soydeaqui.ddns.net\/pachuca\/index.php\/producto\/kit-de-alertamiento-sismico-con-audio-oficial-sasmex\/","title":{"rendered":"KIT de Alertamiento SISMICO con Audio Oficial SASMEX"},"content":{"rendered":"<div style='width: 100%; max-width: 1200px; margin: 0 auto; font-family: sans-serif; line-height: 1.6; color: inherit; background-color: transparent;'>\n<p style='text-align: center; margin: 0; padding: 0;'> <img style='width: 100%; height: auto; border: 1px solid rgba(150&comma;150&comma;150&comma;0.3); border-radius: 8px;' src='https:\/\/ftp3.syscom.mx\/usuarios\/vvega\/yonusa\/equipos\/sismico\/Sismico_cabezera.jpg' alt=''> <\/p>\n<div style='margin-top: 30px; margin-bottom: 30px;'>\n<h3 style='font-size: 22px; border-bottom: 2px solid currentColor; padding-bottom: 5px; margin-top: 0; color: inherit; opacity: 0.8;'>Funcionamiento y equipo<\/h3>\n<p style='margin-bottom: 15px;'> Se utiliza un radio meteorol\u00f3gico el cual es capaz de recibir la se\u00f1al que se emite por Sistema de Alertamiento S\u00edsmico Mexicano (SASMEX)&comma; la cual es una se\u00f1al que se transmite de manera abierta&comma; siempre y cuando se tenga este radio. Esta se\u00f1al se transmite en 7 canales diferentes&comma; el cual se selecciona el canal en el radio conforme a la zona en la que se vaya instalar el equipo&comma; llevando al siguiente punto <\/p>\n<p style='margin-bottom: 15px;'> <span style='font-size: 24px; color: inherit;'>NOTA: NO ES COMPATIBLE CON EL RADIO RECEPTOR<\/span> <a style='text-decoration: none; font-weight: 600; color: inherit;' href='https:\/\/www.syscom.mx\/principal\/searchcont?route=WR120DSP-MIDLAND-239355&#038;autodetect=wr120'>WR120DSP<\/a> <\/p>\n<\/p><\/div>\n<div style='display: flex; flex-wrap: wrap; gap: 30px; margin-bottom: 30px;'>\n<div style='flex: 1 1 300px; min-width: 280px;'>\n<div style='width: 100%;'> <img style='width: 100%; height: auto; border: 1px solid rgba(150&comma;150&comma;150&comma;0.3); border-radius: 8px;' src='https:\/\/ftp3.syscom.mx\/usuarios\/fotos\/BancoFotografiasSyscom\/YONUSA\/YASSIR\/YASSIR-AD-1-p.PNG' alt=''> <\/p>\n<div style='border-top: 5px solid #DF001D; padding: 15px;'>\n<h4 style='margin: 0 0 10px 0; color: inherit;'>1 x <a style='color: inherit; text-decoration: none;' href='https:\/\/www.syscom.mx\/producto\/YAS-SIR-YONUSA-224135.html' target='_blank' rel='noopener'>YAS-SIR<\/a><\/h4>\n<h4 style='color: gray; margin: 0 0 10px 0;'>Caracter\u00edsticas:<\/h4>\n<ul style='padding-left: 20px; font-size: 14px; color: inherit; list-style-type: disc;'>\n<li style='margin-bottom: 5px;'>Totalmente compatible con los modulos YASWIFI y YASMOD de YONUSA para alertamiento s\u00edsmico.<\/li>\n<li style='margin-bottom: 5px;'>Nos proporciona el audio \u00fanico y oficial de alerta s\u00edsmica con potencia de 30W y un tono m\u00e1ximo de hasta 120 dB.<\/li>\n<li style='margin-bottom: 5px;'>Dimensiones: 20 x 13.5 x 23 cm<\/li>\n<\/ul><\/div>\n<\/p><\/div>\n<\/p><\/div>\n<div style='flex: 1 1 300px; min-width: 280px;'>\n<div style='width: 100%;'> <img style='width: 100%; height: auto; border: 1px solid rgba(150&comma;150&comma;150&comma;0.3); border-radius: 8px;' src='https:\/\/ftp3.syscom.mx\/usuarios\/fotos\/BancoFotografiasSyscom\/YONUSA\/YASMOD\/YASMOD-AD-2-p.PNG' alt=''> <\/p>\n<div style='border-top: 5px solid #DF001D; padding: 15px;'>\n<h4 style='margin: 0 0 10px 0; color: inherit;'>1 x <a style='color: inherit; text-decoration: none;' href='https:\/\/www.syscom.mx\/producto\/YAS-MOD-YONUSA-224132.html' target='_blank' rel='noopener'>YAS-MOD<\/a><\/h4>\n<h4 style='color: gray; margin: 0 0 10px 0;'>Caracter\u00edsticas:<\/h4>\n<ul style='padding-left: 20px; font-size: 14px; color: inherit; list-style-type: disc;'>\n<li style='margin-bottom: 5px;'>Term\u00ednales de bornera para la conexi\u00f3n de la Sirena de Alertamiento S\u00edsmico YONUSA&comma; mediante SIR+ (Terminal positiva de la sirena) y SIR- (Terminal negativa de la sirena).<\/li>\n<li style='margin-bottom: 5px;'>Proporciona la alimentaci\u00f3n necesaria para el cableado de la Sirena de Alertamiento s\u00edsmico a unos 15 metros de distancia.<\/li>\n<li style='margin-bottom: 5px;'>Dimensiones: 14 x 16.5 x 8.5 cm<\/li>\n<li style='margin-bottom: 5px;'>Proporciona una fuente de alimentaci\u00f3n de 13.5Vdc a 2Amp mediante conexi\u00f3n de corriente alterna (127 o 220 Vac). NO incluye cable de alimentacion&comma; recomendado <a style='color: inherit; text-decoration: none; font-weight: 600;' href='https:\/\/www.syscom.mx\/principal\/searchcont?route=ACCORDP1.8M-EPCOM-POWERLINE-211189&#038;autodetect=cable_de_alimentacion'>ACCORDP1.8M<\/a><\/li>\n<\/ul><\/div>\n<\/p><\/div>\n<\/p><\/div>\n<div style='flex: 1 1 300px; min-width: 280px;'>\n<div style='width: 100%;'> <img style='width: 100%; height: auto; border: 1px solid rgba(150&comma;150&comma;150&comma;0.3); border-radius: 8px;' src='https:\/\/ftp3.syscom.mx\/usuarios\/fotos\/BancoFotografiasSyscom\/MIDLAND\/WR120\/WR120-p.PNG' alt=''> <\/p>\n<div style='border-top: 5px solid #DF001D; padding: 15px;'>\n<h4 style='margin: 0 0 10px 0; color: inherit;'>1 x <a style='color: inherit; text-decoration: none;' href='https:\/\/www.syscom.mx\/producto\/WR-120-MIDLAND-192789.html' target='_blank' rel='noopener'>WR-120<\/a><\/h4>\n<h4 style='color: gray; margin: 0 0 10px 0;'>Caracter\u00edsticas:<\/h4>\n<ul style='padding-left: 20px; font-size: 14px; color: inherit; list-style-type: disc;'>\n<li style='margin-bottom: 5px;'>Receptor de alertas y emergencias meteorol\u00f3gicas mediante la codificaci\u00f3n de mensajes de \u00e1rea simple EAS-SAME.<\/li>\n<li style='margin-bottom: 5px;'>Dimensiones: 12.7 x 15.24 x 3.81 cm<\/li>\n<li style='margin-bottom: 5px;'>Requiere 3 pilas alcalinas AA (no incluidas)<\/li>\n<li style='margin-bottom: 0;'>Adaptador opcional para antena externa: <span style='font-weight: 600;'>RFB-1140<\/span><\/li>\n<\/ul><\/div>\n<\/p><\/div>\n<\/p><\/div>\n<\/p><\/div>\n<hr style='border: 0; border-top: 1px solid rgba(150&comma; 150&comma; 150&comma; 0.3); margin: 30px 0;'> <\/div>\n","protected":false},"excerpt":{"rendered":"<p>KIT de Alertamiento SISMICO con Audio Oficial SASMEX<\/p>\n","protected":false},"featured_media":4263,"comment_status":"open","ping_status":"closed","template":"","meta":[],"product_brand":[],"product_cat":[167],"product_tag":[93,168,84],"class_list":{"0":"post-4264","1":"product","2":"type-product","3":"status-publish","4":"has-post-thumbnail","6":"product_cat-botones-de-panico","7":"product_tag-accesorios","8":"product_tag-botones-de-panico","9":"product_tag-yonusa","11":"first","12":"outofstock","13":"sale","14":"shipping-taxable","15":"purchasable","16":"product-type-simple"},"_links":{"self":[{"href":"https:\/\/soydeaqui.ddns.net\/pachuca\/index.php\/wp-json\/wp\/v2\/product\/4264","targetHints":{"allow":["GET"]}}],"collection":[{"href":"https:\/\/soydeaqui.ddns.net\/pachuca\/index.php\/wp-json\/wp\/v2\/product"}],"about":[{"href":"https:\/\/soydeaqui.ddns.net\/pachuca\/index.php\/wp-json\/wp\/v2\/types\/product"}],"replies":[{"embeddable":true,"href":"https:\/\/soydeaqui.ddns.net\/pachuca\/index.php\/wp-json\/wp\/v2\/comments?post=4264"}],"wp:featuredmedia":[{"embeddable":true,"href":"https:\/\/soydeaqui.ddns.net\/pachuca\/index.php\/wp-json\/wp\/v2\/media\/4263"}],"wp:attachment":[{"href":"https:\/\/soydeaqui.ddns.net\/pachuca\/index.php\/wp-json\/wp\/v2\/media?parent=4264"}],"wp:term":[{"taxonomy":"product_brand","embeddable":true,"href":"https:\/\/soydeaqui.ddns.net\/pachuca\/index.php\/wp-json\/wp\/v2\/product_brand?post=4264"},{"taxonomy":"product_cat","embeddable":true,"href":"https:\/\/soydeaqui.ddns.net\/pachuca\/index.php\/wp-json\/wp\/v2\/product_cat?post=4264"},{"taxonomy":"product_tag","embeddable":true,"href":"https:\/\/soydeaqui.ddns.net\/pachuca\/index.php\/wp-json\/wp\/v2\/product_tag?post=4264"}],"curies":[{"name":"wp","href":"https:\/\/api.w.org\/{rel}","templated":true}]}}