{"id":4262,"date":"2026-03-18T06:17:14","date_gmt":"2026-03-18T06:17:14","guid":{"rendered":"https:\/\/soydeaqui.ddns.net\/pachuca\/index.php\/producto\/licencia-del-software-de-control-de-errantes-ibernex\/"},"modified":"2026-03-18T06:17:14","modified_gmt":"2026-03-18T06:17:14","slug":"licencia-del-software-de-control-de-errantes-ibernex","status":"publish","type":"product","link":"https:\/\/soydeaqui.ddns.net\/pachuca\/index.php\/producto\/licencia-del-software-de-control-de-errantes-ibernex\/","title":{"rendered":"Licencia del Software de Control de errantes IBERNEX"},"content":{"rendered":"<div style='width: 100%; max-width: 1200px; margin: 0 auto; font-family: sans-serif; line-height: 1.6; color: inherit; background-color: transparent;'> <!-- Secci\u00f3n de caracter\u00edsticas principales --> <\/p>\n<div style='display: flex; flex-wrap: wrap; gap: 30px; margin-bottom: 30px;'>\n<div style='flex: 1 1 300px; min-width: 280px;'>\n<div style='border-left: 5px solid #0091ff; border-radius: 5px; padding: 15px; box-shadow: 2px 2px 10px rgba(216&comma;216&comma;216&comma;0.5);'> <strong style='font-size: 16px; display: block; margin-bottom: 10px;'>Caracter\u00edsticas principales:<\/strong> <\/p>\n<ul style='padding-left: 20px; font-size: 14px; color: inherit; list-style-type: disc;'>\n<li style='margin-bottom: 8px;'>Licencia base para el software Control de Errantes <strong>Vitalicia<\/strong><\/li>\n<li style='margin-bottom: 8px;'>Base de datos en SQL<\/li>\n<li style='margin-bottom: 8px;'>Actualizaciones gratis<\/li>\n<li style='margin-bottom: 8px;'><a style='color: inherit; text-decoration: underline;' title='Requerimientos' href='https:\/\/ftp3.syscom.mx\/usuarios\/scorrea\/A\/IBERNEX\/NX0431\/Requerimientos_informaticos.pdf' target='_blank' rel='noopener'>Requerimientos m\u00ednimos<\/a><\/li>\n<\/ul><\/div>\n<\/p><\/div>\n<div style='flex: 1 1 300px; min-width: 280px;'>\n<div style='border-left: 5px solid #0091ff; border-radius: 5px; padding: 15px; box-shadow: 2px 2px 10px rgba(216&comma;216&comma;216&comma;0.5);'> <strong style='font-size: 16px; display: block; margin-bottom: 10px;'>Caracter\u00edsticas principales:<\/strong> <\/p>\n<ul style='padding-left: 20px; font-size: 14px; color: inherit; list-style-type: disc;'>\n<li style='margin-bottom: 8px;'>Codificaci\u00f3n de alarmas y tareas atendidas<\/li>\n<li style='margin-bottom: 8px;'>Visualizar en tiempo real y en el plano<\/li>\n<li style='margin-bottom: 8px;'>Exportar informes desde la plataforma Helpnex<\/li>\n<li style='margin-bottom: 8px;'>Seguridad en las comunicaciones<\/li>\n<\/ul><\/div>\n<\/p><\/div>\n<div style='flex: 1 1 300px; min-width: 280px;'>\n<div style='border-left: 5px solid #0091ff; border-radius: 5px; padding: 15px; box-shadow: 2px 2px 10px rgba(216&comma;216&comma;216&comma;0.5);'> <strong style='font-size: 16px; display: block; margin-bottom: 10px;'>Caracter\u00edsticas Destacadas:<\/strong> <\/p>\n<p style='font-size: 14px; margin: 0;'>La soluci\u00f3n de Sistema de llamadas de Ibernex&comma; basada en tecnolog\u00eda IP y pulsadores en camas y ba\u00f1os&comma; permite la generaci\u00f3n de avisos y alarmas a enfermeras y m\u00e9dicos&comma; as\u00ed como la gesti\u00f3n completa del centro sanitario.<\/p>\n<\/p><\/div>\n<\/p><\/div>\n<\/p><\/div>\n<p> <!-- Nota --> <\/p>\n<div style='margin: 30px 0; font-size: 14px;'> <strong style='color: inherit;'>Nota:<\/strong> Requiere certificaci\u00f3n para su instalaci\u00f3n y para solicitar soporte t\u00e9cnico <\/div>\n<p> <!-- Separador --> <\/p>\n<hr style='border: 0; border-top: 1px solid rgba(150&comma; 150&comma; 150&comma; 0.3); margin: 30px 0;'> <!-- Im\u00e1genes --> <\/p>\n<div style='display: flex; flex-wrap: wrap; gap: 30px; margin-bottom: 30px; justify-content: center;'>\n<div style='flex: 1 1 300px; min-width: 280px; max-width: 600px;'> <a style='display: block; text-align: center;' title='Presentaci\u00f3n' href='https:\/\/ftp3.syscom.mx\/usuarios\/scorrea\/A\/IBERNEX\/PRESENTACION_BIBLIOTECA_REVIT.pdf' target='_blank' rel='noopener'> <img style='width: 100%; height: auto; border: 1px solid rgba(150&comma;150&comma;150&comma;0.3); border-radius: 8px;' src='https:\/\/ftp3.syscom.mx\/usuarios\/scorrea\/A\/IBERNEX\/I\/PRESENTACION_BIBLIOTECA_REVIT-2.jpg' alt='Presentaci\u00f3n'> <\/a> <\/div>\n<div style='flex: 1 1 300px; min-width: 280px; max-width: 600px;'> <img style='width: 100%; height: auto; border: 1px solid rgba(150&comma;150&comma;150&comma;0.3); border-radius: 8px;' src='https:\/\/ftp3.syscom.mx\/usuarios\/scorrea\/A\/IBERNEX\/I\/principal.png' alt='Principal'> <\/div>\n<\/p><\/div>\n<p> <!-- T\u00edtulo --> <\/p>\n<h3 style='text-align: center; font-size: 20px; margin: 30px 0 20px; color: inherit; opacity: 0.9;'>SISTEMA DE LLAMADA PACIENTE-ENFERMERA<\/h3>\n<p> <!-- Secci\u00f3n con video --> <\/p>\n<div style='display: flex; flex-wrap: wrap; gap: 30px; margin-bottom: 30px;'>\n<div style='flex: 1 1 300px; min-width: 280px;'>\n<p style='font-size: 14px; margin: 0; font-family: verdana&comma; geneva&comma; sans-serif;'>Helpnex ayuda a mejorar la comunicaci\u00f3n entre los pacientes y el personal m\u00e9dico de tu residencia o centro m\u00e9dico&comma; utilizando la tecnolog\u00eda sociosanitaria de punta para mejorar el bienestar y la productividad del centro.<\/p>\n<\/p><\/div>\n<div style='flex: 1 1 300px; min-width: 280px;'>\n<div style='position: relative; padding-bottom: 56.25%; height: 0; overflow: hidden; margin-bottom: 30px;'>   <\/div>\n<\/p><\/div>\n<\/p><\/div>\n<p> <!-- Separador --> <\/p>\n<hr style='border: 0; border-top: 1px solid rgba(150&comma; 150&comma; 150&comma; 0.3); margin: 30px 0;'> <!-- Secci\u00f3n con video y texto --> <\/p>\n<div style='display: flex; flex-wrap: wrap; gap: 30px; margin-bottom: 30px;'>\n<div style='flex: 1 1 300px; min-width: 280px;'>\n<p style='font-size: 14px; margin: 0; font-family: verdana&comma; geneva&comma; sans-serif;'>Helpnex cubre las necesidades de comunicaci\u00f3n y trazabilidad de las instalaciones&comma; incrementando la productividad y el bienestar del centro y de sus miembros.<\/p>\n<p style='font-size: 14px; margin: 15px 0 0; font-family: verdana&comma; geneva&comma; sans-serif;'>El Sistema de llamadas paciente-enfermera de Helpnex es la soluci\u00f3n de comunicaci\u00f3n m\u00e1s completa en tecnolog\u00eda sociosanitaria. Mejora el servicio y la atenci\u00f3n al paciente y la gesti\u00f3n de recursos de tu centro con la comunicaci\u00f3n instant\u00e1nea paciente-enfermera de Ibernex.<\/p>\n<\/p><\/div>\n<div style='flex: 1 1 300px; min-width: 280px;'>\n<div style='position: relative; padding-bottom: 56.25%; height: 0; overflow: hidden; margin-bottom: 30px;'>   <\/div>\n<\/p><\/div>\n<\/p><\/div>\n<p> <!-- Separador --> <\/p>\n<hr style='border: 0; border-top: 1px solid rgba(150&comma; 150&comma; 150&comma; 0.3); margin: 30px 0;'> <!-- Cat\u00e1logo --> <\/p>\n<div style='margin-bottom: 30px; text-align: left;'> <a style='display: inline-block; text-decoration: none;' title='Cat\u00e1logo de productos' href='https:\/\/ftp3.syscom.mx\/usuarios\/scorrea\/A\/IBERNEX\/Catalogo_productos.pdf' target='_blank' rel='noopener'> <img style='width: 30%; height: auto; border: 1px solid rgba(150&comma;150&comma;150&comma;0.3); border-radius: 8px;' src='https:\/\/ftp3.syscom.mx\/usuarios\/scorrea\/A\/IBERNEX\/I\/helpnex.png' alt='Cat\u00e1logo de productos'> <\/a> <\/div>\n<p> <!-- Secci\u00f3n con imagen y caracter\u00edsticas --> <\/p>\n<div style='display: flex; flex-wrap: wrap; gap: 30px; margin-bottom: 30px;'>\n<div style='flex: 1 1 300px; min-width: 280px;'> <img style='width: 100%; height: auto; border: 1px solid rgba(150&comma;150&comma;150&comma;0.3); border-radius: 8px;' src='https:\/\/ftp3.syscom.mx\/usuarios\/scorrea\/A\/IBERNEX\/I\/enfermera5.jpg' alt='Enfermera'> <\/div>\n<div style='flex: 1 1 300px; min-width: 280px;'>\n<h2 style='font-size: 16px; margin: 0 0 15px; color: inherit; opacity: 0.9;'>\u00bfEn qu\u00e9 consiste nuestro sistema de llamadas paciente \u2013 enfermera?<\/h2>\n<ul style='padding-left: 20px; font-size: 14px; color: inherit; list-style-type: circle;'>\n<li style='margin-bottom: 10px;'><strong>Codificaci\u00f3n de tareas y alarmas atendidas<\/strong>: Permite visualizar y atender las alarmas generadas por los pacientes a trav\u00e9s de los dispositivos instalados en la habitaci\u00f3n. El paciente puede detallar el motivo de la alarma y el personal&comma; al atender dicha alarma&comma; puede a\u00f1adir todo tipo de observaciones. Adem\u00e1s&comma; todas las alarmas quedan registradas en la base de datos.<\/li>\n<li style='margin-bottom: 10px;'><strong>Trazabilidad<\/strong>: Desde el punto de control&comma; el sistema de llamada asistencial de Helpnex proporciona la visualizaci\u00f3n de las alarmas en el plano en tiempo real&comma; facilitando el conocimiento de la posici\u00f3n del residente o paciente. Interfaz personalizada para cada centro.<\/li>\n<li style='margin-bottom: 10px;'><strong>Informes en diferentes formatos<\/strong>: Exporta desde la plataforma Helpnex informes personalizados en los que aparece toda la informaci\u00f3n sobre lo ocurrido en el centro. Incrementa&comma; as\u00ed&comma; la eficiencia en la gesti\u00f3n de los recursos y en la toma de decisiones.<\/li>\n<li style='margin-bottom: 10px;'><strong>Tecnolog\u00eda IP<\/strong>: La comunicaci\u00f3n de datos del sistema de llamadas paciente-enfermera de Helpnex se basa en tecnolog\u00eda IP&comma; lo que permite la transmisi\u00f3n de la informaci\u00f3n en tiempo real.<\/li>\n<li style='margin-bottom: 10px;'><strong>Posibilidad de alimentaci\u00f3n PoE<\/strong>: Elimina la necesidad de utilizar tomas de corriente en las ubicaciones de cada dispositivo del sistema y permite una aplicaci\u00f3n m\u00e1s sencilla con la alimentaci\u00f3n a trav\u00e9s de Ethernet (PoE) abaratando notablemente la instalaci\u00f3n y reduciendo costes.<\/li>\n<li style='margin-bottom: 10px;'><strong>Seguridad en las comunicaciones<\/strong>: Garantiza el funcionamiento las 24 horas del d\u00eda&comma; 7 d\u00edas a la semana.<\/li>\n<li style='margin-bottom: 10px;'><strong>Movilidad: DECTs&comma; pagers&comma; Smartphones<\/strong>: El sistema de llamada inal\u00e1mbrico para la comunicaci\u00f3n entre paciente y enfermera puede instalarse en DECTs&comma; pagers y Smartphones.<\/li>\n<\/ul><\/div>\n<\/p><\/div>\n<p> <!-- Separador --> <\/p>\n<hr style='border: 0; border-top: 1px solid rgba(150&comma; 150&comma; 150&comma; 0.3); margin: 30px 0;'> <!-- Beneficios --> <\/p>\n<h2 style='font-size: 20px; margin: 30px 0 20px; color: inherit; opacity: 0.9;'>Beneficios del Sistema de llamadas paciente-enfermera de Helpnex<\/h2>\n<p> <!-- Tarjetas de beneficios --> <\/p>\n<div style='display: grid; grid-template-columns: repeat(auto-fill&comma; minmax(280px&comma; 1fr)); gap: 20px; margin-bottom: 30px;'>\n<div style='border: 1px solid rgba(150&comma; 150&comma; 150&comma; 0.4); border-radius: 8px; overflow: hidden; display: flex; flex-direction: column;'>\n<div style='padding: 15px; border-bottom: 1px solid rgba(150&comma; 150&comma; 150&comma; 0.2); font-weight: bold; font-size: 18px; color: inherit; background: rgba(0&comma; 145&comma; 255&comma; 0.1);'>Optimiza el tiempo dedicado a la atenci\u00f3n de avisos de pacientes.<\/div>\n<div style='padding: 15px; color: inherit; font-size: 14px;'>\n<p style='margin: 0;'>Ayuda a optimizar el tiempo que se dedica a la atenci\u00f3n de avisos de pacientes&comma; mejorando la eficiencia del personal m\u00e9dico.<\/p>\n<\/p><\/div>\n<\/p><\/div>\n<div style='border: 1px solid rgba(150&comma; 150&comma; 150&comma; 0.4); border-radius: 8px; overflow: hidden; display: flex; flex-direction: column;'>\n<div style='padding: 15px; border-bottom: 1px solid rgba(150&comma; 150&comma; 150&comma; 0.2); font-weight: bold; font-size: 18px; color: inherit; background: rgba(0&comma; 145&comma; 255&comma; 0.1);'>Monitoriza las tareas realizadas por el personal.<\/div>\n<div style='padding: 15px; color: inherit; font-size: 14px;'>\n<p style='margin: 0;'>Permite monitorizar y registrar todas las tareas realizadas por el personal&comma; facilitando la gesti\u00f3n y supervisi\u00f3n del trabajo.<\/p>\n<\/p><\/div>\n<\/p><\/div>\n<div style='border: 1px solid rgba(150&comma; 150&comma; 150&comma; 0.4); border-radius: 8px; overflow: hidden; display: flex; flex-direction: column;'>\n<div style='padding: 15px; border-bottom: 1px solid rgba(150&comma; 150&comma; 150&comma; 0.2); font-weight: bold; font-size: 18px; color: inherit; background: rgba(0&comma; 145&comma; 255&comma; 0.1);'>Ahorra en costes de operatividad e incrementa la productividad del centro.<\/div>\n<div style='padding: 15px; color: inherit; font-size: 14px;'>\n<p style='margin: 0;'>Reduce costes operativos y aumenta la productividad del centro sanitario mediante una gesti\u00f3n m\u00e1s eficiente de recursos.<\/p>\n<\/p><\/div>\n<\/p><\/div>\n<div style='border: 1px solid rgba(150&comma; 150&comma; 150&comma; 0.4); border-radius: 8px; overflow: hidden; display: flex; flex-direction: column;'>\n<div style='padding: 15px; border-bottom: 1px solid rgba(150&comma; 150&comma; 150&comma; 0.2); font-weight: bold; font-size: 18px; color: inherit; background: rgba(0&comma; 145&comma; 255&comma; 0.1);'>Asegura el control preciso sobre cada actividad.<\/div>\n<div style='padding: 15px; color: inherit; font-size: 14px;'>\n<p style='margin: 0;'>Ofrece un control preciso sobre cada actividad realizada en el centro&comma; asegurando un seguimiento detallado de todas las operaciones.<\/p>\n<\/p><\/div>\n<\/p><\/div>\n<div style='border: 1px solid rgba(150&comma; 150&comma; 150&comma; 0.4); border-radius: 8px; overflow: hidden; display: flex; flex-direction: column;'>\n<div style='padding: 15px; border-bottom: 1px solid rgba(150&comma; 150&comma; 150&comma; 0.2); font-weight: bold; font-size: 18px; color: inherit; background: rgba(0&comma; 145&comma; 255&comma; 0.1);'>Ofrece calidad y seguridad asistencial.<\/div>\n<div style='padding: 15px; color: inherit; font-size: 14px;'>\n<p style='margin: 0;'>Proporciona calidad y seguridad en la atenci\u00f3n m\u00e9dica&comma; asegurando un servicio \u00f3ptimo para pacientes y personal.<\/p>\n<\/p><\/div>\n<\/p><\/div>\n<div style='border: 1px solid rgba(150&comma; 150&comma; 150&comma; 0.4); border-radius: 8px; overflow: hidden; display: flex; flex-direction: column;'>\n<div style='padding: 15px; border-bottom: 1px solid rgba(150&comma; 150&comma; 150&comma; 0.2); font-weight: bold; font-size: 18px; color: inherit; background: rgba(0&comma; 145&comma; 255&comma; 0.1);'>Sencillez en la instalaci\u00f3n y en el uso de la soluci\u00f3n.<\/div>\n<div style='padding: 15px; color: inherit; font-size: 14px;'>\n<p style='margin: 0;'>Dise\u00f1ado para ser f\u00e1cil de instalar y utilizar&comma; reduciendo tiempos de implementaci\u00f3n y facilitando su uso por parte del personal.<\/p>\n<\/p><\/div>\n<\/p><\/div>\n<div style='border: 1px solid rgba(150&comma; 150&comma; 150&comma; 0.4); border-radius: 8px; overflow: hidden; display: flex; flex-direction: column;'>\n<div style='padding: 15px; border-bottom: 1px solid rgba(150&comma; 150&comma; 150&comma; 0.2); font-weight: bold; font-size: 18px; color: inherit; background: rgba(0&comma; 145&comma; 255&comma; 0.1);'>Apariencia visual y moderna.<\/div>\n<div style='padding: 15px; color: inherit; font-size: 14px;'>\n<p style='margin: 0;'>Dise\u00f1o visual moderno y atractivo que se integra f\u00e1cilmente en cualquier entorno sanitario.<\/p>\n<\/p><\/div>\n<\/p><\/div>\n<\/p><\/div>\n<p> <!-- Imagen camilla --> <\/p>\n<div style='margin-bottom: 30px;'> <img style='width: 100%; height: auto; border: 1px solid rgba(150&comma;150&comma;150&comma;0.3); border-radius: 8px;' src='https:\/\/ftp3.syscom.mx\/usuarios\/scorrea\/A\/IBERNEX\/I\/camilla2.jpg' alt='Camilla'> <\/div>\n<p> <!-- Separador --> <\/p>\n<hr style='border: 0; border-top: 1px solid rgba(150&comma; 150&comma; 150&comma; 0.3); margin: 30px 0;'> <!-- Dispositivos --> <\/p>\n<h3 style='font-size: 18px; margin: 30px 0 20px; color: inherit; opacity: 0.9;'>Dispositivos del Sistema de llamadas paciente-enfermera<\/h3>\n<p> <!-- Im\u00e1genes de dispositivos --> <\/p>\n<div style='display: flex; flex-wrap: wrap; gap: 30px; margin-bottom: 30px; justify-content: center;'>\n<div style='flex: 1 1 300px; min-width: 280px; max-width: 600px;'> <a style='display: block; text-align: center;' title='Ibernex' href='https:\/\/www.syscom.mx\/principal\/listadopormarca\/IBERNEX\/full?ordenar=Mas_Vendidos&#038;pag=1' target='_blank' rel='noopener'> <img style='width: 100%; height: auto; border: 1px solid rgba(150&comma;150&comma;150&comma;0.3); border-radius: 8px;' src='https:\/\/ftp3.syscom.mx\/usuarios\/scorrea\/A\/IBERNEX\/I\/PERIFERICOS.png' alt='Perif\u00e9ricos'> <\/a> <\/div>\n<div style='flex: 1 1 300px; min-width: 280px; max-width: 600px;'> <a style='display: block; text-align: center;' title='Ibernex' href='https:\/\/www.syscom.mx\/principal\/listadopormarca\/IBERNEX\/full?ordenar=Mas_Vendidos&#038;pag=1' target='_blank' rel='noopener'> <img style='width: 100%; height: auto; border: 1px solid rgba(150&comma;150&comma;150&comma;0.3); border-radius: 8px;' src='https:\/\/ftp3.syscom.mx\/usuarios\/scorrea\/A\/IBERNEX\/I\/terminales_habitacion.png' alt='Terminales de habitaci\u00f3n'> <\/a> <\/div>\n<\/p><\/div>\n<\/p><\/div>\n","protected":false},"excerpt":{"rendered":"<p>Licencia del Software de Control de errantes IBERNEX<\/p>\n","protected":false},"featured_media":4261,"comment_status":"open","ping_status":"closed","template":"","meta":[],"product_brand":[],"product_cat":[151],"product_tag":[152,153,126],"class_list":{"0":"post-4262","1":"product","2":"type-product","3":"status-publish","4":"has-post-thumbnail","6":"product_cat-atencion-sociosanitaria","7":"product_tag-atencion-sociosanitaria","8":"product_tag-ibernex","9":"product_tag-sistemas-de-emergencia","11":"first","12":"outofstock","13":"sale","14":"shipping-taxable","15":"purchasable","16":"product-type-simple"},"_links":{"self":[{"href":"https:\/\/soydeaqui.ddns.net\/pachuca\/index.php\/wp-json\/wp\/v2\/product\/4262","targetHints":{"allow":["GET"]}}],"collection":[{"href":"https:\/\/soydeaqui.ddns.net\/pachuca\/index.php\/wp-json\/wp\/v2\/product"}],"about":[{"href":"https:\/\/soydeaqui.ddns.net\/pachuca\/index.php\/wp-json\/wp\/v2\/types\/product"}],"replies":[{"embeddable":true,"href":"https:\/\/soydeaqui.ddns.net\/pachuca\/index.php\/wp-json\/wp\/v2\/comments?post=4262"}],"wp:featuredmedia":[{"embeddable":true,"href":"https:\/\/soydeaqui.ddns.net\/pachuca\/index.php\/wp-json\/wp\/v2\/media\/4261"}],"wp:attachment":[{"href":"https:\/\/soydeaqui.ddns.net\/pachuca\/index.php\/wp-json\/wp\/v2\/media?parent=4262"}],"wp:term":[{"taxonomy":"product_brand","embeddable":true,"href":"https:\/\/soydeaqui.ddns.net\/pachuca\/index.php\/wp-json\/wp\/v2\/product_brand?post=4262"},{"taxonomy":"product_cat","embeddable":true,"href":"https:\/\/soydeaqui.ddns.net\/pachuca\/index.php\/wp-json\/wp\/v2\/product_cat?post=4262"},{"taxonomy":"product_tag","embeddable":true,"href":"https:\/\/soydeaqui.ddns.net\/pachuca\/index.php\/wp-json\/wp\/v2\/product_tag?post=4262"}],"curies":[{"name":"wp","href":"https:\/\/api.w.org\/{rel}","templated":true}]}}