{"id":42616,"date":"2026-03-18T18:46:58","date_gmt":"2026-03-18T18:46:58","guid":{"rendered":"https:\/\/soydeaqui.ddns.net\/pachuca\/index.php\/producto\/modulo-para-apx5-0pb1us-maximo-6-baterias-por-modelo-instalacion-en-rack-o-suelo\/"},"modified":"2026-03-18T18:47:06","modified_gmt":"2026-03-18T18:47:06","slug":"modulo-para-apx5-0pb1us-maximo-6-baterias-por-modelo-instalacion-en-rack-o-suelo","status":"publish","type":"product","link":"https:\/\/soydeaqui.ddns.net\/pachuca\/index.php\/producto\/modulo-para-apx5-0pb1us-maximo-6-baterias-por-modelo-instalacion-en-rack-o-suelo\/","title":{"rendered":"M\u00f3dulo para APX5.0PB1US, m\u00e1ximo 6 bater\u00edas por modelo, instalaci\u00f3n en rack o suelo"},"content":{"rendered":"<div style=\"width: 100%; max-width: 1200px; margin: 0 auto; font-family: sans-serif; line-height: 1.6; color: inherit; background-color: transparent;\"><!-- Secci\u00f3n de introducci\u00f3n --> <\/p>\n<div style=\"display: flex; flex-direction: column; align-items: center; margin-bottom: 30px;\">\n<h3 style=\"font-size: 22px; border-bottom: 2px solid currentColor; padding-bottom: 5px; margin-top: 0; color: inherit; opacity: 0.8;\">BATER&Iacute;A LFP DE RENDIMIENTO SUPERIOR<\/h3>\n<p style=\"font-size: 15px; text-align: center; color: inherit; max-width: 800px;\">El sistema de bater&iacute;a APX adopta una qu&iacute;mica LiFePO4 libre de cobalto y una protecci&oacute;n de cuatro niveles por BMS&comma; optimizador de energ&iacute;a modular&comma; fusible y aerosol para garantizar su mayor seguridad&comma; confiabilidad y larga vida &uacute;til. Adem&aacute;s&comma; la optimizaci&oacute;n de energ&iacute;a modular garantiza que el sistema utilice completamente la energ&iacute;a de cada paquete; independientemente de que se mezclen paquetes de lotes nuevos y antiguos o de diferente capacidad&comma; lo que ofrece la m&aacute;s flexible aplicaci&oacute;n del sistema<\/p>\n<p> <img decoding=\"async\" style=\"width: 100%; height: auto; border: 1px solid rgba(150&comma;150&comma;150&comma;0.3); border-radius: 8px; max-width: 675px; margin-top: 20px;\" src=\"https:\/\/ftp3.syscom.mx\/usuarios\/mtopete\/Growatt\/Acomodo%20APX.png\" alt=\"\" \/><\/div>\n<p> <!-- Secci\u00f3n de caracter\u00edsticas principales --> <\/p>\n<div style=\"display: flex; flex-wrap: wrap; gap: 30px; margin-bottom: 30px;\">\n<div style=\"flex: 1 1 300px; min-width: 280px;\">\n<h3 style=\"font-size: 22px; border-bottom: 2px solid currentColor; padding-bottom: 5px; margin-top: 0; color: inherit; opacity: 0.8;\">Caracter&iacute;sticas Principales<\/h3>\n<ul style=\"padding-left: 20px; font-size: 15px; color: inherit;\">\n<li style=\"margin-bottom: 5px;\"><strong>Capacidades Flexibles:<\/strong> Opciones de capacidad que van desde 5 kWh hasta 30 kWh&comma; adapt&aacute;ndose a diversas necesidades energ&eacute;ticas.<\/li>\n<li style=\"margin-bottom: 5px;\"><strong>Optimizaci&oacute;n de Energ&iacute;a:<\/strong> M&oacute;dulos de bater&iacute;a con optimizaci&oacute;n de energ&iacute;a a nivel de m&oacute;dulo&comma; permitiendo un rendimiento eficiente.<\/li>\n<li style=\"margin-bottom: 5px;\"><strong>Compatibilidad y Expansi&oacute;n:<\/strong> Posibilidad de combinar m&oacute;dulos nuevos y antiguos en un mismo sistema&comma; facilitando la expansi&oacute;n y actualizaci&oacute;n.<\/li>\n<li style=\"margin-bottom: 5px;\"><strong>Dise&ntilde;o Modular:<\/strong> Dise&ntilde;o modular y apilable que garantiza una instalaci&oacute;n f&aacute;cil y r&aacute;pida&comma; ideal para diferentes configuraciones de espacio.<\/li>\n<li style=\"margin-bottom: 5px;\"><strong>Larga Vida &Uacute;til:<\/strong> Bater&iacute;as con garant&iacute;a de 10 a&ntilde;os&comma; asegurando una inversi&oacute;n duradera y confiable.<\/li>\n<\/ul><\/div>\n<\/p><\/div>\n<p> <!-- Imagen destacada --> <\/p>\n<div style=\"display: flex; justify-content: center; margin: 30px 0;\"><img decoding=\"async\" style=\"width: 100%; height: auto; border: 1px solid rgba(150&comma;150&comma;150&comma;0.3); border-radius: 8px; max-width: 602px;\" src=\"https:\/\/lh7-us.googleusercontent.com\/aWf7v3dqEvRCeVfAeH9lHyGO1_9FvyKUD3q2ibuGvd1vFjDoH-NpvFFryhWaT1uwAitno8WE5dVq3gDS5RT5AFlgTaKaxggkDjY-edi15QxcG593u49AZVvZOWEe37kvqySYWLaGuwNeo8dn2LijUJo\" alt=\"\" \/><\/div>\n<p> <!-- Secci\u00f3n de especificaciones --> <\/p>\n<div style=\"display: flex; flex-wrap: wrap; gap: 20px; margin-bottom: 30px;\">\n<div style=\"flex: 1 1 250px; border: 1px solid rgba(150&comma; 150&comma; 150&comma; 0.4); border-radius: 8px; overflow: hidden; display: flex; flex-direction: column;\">\n<div style=\"padding: 15px; border-bottom: 1px solid rgba(150&comma; 150&comma; 150&comma; 0.2); font-weight: bold; font-size: 18px; color: inherit;\">Modelo APX 5.0P-B1<\/div>\n<div style=\"padding: 15px; color: inherit;\">\n<ul style=\"padding-left: 20px; margin: 0; font-size: 14px; list-style-type: disc;\">\n<li style=\"margin-bottom: 5px;\"><strong>Energ&iacute;a por M&oacute;dulo:<\/strong> 5 kWh<\/li>\n<li style=\"margin-bottom: 5px;\"><strong>Voltaje Nominal:<\/strong> 650V<\/li>\n<li style=\"margin-bottom: 5px;\"><strong>Tipo de Bater&iacute;a:<\/strong> Fosfato de litio y hierro sin cobalto (LFP)<\/li>\n<li style=\"margin-bottom: 5px;\"><strong>Dimensiones:<\/strong> 690 x 185 x 295 mm<\/li>\n<li style=\"margin-bottom: 5px;\"><strong>Peso:<\/strong> 50 kg<\/li>\n<li style=\"margin-bottom: 5px;\"><strong>Certificaciones:<\/strong> IEC62619&comma; IEC60730&comma; VDE2510-50&comma; CE&comma; CEC&comma; RCM&comma; UN38.3&comma; UL1973&comma; UL9540A&comma; FCC<\/li>\n<\/ul><\/div>\n<\/p><\/div>\n<div style=\"flex: 1 1 250px; border: 1px solid rgba(150&comma; 150&comma; 150&comma; 0.4); border-radius: 8px; overflow: hidden; display: flex; flex-direction: column;\">\n<div style=\"padding: 15px; border-bottom: 1px solid rgba(150&comma; 150&comma; 150&comma; 0.2); font-weight: bold; font-size: 18px; color: inherit;\">Capacidades Superiores<\/div>\n<div style=\"padding: 15px; color: inherit;\">\n<ul style=\"padding-left: 20px; margin: 0; font-size: 14px; list-style-type: disc;\">\n<li style=\"margin-bottom: 5px;\"><strong>APX 10.0P:<\/strong> 10 kWh (1 M&oacute;dulo APX55042P0US + 2 APX5.0PB1US)<\/li>\n<li style=\"margin-bottom: 5px;\"><strong>APX 15.0P:<\/strong> 15 kWh (1 M&oacute;dulo APX55042P0US + 3 APX5.0PB1US)<\/li>\n<li style=\"margin-bottom: 5px;\"><strong>APX 20.0P:<\/strong> 20 kWh (1 M&oacute;dulo APX55042P0US + 4 APX5.0PB1US)<\/li>\n<li style=\"margin-bottom: 5px;\"><strong>APX 25.0P:<\/strong> 25 kWh (1 M&oacute;dulo APX55042P0US + 5 APX5.0PB1US)<\/li>\n<li style=\"margin-bottom: 5px;\"><strong>APX 30.0P:<\/strong> 30 kWh (1 M&oacute;dulo APX55042P0US + 6 APX5.0PB1US)<\/li>\n<\/ul><\/div>\n<\/p><\/div>\n<div style=\"flex: 1 1 250px; border: 1px solid rgba(150&comma; 150&comma; 150&comma; 0.4); border-radius: 8px; overflow: hidden; display: flex; flex-direction: column;\">\n<div style=\"padding: 15px; border-bottom: 1px solid rgba(150&comma; 150&comma; 150&comma; 0.2); font-weight: bold; font-size: 18px; color: inherit;\">Monitoreo y Control<\/div>\n<div style=\"padding: 15px; color: inherit;\">\n<h4 style=\"margin-top: 0; font-size: 16px; color: inherit;\"><strong>Par&aacute;metros de Monitoreo:<\/strong><\/h4>\n<ul style=\"padding-left: 20px; margin: 0; font-size: 14px; list-style-type: disc;\">\n<li style=\"margin-bottom: 5px;\"><strong>SOC:<\/strong> Estado de Carga<\/li>\n<li style=\"margin-bottom: 5px;\"><strong>SOH:<\/strong> Estado de Salud<\/li>\n<li style=\"margin-bottom: 5px;\"><strong>Voltaje del Sistema<\/strong><\/li>\n<li style=\"margin-bottom: 5px;\"><strong>Corriente del Sistema<\/strong><\/li>\n<li style=\"margin-bottom: 5px;\"><strong>Temperatura de la Celda<\/strong><\/li>\n<\/ul>\n<h4 style=\"margin-top: 15px; margin-bottom: 10px; font-size: 16px; color: inherit;\"><strong>Controlador de Alto Voltaje:<\/strong><\/h4>\n<ul style=\"padding-left: 20px; margin: 0; font-size: 14px; list-style-type: disc;\">\n<li style=\"margin-bottom: 5px;\">Modelos disponibles: APX 98020-P1&comma; APX 98034-P2<\/li>\n<li style=\"margin-bottom: 5px;\">M&aacute;xima potencia de salida: Hasta 15 kW<\/li>\n<\/ul><\/div>\n<\/p><\/div>\n<div style=\"flex: 1 1 250px; border: 1px solid rgba(150&comma; 150&comma; 150&comma; 0.4); border-radius: 8px; overflow: hidden; display: flex; flex-direction: column;\">\n<div style=\"padding: 15px; border-bottom: 1px solid rgba(150&comma; 150&comma; 150&comma; 0.2); font-weight: bold; font-size: 18px; color: inherit;\">Condiciones de Operaci&oacute;n<\/div>\n<div style=\"padding: 15px; color: inherit;\">\n<ul style=\"padding-left: 20px; margin: 0; font-size: 14px; list-style-type: disc;\">\n<li style=\"margin-bottom: 5px;\"><strong>Temperatura:<\/strong> -10&deg;C a 50&deg;C<\/li>\n<li style=\"margin-bottom: 5px;\"><strong>Humedad Relativa:<\/strong> 5% &#8211; 95%<\/li>\n<li style=\"margin-bottom: 5px;\"><strong>Altura de Operaci&oacute;n:<\/strong> Hasta 4000m<\/li>\n<li style=\"margin-bottom: 5px;\"><strong>Grado de Protecci&oacute;n:<\/strong> IP66<\/li>\n<li style=\"margin-bottom: 5px;\"><strong>Enfriamiento:<\/strong> Natural<\/li>\n<\/ul><\/div>\n<\/p><\/div>\n<div style=\"flex: 1 1 250px; border: 1px solid rgba(150&comma; 150&comma; 150&comma; 0.4); border-radius: 8px; overflow: hidden; display: flex; flex-direction: column;\">\n<div style=\"padding: 15px; border-bottom: 1px solid rgba(150&comma; 150&comma; 150&comma; 0.2); font-weight: bold; font-size: 18px; color: inherit;\">Instalaci&oacute;n<\/div>\n<div style=\"padding: 15px; color: inherit;\">\n<ul style=\"padding-left: 20px; margin: 0; font-size: 14px; list-style-type: disc;\">\n<li style=\"margin-bottom: 5px;\">Dise&ntilde;ado para instalaci&oacute;n en el suelo&comma; con opciones de bases adicionales seg&uacute;n las dimensiones del m&oacute;dulo.<\/li>\n<\/ul><\/div>\n<\/p><\/div>\n<\/p><\/div>\n<p> <!-- Imagen final --> <\/p>\n<div style=\"display: flex; justify-content: center; margin: 30px 0;\"><img decoding=\"async\" style=\"width: 100%; height: auto; border: 1px solid rgba(150&comma;150&comma;150&comma;0.3); border-radius: 8px; max-width: 602px;\" src=\"https:\/\/lh7-us.googleusercontent.com\/ldir6AbyzW65xC0J4DGUNt9ThIRArXrlOYTvFqx2EY9GBWGPMDMzf-ErLBISUfG5O-SQNoQDZY9XqDhaoyp1CpryN5CdHaQTGOSUofmbdcg5kEhH3GSONAGvuUq2CTWMSC76G9xLTGtKZAyzTwdn-TU\" alt=\"\" \/><\/div>\n<p> <!-- Separador final --><\/p>\n<hr style=\"border: 0; border-top: 1px solid rgba(150&comma; 150&comma; 150&comma; 0.3); margin: 30px 0;\" \/><\/div>\n","protected":false},"excerpt":{"rendered":"<p>M\u00f3dulo para APX5.0PB1US, m\u00e1ximo 6 bater\u00edas por modelo, instalaci\u00f3n en rack o suelo<\/p>\n","protected":false},"featured_media":42615,"comment_status":"open","ping_status":"closed","template":"","meta":[],"product_brand":[],"product_cat":[1084],"product_tag":[143,1085,1157],"class_list":{"0":"post-42616","1":"product","2":"type-product","3":"status-publish","4":"has-post-thumbnail","6":"product_cat-baterias-baterias-y-cargadores","7":"product_tag-baterias","8":"product_tag-baterias-y-cargadores","9":"product_tag-growatt","11":"first","12":"outofstock","13":"sale","14":"shipping-taxable","15":"purchasable","16":"product-type-simple"},"_links":{"self":[{"href":"https:\/\/soydeaqui.ddns.net\/pachuca\/index.php\/wp-json\/wp\/v2\/product\/42616","targetHints":{"allow":["GET"]}}],"collection":[{"href":"https:\/\/soydeaqui.ddns.net\/pachuca\/index.php\/wp-json\/wp\/v2\/product"}],"about":[{"href":"https:\/\/soydeaqui.ddns.net\/pachuca\/index.php\/wp-json\/wp\/v2\/types\/product"}],"replies":[{"embeddable":true,"href":"https:\/\/soydeaqui.ddns.net\/pachuca\/index.php\/wp-json\/wp\/v2\/comments?post=42616"}],"wp:featuredmedia":[{"embeddable":true,"href":"https:\/\/soydeaqui.ddns.net\/pachuca\/index.php\/wp-json\/wp\/v2\/media\/42615"}],"wp:attachment":[{"href":"https:\/\/soydeaqui.ddns.net\/pachuca\/index.php\/wp-json\/wp\/v2\/media?parent=42616"}],"wp:term":[{"taxonomy":"product_brand","embeddable":true,"href":"https:\/\/soydeaqui.ddns.net\/pachuca\/index.php\/wp-json\/wp\/v2\/product_brand?post=42616"},{"taxonomy":"product_cat","embeddable":true,"href":"https:\/\/soydeaqui.ddns.net\/pachuca\/index.php\/wp-json\/wp\/v2\/product_cat?post=42616"},{"taxonomy":"product_tag","embeddable":true,"href":"https:\/\/soydeaqui.ddns.net\/pachuca\/index.php\/wp-json\/wp\/v2\/product_tag?post=42616"}],"curies":[{"name":"wp","href":"https:\/\/api.w.org\/{rel}","templated":true}]}}