{"id":42582,"date":"2026-03-18T18:46:05","date_gmt":"2026-03-18T18:46:05","guid":{"rendered":"https:\/\/soydeaqui.ddns.net\/pachuca\/index.php\/producto\/tira-led-de-5-m-color-blanco-uso-exterior-potencia-15-w-420-lm-12-v-cd-ip-65\/"},"modified":"2026-03-18T18:46:12","modified_gmt":"2026-03-18T18:46:12","slug":"tira-led-de-5-m-color-blanco-uso-exterior-potencia-15-w-420-lm-12-v-cd-ip-65","status":"publish","type":"product","link":"https:\/\/soydeaqui.ddns.net\/pachuca\/index.php\/producto\/tira-led-de-5-m-color-blanco-uso-exterior-potencia-15-w-420-lm-12-v-cd-ip-65\/","title":{"rendered":"Tira Led de 5 m \/ Color Blanco \/ Uso Exterior \/ Potencia 15 W \/ 420 lm\/ 12 V CD \/ IP 65."},"content":{"rendered":"<div style='width: 100%; max-width: 1200px; margin: 0 auto; font-family: sans-serif; line-height: 1.6; color: inherit; background-color: transparent;'>\n<div style='width: 100%; text-align: center; margin-bottom: 30px;'>\n<h1 style='font-size: 28px; color: #0d6efd; margin: 0;'>Tira LED<\/h1>\n<\/p><\/div>\n<div style='display: flex; flex-wrap: wrap; gap: 30px;'>\n<div style='flex: 1 1 300px; min-width: 280px;'>\n<div style='border: 1px solid rgba(150&comma;150&comma;150&comma;0.4); border-radius: 8px; overflow: hidden; display: flex; flex-direction: column;'>\n<div style='padding: 15px; border-bottom: 1px solid rgba(150&comma;150&comma;150&comma;0.2); font-weight: bold; font-size: 18px; background-color: #0d6efd; color: white;'>Caracter\u00edsticas Principales:<\/div>\n<div style='padding: 15px; color: inherit;'>\n<ul style='padding-left: 20px; margin: 0; font-size: 14px; list-style-type: disc;'>\n<li style='margin-bottom: 5px;'>Longitud de 5 metros por rollo<\/li>\n<li style='margin-bottom: 5px;'>Tecnolog\u00eda LED.<\/li>\n<li style='margin-bottom: 5px;'>\u00cdndice de protecci\u00f3n IP65.<\/li>\n<li style='margin-bottom: 5px;'>Adecuada para exteriores.<\/li>\n<li style='margin-bottom: 5px;'><span style='color: #e74c3c;'>*<\/span><strong>Necesario Adaptador (modelo<\/strong> <span style='color: #e74c3c;'>JPY-01<\/span><strong>).<\/strong><\/li>\n<\/ul><\/div>\n<\/p><\/div>\n<\/p><\/div>\n<div style='flex: 1 1 300px; min-width: 280px;'>\n<div style='border: 1px solid rgba(150&comma;150&comma;150&comma;0.4); border-radius: 8px; overflow: hidden; display: flex; flex-direction: column;'>\n<div style='padding: 15px; border-bottom: 1px solid rgba(150&comma;150&comma;150&comma;0.2); font-weight: bold; font-size: 18px; background-color: #0d6efd; color: white;'>Caracter\u00edsticas F\u00edsicas y El\u00e9ctricas:<\/div>\n<div style='padding: 15px; color: inherit;'>\n<ul style='padding-left: 20px; margin: 0; font-size: 14px; list-style-type: disc;'>\n<li style='margin-bottom: 5px;'>Voltaje de entrada 12 V CD 60 Hz.<\/li>\n<li style='margin-bottom: 5px;'>Consumo 15 W.<\/li>\n<li style='margin-bottom: 5px;'>Flujo luminoso 420 lm.<\/li>\n<li style='margin-bottom: 5px;'>Vida \u00fatil de 50&comma;000 horas.<\/li>\n<li style='margin-bottom: 5px;'>Material Pl\u00e1stico&comma; resina transparente.<\/li>\n<li style='margin-bottom: 5px;'>Color Blanco<\/li>\n<li style='margin-bottom: 5px;'>Otros colores C\u00e1lido- Azul- Rojo &#8211; Verde.<\/li>\n<\/ul><\/div>\n<\/p><\/div>\n<\/p><\/div>\n<div style='flex: 1 1 300px; min-width: 280px;'>\n<div style='border: 1px solid rgba(150&comma;150&comma;150&comma;0.4); border-radius: 8px; overflow: hidden; display: flex; flex-direction: column;'>\n<div style='padding: 15px; border-bottom: 1px solid rgba(150&comma;150&comma;150&comma;0.2); font-weight: bold; font-size: 18px; background-color: #0d6efd; color: white;'>Caracter\u00edsticas Destacadas:<\/div>\n<div style='padding: 15px; color: inherit;'>\n<ul style='padding-left: 20px; margin: 0; font-size: 14px; list-style-type: disc;'>\n<li style='margin-bottom: 5px;'>Flexible y duradera.<\/li>\n<li style='margin-bottom: 5px;'>Ideal para iluminaci\u00f3n indirecta.<\/li>\n<li style='margin-bottom: 5px;'>Ideal para espacios angostos como escaleras&comma; closets&comma; ba\u00f1os&comma; muebles&comma; bicicletas&comma; tableros&comma; etc.<\/li>\n<li style='margin-bottom: 5px;'>Adaptable a diversos proyectos arquitect\u00f3nicos.<\/li>\n<li style='margin-bottom: 5px;'>Instalaci\u00f3n f\u00e1cil.<\/li>\n<\/ul><\/div>\n<\/p><\/div>\n<\/p><\/div>\n<\/p><\/div>\n<hr style='border: 0; border-top: 1px solid rgba(150&comma; 150&comma; 150&comma; 0.3); margin: 30px 0;'> <\/div>\n","protected":false},"excerpt":{"rendered":"<p>Tira Led de 5 m \/ Color Blanco \/ Uso Exterior \/ Potencia 15 W \/ 420 lm\/ 12 V CD \/ IP 65.<\/p>\n","protected":false},"featured_media":42581,"comment_status":"open","ping_status":"closed","template":"","meta":[],"product_brand":[],"product_cat":[1166],"product_tag":[1167,1169,1168],"class_list":{"0":"post-42582","1":"product","2":"type-product","3":"status-publish","4":"has-post-thumbnail","6":"product_cat-uso-interior","7":"product_tag-iluminacion","8":"product_tag-jwj","9":"product_tag-uso-interior","11":"first","12":"instock","13":"sale","14":"shipping-taxable","15":"purchasable","16":"product-type-simple"},"_links":{"self":[{"href":"https:\/\/soydeaqui.ddns.net\/pachuca\/index.php\/wp-json\/wp\/v2\/product\/42582","targetHints":{"allow":["GET"]}}],"collection":[{"href":"https:\/\/soydeaqui.ddns.net\/pachuca\/index.php\/wp-json\/wp\/v2\/product"}],"about":[{"href":"https:\/\/soydeaqui.ddns.net\/pachuca\/index.php\/wp-json\/wp\/v2\/types\/product"}],"replies":[{"embeddable":true,"href":"https:\/\/soydeaqui.ddns.net\/pachuca\/index.php\/wp-json\/wp\/v2\/comments?post=42582"}],"wp:featuredmedia":[{"embeddable":true,"href":"https:\/\/soydeaqui.ddns.net\/pachuca\/index.php\/wp-json\/wp\/v2\/media\/42581"}],"wp:attachment":[{"href":"https:\/\/soydeaqui.ddns.net\/pachuca\/index.php\/wp-json\/wp\/v2\/media?parent=42582"}],"wp:term":[{"taxonomy":"product_brand","embeddable":true,"href":"https:\/\/soydeaqui.ddns.net\/pachuca\/index.php\/wp-json\/wp\/v2\/product_brand?post=42582"},{"taxonomy":"product_cat","embeddable":true,"href":"https:\/\/soydeaqui.ddns.net\/pachuca\/index.php\/wp-json\/wp\/v2\/product_cat?post=42582"},{"taxonomy":"product_tag","embeddable":true,"href":"https:\/\/soydeaqui.ddns.net\/pachuca\/index.php\/wp-json\/wp\/v2\/product_tag?post=42582"}],"curies":[{"name":"wp","href":"https:\/\/api.w.org\/{rel}","templated":true}]}}