{"id":42577,"date":"2026-03-18T18:45:59","date_gmt":"2026-03-18T18:45:59","guid":{"rendered":"https:\/\/soydeaqui.ddns.net\/pachuca\/index.php\/producto\/reflector-de-200-w-con-panel-solar-bateria-3-2-v-cd-t-c-c-6-500-k-ip65\/"},"modified":"2026-03-18T18:46:04","modified_gmt":"2026-03-18T18:46:04","slug":"reflector-de-200-w-con-panel-solar-bateria-3-2-v-cd-t-c-c-6-500-k-ip65","status":"publish","type":"product","link":"https:\/\/soydeaqui.ddns.net\/pachuca\/index.php\/producto\/reflector-de-200-w-con-panel-solar-bateria-3-2-v-cd-t-c-c-6-500-k-ip65\/","title":{"rendered":"Reflector de 200 W con Panel Solar  \/  Bater\u00eda 3.2  V CD \/ T.C.C. 6 500 K \/ IP65."},"content":{"rendered":"<div style='width: 100%; max-width: 1200px; margin: 0 auto; font-family: sans-serif; line-height: 1.6; color: inherit; background-color: transparent;'>\n<div style='width: 100%; text-align: center; margin-bottom: 30px;'>\n<h1 style='font-size: 24px; color: inherit; margin: 0;'>Especificaciones del Reflector LED Solar<\/h1>\n<\/p><\/div>\n<div style='display: flex; flex-wrap: wrap; gap: 30px;'>\n<div style='flex: 1 1 300px; min-width: 280px;'>\n<div style='border: 1px solid rgba(150&comma; 150&comma; 150&comma; 0.4); border-radius: 8px; overflow: hidden; display: flex; flex-direction: column;'>\n<div style='padding: 15px; border-bottom: 1px solid rgba(150&comma; 150&comma; 150&comma; 0.2); font-weight: bold; font-size: 18px; color: inherit; background-color: rgba(0&comma; 123&comma; 255&comma; 0.8);'>Caracter\u00edsticas Principales:<\/div>\n<div style='padding: 15px; color: inherit;'>\n<ul style='padding-left: 20px; margin: 0; font-size: 14px; list-style-type: disc;'>\n<li style='margin-bottom: 5px;'>Modelo: JLRE-SOL<\/li>\n<li style='margin-bottom: 5px;'>Potencia de 200 W<\/li>\n<li style='margin-bottom: 5px;'>Vida \u00fatil de hasta 50&comma;000 horas<\/li>\n<\/ul><\/div>\n<\/p><\/div>\n<\/p><\/div>\n<div style='flex: 1 1 300px; min-width: 280px;'>\n<div style='border: 1px solid rgba(150&comma; 150&comma; 150&comma; 0.4); border-radius: 8px; overflow: hidden; display: flex; flex-direction: column;'>\n<div style='padding: 15px; border-bottom: 1px solid rgba(150&comma; 150&comma; 150&comma; 0.2); font-weight: bold; font-size: 18px; color: inherit; background-color: rgba(0&comma; 123&comma; 255&comma; 0.8);'>Caracter\u00edsticas F\u00edsicas y El\u00e9ctricas:<\/div>\n<div style='padding: 15px; color: inherit;'>\n<ul style='padding-left: 20px; margin: 0; font-size: 14px; list-style-type: disc;'>\n<li style='margin-bottom: 5px;'>Luz blanca 6 500 K<\/li>\n<li style='margin-bottom: 5px;'>Voltaje de 3.2 VCD<\/li>\n<li style='margin-bottom: 5px;'>\u00c1ngulo de luz de 120\u00b0<\/li>\n<\/ul><\/div>\n<\/p><\/div>\n<\/p><\/div>\n<div style='flex: 1 1 300px; min-width: 280px;'>\n<div style='border: 1px solid rgba(150&comma; 150&comma; 150&comma; 0.4); border-radius: 8px; overflow: hidden; display: flex; flex-direction: column;'>\n<div style='padding: 15px; border-bottom: 1px solid rgba(150&comma; 150&comma; 150&comma; 0.2); font-weight: bold; font-size: 18px; color: inherit; background-color: rgba(0&comma; 123&comma; 255&comma; 0.8);'>Caracter\u00edsticas Destacadas:<\/div>\n<div style='padding: 15px; color: inherit;'>\n<ul style='padding-left: 20px; margin: 0; font-size: 14px; list-style-type: disc;'>\n<li style='margin-bottom: 5px;'>Ideal para iluminar ambientes exteriores&comma; iluminaci\u00f3n industrial.<\/li>\n<li style='margin-bottom: 5px;'>Reflector de LED solar&comma; no requiere instalaci\u00f3n a la electricidad&comma; bater\u00eda de litio con hasta 1 000 veces m\u00e1s duraci\u00f3n.<\/li>\n<li style='margin-bottom: 5px;'>Puede controlar v\u00eda control remoto las diferentes funciones de su reflector&comma; puede bajar o aumentar la intensidad de la luz desde el control remoto.<\/li>\n<\/ul>\n<p style='margin-top: 15px; font-size: 14px;'><strong>*Horas de operaci\u00f3n depender\u00e1n de la carga de la bater\u00eda&comma; bater\u00eda a carga completa 7-8 hrs de operaci\u00f3n aprox.<\/strong><\/p>\n<\/p><\/div>\n<\/p><\/div>\n<\/p><\/div>\n<\/p><\/div>\n<hr style='border: 0; border-top: 1px solid rgba(150&comma; 150&comma; 150&comma; 0.3); margin: 30px 0;'> <\/div>\n","protected":false},"excerpt":{"rendered":"<p>Reflector de 200 W con Panel Solar  \/  Bater\u00eda 3.2  V CD \/ T.C.C. 6 500 K \/ IP65.<\/p>\n","protected":false},"featured_media":42576,"comment_status":"open","ping_status":"closed","template":"","meta":[],"product_brand":[],"product_cat":[1198],"product_tag":[1167,1169,1199],"class_list":{"0":"post-42577","1":"product","2":"type-product","3":"status-publish","4":"has-post-thumbnail","6":"product_cat-uso-exterior","7":"product_tag-iluminacion","8":"product_tag-jwj","9":"product_tag-uso-exterior","11":"first","12":"instock","13":"sale","14":"shipping-taxable","15":"purchasable","16":"product-type-simple"},"_links":{"self":[{"href":"https:\/\/soydeaqui.ddns.net\/pachuca\/index.php\/wp-json\/wp\/v2\/product\/42577","targetHints":{"allow":["GET"]}}],"collection":[{"href":"https:\/\/soydeaqui.ddns.net\/pachuca\/index.php\/wp-json\/wp\/v2\/product"}],"about":[{"href":"https:\/\/soydeaqui.ddns.net\/pachuca\/index.php\/wp-json\/wp\/v2\/types\/product"}],"replies":[{"embeddable":true,"href":"https:\/\/soydeaqui.ddns.net\/pachuca\/index.php\/wp-json\/wp\/v2\/comments?post=42577"}],"wp:featuredmedia":[{"embeddable":true,"href":"https:\/\/soydeaqui.ddns.net\/pachuca\/index.php\/wp-json\/wp\/v2\/media\/42576"}],"wp:attachment":[{"href":"https:\/\/soydeaqui.ddns.net\/pachuca\/index.php\/wp-json\/wp\/v2\/media?parent=42577"}],"wp:term":[{"taxonomy":"product_brand","embeddable":true,"href":"https:\/\/soydeaqui.ddns.net\/pachuca\/index.php\/wp-json\/wp\/v2\/product_brand?post=42577"},{"taxonomy":"product_cat","embeddable":true,"href":"https:\/\/soydeaqui.ddns.net\/pachuca\/index.php\/wp-json\/wp\/v2\/product_cat?post=42577"},{"taxonomy":"product_tag","embeddable":true,"href":"https:\/\/soydeaqui.ddns.net\/pachuca\/index.php\/wp-json\/wp\/v2\/product_tag?post=42577"}],"curies":[{"name":"wp","href":"https:\/\/api.w.org\/{rel}","templated":true}]}}