{"id":42575,"date":"2026-03-18T18:45:56","date_gmt":"2026-03-18T18:45:56","guid":{"rendered":"https:\/\/soydeaqui.ddns.net\/pachuca\/index.php\/producto\/bateria-de-litio-ciclo-profundo-12-8-vcc-200ah-lifepo4-de-celdas-cilindricas-solar-marina-maximo-200-a-de-descarga\/"},"modified":"2026-03-18T18:45:57","modified_gmt":"2026-03-18T18:45:57","slug":"bateria-de-litio-ciclo-profundo-12-8-vcc-200ah-lifepo4-de-celdas-cilindricas-solar-marina-maximo-200-a-de-descarga","status":"publish","type":"product","link":"https:\/\/soydeaqui.ddns.net\/pachuca\/index.php\/producto\/bateria-de-litio-ciclo-profundo-12-8-vcc-200ah-lifepo4-de-celdas-cilindricas-solar-marina-maximo-200-a-de-descarga\/","title":{"rendered":"Bater\u00eda de Litio Ciclo Profundo, 12.8 Vcc 200Ah (LiFePO4 de Celdas Cil\u00edndricas) , Solar, Marina, M\u00e1ximo 200 A de Descarga"},"content":{"rendered":"<div style='width: 100%; max-width: 1200px; margin: 0 auto; font-family: sans-serif; line-height: 1.6; color: inherit; background-color: transparent;'>\n<div style='display: flex; flex-wrap: wrap; gap: 30px; margin-bottom: 30px;'>\n<div style='flex: 1 1 300px; min-width: 280px;'>\n<h3 style='font-size: 22px; border-bottom: 2px solid currentColor; padding-bottom: 5px; margin-top: 0; color: inherit; opacity: 0.8;'>Importante<\/h3>\n<ul style='padding-left: 20px; font-size: 15px; color: inherit;'>\n<li style='margin-bottom: 5px;'>La carga y descarga de esta bater\u00eda de Litio (LiFePO<sub>4<\/sub>) se deber\u00e1 hacer respetando los par\u00e1metros en la especificaci\u00f3n del producto<\/li>\n<li style='margin-bottom: 5px;'>Para sistemas de energ\u00eda solar se recomienda utilizar controlador de carga marca EPEVER Serie XTRA-XXXX-N o TRACER-XXXX-AN&comma; se requieren programaci\u00f3n de parametros para bater\u00eda (LiFePO<sub>4<\/sub>)<\/li>\n<\/ul>\n<h3 style='font-size: 22px; border-bottom: 2px solid currentColor; padding-bottom: 5px; margin-top: 25px; color: inherit; opacity: 0.8;'>Modelos recomendados<\/h3>\n<ul style='padding-left: 20px; font-size: 15px; color: inherit;'>\n<li style='margin-bottom: 5px;'>XTRA-2210N &#8211; Controlador Solar MPPT 20A 12\/24V&comma; Voc 100Vcc<\/li>\n<li style='margin-bottom: 5px;'>XTRA-3210N &#8211; Controlador Solar MPPT 30A 12\/24V&comma; Voc 100Vcc<\/li>\n<li style='margin-bottom: 5px;'>XTRA-4210N &#8211; Controlador Solar MPPT 40A 12\/24V&comma; Voc 100Vcc<\/li>\n<li style='margin-bottom: 5px;'>XTRA-4210N-XDS2-LI &#8211; Controlador Solar MPPT 40A 12\/24V&comma; Voc 100Vcc<\/li>\n<\/ul>\n<p style='font-size: 15px; color: inherit; margin-top: 15px;'>Para programaci\u00f3n de los modelos XTRA series se deber\u00e1n seguir las instrucciones de los documentos anexos en pesta\u00f1a de descarga.<\/p>\n<ul style='padding-left: 20px; font-size: 15px; color: inherit;'>\n<li style='margin-bottom: 5px; color: #2880b9;'>Manual-Lithium-iron-phosphate-(LiFePO4)_<\/li>\n<li style='margin-bottom: 5px; color: #2880b9;'>Programaci\u00f3n de Par\u00e1metros de Controlador XTRA-XXXX-N para Bater\u00eda de Litio (LiFePO4)_R2<\/li>\n<\/ul><\/div>\n<\/p><\/div>\n<div style='display: flex; flex-wrap: wrap; gap: 20px; margin-bottom: 30px;'>\n<div style='flex: 1 1 250px; border: 1px solid rgba(150&comma; 150&comma; 150&comma; 0.4); border-radius: 8px; overflow: hidden; display: flex; flex-direction: column;'>\n<div style='padding: 15px; border-bottom: 1px solid rgba(150&comma; 150&comma; 150&comma; 0.2); font-weight: bold; font-size: 18px; color: inherit;'>Especificaci\u00f3n<\/div>\n<div style='padding: 15px; color: inherit;'>\n<ul style='padding-left: 20px; margin: 0; font-size: 14px; list-style-type: disc;'>\n<li style='margin-bottom: 5px;'><strong>Capacidad:<\/strong> 200 Ah<\/li>\n<li style='margin-bottom: 5px;'><strong>Voltaje Nominal:<\/strong> 12.8 Vcc<\/li>\n<li style='margin-bottom: 5px;'><strong>Voltaje de Corte:<\/strong> 10 Vcc<\/li>\n<li style='margin-bottom: 5px;'><strong>Corriente de Descarga normal:<\/strong> 50 A<\/li>\n<li style='margin-bottom: 5px;'><strong>Corriente de Descarga M\u00e1xima:<\/strong> 200 A<\/li>\n<li style='margin-bottom: 5px;'><strong>Temperatura de Operaci\u00f3n:<\/strong> -20\u00b0C a +60\u00b0C<\/li>\n<li style='margin-bottom: 5px;'><strong>Peso:<\/strong> 20 kg<\/li>\n<li style='margin-bottom: 5px;'><strong>Dimensiones:<\/strong> 490 x 240 x 171 mm<\/li>\n<\/ul><\/div>\n<\/p><\/div>\n<div style='flex: 1 1 250px; border: 1px solid rgba(150&comma; 150&comma; 150&comma; 0.4); border-radius: 8px; overflow: hidden; display: flex; flex-direction: column;'>\n<div style='padding: 15px; border-bottom: 1px solid rgba(150&comma; 150&comma; 150&comma; 0.2); font-weight: bold; font-size: 18px; color: inherit;'>Par\u00e1metros de Carga<\/div>\n<div style='padding: 15px; color: inherit;'>\n<ul style='padding-left: 20px; margin: 0; font-size: 14px; list-style-type: disc;'>\n<li style='margin-bottom: 5px;'><strong>Modo de Carga:<\/strong> CC\/CV<\/li>\n<li style='margin-bottom: 5px;'><strong>Voltaje de Ciclo de Carga:<\/strong> 14.4 Vcc<\/li>\n<li style='margin-bottom: 5px;'><strong>Voltaje de Flotaci\u00f3n:<\/strong> 13.5 Vcc<\/li>\n<li style='margin-bottom: 5px;'><strong>Corriente de Carga:<\/strong> 50 A<\/li>\n<\/ul><\/div>\n<\/p><\/div>\n<div style='flex: 1 1 250px; border: 1px solid rgba(150&comma; 150&comma; 150&comma; 0.4); border-radius: 8px; overflow: hidden; display: flex; flex-direction: column;'>\n<div style='padding: 15px; border-bottom: 1px solid rgba(150&comma; 150&comma; 150&comma; 0.2); font-weight: bold; font-size: 18px; color: inherit;'>Precauciones<\/div>\n<div style='padding: 15px; color: inherit;'>\n<ul style='padding-left: 20px; margin: 0; font-size: 14px; list-style-type: disc;'>\n<li style='margin-bottom: 5px;'>No haga corto entre terminales o invierta la polaridad<\/li>\n<li style='margin-bottom: 5px;'>No desensamble o modifique la bater\u00eda<\/li>\n<li style='margin-bottom: 5px;'>Mantenga la bater\u00eda lejos del alcance de los ni\u00f1os<\/li>\n<li style='margin-bottom: 5px;'>No exponga la bater\u00eda a temperaturas superiores a 60\u00b0C<\/li>\n<li style='margin-bottom: 5px;'>No utilizar en sistemas de arranque de Veh\u00edculos<\/li>\n<li style='margin-bottom: 5px;'>No hacer mas de 6 paralelos<\/li>\n<li style='margin-bottom: 5px;'>No usar en mas de 48 Vcc<\/li>\n<\/ul><\/div>\n<\/p><\/div>\n<\/p><\/div>\n<hr style='border: 0; border-top: 1px solid rgba(150&comma; 150&comma; 150&comma; 0.3); margin: 30px 0;'>\n<div style='display: flex; flex-wrap: wrap; gap: 30px;'>\n<div style='flex: 1 1 300px; min-width: 280px;'>\n<p style='font-size: 15px; color: inherit;'><strong>Para soporte t\u00e9cnico comunicarse a nuestro departamento de Ingenier\u00eda<\/strong><\/p>\n<\/p><\/div>\n<\/p><\/div>\n<\/p><\/div>\n","protected":false},"excerpt":{"rendered":"<p>Bater\u00eda de Litio Ciclo Profundo, 12.8 Vcc 200Ah (LiFePO4 de Celdas Cil\u00edndricas) , Solar, Marina, M\u00e1ximo 200 A de Descarga<\/p>\n","protected":false},"featured_media":42574,"comment_status":"open","ping_status":"closed","template":"","meta":[],"product_brand":[],"product_cat":[1160],"product_tag":[143,142,454],"class_list":{"0":"post-42575","1":"product","2":"type-product","3":"status-publish","4":"has-post-thumbnail","6":"product_cat-baterias-energia-videovigilancia","7":"product_tag-baterias","8":"product_tag-energia","9":"product_tag-epcom-powerline","11":"first","12":"outofstock","13":"sale","14":"shipping-taxable","15":"purchasable","16":"product-type-simple"},"_links":{"self":[{"href":"https:\/\/soydeaqui.ddns.net\/pachuca\/index.php\/wp-json\/wp\/v2\/product\/42575","targetHints":{"allow":["GET"]}}],"collection":[{"href":"https:\/\/soydeaqui.ddns.net\/pachuca\/index.php\/wp-json\/wp\/v2\/product"}],"about":[{"href":"https:\/\/soydeaqui.ddns.net\/pachuca\/index.php\/wp-json\/wp\/v2\/types\/product"}],"replies":[{"embeddable":true,"href":"https:\/\/soydeaqui.ddns.net\/pachuca\/index.php\/wp-json\/wp\/v2\/comments?post=42575"}],"wp:featuredmedia":[{"embeddable":true,"href":"https:\/\/soydeaqui.ddns.net\/pachuca\/index.php\/wp-json\/wp\/v2\/media\/42574"}],"wp:attachment":[{"href":"https:\/\/soydeaqui.ddns.net\/pachuca\/index.php\/wp-json\/wp\/v2\/media?parent=42575"}],"wp:term":[{"taxonomy":"product_brand","embeddable":true,"href":"https:\/\/soydeaqui.ddns.net\/pachuca\/index.php\/wp-json\/wp\/v2\/product_brand?post=42575"},{"taxonomy":"product_cat","embeddable":true,"href":"https:\/\/soydeaqui.ddns.net\/pachuca\/index.php\/wp-json\/wp\/v2\/product_cat?post=42575"},{"taxonomy":"product_tag","embeddable":true,"href":"https:\/\/soydeaqui.ddns.net\/pachuca\/index.php\/wp-json\/wp\/v2\/product_tag?post=42575"}],"curies":[{"name":"wp","href":"https:\/\/api.w.org\/{rel}","templated":true}]}}