{"id":42571,"date":"2026-03-18T18:45:49","date_gmt":"2026-03-18T18:45:49","guid":{"rendered":"https:\/\/soydeaqui.ddns.net\/pachuca\/index.php\/producto\/estacion-de-energia-delta-pro-ultra-7-2kw-para-respaldo-residencial-incluye-bateria-de-litio-lfp-6kwh-18kwh-totales-sincronizacion-para-mayor-potencia-carga-solar-hasta-4000w-capacidad-de-trabaj\/"},"modified":"2026-03-18T18:45:50","modified_gmt":"2026-03-18T18:45:50","slug":"estacion-de-energia-delta-pro-ultra-7-2kw-para-respaldo-residencial-incluye-bateria-de-litio-lfp-6kwh-18kwh-totales-sincronizacion-para-mayor-potencia-carga-solar-hasta-4000w-capacidad-de-trabaj","status":"publish","type":"product","link":"https:\/\/soydeaqui.ddns.net\/pachuca\/index.php\/producto\/estacion-de-energia-delta-pro-ultra-7-2kw-para-respaldo-residencial-incluye-bateria-de-litio-lfp-6kwh-18kwh-totales-sincronizacion-para-mayor-potencia-carga-solar-hasta-4000w-capacidad-de-trabaj\/","title":{"rendered":"Estaci\u00f3n de Energ\u00eda Delta Pro Ultra 7.2kW para Respaldo Residencial, Incluye Bater\u00eda de Litio LFP 6kWh (18kWh Totales), Sincronizaci\u00f3n para Mayor Potencia, Carga Solar Hasta 4000W, Capacidad de Trabajo Online (0ms)"},"content":{"rendered":"<div style='width: 100%; max-width: 1200px; margin: 0 auto; font-family: sans-serif; line-height: 1.6; color: inherit; background-color: transparent;'> <!-- Secci\u00f3n de descripci\u00f3n principal --> <\/p>\n<div style='margin-bottom: 30px;'>\n<p style='text-align: left; font-size: 16px; color: inherit;'> <span style='color: #3598db; font-weight: bold;'>EcoFlow DELTA Pro Ultra<\/span> es un sistema de respaldo de energ\u00eda residencial dise\u00f1ado tanto para cortes prolongados como para uso diario. Con una capacidad incomparable de 6 kWh&comma; una salida de 7200 W y una entrada solar de 5.6 kW&comma; una sola unidad puede alimentar toda tu casa. Con EcoFlow Smart Home Panel 2&comma; obt\u00e9n una experiencia de respaldo de energ\u00eda ininterrumpida con cambio autom\u00e1tico&comma; monitoreo del consumo de energ\u00eda y facturas de electricidad m\u00e1s bajas. <\/p>\n<p style='text-align: left; font-size: 16px; color: inherit;'> Con su dise\u00f1o apilable&comma; expande el almacenamiento y la salida de <span style='color: #3598db; font-weight: bold;'>EcoFlow DELTA Pro Ultra<\/span> en solo minutos. Compatible con varias fuentes de energ\u00eda&comma; desde solar hasta gas&comma; para satisfacer tus cambiantes necesidades energ\u00e9ticas. <\/p>\n<\/p><\/div>\n<p> <!-- Video principal --> <\/p>\n<div style='position: relative; padding-bottom: 56.25%; height: 0; overflow: hidden; margin-bottom: 30px;'>   <\/div>\n<p> <!-- Nota importante --> <\/p>\n<div style='text-align: center; margin-bottom: 30px;'>\n<p style='font-size: 16px; color: inherit;'> <strong>NOTA:<\/strong> Considerar modelo <a href='https:\/\/www.syscom.mx\/producto\/EFPD303-ECOFLOW-228317.html' style='color: #3598db; text-decoration: none; font-weight: 600; background-color: #ffffff; color: #3598db;'> EFPD303 <\/a> para conexi\u00f3n hacia tablero de distribuci\u00f3n&comma; monitoreo y configuraci\u00f3n remota del sistema y para conectar en paralelo a otro inversor <a href='https:\/\/www.syscom.mx\/producto\/EFYJ751PCSUS-ECOFLOW-228316.html' style='color: #3598db; text-decoration: none; font-weight: 600; background-color: #ffffff; color: #3598db;'> EFYJ751PCSUS <\/a> <\/p>\n<\/p><\/div>\n<p> <!-- Separador --> <\/p>\n<hr style='border: 0; border-top: 1px solid rgba(150&comma; 150&comma; 150&comma; 0.3); margin: 30px 0;'> <!-- T\u00edtulo de especificaciones --> <\/p>\n<h1 style='text-align: center; font-size: 24px; color: #3598db; margin-bottom: 30px;'> Especificaciones <\/h1>\n<p> <!-- Secci\u00f3n de especificaciones con grid --> <\/p>\n<div style='display: flex; flex-wrap: wrap; gap: 20px; margin-bottom: 30px;'> <!-- Caracter\u00edsticas Generales --> <\/p>\n<div style='flex: 1 1 300px; min-width: 280px; border: 1px solid rgba(150&comma; 150&comma; 150&comma; 0.4); border-radius: 8px; overflow: hidden; display: flex; flex-direction: column;'>\n<div style='padding: 15px; border-bottom: 1px solid rgba(150&comma; 150&comma; 150&comma; 0.2); font-weight: bold; font-size: 18px; color: inherit;'>Caracter\u00edsticas Generales<\/div>\n<div style='padding: 15px; color: inherit;'>\n<ul style='padding-left: 20px; margin: 0; font-size: 14px; list-style-type: disc;'>\n<li style='margin-bottom: 5px;'><strong>Capacidad:<\/strong> 6000 Wh<\/li>\n<li style='margin-bottom: 5px;'><strong>Altitud M\u00e1x. de Operaci\u00f3n:<\/strong> 3000m<\/li>\n<li style='margin-bottom: 5px;'><strong>Dimensiones:<\/strong> Inversor: 691x480x214mm \/ Bater\u00eda: 661x457x203mm<\/li>\n<li style='margin-bottom: 5px;'><strong>Peso Neto:<\/strong> Inversor: 31.7 kg \/ Bater\u00eda: 52.79 kg<\/li>\n<li style='margin-bottom: 5px;'><strong>Protecci\u00f3n:<\/strong> Contra Rayos y Sobretensiones.<\/li>\n<li style='margin-bottom: 5px;'><strong>MPPT:<\/strong> 80-450v&comma; 15A&comma; 4000W m\u00e1x \/ 30-150v&comma; 15A&comma; 1600W m\u00e1x<\/li>\n<\/ul><\/div>\n<\/p><\/div>\n<p> <!-- Puertos de Entrada y Salida --> <\/p>\n<div style='flex: 1 1 300px; min-width: 280px; border: 1px solid rgba(150&comma; 150&comma; 150&comma; 0.4); border-radius: 8px; overflow: hidden; display: flex; flex-direction: column;'>\n<div style='padding: 15px; border-bottom: 1px solid rgba(150&comma; 150&comma; 150&comma; 0.2); font-weight: bold; font-size: 18px; color: inherit;'>Puertos de Salida<\/div>\n<div style='padding: 15px; color: inherit;'>\n<ul style='padding-left: 20px; margin: 0; font-size: 14px; list-style-type: disc;'>\n<li style='margin-bottom: 5px;'><strong>Salidas de CA:<\/strong> 6 Tomacorrientes&comma; 120 V\/240V&comma; total 7200W<\/li>\n<li style='margin-bottom: 5px;'><strong>Salidas de CC:<\/strong> 2 USB tipo A&comma; 2 USB tipo B<\/li>\n<\/ul><\/div>\n<div style='padding: 15px; border-top: 1px solid rgba(150&comma; 150&comma; 150&comma; 0.2); border-bottom: 1px solid rgba(150&comma; 150&comma; 150&comma; 0.2); font-weight: bold; font-size: 18px; color: inherit;'>Puertos de Entrada<\/div>\n<div style='padding: 15px; color: inherit;'>\n<ul style='padding-left: 20px; margin: 0; font-size: 14px; list-style-type: disc;'>\n<li style='margin-bottom: 5px;'><strong>Entrada de Carga e CA:<\/strong> 120V \/ 240V&comma; 15A\/12.5A <strong>M\u00e1x.<\/strong> 1800W \/ <strong>M\u00e1x.<\/strong> 3000 W<\/li>\n<li style='margin-bottom: 5px;'><strong>Puerto de Entrada\/Puerto de Salida:<\/strong> 120V \/ 240V&comma; 30A&comma; <strong>M\u00e1x.<\/strong> 3600W \/ <strong>M\u00e1x.<\/strong> 7200W<\/li>\n<\/ul><\/div>\n<\/p><\/div>\n<\/p><\/div>\n<p> <!-- Imagen destacada --> <\/p>\n<div style='margin-bottom: 30px;'> <img style='width: 100%; height: auto; border: 1px solid rgba(150&comma;150&comma;150&comma;0.3); border-radius: 8px;' src='https:\/\/ftp3.syscom.mx\/usuarios\/fotos\/EFDPUBP\/228694-0ms_de_transferencia.jpg' alt=''> <\/div>\n<p> <!-- Separador --> <\/p>\n<hr style='border: 0; border-top: 1px solid rgba(150&comma; 150&comma; 150&comma; 0.3); margin: 30px 0;'> <!-- T\u00edtulo de caracter\u00edsticas destacadas --> <\/p>\n<h2 style='text-align: center; font-size: 20px; color: #3598db; margin-bottom: 20px;'> MEN\u00da EXPANDIBLE <\/h2>\n<p> <!-- Secci\u00f3n de monitoreo --> <\/p>\n<div style='margin-bottom: 30px;'>\n<h3 style='font-size: 18px; border-bottom: 2px solid currentColor; padding-bottom: 5px; margin-top: 0; color: inherit; opacity: 0.8;'>MONITOREO<\/h3>\n<div style='display: flex; flex-wrap: wrap; gap: 20px; align-items: center;'>\n<div style='flex: 1 1 300px; min-width: 280px;'> <img style='width: 100%; height: auto; border: 1px solid rgba(150&comma;150&comma;150&comma;0.3); border-radius: 8px;' src='https:\/\/ftp3.syscom.mx\/usuarios\/fotos\/EFDPUBP\/228694-monitoreo.jpg' alt=''> <\/div>\n<div style='flex: 1 1 300px; min-width: 280px;'>\n<p style='font-size: 18px; font-weight: bold; text-align: center; margin: 12px 0; color: inherit;'> Gesti\u00f3n energ\u00e9tica al alcance de tus dedos. <\/p>\n<p style='font-size: 14px; text-align: center; margin: 12px 0; color: inherit;'> Mant\u00e9n un ojo atento en el uso de tu bater\u00eda con informaci\u00f3n energ\u00e9tica en tiempo real&comma; accesible desde cualquier lugar y en cualquier momento. M\u00e1s all\u00e1 de solo monitorear&comma; tienes el poder de controlar tus electrodom\u00e9sticos de forma remota&comma; incluso a distancia. <\/p>\n<p style='font-size: 14px; text-align: center; margin: 12px 0; color: inherit;'> \u00bfQuieres reducir esas abultadas facturas de electricidad? Adapta tu estrategia de bater\u00eda&comma; optimizando inteligentemente la energ\u00eda del sol&comma; la red y las bater\u00edas para que coincida con las horas punta y las horas valle de tu red. <\/p>\n<\/p><\/div>\n<\/p><\/div>\n<\/p><\/div>\n<p> <!-- Contenido --> <\/p>\n<h2 style='text-align: center; font-size: 20px; margin-bottom: 20px; color: inherit;'> DELTA PRO ULTRA <\/h2>\n<div style='margin-bottom: 30px;'> <img style='width: 100%; height: auto; border: 1px solid rgba(150&comma;150&comma;150&comma;0.3); border-radius: 8px;' src='https:\/\/ftp3.syscom.mx\/usuarios\/fotos\/EFDPUBP\/228694-contenido.jpg' alt=''> <\/div>\n<div style='margin-bottom: 30px;'> <img style='width: 100%; height: auto; border: 1px solid rgba(150&comma;150&comma;150&comma;0.3); border-radius: 8px;' src='https:\/\/ftp3.syscom.mx\/usuarios\/fotos\/EFDPUBP\/228694-contenido_2.jpg' alt=''> <\/div>\n<p> <!-- Separador --> <\/p>\n<hr style='border: 0; border-top: 1px solid rgba(150&comma; 150&comma; 150&comma; 0.3); margin: 30px 0;'> <!-- Caracter\u00edsticas destacadas --> <\/p>\n<h2 style='text-align: center; font-size: 20px; color: #3598db; margin-bottom: 20px;'> CARACTER\u00cdSTICAS DESTACADAS <\/h2>\n<div style='margin-bottom: 30px;'> <img style='width: 100%; height: auto; border: 1px solid rgba(150&comma;150&comma;150&comma;0.3); border-radius: 8px;' src='https:\/\/ftp3.syscom.mx\/usuarios\/fotos\/EFDPUBP\/228694-caracteristicas_destacadas.jpg' alt=''> <\/div>\n<p> <!-- Video adicional --> <\/p>\n<div style='position: relative; padding-bottom: 56.25%; height: 0; overflow: hidden; margin-bottom: 30px;'>   <\/div>\n<\/p><\/div>\n","protected":false},"excerpt":{"rendered":"<p>Estaci\u00f3n de Energ\u00eda Delta Pro Ultra 7.2kW para Respaldo Residencial, Incluye Bater\u00eda de Litio LFP 6kWh (18kWh Totales), Sincronizaci\u00f3n para Mayor Potencia, Carga Solar Hasta 4000W, Capacidad de Trabajo Online (0ms)<\/p>\n","protected":false},"featured_media":42570,"comment_status":"open","ping_status":"closed","template":"","meta":[],"product_brand":[],"product_cat":[1114],"product_tag":[1116,1115,1101],"class_list":{"0":"post-42571","1":"product","2":"type-product","3":"status-publish","4":"has-post-thumbnail","6":"product_cat-estaciones-de-energia-portables","7":"product_tag-ecoflow","8":"product_tag-estaciones-de-energia-portables","9":"product_tag-respaldo-de-energia","11":"first","12":"outofstock","13":"sale","14":"shipping-taxable","15":"purchasable","16":"product-type-simple"},"_links":{"self":[{"href":"https:\/\/soydeaqui.ddns.net\/pachuca\/index.php\/wp-json\/wp\/v2\/product\/42571","targetHints":{"allow":["GET"]}}],"collection":[{"href":"https:\/\/soydeaqui.ddns.net\/pachuca\/index.php\/wp-json\/wp\/v2\/product"}],"about":[{"href":"https:\/\/soydeaqui.ddns.net\/pachuca\/index.php\/wp-json\/wp\/v2\/types\/product"}],"replies":[{"embeddable":true,"href":"https:\/\/soydeaqui.ddns.net\/pachuca\/index.php\/wp-json\/wp\/v2\/comments?post=42571"}],"wp:featuredmedia":[{"embeddable":true,"href":"https:\/\/soydeaqui.ddns.net\/pachuca\/index.php\/wp-json\/wp\/v2\/media\/42570"}],"wp:attachment":[{"href":"https:\/\/soydeaqui.ddns.net\/pachuca\/index.php\/wp-json\/wp\/v2\/media?parent=42571"}],"wp:term":[{"taxonomy":"product_brand","embeddable":true,"href":"https:\/\/soydeaqui.ddns.net\/pachuca\/index.php\/wp-json\/wp\/v2\/product_brand?post=42571"},{"taxonomy":"product_cat","embeddable":true,"href":"https:\/\/soydeaqui.ddns.net\/pachuca\/index.php\/wp-json\/wp\/v2\/product_cat?post=42571"},{"taxonomy":"product_tag","embeddable":true,"href":"https:\/\/soydeaqui.ddns.net\/pachuca\/index.php\/wp-json\/wp\/v2\/product_tag?post=42571"}],"curies":[{"name":"wp","href":"https:\/\/api.w.org\/{rel}","templated":true}]}}