{"id":4256,"date":"2026-03-18T06:17:11","date_gmt":"2026-03-18T06:17:11","guid":{"rendered":"https:\/\/soydeaqui.ddns.net\/pachuca\/index.php\/producto\/tag-de-pulsera-para-control-de-errantes-control-de-acceso-y-localizacion-ibernex\/"},"modified":"2026-03-18T06:17:11","modified_gmt":"2026-03-18T06:17:11","slug":"tag-de-pulsera-para-control-de-errantes-control-de-acceso-y-localizacion-ibernex","status":"publish","type":"product","link":"https:\/\/soydeaqui.ddns.net\/pachuca\/index.php\/producto\/tag-de-pulsera-para-control-de-errantes-control-de-acceso-y-localizacion-ibernex\/","title":{"rendered":"Tag de pulsera para control de errantes, control de acceso y localizaci\u00f3n Ibernex"},"content":{"rendered":"<div style='width: 100%; max-width: 1200px; margin: 0 auto; font-family: sans-serif; line-height: 1.6; color: inherit; background-color: transparent;'>\n<div style='display: flex; flex-wrap: wrap; gap: 30px; margin-bottom: 30px;'>\n<div style='flex: 1 1 300px; min-width: 280px;'>\n<h3 style='font-size: 22px; border-bottom: 2px solid currentColor; padding-bottom: 5px; margin-top: 0; color: inherit; opacity: 0.8;'>Caracter\u00edsticas principales<\/h3>\n<ul style='padding-left: 20px; font-size: 15px; color: inherit;'>\n<li style='margin-bottom: 5px;'>Tag RFID activo: el tag detectan el campo de baja frecuencia (LF&comma; 125kHz) generado por la antena LF del NX036x (m\u00e1ximo 3m) y responden con una se\u00f1al de alta frecuencia (HF&comma; 433MHz) notificando su n\u00famero de serie y el estado de la bater\u00eda del tag.<\/li>\n<li style='margin-bottom: 5px;'>Tag de localizaci\u00f3n RF: el tag emite un mensaje peri\u00f3dico (por defecto cada 15s en el modelo NX0980 y deshabilitado en NX0970) con una se\u00f1al de alta frecuencia (HF&comma; 433MHz) indicando su n\u00famero de serie y el estado de la bater\u00eda. Los receptores de localizaci\u00f3n (NX0950 o NX9180) reciben esta informaci\u00f3n y la retransmiten a trav\u00e9s del bus junto con una indicaci\u00f3n de la potencia de la se\u00f1al recibida (RSSI)&comma; que se utiliza posteriormente para triangular la posici\u00f3n.<\/li>\n<li style='margin-bottom: 5px;'>Tag de alarma RF (disponible solo en NX0980): el tag emite un mensaje de alarma cuando se pulsa el bot\u00f3n. Este mensaje utiliza el mismo mecanismo que el mensaje peri\u00f3dico para localizaci\u00f3n: un mensaje de alta frecuencia (HF&comma; 433MHz) que los receptores NX0950 o NX9180 reciben y reenv\u00edan al resto del sistema para que se pueda generar un aviso.<\/li>\n<\/ul><\/div>\n<div style='flex: 1 1 300px; min-width: 280px;'>\n<h3 style='font-size: 22px; border-bottom: 2px solid currentColor; padding-bottom: 5px; margin-top: 0; color: inherit; opacity: 0.8;'>Caracter\u00edsticas el\u00e9ctricas y f\u00edsicas<\/h3>\n<ul style='padding-left: 20px; font-size: 15px; color: inherit;'>\n<li style='margin-bottom: 5px;'>Dimensiones: 57 x 44 x 14 mm (sin cord\u00f3n)<\/li>\n<li style='margin-bottom: 5px;'>Alimentacion: CR2032&comma; reemplazable<\/li>\n<li style='margin-bottom: 5px;'>Recepci\u00f3n LF 125kHz&comma; alcance t\u00edpico 3m<\/li>\n<li style='margin-bottom: 5px;'>Emisi\u00f3n HF 433.92 MHz Alcance t\u00edpico para localizaci\u00f3n 7m en interior de edificios<\/li>\n<li style='margin-bottom: 5px;'>Sumergible&comma; grado de protecci\u00f3n IP67<\/li>\n<li style='margin-bottom: 5px;'>Incluye una pulsera negra de PVC NX9091 con cierre de un solo uso&comma; que evita que el usuario pueda desprenderse del tag sin el control de los cuidadores.<\/li>\n<\/ul><\/div>\n<div style='flex: 1 1 300px; min-width: 280px;'>\n<h3 style='font-size: 22px; border-bottom: 2px solid currentColor; padding-bottom: 5px; margin-top: 0; color: inherit; opacity: 0.8;'>Caracter\u00edsticas Destacadas<\/h3>\n<p style='font-size: 15px; color: inherit;'>El modelo NX0970 se coloca en la mu\u00f1eca o el tobillo del usuario. El tag es resistente al agua y resiste la inmersi\u00f3n (grado de protecci\u00f3n IP67). La bater\u00eda no es reemplazable. El cierre de la pulsera es de un solo uso para evitar que el usuario pueda desprenderse del tag sin el control de los cuidadores. Cada NX0970 incluye una pulsera de cierre de un solo uso NX9091. Se pueden solicitar recambios de pulsera adicionales NX9091 para reutilizar el tag tras retirar la pulsera.<\/p>\n<\/p><\/div>\n<\/p><\/div>\n<div style='margin-bottom: 30px; font-size: 15px; color: inherit;'>\n<p><strong>Nota:<\/strong> Requiere certificaci\u00f3n para su instalaci\u00f3n y para solicitar soporte t\u00e9cnico.<\/p>\n<\/p><\/div>\n<hr style='border: 0; border-top: 1px solid rgba(150&comma; 150&comma; 150&comma; 0.3); margin: 30px 0;'>\n<div style='margin-bottom: 30px; font-size: 15px; color: inherit;'>\n<p>La estructura y los elementos del interior de los edificios pueden reducir considerablemente el alcance de la comunicaci\u00f3n. Para evitar en lo posible estos problemas se recomienda realizar mediciones previas para comprobar los alcances y la ausencia de interferencias; y poder determinar situaci\u00f3n&comma; tipo y cantidad de dispositivos y antenas necesarios. Cuando el sistema se utiliza para detectar situaciones que implican riesgo para las personas&comma; como el control de fugas o errantes&comma; se debe considerar el sistema como una ayuda t\u00e9cnica&comma; pero nunca como el principal o \u00fanico sistema para evitar el riesgo.<\/p>\n<\/p><\/div>\n<hr style='border: 0; border-top: 1px solid rgba(150&comma; 150&comma; 150&comma; 0.3); margin: 30px 0;'> <\/div>\n","protected":false},"excerpt":{"rendered":"<p>Tag de pulsera para control de errantes, control de acceso y localizaci\u00f3n Ibernex<\/p>\n","protected":false},"featured_media":4255,"comment_status":"open","ping_status":"closed","template":"","meta":[],"product_brand":[],"product_cat":[151],"product_tag":[152,153,126],"class_list":{"0":"post-4256","1":"product","2":"type-product","3":"status-publish","4":"has-post-thumbnail","6":"product_cat-atencion-sociosanitaria","7":"product_tag-atencion-sociosanitaria","8":"product_tag-ibernex","9":"product_tag-sistemas-de-emergencia","11":"first","12":"outofstock","13":"sale","14":"shipping-taxable","15":"purchasable","16":"product-type-simple"},"_links":{"self":[{"href":"https:\/\/soydeaqui.ddns.net\/pachuca\/index.php\/wp-json\/wp\/v2\/product\/4256","targetHints":{"allow":["GET"]}}],"collection":[{"href":"https:\/\/soydeaqui.ddns.net\/pachuca\/index.php\/wp-json\/wp\/v2\/product"}],"about":[{"href":"https:\/\/soydeaqui.ddns.net\/pachuca\/index.php\/wp-json\/wp\/v2\/types\/product"}],"replies":[{"embeddable":true,"href":"https:\/\/soydeaqui.ddns.net\/pachuca\/index.php\/wp-json\/wp\/v2\/comments?post=4256"}],"wp:featuredmedia":[{"embeddable":true,"href":"https:\/\/soydeaqui.ddns.net\/pachuca\/index.php\/wp-json\/wp\/v2\/media\/4255"}],"wp:attachment":[{"href":"https:\/\/soydeaqui.ddns.net\/pachuca\/index.php\/wp-json\/wp\/v2\/media?parent=4256"}],"wp:term":[{"taxonomy":"product_brand","embeddable":true,"href":"https:\/\/soydeaqui.ddns.net\/pachuca\/index.php\/wp-json\/wp\/v2\/product_brand?post=4256"},{"taxonomy":"product_cat","embeddable":true,"href":"https:\/\/soydeaqui.ddns.net\/pachuca\/index.php\/wp-json\/wp\/v2\/product_cat?post=4256"},{"taxonomy":"product_tag","embeddable":true,"href":"https:\/\/soydeaqui.ddns.net\/pachuca\/index.php\/wp-json\/wp\/v2\/product_tag?post=4256"}],"curies":[{"name":"wp","href":"https:\/\/api.w.org\/{rel}","templated":true}]}}