{"id":42542,"date":"2026-03-18T18:45:05","date_gmt":"2026-03-18T18:45:05","guid":{"rendered":"https:\/\/soydeaqui.ddns.net\/pachuca\/index.php\/producto\/conector-myers-de-zinc-1-1-2-con-tornillo-a-tierra-para-intemperie\/"},"modified":"2026-03-18T18:45:06","modified_gmt":"2026-03-18T18:45:06","slug":"conector-myers-de-zinc-1-1-2-con-tornillo-a-tierra-para-intemperie","status":"publish","type":"product","link":"https:\/\/soydeaqui.ddns.net\/pachuca\/index.php\/producto\/conector-myers-de-zinc-1-1-2-con-tornillo-a-tierra-para-intemperie\/","title":{"rendered":"Conector Myers de Zinc  1 1\/2&#8243; \/ Con tornillo a tierra \/ Para Intemperie."},"content":{"rendered":"<div style='width: 100%; max-width: 1200px; margin: 0 auto; font-family: sans-serif; line-height: 1.6; color: inherit; background-color: transparent;'>\n<div style='display: flex; flex-wrap: wrap; gap: 30px; margin-bottom: 30px;'>\n<div style='flex: 1 1 300px; min-width: 280px;'>\n<h3 style='font-size: 22px; border-bottom: 2px solid currentColor; padding-bottom: 5px; margin-top: 0; color: inherit; opacity: 0.8;'>Caracter\u00edsticas<\/h3>\n<ul style='padding-left: 20px; font-size: 15px; color: inherit;'>\n<li style='margin-bottom: 5px;'><strong>Aplicaci\u00f3n:<\/strong> Adecuado para proporcionar una terminaci\u00f3n herm\u00e9tica a los l\u00edquidos&comma; al aceite y al polvo<\/li>\n<li style='margin-bottom: 5px;'><strong>Tipo de terminaci\u00f3n:<\/strong> Natural<\/li>\n<li style='margin-bottom: 5px;'><strong>Material:<\/strong> Zinc<\/li>\n<li style='margin-bottom: 5px;'><strong>Series:<\/strong> WH<\/li>\n<li style='margin-bottom: 5px;'><strong>Tipo:<\/strong> Conector Hub resiste a intemperie con tornillo a tierra<\/li>\n<li style='margin-bottom: 5px;'><strong>Tama\u00f1o:<\/strong> 1 1\/2&#8242; in<\/li>\n<li style='margin-bottom: 5px;'><strong>Dimensiones:<\/strong> 2.745 in x 2.745 in x 1.92 in<\/li>\n<li style='margin-bottom: 5px;'><strong>Altura:<\/strong> 1.92 in<\/li>\n<\/ul><\/div>\n<div style='flex: 1 1 300px; min-width: 280px;'>\n<h3 style='font-size: 22px; border-bottom: 2px solid currentColor; padding-bottom: 5px; margin-top: 0; color: inherit; opacity: 0.8;'>Aplicaciones Clasificadas<\/h3>\n<ul style='padding-left: 20px; font-size: 15px; color: inherit;'>\n<li style='margin-bottom: 5px;'>Adecuado para <strong>\u00e1reas clasificadas cuando est\u00e1 instalado de acuerdo al NEC<\/strong> Articulo 501.10(b)<\/li>\n<ul style='padding-left: 30px; margin-top: 10px; margin-bottom: 10px;'>\n<li style='margin-bottom: 5px;'>Clase I&comma; Divisi\u00f3n 2 (502.10&comma; 503.10)<\/li>\n<li style='margin-bottom: 5px;'>Clase I&comma; Zona 2 (505.15)<\/li>\n<\/ul>\n<\/ul><\/div>\n<\/p><\/div>\n<\/p><\/div>\n","protected":false},"excerpt":{"rendered":"<p>Conector Myers de Zinc  1 1\/2&#8243; \/ Con tornillo a tierra \/ Para Intemperie.<\/p>\n","protected":false},"featured_media":32,"comment_status":"open","ping_status":"closed","template":"","meta":[],"product_brand":[],"product_cat":[655],"product_tag":[572,704,656],"class_list":{"0":"post-42542","1":"product","2":"type-product","3":"status-publish","4":"has-post-thumbnail","6":"product_cat-tuberia-metalica-conduit-accesorios","7":"product_tag-canalizacion","8":"product_tag-hubbell-killark","9":"product_tag-tuberia-metalica-conduit-accesorios","11":"first","12":"outofstock","13":"sale","14":"shipping-taxable","15":"purchasable","16":"product-type-simple"},"_links":{"self":[{"href":"https:\/\/soydeaqui.ddns.net\/pachuca\/index.php\/wp-json\/wp\/v2\/product\/42542","targetHints":{"allow":["GET"]}}],"collection":[{"href":"https:\/\/soydeaqui.ddns.net\/pachuca\/index.php\/wp-json\/wp\/v2\/product"}],"about":[{"href":"https:\/\/soydeaqui.ddns.net\/pachuca\/index.php\/wp-json\/wp\/v2\/types\/product"}],"replies":[{"embeddable":true,"href":"https:\/\/soydeaqui.ddns.net\/pachuca\/index.php\/wp-json\/wp\/v2\/comments?post=42542"}],"wp:featuredmedia":[{"embeddable":true,"href":"https:\/\/soydeaqui.ddns.net\/pachuca\/index.php\/wp-json\/wp\/v2\/media\/32"}],"wp:attachment":[{"href":"https:\/\/soydeaqui.ddns.net\/pachuca\/index.php\/wp-json\/wp\/v2\/media?parent=42542"}],"wp:term":[{"taxonomy":"product_brand","embeddable":true,"href":"https:\/\/soydeaqui.ddns.net\/pachuca\/index.php\/wp-json\/wp\/v2\/product_brand?post=42542"},{"taxonomy":"product_cat","embeddable":true,"href":"https:\/\/soydeaqui.ddns.net\/pachuca\/index.php\/wp-json\/wp\/v2\/product_cat?post=42542"},{"taxonomy":"product_tag","embeddable":true,"href":"https:\/\/soydeaqui.ddns.net\/pachuca\/index.php\/wp-json\/wp\/v2\/product_tag?post=42542"}],"curies":[{"name":"wp","href":"https:\/\/api.w.org\/{rel}","templated":true}]}}