{"id":42533,"date":"2026-03-18T18:44:50","date_gmt":"2026-03-18T18:44:50","guid":{"rendered":"https:\/\/soydeaqui.ddns.net\/pachuca\/index.php\/producto\/bateria-recargable-aa-1-2v-eneloop-ni-hm-paquete-de-4-baterias\/"},"modified":"2026-03-18T18:44:51","modified_gmt":"2026-03-18T18:44:51","slug":"bateria-recargable-aa-1-2v-eneloop-ni-hm-paquete-de-4-baterias","status":"publish","type":"product","link":"https:\/\/soydeaqui.ddns.net\/pachuca\/index.php\/producto\/bateria-recargable-aa-1-2v-eneloop-ni-hm-paquete-de-4-baterias\/","title":{"rendered":"Bater\u00eda Recargable AA 1.2V ENELOOP \/ Ni-HM \/ Paquete de 4 Bater\u00edas"},"content":{"rendered":"<div style='width: 100%; max-width: 1200px; margin: 0 auto; font-family: sans-serif; line-height: 1.6; color: inherit; background-color: transparent;'>\n<div style='display: flex; flex-direction: column; align-items: center; margin-bottom: 30px;'>\n<h1 style='text-align: center; font-size: 24px; margin: 0 0 15px; color: #2880b9;'> <strong>Bater\u00eda Recargable Eneloop 2000mAh 1.2V<\/strong> <\/h1>\n<\/p><\/div>\n<div style='display: flex; flex-wrap: wrap; gap: 20px; justify-content: center; margin-bottom: 30px;'> <img style='width: 100%; max-width: 600px; height: auto; border: 1px solid rgba(150&comma;150&comma;150&comma;0.3); border-radius: 8px;' src='https:\/\/www.google.com\/url?sa=i&#038;url=https%3A%2F%2Fcameracommons.ph%2Fproducts%2Fpanasonic-eneloop-bk-3mcce-4st-aa-rechargeable-battery-pack-of-4-white-in-shrink-pack&#038;psig=AOvVaw1NAKlTIiFRGEBx9caEgv5u&#038;ust=1719339324257000&#038;source=images&#038;cd=vfe&#038;opi=89978449&#038;ved=0CBEQjRxqFwoTCOD7rars9IYDFQAAAAAdAAAAABAE' alt=''> <img style='width: 100%; max-width: 600px; height: auto; border: 1px solid rgba(150&comma;150&comma;150&comma;0.3); border-radius: 8px;' src='https:\/\/cameracommons.ph\/cdn\/shop\/products\/S_24bf3d0d-ca52-4cc7-ae0b-a88d0fe17005_grande.jpg?v=1595990127' alt=''> <\/div>\n<div style='margin-bottom: 30px;'>\n<h2 style='text-align: center; font-size: 20px; margin: 0 0 15px; color: inherit; opacity: 0.8;'>Lo mejor de 2 mundos<\/h2>\n<p style='text-align: center; font-size: 15px; margin: 0 0 15px; color: inherit;'>Combinando el desempe\u00f1o y capacidad de las bater\u00edas secas con la eficiencia econ\u00f3mica de la tecnolog\u00eda del n\u00edquel hidruro-metalico recargable&comma; ENELOOP es la mejor opci\u00f3n<\/p>\n<\/p><\/div>\n<div style='margin-bottom: 30px;'>\n<h2 style='text-align: center; font-size: 20px; margin: 0 0 15px; color: inherit; opacity: 0.8;'>Recargable hasta 2100 veces<\/h2>\n<div style='display: flex; justify-content: center; margin: 15px 0;'> <img style='width: 100%; max-width: 768px; height: auto; border: 1px solid rgba(150&comma;150&comma;150&comma;0.3); border-radius: 8px;' src='https:\/\/ph-live-01.slatic.net\/v2\/resize\/products\/104670242-928b983b16f9a6b333a4cb1e57434b53.jpg_q80_.webp' alt=''> <\/div>\n<\/p><\/div>\n<div style='margin-bottom: 30px;'>\n<h2 style='text-align: center; font-size: 20px; margin: 0 0 15px; color: inherit; opacity: 0.8;'>Baja descarga durante el almacenamiento<\/h2>\n<div style='display: flex; justify-content: center; margin: 15px 0;'> <img style='width: 100%; max-width: 640px; height: auto; border: 1px solid rgba(150&comma;150&comma;150&comma;0.3); border-radius: 8px;' src='https:\/\/www.quietpc.com\/images\/products\/eneloop-11.jpg' alt=''> <\/div>\n<\/p><\/div>\n<div style='margin-bottom: 30px;'>\n<h2 style='text-align: center; font-size: 20px; margin: 0 0 15px; color: inherit; opacity: 0.8;'>Precargadas con Energ\u00eda Solar<\/h2>\n<div style='display: flex; justify-content: center; margin: 15px 0;'> <img style='width: 100%; max-width: 350px; height: auto; border: 1px solid rgba(150&comma;150&comma;150&comma;0.3); border-radius: 8px;' src='https:\/\/m.media-amazon.com\/images\/I\/81wtwzJIAFL._AC_UF350&comma;350_QL80_.jpg' alt=''> <\/div>\n<\/p><\/div>\n<div style='margin-bottom: 30px;'>\n<div style='position: relative; padding-bottom: 56.25%; height: 0; overflow: hidden; margin: 0 auto; max-width: 560px;'>   <\/div>\n<\/p><\/div>\n<\/p><\/div>\n","protected":false},"excerpt":{"rendered":"<p>Bater\u00eda Recargable AA 1.2V ENELOOP \/ Ni-HM \/ Paquete de 4 Bater\u00edas<\/p>\n","protected":false},"featured_media":42532,"comment_status":"open","ping_status":"closed","template":"","meta":[],"product_brand":[],"product_cat":[141],"product_tag":[143,142,144],"class_list":{"0":"post-42533","1":"product","2":"type-product","3":"status-publish","4":"has-post-thumbnail","6":"product_cat-baterias","7":"product_tag-baterias","8":"product_tag-energia","9":"product_tag-panasonic","11":"first","12":"outofstock","13":"sale","14":"shipping-taxable","15":"purchasable","16":"product-type-simple"},"_links":{"self":[{"href":"https:\/\/soydeaqui.ddns.net\/pachuca\/index.php\/wp-json\/wp\/v2\/product\/42533","targetHints":{"allow":["GET"]}}],"collection":[{"href":"https:\/\/soydeaqui.ddns.net\/pachuca\/index.php\/wp-json\/wp\/v2\/product"}],"about":[{"href":"https:\/\/soydeaqui.ddns.net\/pachuca\/index.php\/wp-json\/wp\/v2\/types\/product"}],"replies":[{"embeddable":true,"href":"https:\/\/soydeaqui.ddns.net\/pachuca\/index.php\/wp-json\/wp\/v2\/comments?post=42533"}],"wp:featuredmedia":[{"embeddable":true,"href":"https:\/\/soydeaqui.ddns.net\/pachuca\/index.php\/wp-json\/wp\/v2\/media\/42532"}],"wp:attachment":[{"href":"https:\/\/soydeaqui.ddns.net\/pachuca\/index.php\/wp-json\/wp\/v2\/media?parent=42533"}],"wp:term":[{"taxonomy":"product_brand","embeddable":true,"href":"https:\/\/soydeaqui.ddns.net\/pachuca\/index.php\/wp-json\/wp\/v2\/product_brand?post=42533"},{"taxonomy":"product_cat","embeddable":true,"href":"https:\/\/soydeaqui.ddns.net\/pachuca\/index.php\/wp-json\/wp\/v2\/product_cat?post=42533"},{"taxonomy":"product_tag","embeddable":true,"href":"https:\/\/soydeaqui.ddns.net\/pachuca\/index.php\/wp-json\/wp\/v2\/product_tag?post=42533"}],"curies":[{"name":"wp","href":"https:\/\/api.w.org\/{rel}","templated":true}]}}