{"id":42454,"date":"2026-03-18T18:42:31","date_gmt":"2026-03-18T18:42:31","guid":{"rendered":"https:\/\/soydeaqui.ddns.net\/pachuca\/index.php\/producto\/kit-de-tierra-fisica-con-electrodo-magnetoactivo-de-45-amp-y-supresor-de-picos-soho\/"},"modified":"2026-03-18T18:42:32","modified_gmt":"2026-03-18T18:42:32","slug":"kit-de-tierra-fisica-con-electrodo-magnetoactivo-de-45-amp-y-supresor-de-picos-soho","status":"publish","type":"product","link":"https:\/\/soydeaqui.ddns.net\/pachuca\/index.php\/producto\/kit-de-tierra-fisica-con-electrodo-magnetoactivo-de-45-amp-y-supresor-de-picos-soho\/","title":{"rendered":"Kit de Tierra F\u00edsica con Electrodo Magnetoactivo de 45 AMP Y Supresor de Picos SOHO"},"content":{"rendered":"<div style='width: 100%; max-width: 1200px; margin: 0 auto; font-family: sans-serif; line-height: 1.6; color: inherit; background-color: transparent;'> <!-- Logo --> <\/p>\n<div style='width: 100%; margin: 0 auto; text-align: center; margin-bottom: 30px;'> <img style='width: 100%; max-width: 1000px; height: auto; border: 1px solid rgba(150&comma;150&comma;150&comma;0.3); border-radius: 8px;' src='https:\/\/ftp3.syscom.mx\/usuarios\/fotos\/TG45AB\/75917-logo_total_ground.png' alt='Logo Total Ground'> <\/div>\n<p> <!-- Descripci\u00f3n principal --> <\/p>\n<div style='margin-bottom: 30px;'>\n<p style='font-size: 15px; text-align: justify;'> Los electrodos de puesta a tierra marca <strong style='color: inherit;'>TOTAL GROUND<\/strong> deben ser instalados en conjunto con nuestro compuesto mejorador de tierra para asegurar una resistencia menor a 2 Ohm (en la mayor\u00eda de los casos) y una instalaci\u00f3n <strong style='color: inherit;'>libre de mantenimiento correctivo hasta por 20 a\u00f1os.<\/strong> <\/p>\n<p style='font-size: 15px; text-align: center; margin-top: 20px;'> Los electrodos magnetoactivos incluyen una br\u00fajula y nivel para asegurar una integraci\u00f3n profesional. <\/p>\n<\/p><\/div>\n<p> <!-- Secci\u00f3n de caracter\u00edsticas --> <\/p>\n<div style='margin-bottom: 40px;'>\n<h3 style='font-size: 22px; border-bottom: 2px solid currentColor; padding-bottom: 5px; margin-top: 0; color: inherit; opacity: 0.8; text-align: center;'>CARACTER\u00cdSTICAS<\/h3>\n<p> <!-- Componentes en grid --> <\/p>\n<div style='display: grid; grid-template-columns: repeat(auto-fill&comma; minmax(280px&comma; 1fr)); gap: 30px; margin-top: 30px;'> <!-- Componente 1 --> <\/p>\n<div style='border: 1px solid rgba(150&comma; 150&comma; 150&comma; 0.4); border-radius: 8px; overflow: hidden; display: flex; flex-direction: column;'>\n<div style='background-color: rgba(238&comma;238&comma;238&comma;0.8); padding: 15px;'> <img style='width: 100%; height: auto; border: 1px solid rgba(150&comma;150&comma;150&comma;0.3); border-radius: 8px;' src='https:\/\/ftp3.syscom.mx\/usuarios\/fotos\/TG45AB\/75917-electrodo_45ab.png' alt='Electrodo TG-45AB'> <\/div>\n<div style='padding: 15px; border-top: 5px solid #DF001D;'>\n<h4 style='color: gray; margin-top: 0;'>Electrodo<\/h4>\n<p style='font-size: 14px; text-align: justify; color: inherit;'> Electrodo de puesta a tierra marca TOTAL GROUND modelo TG-45AB. Elaborado de cobre electrol\u00edtico altamente conductivo&comma; tratado especialmente para retardar los efectos de la corrosi\u00f3n. <\/p>\n<\/p><\/div>\n<\/p><\/div>\n<p> <!-- Componente 2 --> <\/p>\n<div style='border: 1px solid rgba(150&comma; 150&comma; 150&comma; 0.4); border-radius: 8px; overflow: hidden; display: flex; flex-direction: column;'>\n<div style='background-color: rgba(238&comma;238&comma;238&comma;0.8); padding: 15px;'> <img style='width: 100%; height: auto; border: 1px solid rgba(150&comma;150&comma;150&comma;0.3); border-radius: 8px;' src='https:\/\/ftp3.syscom.mx\/usuarios\/fotos\/TG45AB\/75917-h20hm.png' alt='Compuesto H2OHM'> <\/div>\n<div style='padding: 15px; border-top: 5px solid #DF001D;'>\n<h4 style='color: gray; margin-top: 0;'>Compuesto H2OHM<\/h4>\n<p style='font-size: 14px; text-align: justify; color: inherit;'> H2Ohm base org\u00e1nica&comma; elaborado con material higrosc\u00f3pico coagulante de humedad que cuenta con certificado de pruebas de LAPEM y certificado de laboratorio acreditado ante EMA&comma; con valores dentro de la norma CRETIB de no toxicidad ni da\u00f1o al medio ambiente <\/p>\n<\/p><\/div>\n<\/p><\/div>\n<p> <!-- Componente 3 --> <\/p>\n<div style='border: 1px solid rgba(150&comma; 150&comma; 150&comma; 0.4); border-radius: 8px; overflow: hidden; display: flex; flex-direction: column;'>\n<div style='background-color: rgba(238&comma;238&comma;238&comma;0.8); padding: 15px;'> <img style='width: 100%; height: auto; border: 1px solid rgba(150&comma;150&comma;150&comma;0.3); border-radius: 8px;' src='https:\/\/ftp3.syscom.mx\/usuarios\/fotos\/TG45AB\/75917-acoplador_45ab_(2).png' alt='Acoplador de Impedancia'> <\/div>\n<div style='padding: 15px; border-top: 5px solid #DF001D;'>\n<h4 style='color: gray; margin-top: 0;'>Acoplador de Impedancias<\/h4>\n<p style='font-size: 14px; text-align: justify; color: inherit;'> Acoplador de impedancias interconstruido en dispositivo de filtraci\u00f3n de baja frecuencia LCR montado en estructura con 3 bornes de conexi\u00f3n de 1\/2 pulgada. <\/p>\n<\/p><\/div>\n<\/p><\/div>\n<\/p><\/div>\n<\/p><\/div>\n<p> <!-- Descripci\u00f3n t\u00e9cnica --> <\/p>\n<div style='margin-bottom: 30px;'>\n<h3 style='font-size: 22px; border-bottom: 2px solid currentColor; padding-bottom: 5px; margin-top: 0; color: inherit; opacity: 0.8;'>DESCRIPCI\u00d3N T\u00c9CNICA<\/h3>\n<ul style='padding-left: 20px; font-size: 15px; color: inherit;'>\n<li style='margin-bottom: 5px;'><strong>Unidad de Medida:<\/strong> Kit<\/li>\n<li style='margin-bottom: 5px;'><strong>Descripci\u00f3n:<\/strong> Electrodo Magnetoactivo<\/li>\n<li style='margin-bottom: 5px;'><strong>Capacidad:<\/strong> 45 Amperes<\/li>\n<\/ul><\/div>\n<p> <!-- Aplicaciones recomendadas --> <\/p>\n<div style='margin-bottom: 30px;'>\n<h3 style='font-size: 22px; border-bottom: 2px solid currentColor; padding-bottom: 5px; margin-top: 0; color: inherit; opacity: 0.8;'>APLICACIONES RECOMENDADAS<\/h3>\n<p style='font-size: 15px; color: inherit;'>El electrodo <strong style='color: inherit;'>TG-45AB<\/strong> se utiliza para la puesta a tierra de:<\/p>\n<ul style='padding-left: 20px; font-size: 15px; color: inherit;'>\n<li style='margin-bottom: 5px;'>SITES de c\u00f3mputo. <span style='color: #e74c3c;'>Consultar Gu\u00eda de Selecci\u00f3n<\/span><\/li>\n<li style='margin-bottom: 5px;'>Transformadores. <span style='color: #e74c3c;'>Consultar Gu\u00eda de Selecci\u00f3n<\/span><\/li>\n<li style='margin-bottom: 5px;'>Racks de telecomunicaciones<\/li>\n<li style='margin-bottom: 5px;'>Sistemas satelitales<\/li>\n<li style='margin-bottom: 5px;'>Sistemas de radio frecuencia<\/li>\n<li style='margin-bottom: 5px;'>Sistemas de control industrial<\/li>\n<\/ul><\/div>\n<p> <!-- Componentes incluidos --> <\/p>\n<div style='margin-bottom: 30px;'>\n<h3 style='font-size: 22px; border-bottom: 2px solid currentColor; padding-bottom: 5px; margin-top: 0; color: inherit; opacity: 0.8;'>COMPONENTES INCLUIDOS<\/h3>\n<p> <!-- Tabla de componentes --> <\/p>\n<div style='overflow-x: auto; margin-top: 20px;'>\n<table style='width: 100%; border-collapse: collapse; color: inherit;'>\n<thead>\n<tr>\n<th style='padding: 12px; text-align: center; border-bottom: 1px solid rgba(150&comma;150&comma;150&comma;0.3); font-weight: bold; min-width: 80px;'>Cantidad<\/th>\n<th style='padding: 12px; text-align: center; border-bottom: 1px solid rgba(150&comma;150&comma;150&comma;0.3); font-weight: bold; min-width: 120px;'>Modelo<\/th>\n<th style='padding: 12px; text-align: left; border-bottom: 1px solid rgba(150&comma;150&comma;150&comma;0.3); font-weight: bold;'>Descripci\u00f3n<\/th>\n<\/tr>\n<\/thead>\n<tbody>\n<tr>\n<td style='padding: 10px; text-align: center; border-bottom: 1px solid rgba(150&comma;150&comma;150&comma;0.2);'>1<\/td>\n<td style='padding: 10px; text-align: center; border-bottom: 1px solid rgba(150&comma;150&comma;150&comma;0.2);'><a style='color: #2880b9; text-decoration: none;' href='https:\/\/www.syscom.mx\/producto\/ANTIOX-TOTAL-GROUND-75931.html' target='_blank' rel='noopener'>TG45AB<\/a><\/td>\n<td style='padding: 10px; border-bottom: 1px solid rgba(150&comma;150&comma;150&comma;0.2);'>Electrodo con capacidad de hasta 45 Amp<\/td>\n<\/tr>\n<tr>\n<td style='padding: 10px; text-align: center; border-bottom: 1px solid rgba(150&comma;150&comma;150&comma;0.2);'>1<\/td>\n<td style='padding: 10px; text-align: center; border-bottom: 1px solid rgba(150&comma;150&comma;150&comma;0.2);'><a style='color: #2880b9; text-decoration: none;' href='https:\/\/www.syscom.mx\/producto\/ANTIOX-TOTAL-GROUND-75931.html' target='_blank' rel='noopener'>ANTIOX<\/a><\/td>\n<td style='padding: 10px; border-bottom: 1px solid rgba(150&comma;150&comma;150&comma;0.2);'>Spray protector para conectores<\/td>\n<\/tr>\n<tr>\n<td style='padding: 10px; text-align: center; border-bottom: 1px solid rgba(150&comma;150&comma;150&comma;0.2);'>1<\/td>\n<td style='padding: 10px; text-align: center; border-bottom: 1px solid rgba(150&comma;150&comma;150&comma;0.2);'><a style='color: #2880b9; text-decoration: none;' href='https:\/\/www.syscom.mx\/producto\/H2O-HM-TOTAL-GROUND-75920.html' target='_blank' rel='noopener'>H20HM<\/a><\/td>\n<td style='padding: 10px; border-bottom: 1px solid rgba(150&comma;150&comma;150&comma;0.2);'>Saco de 11 Kg de mejorador de suelo<\/td>\n<\/tr>\n<tr>\n<td style='padding: 10px; text-align: center; border-bottom: 1px solid rgba(150&comma;150&comma;150&comma;0.2);'>1<\/td>\n<td style='padding: 10px; text-align: center; border-bottom: 1px solid rgba(150&comma;150&comma;150&comma;0.2);'><a style='color: #2880b9; text-decoration: none;' href='https:\/\/www.syscom.mx\/producto\/S-610-TOTAL-GROUND-75929.html' target='_blank' rel='noopener'>S610<\/a><\/td>\n<td style='padding: 10px; border-bottom: 1px solid rgba(150&comma;150&comma;150&comma;0.2);'>Registro para electrodo<\/td>\n<\/tr>\n<tr>\n<td style='padding: 10px; text-align: center; border-bottom: 1px solid rgba(150&comma;150&comma;150&comma;0.2);'>3<\/td>\n<td style='padding: 10px; text-align: center; border-bottom: 1px solid rgba(150&comma;150&comma;150&comma;0.2);'><a style='color: #2880b9; text-decoration: none;' href='https:\/\/www.syscom.mx\/producto\/TG-CR11-TOTAL-GROUND-76026.html' target='_blank' rel='noopener'>TGCR11<\/a><\/td>\n<td style='padding: 10px; border-bottom: 1px solid rgba(150&comma;150&comma;150&comma;0.2);'>Conector de Borne a cable<\/td>\n<\/tr>\n<tr>\n<td style='padding: 10px; text-align: center; border-bottom: 1px solid rgba(150&comma;150&comma;150&comma;0.2);'>2<\/td>\n<td style='padding: 10px; text-align: center; border-bottom: 1px solid rgba(150&comma;150&comma;150&comma;0.2);'><a style='color: #2880b9; text-decoration: none;' href='https:\/\/www.syscom.mx\/producto\/TG-AB18-TOTAL-GROUND-76028.html' target='_blank' rel='noopener'>TGAB18<\/a><\/td>\n<td style='padding: 10px; border-bottom: 1px solid rgba(150&comma;150&comma;150&comma;0.2);'>Conector de Varilla a cable<\/td>\n<\/tr>\n<tr>\n<td style='padding: 10px; text-align: center; border-bottom: 1px solid rgba(150&comma;150&comma;150&comma;0.2);'>1<\/td>\n<td style='padding: 10px; text-align: center; border-bottom: 1px solid rgba(150&comma;150&comma;150&comma;0.2);'><a style='color: #2880b9; text-decoration: none;' href='https:\/\/www.syscom.mx\/producto\/TG-BUS-G10-TOTAL-GROUND-75914.html' target='_blank' rel='noopener'>TGBUSG10<\/a><\/td>\n<td style='padding: 10px; border-bottom: 1px solid rgba(150&comma;150&comma;150&comma;0.2);'>Barra de uni\u00f3n de 7-7\/8&#8242; x 2&#8242; x 1\/4&#8242; con aisladores de 1000A de capacidad<\/td>\n<\/tr>\n<tr>\n<td style='padding: 10px; text-align: center; border-bottom: 1px solid rgba(150&comma;150&comma;150&comma;0.2);'>1<\/td>\n<td style='padding: 10px; text-align: center; border-bottom: 1px solid rgba(150&comma;150&comma;150&comma;0.2);'><a style='color: #2880b9; text-decoration: none;' href='https:\/\/www.syscom.mx\/producto\/SOHO1F-TOTAL-GROUND-142409.html' target='_blank' rel='noopener'>SOHO1F<\/a><\/td>\n<td style='padding: 10px;'>Supresor clase B de baja potencia apropiado para peque\u00f1as oficinas&comma; residencias y departamentos<\/td>\n<\/tr>\n<\/tbody>\n<\/table><\/div>\n<\/p><\/div>\n<p> <!-- Accesorios complementarios --> <\/p>\n<div style='margin-bottom: 30px;'>\n<h3 style='font-size: 22px; border-bottom: 2px solid currentColor; padding-bottom: 5px; margin-top: 0; color: inherit; opacity: 0.8;'>ACCESORIOS COMPLEMENTARIOS (NO INCLUIDOS)<\/h3>\n<p> <!-- Tabla de accesorios --> <\/p>\n<div style='overflow-x: auto; margin-top: 20px;'>\n<table style='width: 100%; border-collapse: collapse; color: inherit;'>\n<thead>\n<tr>\n<th style='padding: 12px; text-align: center; border-bottom: 1px solid rgba(150&comma;150&comma;150&comma;0.3); font-weight: bold; min-width: 80px;'>Cantidad<\/th>\n<th style='padding: 12px; text-align: center; border-bottom: 1px solid rgba(150&comma;150&comma;150&comma;0.3); font-weight: bold; min-width: 120px;'>Modelo<\/th>\n<th style='padding: 12px; text-align: left; border-bottom: 1px solid rgba(150&comma;150&comma;150&comma;0.3); font-weight: bold;'>Descripci\u00f3n<\/th>\n<\/tr>\n<\/thead>\n<tbody>\n<tr>\n<td style='padding: 10px; text-align: center; border-bottom: 1px solid rgba(150&comma;150&comma;150&comma;0.2);'>1<\/td>\n<td style='padding: 10px; text-align: center; border-bottom: 1px solid rgba(150&comma;150&comma;150&comma;0.2);'><a style='color: #2880b9; text-decoration: none;' href='https:\/\/www.syscom.mx\/producto\/SLY-287-GRN-INDIANA-176933.html' target='_blank' rel='noopener'>SLY287GRN<\/a><\/td>\n<td style='padding: 10px; border-bottom: 1px solid rgba(150&comma;150&comma;150&comma;0.2);'>Cable de cobre recubierto THW-SL Calibre 4 AWG<\/td>\n<\/tr>\n<tr>\n<td style='padding: 10px; text-align: center;'>1<\/td>\n<td style='padding: 10px; text-align: center;'><a style='color: #2880b9; text-decoration: none;' href='https:\/\/www.syscom.mx\/producto\/TG-BUE-10-TOTAL-GROUND-75914.html' target='_blank' rel='noopener'>TGBUE10<\/a><\/td>\n<td style='padding: 10px;'>Barra de uni\u00f3n y distribuci\u00f3n de hilos<\/td>\n<\/tr>\n<\/tbody>\n<\/table><\/div>\n<\/p><\/div>\n<p> <!-- Video principal --> <\/p>\n<div style='margin-bottom: 30px;'>\n<h3 style='font-size: 22px; border-bottom: 2px solid currentColor; padding-bottom: 5px; margin-top: 0; color: inherit; opacity: 0.8;'>CURSO B\u00c1SICO PARA SELECCI\u00d3N E IMPLEMENTACI\u00d3N DE SISTEMAS DE PROTECCI\u00d3N<\/h3>\n<div style='position: relative; padding-bottom: 56.25%; height: 0; overflow: hidden; margin-top: 20px;'>   <\/div>\n<\/p><\/div>\n<p> <!-- Webinars --> <\/p>\n<div style='margin-bottom: 30px;'>\n<h3 style='font-size: 22px; border-bottom: 2px solid currentColor; padding-bottom: 5px; margin-top: 0; color: inherit; opacity: 0.8;'>WEBINARS DE SISTEMAS DE PUESTA A TIERRA Y PARARRAYOS<\/h3>\n<div style='display: grid; grid-template-columns: repeat(auto-fill&comma; minmax(300px&comma; 1fr)); gap: 20px; margin-top: 20px;'> <!-- Webinar 1 --> <\/p>\n<div style='border: 1px solid rgba(150&comma;150&comma;150&comma;0.3); border-radius: 8px; overflow: hidden; display: flex; flex-direction: column;'>\n<div style='position: relative; padding-bottom: 56.25%; height: 0; overflow: hidden;'>   <\/div>\n<div style='padding: 15px; border-top: 1px solid rgba(150&comma;150&comma;150&comma;0.3);'>\n<p style='margin: 0; font-size: 14px; color: inherit;'><strong>WEBINAR1:<\/strong> <strong style='color: inherit;'>B\u00c1SICO DE TIERRAS F\u00cdSICAS Y PARARRAYOS (INICIA EN EL MIN.14)<\/strong><\/p>\n<\/p><\/div>\n<\/p><\/div>\n<p> <!-- Webinar 2 --> <\/p>\n<div style='border: 1px solid rgba(150&comma;150&comma;150&comma;0.3); border-radius: 8px; overflow: hidden; display: flex; flex-direction: column;'>\n<div style='position: relative; padding-bottom: 56.25%; height: 0; overflow: hidden;'>   <\/div>\n<div style='padding: 15px; border-top: 1px solid rgba(150&comma;150&comma;150&comma;0.3);'>\n<p style='margin: 0; font-size: 14px; color: inherit;'><strong>WEBINAR2:<\/strong> INSTALACI\u00d3N DE TIERRAS F\u00cdSICAS Y PARARRAYOS<\/p>\n<\/p><\/div>\n<\/p><\/div>\n<p> <!-- Webinar 3 --> <\/p>\n<div style='border: 1px solid rgba(150&comma;150&comma;150&comma;0.3); border-radius: 8px; overflow: hidden; display: flex; flex-direction: column;'>\n<div style='position: relative; padding-bottom: 56.25%; height: 0; overflow: hidden;'>   <\/div>\n<div style='padding: 15px; border-top: 1px solid rgba(150&comma;150&comma;150&comma;0.3);'>\n<p style='margin: 0; font-size: 14px; color: inherit;'><strong>WEBINAR2:<\/strong> INSTALACI\u00d3N DE TIERRAS F\u00cdSICAS Y PARARRAYOS<\/p>\n<\/p><\/div>\n<\/p><\/div>\n<p> <!-- Webinar 4 --> <\/p>\n<div style='border: 1px solid rgba(150&comma;150&comma;150&comma;0.3); border-radius: 8px; overflow: hidden; display: flex; flex-direction: column;'>\n<div style='position: relative; padding-bottom: 56.25%; height: 0; overflow: hidden;'>   <\/div>\n<div style='padding: 15px; border-top: 1px solid rgba(150&comma;150&comma;150&comma;0.3);'>\n<p style='margin: 0; font-size: 14px; color: inherit;'><strong>WEBINAR3:<\/strong> SISTEMAS DE PARARRAYO TOTAL GROUND<\/p>\n<\/p><\/div>\n<\/p><\/div>\n<\/p><\/div>\n<\/p><\/div>\n<\/p><\/div>\n","protected":false},"excerpt":{"rendered":"<p>Kit de Tierra F\u00edsica con Electrodo Magnetoactivo de 45 AMP Y Supresor de Picos SOHO<\/p>\n","protected":false},"featured_media":42453,"comment_status":"open","ping_status":"closed","template":"","meta":[],"product_brand":[],"product_cat":[1131],"product_tag":[1088,1132,635],"class_list":{"0":"post-42454","1":"product","2":"type-product","3":"status-publish","4":"has-post-thumbnail","6":"product_cat-tierras-fisicas","7":"product_tag-calidad-de-la-energia","8":"product_tag-tierras-fisicas","9":"product_tag-total-ground","11":"first","12":"instock","13":"sale","14":"shipping-taxable","15":"purchasable","16":"product-type-simple"},"_links":{"self":[{"href":"https:\/\/soydeaqui.ddns.net\/pachuca\/index.php\/wp-json\/wp\/v2\/product\/42454","targetHints":{"allow":["GET"]}}],"collection":[{"href":"https:\/\/soydeaqui.ddns.net\/pachuca\/index.php\/wp-json\/wp\/v2\/product"}],"about":[{"href":"https:\/\/soydeaqui.ddns.net\/pachuca\/index.php\/wp-json\/wp\/v2\/types\/product"}],"replies":[{"embeddable":true,"href":"https:\/\/soydeaqui.ddns.net\/pachuca\/index.php\/wp-json\/wp\/v2\/comments?post=42454"}],"wp:featuredmedia":[{"embeddable":true,"href":"https:\/\/soydeaqui.ddns.net\/pachuca\/index.php\/wp-json\/wp\/v2\/media\/42453"}],"wp:attachment":[{"href":"https:\/\/soydeaqui.ddns.net\/pachuca\/index.php\/wp-json\/wp\/v2\/media?parent=42454"}],"wp:term":[{"taxonomy":"product_brand","embeddable":true,"href":"https:\/\/soydeaqui.ddns.net\/pachuca\/index.php\/wp-json\/wp\/v2\/product_brand?post=42454"},{"taxonomy":"product_cat","embeddable":true,"href":"https:\/\/soydeaqui.ddns.net\/pachuca\/index.php\/wp-json\/wp\/v2\/product_cat?post=42454"},{"taxonomy":"product_tag","embeddable":true,"href":"https:\/\/soydeaqui.ddns.net\/pachuca\/index.php\/wp-json\/wp\/v2\/product_tag?post=42454"}],"curies":[{"name":"wp","href":"https:\/\/api.w.org\/{rel}","templated":true}]}}