{"id":42448,"date":"2026-03-18T18:42:19","date_gmt":"2026-03-18T18:42:19","guid":{"rendered":"https:\/\/soydeaqui.ddns.net\/pachuca\/index.php\/producto\/guantes-de-alta-resistencia-talla-grande-aptos-para-pantallas-tactiles\/"},"modified":"2026-03-18T18:42:27","modified_gmt":"2026-03-18T18:42:27","slug":"guantes-de-alta-resistencia-talla-grande-aptos-para-pantallas-tactiles","status":"publish","type":"product","link":"https:\/\/soydeaqui.ddns.net\/pachuca\/index.php\/producto\/guantes-de-alta-resistencia-talla-grande-aptos-para-pantallas-tactiles\/","title":{"rendered":"Guantes de Alta Resistencia, Talla Grande. Aptos para Pantallas T\u00e1ctiles"},"content":{"rendered":"<div style='width: 100%; max-width: 1200px; margin: 0 auto; font-family: sans-serif; line-height: 1.6; color: inherit; background-color: transparent;'>\n<div style='width: 100%; max-width: 1200px; margin: 0 auto;'>\n<h3 style='font-size: 24px; border-bottom: 2px solid currentColor; padding-bottom: 5px; margin-top: 0; color: inherit; opacity: 0.8;'>Caracter\u00edsticas<\/h3>\n<ul style='padding-left: 20px; font-size: 15px; color: inherit; list-style-type: disc;'>\n<li style='margin-bottom: 5px;'>Guantes con tejido en la punta de los dedos&comma; apto para pantallas t\u00e1ctiles&comma; que lo mantiene protegido y conectado<\/li>\n<li style='margin-bottom: 5px;'>Palma de gamuza suave para ofrecer durabilidad<\/li>\n<li style='margin-bottom: 5px;'>TPR en el dorso de la mano&comma; acolchado D3O\u00ae en las palmas y parches resistentes a la abrasi\u00f3n en las palmas para mayor protecci\u00f3n<\/li>\n<li style='margin-bottom: 5px;'>Correa para mu\u00f1eca de presilla y gancho&comma; y leng\u00fceta resistente en TPR para colocar y quitar f\u00e1cilmente<\/li>\n<li style='margin-bottom: 5px;'>Dorso de la mano en tela Spandex<\/li>\n<li style='margin-bottom: 5px;'>C\u00f3modos guantes de trabajo de trama abierta dise\u00f1ados para las tareas de todos los d\u00edas<\/li>\n<li style='margin-bottom: 5px;'>Lavables a m\u00e1quina<\/li>\n<\/ul><\/div>\n<div style='position: relative; padding-bottom: 56.25%; height: 0; overflow: hidden; margin-bottom: 30px; margin-top: 30px;'>   <\/div>\n<div style='width: 100%; max-width: 1200px; margin: 0 auto; margin-top: 30px;'> <img style='width: 100%; height: auto; border: 1px solid rgba(150&comma;150&comma;150&comma;0.3); border-radius: 8px;' src='https:\/\/ftp3.syscom.mx\/usuarios\/fotos\/60600\/228693-60600_app3.jpg' alt=''> <\/div>\n<\/p><\/div>\n","protected":false},"excerpt":{"rendered":"<p>Guantes de Alta Resistencia, Talla Grande. Aptos para Pantallas T\u00e1ctiles<\/p>\n","protected":false},"featured_media":42447,"comment_status":"open","ping_status":"closed","template":"","meta":[],"product_brand":[],"product_cat":[1133],"product_tag":[1058,432,1134],"class_list":{"0":"post-42448","1":"product","2":"type-product","3":"status-publish","4":"has-post-thumbnail","6":"product_cat-seguridad-personal","7":"product_tag-ferreteria","8":"product_tag-klein-tools","9":"product_tag-seguridad-personal","11":"first","12":"instock","13":"sale","14":"shipping-taxable","15":"purchasable","16":"product-type-simple"},"_links":{"self":[{"href":"https:\/\/soydeaqui.ddns.net\/pachuca\/index.php\/wp-json\/wp\/v2\/product\/42448","targetHints":{"allow":["GET"]}}],"collection":[{"href":"https:\/\/soydeaqui.ddns.net\/pachuca\/index.php\/wp-json\/wp\/v2\/product"}],"about":[{"href":"https:\/\/soydeaqui.ddns.net\/pachuca\/index.php\/wp-json\/wp\/v2\/types\/product"}],"replies":[{"embeddable":true,"href":"https:\/\/soydeaqui.ddns.net\/pachuca\/index.php\/wp-json\/wp\/v2\/comments?post=42448"}],"wp:featuredmedia":[{"embeddable":true,"href":"https:\/\/soydeaqui.ddns.net\/pachuca\/index.php\/wp-json\/wp\/v2\/media\/42447"}],"wp:attachment":[{"href":"https:\/\/soydeaqui.ddns.net\/pachuca\/index.php\/wp-json\/wp\/v2\/media?parent=42448"}],"wp:term":[{"taxonomy":"product_brand","embeddable":true,"href":"https:\/\/soydeaqui.ddns.net\/pachuca\/index.php\/wp-json\/wp\/v2\/product_brand?post=42448"},{"taxonomy":"product_cat","embeddable":true,"href":"https:\/\/soydeaqui.ddns.net\/pachuca\/index.php\/wp-json\/wp\/v2\/product_cat?post=42448"},{"taxonomy":"product_tag","embeddable":true,"href":"https:\/\/soydeaqui.ddns.net\/pachuca\/index.php\/wp-json\/wp\/v2\/product_tag?post=42448"}],"curies":[{"name":"wp","href":"https:\/\/api.w.org\/{rel}","templated":true}]}}