{"id":42441,"date":"2026-03-18T18:42:08","date_gmt":"2026-03-18T18:42:08","guid":{"rendered":"https:\/\/soydeaqui.ddns.net\/pachuca\/index.php\/producto\/estacion-de-energia-delta-pro-ultra-7-2kw-para-respaldo-residencial-incluye-bateria-de-litio-lfp-6kwh-sincronizacion-para-mayor-potencia-carga-solar-hasta-4000w-capacidad-de-trabajo-online-0ms\/"},"modified":"2026-03-18T18:42:17","modified_gmt":"2026-03-18T18:42:17","slug":"estacion-de-energia-delta-pro-ultra-7-2kw-para-respaldo-residencial-incluye-bateria-de-litio-lfp-6kwh-sincronizacion-para-mayor-potencia-carga-solar-hasta-4000w-capacidad-de-trabajo-online-0ms","status":"publish","type":"product","link":"https:\/\/soydeaqui.ddns.net\/pachuca\/index.php\/producto\/estacion-de-energia-delta-pro-ultra-7-2kw-para-respaldo-residencial-incluye-bateria-de-litio-lfp-6kwh-sincronizacion-para-mayor-potencia-carga-solar-hasta-4000w-capacidad-de-trabajo-online-0ms\/","title":{"rendered":"Estaci\u00f3n de Energ\u00eda Delta Pro Ultra 7.2kW para Respaldo Residencial, Incluye Bater\u00eda de Litio LFP 6kWh, Sincronizaci\u00f3n para Mayor Potencia, Carga Solar Hasta 4000W, Capacidad de Trabajo Online (0ms)"},"content":{"rendered":"<div style=\"width: 100%; max-width: 1200px; margin: 0 auto; font-family: sans-serif; line-height: 1.6; color: inherit; background-color: transparent;\">\n<div style=\"display: flex; flex-direction: column; gap: 20px;\">\n<div style=\"width: 100%;\">\n<p style=\"margin: 0; font-size: 14px; text-align: left;\"><span style=\"color: #3598db; font-weight: bold;\">EcoFlow DELTA Pro Ultra<\/span> es un sistema de respaldo de energ&iacute;a residencial dise&ntilde;ado tanto para cortes prolongados como para uso diario. Con una capacidad incomparable de 6 kWh&comma; una salida de 7200 W y una entrada solar de 5.6 kW&comma; una sola unidad puede alimentar toda tu casa. Con EcoFlow Smart Home Panel 2&comma; obt&eacute;n una experiencia de respaldo de energ&iacute;a ininterrumpida con cambio autom&aacute;tico&comma; monitoreo del consumo de energ&iacute;a y facturas de electricidad m&aacute;s bajas.<\/p>\n<\/p><\/div>\n<div style=\"width: 100%;\">\n<p style=\"margin: 0; font-size: 14px; text-align: left;\">Con su dise&ntilde;o apilable&comma; expande el almacenamiento y la salida de <span style=\"color: #3598db; font-weight: bold;\">EcoFlow DELTA Pro Ultra<\/span> en solo minutos. Compatible con varias fuentes de energ&iacute;a&comma; desde solar hasta generadores de gasolina&comma; para satisfacer tus cambiantes necesidades energ&eacute;ticas.<\/p>\n<\/p><\/div>\n<div style=\"width: 100%;\">\n<div style=\"position: relative; padding-bottom: 56.25%; height: 0; overflow: hidden; margin-bottom: 30px;\"> <\/div>\n<\/p><\/div>\n<div style=\"width: 100%;\">\n<p style=\"margin: 0; font-size: 14px; text-align: center;\"><strong>NOTA:<\/strong> Considerar modelo <a style=\"color: #2880b9; text-decoration: none; font-weight: 600; background-color: #ffffff;\" href=\"https:\/\/www.syscom.mx\/producto\/EFPD303-ECOFLOW-228317.html\"><span style=\"color: #3598db;\">EFPD303<\/span><\/a> para conexi&oacute;n hacia tablero de distribuci&oacute;n&comma; monitoreo y configuraci&oacute;n remota del sistema y para conectar en paralelo a otro inversor <a style=\"color: #3598db; text-decoration: none; font-weight: 600; background-color: #ffffff;\" href=\"https:\/\/www.syscom.mx\/producto\/EFYJ751PCSUS-ECOFLOW-228316.html\"><span style=\"color: #3598db;\">EFYJ751PCSUS<\/span><\/a><\/p>\n<\/p><\/div>\n<hr style=\"border: 0; border-top: 1px solid rgba(150&comma; 150&comma; 150&comma; 0.3); margin: 30px 0;\" \/>\n<h1 style=\"text-align: center; font-size: 24px; color: #3598db; margin: 0 0 30px 0;\">Especificaciones<\/h1>\n<div style=\"display: flex; flex-wrap: wrap; gap: 20px;\">\n<div style=\"flex: 1 1 300px; min-width: 280px;\">\n<div style=\"border: 1px solid rgba(150&comma; 150&comma; 150&comma; 0.4); border-radius: 8px; overflow: hidden; display: flex; flex-direction: column;\">\n<div style=\"padding: 15px; border-bottom: 1px solid rgba(150&comma; 150&comma; 150&comma; 0.2); font-weight: bold; font-size: 18px; color: inherit;\">Caracter&iacute;sticas Generales<\/div>\n<div style=\"padding: 15px; color: inherit;\">\n<ul style=\"padding-left: 20px; margin: 0; font-size: 14px; list-style-type: disc;\">\n<li style=\"margin-bottom: 5px;\"><strong>Capacidad:<\/strong> 6000 Wh<\/li>\n<li style=\"margin-bottom: 5px;\"><strong>Altitud M&aacute;x. de Operaci&oacute;n:<\/strong> 3000m<\/li>\n<li style=\"margin-bottom: 5px;\"><strong>Dimensiones:<\/strong> Inversor: 690 x 481 x 214 mm \/ Bater&iacute;a: 660 x 455 x 204 mm<\/li>\n<li style=\"margin-bottom: 5px;\"><strong>Peso Neto:<\/strong> Inversor: 31.7 kg \/ Bater&iacute;a: 52.79 kg<\/li>\n<li style=\"margin-bottom: 5px;\"><strong>Protecci&oacute;n:<\/strong> Contra Rayos y Sobretensiones.<\/li>\n<li style=\"margin-bottom: 5px;\"><strong>MPPT:<\/strong> 80-450v&comma; 15A&comma; 4000W m&aacute;x \/ 30-150v&comma; 15A&comma; 1600W m&aacute;x<\/li>\n<\/ul><\/div>\n<\/p><\/div>\n<\/p><\/div>\n<div style=\"flex: 1 1 300px; min-width: 280px;\">\n<div style=\"border: 1px solid rgba(150&comma; 150&comma; 150&comma; 0.4); border-radius: 8px; overflow: hidden; display: flex; flex-direction: column;\">\n<div style=\"padding: 15px; border-bottom: 1px solid rgba(150&comma; 150&comma; 150&comma; 0.2); font-weight: bold; font-size: 18px; color: inherit;\">Puertos de Salida<\/div>\n<div style=\"padding: 15px; color: inherit;\">\n<ul style=\"padding-left: 20px; margin: 0; font-size: 14px; list-style-type: disc;\">\n<li style=\"margin-bottom: 5px;\"><strong>Salidas de CA:<\/strong> 6 Tomacorrientes&comma; 120 V\/240V&comma; total 7200W \/ 10800W Pico<\/li>\n<li style=\"margin-bottom: 5px;\"><strong>Salidas de CC:<\/strong> 2 USB tipo A&comma; 2 USB tipo B<\/li>\n<\/ul><\/div>\n<\/p><\/div>\n<div style=\"margin-top: 20px; border: 1px solid rgba(150&comma; 150&comma; 150&comma; 0.4); border-radius: 8px; overflow: hidden; display: flex; flex-direction: column;\">\n<div style=\"padding: 15px; border-bottom: 1px solid rgba(150&comma; 150&comma; 150&comma; 0.2); font-weight: bold; font-size: 18px; color: inherit;\">Puertos de Entrada<\/div>\n<div style=\"padding: 15px; color: inherit;\">\n<ul style=\"padding-left: 20px; margin: 0; font-size: 14px; list-style-type: disc;\">\n<li style=\"margin-bottom: 5px;\"><strong>Entrada de Carga e CA:<\/strong> 120V \/ 240V&comma; 15A\/12.5A <strong>M&aacute;x.<\/strong> 1800W \/ <strong>M&aacute;x.<\/strong> 3000 W<\/li>\n<li style=\"margin-bottom: 5px;\"><strong>Puerto de Entrada\/Puerto de Salida:<\/strong> 120V \/ 240V&comma; 30A&comma; <strong>M&aacute;x.<\/strong> 3600W \/ <strong>M&aacute;x<\/strong> 7200W<\/li>\n<\/ul><\/div>\n<\/p><\/div>\n<\/p><\/div>\n<\/p><\/div>\n<div style=\"width: 100%;\"><img decoding=\"async\" style=\"width: 100%; height: auto; border: 1px solid rgba(150&comma;150&comma;150&comma;0.3); border-radius: 8px;\" src=\"https:\/\/ftp3.syscom.mx\/usuarios\/fotos\/EFDPUBP\/228694-0ms_de_transferencia.jpg\" alt=\"\" \/><\/div>\n<hr style=\"border: 0; border-top: 1px solid rgba(150&comma; 150&comma; 150&comma; 0.3); margin: 30px 0;\" \/>\n<h2 style=\"text-align: center; font-size: 18px; color: #3598db; margin: 0 0 20px 0;\">MEN&Uacute; EXPANDIBLE<\/h2>\n<div style=\"display: flex; flex-direction: column; gap: 20px;\">\n<div style=\"width: 100%;\">\n<h3 style=\"font-size: 16px; border: 1px solid rgba(150&comma; 150&comma; 150&comma; 0.4); border-radius: 8px; padding: 10px 15px; margin: 0; font-weight: bold; cursor: pointer; background-color: rgba(53&comma; 152&comma; 219&comma; 0.1); color: #3598db;\">MONITOREO<\/h3>\n<div style=\"overflow: hidden; transition: max-height 0.3s ease-out; max-height: 0;\">\n<div style=\"padding: 15px;\">\n<div style=\"display: flex; flex-wrap: wrap; gap: 20px;\">\n<div style=\"flex: 1 1 300px; min-width: 280px;\"><img decoding=\"async\" style=\"width: 100%; height: auto; border: 1px solid rgba(150&comma;150&comma;150&comma;0.3); border-radius: 8px;\" src=\"https:\/\/ftp3.syscom.mx\/usuarios\/fotos\/EFDPUBP\/228694-monitoreo.jpg\" alt=\"\" \/><\/div>\n<div style=\"flex: 1 1 300px; min-width: 280px;\">\n<p style=\"font-size: 18px; font-weight: bold; text-align: center; margin: 0 0 10px 0;\">Gesti&oacute;n energ&eacute;tica al alcance de tus dedos.<\/p>\n<p style=\"font-size: 14px; text-align: center; margin: 0 0 10px 0;\">Mant&eacute;n un ojo atento en el uso de tu bater&iacute;a con informaci&oacute;n energ&eacute;tica en tiempo real&comma; accesible desde cualquier lugar y en cualquier momento. M&aacute;s all&aacute; de solo monitorear&comma; tienes el poder de controlar tus electrodom&eacute;sticos de forma remota&comma; incluso a distancia.<\/p>\n<p style=\"font-size: 14px; text-align: center; margin: 0;\">&iquest;Quieres reducir esas abultadas facturas de electricidad? Adapta tu estrategia de bater&iacute;a&comma; optimizando inteligentemente la energ&iacute;a del sol&comma; la red y las bater&iacute;as para que coincida con las horas punta y las horas valle de tu red.<\/p>\n<\/p><\/div>\n<\/p><\/div>\n<\/p><\/div>\n<\/p><\/div>\n<\/p><\/div>\n<div style=\"width: 100%;\">\n<h3 style=\"font-size: 16px; border: 1px solid rgba(150&comma; 150&comma; 150&comma; 0.4); border-radius: 8px; padding: 10px 15px; margin: 0; font-weight: bold; cursor: pointer; background-color: rgba(53&comma; 152&comma; 219&comma; 0.1); color: #3598db;\">CONTENIDO<\/h3>\n<div style=\"overflow: hidden; transition: max-height 0.3s ease-out; max-height: 0;\">\n<div style=\"padding: 15px;\">\n<h2 style=\"text-align: center; font-size: 20px; margin: 0 0 15px 0;\">DELTA PRO ULTRA<\/h2>\n<p> <img decoding=\"async\" style=\"width: 100%; height: auto; border: 1px solid rgba(150&comma;150&comma;150&comma;0.3); border-radius: 8px;\" src=\"https:\/\/ftp3.syscom.mx\/usuarios\/fotos\/EFDPUBP\/228694-contenido.jpg\" alt=\"\" \/> <img decoding=\"async\" style=\"width: 100%; height: auto; border: 1px solid rgba(150&comma;150&comma;150&comma;0.3); border-radius: 8px; margin-top: 15px;\" src=\"https:\/\/ftp3.syscom.mx\/usuarios\/fotos\/EFDPUBP\/228694-contenido_2.jpg\" alt=\"\" \/><\/div>\n<\/p><\/div>\n<\/p><\/div>\n<\/p><\/div>\n<hr style=\"border: 0; border-top: 1px solid rgba(150&comma; 150&comma; 150&comma; 0.3); margin: 30px 0;\" \/>\n<h2 style=\"text-align: center; font-size: 18px; color: #3598db; margin: 0 0 20px 0;\">CARACTER&Iacute;STICAS DESTACADAS<\/h2>\n<div style=\"width: 100%;\"><img decoding=\"async\" style=\"width: 100%; height: auto; border: 1px solid rgba(150&comma;150&comma;150&comma;0.3); border-radius: 8px;\" src=\"https:\/\/ftp3.syscom.mx\/usuarios\/fotos\/EFDPUBP\/228694-caracteristicas_destacadas.jpg\" alt=\"\" \/><\/div>\n<div style=\"width: 100%; margin-top: 30px;\">\n<div style=\"position: relative; padding-bottom: 56.25%; height: 0; overflow: hidden;\"> <\/div>\n<\/p><\/div>\n<\/p><\/div>\n<\/p><\/div>\n","protected":false},"excerpt":{"rendered":"<p>Estaci\u00f3n de Energ\u00eda Delta Pro Ultra 7.2kW para Respaldo Residencial, Incluye Bater\u00eda de Litio LFP 6kWh, Sincronizaci\u00f3n para Mayor Potencia, Carga Solar Hasta 4000W, Capacidad de Trabajo Online (0ms)<\/p>\n","protected":false},"featured_media":42440,"comment_status":"open","ping_status":"closed","template":"","meta":[],"product_brand":[],"product_cat":[1114],"product_tag":[1116,1115,1101],"class_list":{"0":"post-42441","1":"product","2":"type-product","3":"status-publish","4":"has-post-thumbnail","6":"product_cat-estaciones-de-energia-portables","7":"product_tag-ecoflow","8":"product_tag-estaciones-de-energia-portables","9":"product_tag-respaldo-de-energia","11":"first","12":"instock","13":"sale","14":"shipping-taxable","15":"purchasable","16":"product-type-simple"},"_links":{"self":[{"href":"https:\/\/soydeaqui.ddns.net\/pachuca\/index.php\/wp-json\/wp\/v2\/product\/42441","targetHints":{"allow":["GET"]}}],"collection":[{"href":"https:\/\/soydeaqui.ddns.net\/pachuca\/index.php\/wp-json\/wp\/v2\/product"}],"about":[{"href":"https:\/\/soydeaqui.ddns.net\/pachuca\/index.php\/wp-json\/wp\/v2\/types\/product"}],"replies":[{"embeddable":true,"href":"https:\/\/soydeaqui.ddns.net\/pachuca\/index.php\/wp-json\/wp\/v2\/comments?post=42441"}],"wp:featuredmedia":[{"embeddable":true,"href":"https:\/\/soydeaqui.ddns.net\/pachuca\/index.php\/wp-json\/wp\/v2\/media\/42440"}],"wp:attachment":[{"href":"https:\/\/soydeaqui.ddns.net\/pachuca\/index.php\/wp-json\/wp\/v2\/media?parent=42441"}],"wp:term":[{"taxonomy":"product_brand","embeddable":true,"href":"https:\/\/soydeaqui.ddns.net\/pachuca\/index.php\/wp-json\/wp\/v2\/product_brand?post=42441"},{"taxonomy":"product_cat","embeddable":true,"href":"https:\/\/soydeaqui.ddns.net\/pachuca\/index.php\/wp-json\/wp\/v2\/product_cat?post=42441"},{"taxonomy":"product_tag","embeddable":true,"href":"https:\/\/soydeaqui.ddns.net\/pachuca\/index.php\/wp-json\/wp\/v2\/product_tag?post=42441"}],"curies":[{"name":"wp","href":"https:\/\/api.w.org\/{rel}","templated":true}]}}