{"id":4244,"date":"2026-03-18T06:17:03","date_gmt":"2026-03-18T06:17:03","guid":{"rendered":"https:\/\/soydeaqui.ddns.net\/pachuca\/index.php\/producto\/conversor-de-localizacion-en-interiores-rs485-bus-a-ethernet\/"},"modified":"2026-03-18T06:17:03","modified_gmt":"2026-03-18T06:17:03","slug":"conversor-de-localizacion-en-interiores-rs485-bus-a-ethernet","status":"publish","type":"product","link":"https:\/\/soydeaqui.ddns.net\/pachuca\/index.php\/producto\/conversor-de-localizacion-en-interiores-rs485-bus-a-ethernet\/","title":{"rendered":"Conversor de localizaci\u00f3n en interiores \/ RS485 BUS a ETHERNET"},"content":{"rendered":"<div style='width: 100%; max-width: 1200px; margin: 0 auto; font-family: sans-serif; line-height: 1.6; color: inherit; background-color: transparent;'>\n<div style='display: flex; flex-wrap: wrap; gap: 30px; margin-bottom: 30px;'>\n<div style='flex: 1 1 300px; min-width: 280px;'>\n<h3 style='font-size: 22px; border-bottom: 2px solid currentColor; padding-bottom: 5px; margin-top: 0; color: inherit; opacity: 0.8;'>Caracter\u00edsticas principales<\/h3>\n<ul style='padding-left: 20px; font-size: 15px; color: inherit;'>\n<li style='margin-bottom: 5px; text-align: justify;'>El NX0330 es un conversor entre bus RS485 y Ethernet.<\/li>\n<li style='margin-bottom: 5px; text-align: justify;'>Este dispositivo se utiliza en instalaciones de localizaci\u00f3n&comma; permitiendo la comunicaci\u00f3n entre los dispositivos de localizaci\u00f3n y el servidor Helpnex.<\/li>\n<li style='margin-bottom: 5px; text-align: justify;'>Soporta un m\u00e1ximo de 50 dispositivos de localizaci\u00f3n en bus.<\/li>\n<li style='margin-bottom: 5px; text-align: justify;'>No dispone de resistencia de terminaci\u00f3n de bus RS485&comma; por lo que el NX0330 se puede instalar en cualquier punto del bus&comma; no necesariamente en un extremo.<\/li>\n<\/ul><\/div>\n<div style='flex: 1 1 300px; min-width: 280px;'>\n<h3 style='font-size: 22px; border-bottom: 2px solid currentColor; padding-bottom: 5px; margin-top: 0; color: inherit; opacity: 0.8;'>Caracter\u00edsticas el\u00e9ctricas y f\u00edsicas<\/h3>\n<ul style='padding-left: 20px; font-size: 15px; color: inherit;'>\n<li style='margin-bottom: 5px; text-align: justify;'>Conector RJ45 para red<\/li>\n<li style='margin-bottom: 5px; text-align: justify;'>Voltaje Nominal 5 Vdc Consumo M\u00e1ximo 1.2A<\/li>\n<li style='margin-bottom: 5px; text-align: justify;'>Dimensiones: 176 x 176 x 76 mm<\/li>\n<li style='margin-bottom: 5px; text-align: justify;'>50 dispositivos de localizaci\u00f3n por bus.<\/li>\n<\/ul><\/div>\n<div style='flex: 1 1 300px; min-width: 280px;'>\n<h3 style='font-size: 22px; border-bottom: 2px solid currentColor; padding-bottom: 5px; margin-top: 0; color: inherit; opacity: 0.8;'>Caracter\u00edsticas Destacadas<\/h3>\n<ul style='padding-left: 20px; font-size: 15px; color: inherit;'>\n<li style='margin-bottom: 5px; text-align: justify;'>Es un conversor entre bus RS485 y ETHERNET.<\/li>\n<li style='margin-bottom: 5px; text-align: justify;'>Este dispositivo se utiliza en instalaciones de localizaci\u00f3n y control de errantes&comma; permitiendo la comunicaci\u00f3n entre las antenas de localizaci\u00f3n y el servidor HELPNEX.<\/li>\n<\/ul><\/div>\n<\/p><\/div>\n<div style='margin-bottom: 30px; color: inherit;'>\n<p style='font-weight: bold; margin-bottom: 15px;'><strong>Nota:<\/strong> Requiere certificaci\u00f3n para su instalaci\u00f3n y para solicitar soporte t\u00e9cnico.<\/p>\n<\/p><\/div>\n<hr style='border: 0; border-top: 1px solid rgba(150&comma; 150&comma; 150&comma; 0.3); margin: 30px 0;'>\n<div style='margin-bottom: 30px; color: inherit;'>\n<p style='text-align: justify;'>Los dispositivos deben instalarse en el techo con la antena vertical hacia abajo para que la recepci\u00f3n de los tags sea uniforme en todas las direcciones. Cada una de las antenas recibe la se\u00f1al de los tags que tengan dentro de su rango y env\u00edan esta informaci\u00f3n al PC servidor a trav\u00e9s de un bus RS485 y un conversor de bus a Ethernet NX0330. El n\u00famero de receptores necesarios en cada instalaci\u00f3n depende del tama\u00f1o del \u00e1rea a cubrir. No es posible utilizar los modelos blanco (NX0950\/B) y negro (NX0950) en una misma red de antenas.<\/p>\n<\/p><\/div>\n<hr style='border: 0; border-top: 1px solid rgba(150&comma; 150&comma; 150&comma; 0.3); margin: 30px 0;'> <\/div>\n","protected":false},"excerpt":{"rendered":"<p>Conversor de localizaci\u00f3n en interiores \/ RS485 BUS a ETHERNET<\/p>\n","protected":false},"featured_media":4243,"comment_status":"open","ping_status":"closed","template":"","meta":[],"product_brand":[],"product_cat":[151],"product_tag":[152,153,126],"class_list":{"0":"post-4244","1":"product","2":"type-product","3":"status-publish","4":"has-post-thumbnail","6":"product_cat-atencion-sociosanitaria","7":"product_tag-atencion-sociosanitaria","8":"product_tag-ibernex","9":"product_tag-sistemas-de-emergencia","11":"first","12":"outofstock","13":"sale","14":"shipping-taxable","15":"purchasable","16":"product-type-simple"},"_links":{"self":[{"href":"https:\/\/soydeaqui.ddns.net\/pachuca\/index.php\/wp-json\/wp\/v2\/product\/4244","targetHints":{"allow":["GET"]}}],"collection":[{"href":"https:\/\/soydeaqui.ddns.net\/pachuca\/index.php\/wp-json\/wp\/v2\/product"}],"about":[{"href":"https:\/\/soydeaqui.ddns.net\/pachuca\/index.php\/wp-json\/wp\/v2\/types\/product"}],"replies":[{"embeddable":true,"href":"https:\/\/soydeaqui.ddns.net\/pachuca\/index.php\/wp-json\/wp\/v2\/comments?post=4244"}],"wp:featuredmedia":[{"embeddable":true,"href":"https:\/\/soydeaqui.ddns.net\/pachuca\/index.php\/wp-json\/wp\/v2\/media\/4243"}],"wp:attachment":[{"href":"https:\/\/soydeaqui.ddns.net\/pachuca\/index.php\/wp-json\/wp\/v2\/media?parent=4244"}],"wp:term":[{"taxonomy":"product_brand","embeddable":true,"href":"https:\/\/soydeaqui.ddns.net\/pachuca\/index.php\/wp-json\/wp\/v2\/product_brand?post=4244"},{"taxonomy":"product_cat","embeddable":true,"href":"https:\/\/soydeaqui.ddns.net\/pachuca\/index.php\/wp-json\/wp\/v2\/product_cat?post=4244"},{"taxonomy":"product_tag","embeddable":true,"href":"https:\/\/soydeaqui.ddns.net\/pachuca\/index.php\/wp-json\/wp\/v2\/product_tag?post=4244"}],"curies":[{"name":"wp","href":"https:\/\/api.w.org\/{rel}","templated":true}]}}