{"id":42402,"date":"2026-03-18T18:41:03","date_gmt":"2026-03-18T18:41:03","guid":{"rendered":"https:\/\/soydeaqui.ddns.net\/pachuca\/index.php\/producto\/receptaculo-pin-and-sleeve-trifasico-60-a-600-vca-3-fases-3-polos-4-hilos-hermetico-grado-industrial\/"},"modified":"2026-03-18T18:41:05","modified_gmt":"2026-03-18T18:41:05","slug":"receptaculo-pin-and-sleeve-trifasico-60-a-600-vca-3-fases-3-polos-4-hilos-hermetico-grado-industrial","status":"publish","type":"product","link":"https:\/\/soydeaqui.ddns.net\/pachuca\/index.php\/producto\/receptaculo-pin-and-sleeve-trifasico-60-a-600-vca-3-fases-3-polos-4-hilos-hermetico-grado-industrial\/","title":{"rendered":"Recept\u00e1culo Pin and Sleeve Trif\u00e1sico \/ 60 A 600 VCA 3 Fases \/ 3 Polos 4 Hilos \/ Herm\u00e9tico \/ Grado Industrial."},"content":{"rendered":"<div style='width: 100%; max-width: 1200px; margin: 0 auto; font-family: sans-serif; line-height: 1.6; color: inherit; background-color: transparent;'> <!-- Secci\u00f3n de caracter\u00edsticas --> <\/p>\n<div style='display: flex; flex-wrap: wrap; gap: 30px; margin-bottom: 30px;'>\n<div style='flex: 1 1 300px; min-width: 280px;'>\n<h3 style='font-size: 22px; border-bottom: 2px solid currentColor; padding-bottom: 5px; margin-top: 0; color: inherit; opacity: 0.8;'>Especificaciones<\/h3>\n<ul style='padding-left: 20px; font-size: 15px; color: inherit;'>\n<li style='margin-bottom: 5px;'><strong>Aplicaci\u00f3n:<\/strong> Conexiones herm\u00e9ticas de alta ampicidad<\/li>\n<li style='margin-bottom: 5px;'><strong>Material:<\/strong> Termopl\u00e1stico<\/li>\n<li style='margin-bottom: 5px;'><strong>Condiciones ambientales:<\/strong> Herm\u00e9tico<\/li>\n<li style='margin-bottom: 5px;'><strong>Indicar RoHS de EU:<\/strong> Si<\/li>\n<li style='margin-bottom: 5px;'><strong>Tipo de art\u00edculo:<\/strong> Brida simple<\/li>\n<li style='margin-bottom: 5px;'><strong>Montaje:<\/strong> Montaje con tornillos<\/li>\n<li style='margin-bottom: 5px;'><strong>N\u00famero de Polos:<\/strong> 3 Polos<\/li>\n<li style='margin-bottom: 5px;'><strong>Temperatura de Operaci\u00f3n:<\/strong> M\u00e1xima continua de 75 \u00b0C y m\u00ednima de -40 \u00b0C sin impactos<\/li>\n<li style='margin-bottom: 5px;'><strong>Serie:<\/strong> Servicio pesado HBL<\/li>\n<li style='margin-bottom: 5px;'><strong>Rango de amperaje:<\/strong> 60 A<\/li>\n<li style='margin-bottom: 5px;'><strong>Fase:<\/strong> 3 Fases<\/li>\n<li style='margin-bottom: 5px;'><strong>Watt:<\/strong> 36 000<\/li>\n<li style='margin-bottom: 5px;'><strong>N\u00famero de Hilos:<\/strong> 4 Hilos<\/li>\n<li style='margin-bottom: 5px;'><strong>Tama\u00f1o de Conductor:<\/strong> # 8 AWG a # 2 AWG<\/li>\n<li style='margin-bottom: 5px;'><strong>Nema:<\/strong> No Nema<\/li>\n<li style='margin-bottom: 5px;'><strong>Est\u00e1ndar Industrial:<\/strong> Listado para Est\u00e1ndar UL1682<\/li>\n<\/ul><\/div>\n<\/p><\/div>\n<p> <!-- Secci\u00f3n de rendimiento --> <\/p>\n<div style='display: flex; flex-wrap: wrap; gap: 30px; margin-bottom: 30px;'>\n<div style='flex: 1 1 300px; min-width: 280px;'>\n<h3 style='font-size: 22px; border-bottom: 2px solid currentColor; padding-bottom: 5px; margin-top: 0; color: inherit; opacity: 0.8;'>Rendimiento<\/h3>\n<ul style='padding-left: 20px; font-size: 15px; color: inherit;'>\n<li style='margin-bottom: 5px;'>El\u00e9ctrico &#8211; Interrupci\u00f3n de corriente &#8211; Certificado para interrupci\u00f3n de corriente a corriente nominal completa<\/li>\n<li style='margin-bottom: 5px;'>El\u00e9ctrico &#8211; Voltaje diel\u00e9ctrico &#8211; Soporta un m\u00ednimo de 3 000 V<\/li>\n<li style='margin-bottom: 5px;'>El\u00e9ctrico &#8211; M\u00e1ximo Voltaje de Trabajo &#8211; 600 V RMS<\/li>\n<li style='margin-bottom: 5px;'>Ambiental &#8211; Inflamabilidad &#8211; HB o mejor seg\u00fan UL 94\/CSA 22.2 No. 0.17<\/li>\n<li style='margin-bottom: 5px;'>Ambiental &#8211; Protecci\u00f3n de Ingreso &#8211; Idoneidad IP67<\/li>\n<li style='margin-bottom: 5px;'>Ambiental &#8211; Resistencia a la humedad &#8211; Herm\u00e9tico seg\u00fan IEC 60309-1<\/li>\n<li style='margin-bottom: 5px;'>Ambiental &#8211; Temperatura de funcionamiento &#8211; M\u00e1xima continua de 75 \u00b0C y m\u00ednima de -40 \u00b0C sin impactos<\/li>\n<li style='margin-bottom: 5px;'>Mec\u00e1nico &#8211; Resistencia al impacto &#8211; Seg\u00fan CSA C22.2 No. 182.1 \/ UL 1682<\/li>\n<li style='margin-bottom: 5px;'>Mec\u00e1nico &#8211; Identificaci\u00f3n del producto &#8211; Las clasificaciones son una parte permanente de la carcasa del dispositivo<\/li>\n<li style='margin-bottom: 5px;'>Mec\u00e1nico &#8211; Identificaci\u00f3n de terminales &#8211; Terminales identificados de acuerdo con las normas norteamericanas e IEC<\/li>\n<\/ul><\/div>\n<\/p><\/div>\n<p> <!-- Separador --> <\/p>\n<hr style='border: 0; border-top: 1px solid rgba(150&comma; 150&comma; 150&comma; 0.3); margin: 30px 0;'> <\/div>\n","protected":false},"excerpt":{"rendered":"<p>Recept\u00e1culo Pin and Sleeve Trif\u00e1sico \/ 60 A 600 VCA 3 Fases \/ 3 Polos 4 Hilos \/ Herm\u00e9tico \/ Grado Industrial.<\/p>\n","protected":false},"featured_media":42401,"comment_status":"open","ping_status":"closed","template":"","meta":[],"product_brand":[],"product_cat":[1073],"product_tag":[1074,1066,705],"class_list":{"0":"post-42402","1":"product","2":"type-product","3":"status-publish","4":"has-post-thumbnail","6":"product_cat-apagadores-y-clavijas","7":"product_tag-apagadores-y-clavijas","8":"product_tag-area-electrica","9":"product_tag-hubbell","11":"first","12":"outofstock","13":"sale","14":"shipping-taxable","15":"purchasable","16":"product-type-simple"},"_links":{"self":[{"href":"https:\/\/soydeaqui.ddns.net\/pachuca\/index.php\/wp-json\/wp\/v2\/product\/42402","targetHints":{"allow":["GET"]}}],"collection":[{"href":"https:\/\/soydeaqui.ddns.net\/pachuca\/index.php\/wp-json\/wp\/v2\/product"}],"about":[{"href":"https:\/\/soydeaqui.ddns.net\/pachuca\/index.php\/wp-json\/wp\/v2\/types\/product"}],"replies":[{"embeddable":true,"href":"https:\/\/soydeaqui.ddns.net\/pachuca\/index.php\/wp-json\/wp\/v2\/comments?post=42402"}],"wp:featuredmedia":[{"embeddable":true,"href":"https:\/\/soydeaqui.ddns.net\/pachuca\/index.php\/wp-json\/wp\/v2\/media\/42401"}],"wp:attachment":[{"href":"https:\/\/soydeaqui.ddns.net\/pachuca\/index.php\/wp-json\/wp\/v2\/media?parent=42402"}],"wp:term":[{"taxonomy":"product_brand","embeddable":true,"href":"https:\/\/soydeaqui.ddns.net\/pachuca\/index.php\/wp-json\/wp\/v2\/product_brand?post=42402"},{"taxonomy":"product_cat","embeddable":true,"href":"https:\/\/soydeaqui.ddns.net\/pachuca\/index.php\/wp-json\/wp\/v2\/product_cat?post=42402"},{"taxonomy":"product_tag","embeddable":true,"href":"https:\/\/soydeaqui.ddns.net\/pachuca\/index.php\/wp-json\/wp\/v2\/product_tag?post=42402"}],"curies":[{"name":"wp","href":"https:\/\/api.w.org\/{rel}","templated":true}]}}