{"id":42365,"date":"2026-03-18T18:40:07","date_gmt":"2026-03-18T18:40:07","guid":{"rendered":"https:\/\/soydeaqui.ddns.net\/pachuca\/index.php\/producto\/clavija-con-bloqueo-de-media-vuelta-industrial-30-a-600-v-ca-3-polos-4-hilos-nema-l17-30p\/"},"modified":"2026-03-18T18:40:09","modified_gmt":"2026-03-18T18:40:09","slug":"clavija-con-bloqueo-de-media-vuelta-industrial-30-a-600-v-ca-3-polos-4-hilos-nema-l17-30p","status":"publish","type":"product","link":"https:\/\/soydeaqui.ddns.net\/pachuca\/index.php\/producto\/clavija-con-bloqueo-de-media-vuelta-industrial-30-a-600-v-ca-3-polos-4-hilos-nema-l17-30p\/","title":{"rendered":"Clavija con Bloqueo de Media Vuelta Industrial 30 A 600 V CA \/ 3 Polos 4 Hilos \/ Nema L17-30P."},"content":{"rendered":"<div style='width: 100%; max-width: 1200px; margin: 0 auto; font-family: sans-serif; line-height: 1.6; color: inherit; background-color: transparent;'>\n<div style='display: flex; flex-wrap: wrap; gap: 30px; margin-bottom: 30px;'>\n<div style='flex: 1 1 300px; min-width: 280px;'>\n<h3 style='font-size: 22px; border-bottom: 2px solid currentColor; padding-bottom: 5px; margin-top: 0; color: inherit; opacity: 0.8;'>Especificaciones<\/h3>\n<ul style='padding-left: 20px; font-size: 15px; color: inherit;'>\n<li style='margin-bottom: 5px;'><strong>Aplicaci\u00f3n:<\/strong> Servicio extra pesado<\/li>\n<li style='margin-bottom: 5px;'><strong>Material:<\/strong> Nylon<\/li>\n<li style='margin-bottom: 5px;'><strong>Ambientes de trabajo:<\/strong> Interior seco a menos que se encuentre protegido por medios adicionales.<\/li>\n<li style='margin-bottom: 5px;'><strong>Rango de cord\u00f3n:<\/strong> 0.350&#8242; &#8211; 1.150&#8242; (9-29 mm)<\/li>\n<li style='margin-bottom: 5px;'><strong>Tipo de equipo:<\/strong> Clavija de 30 A<\/li>\n<li style='margin-bottom: 5px;'><strong>Montaje:<\/strong> Montaje con cable<\/li>\n<li style='margin-bottom: 5px;'><strong>N\u00famero de Polos:<\/strong> 3 Polos<\/li>\n<li style='margin-bottom: 5px;'><strong>Temperatura de Operaci\u00f3n:<\/strong> M\u00e1xima continua de 75 \u00b0C y m\u00ednima de -40 \u00b0C sin impactos.<\/li>\n<li style='margin-bottom: 5px;'><strong>Serie:<\/strong> Servicio pesado\/Industrial<\/li>\n<li style='margin-bottom: 5px;'><strong>Dimensiones:<\/strong> 2.33 in x 2.33 in x 4.21 in \/ 59.18 mm x 59.18 mm x 106.93 mm<\/li>\n<li style='margin-bottom: 5px;'><strong>Altura:<\/strong> 4.21 in (106.93 mm)<\/li>\n<li style='margin-bottom: 5px;'><strong>Largo:<\/strong> 2.33 in (59.18 mm)<\/li>\n<li style='margin-bottom: 5px;'><strong>Ancho:<\/strong> 2.33 in (59.18 mm)<\/li>\n<li style='margin-bottom: 5px;'><strong>Peso:<\/strong> 0.45 lb (0.20 kg)<\/li>\n<li style='margin-bottom: 5px;'><strong>Rango de amperaje:<\/strong> 30 A<\/li>\n<li style='margin-bottom: 5px;'><strong>Rango de Voltaje:<\/strong> 600 V CA<\/li>\n<li style='margin-bottom: 5px;'><strong>Fase:<\/strong> 3 Fases<\/li>\n<li style='margin-bottom: 5px;'><strong>N\u00famero de Hilos:<\/strong> 4- Hilos<\/li>\n<li style='margin-bottom: 5px;'><strong>Tama\u00f1o de Cable:<\/strong> #16 AWG a #8 AWG<\/li>\n<li style='margin-bottom: 5px;'><strong>Nema:<\/strong> L17-30P<\/li>\n<\/ul><\/div>\n<\/p><\/div>\n<div style='display: flex; flex-wrap: wrap; gap: 20px; margin-bottom: 30px;'>\n<div style='flex: 1 1 250px; border: 1px solid rgba(150&comma; 150&comma; 150&comma; 0.4); border-radius: 8px; overflow: hidden; display: flex; flex-direction: column;'>\n<div style='padding: 15px; border-bottom: 1px solid rgba(150&comma; 150&comma; 150&comma; 0.2); font-weight: bold; font-size: 18px; color: inherit;'>Rendimiento<\/div>\n<div style='padding: 15px; color: inherit;'>\n<ul style='padding-left: 20px; margin: 0; font-size: 14px; list-style-type: disc;'>\n<li style='margin-bottom: 5px;'>El\u00e9ctrico &#8211; Interrupci\u00f3n de corriente &#8211; Certificado para interrupci\u00f3n de corriente a corriente nominal completa.<\/li>\n<li style='margin-bottom: 5px;'>El\u00e9ctrico &#8211; Voltaje diel\u00e9ctrico &#8211; Soporta un m\u00ednimo de 2000 V.<\/li>\n<li style='margin-bottom: 5px;'>Ambiental &#8211; Inflamabilidad &#8211; V2 o mejor seg\u00fan UL 94\/CSA 22.2 No. 0.17.<\/li>\n<li style='margin-bottom: 5px;'>Ambiental &#8211; Resistencia a la humedad &#8211; Idoneidad IP20.<\/li>\n<li style='margin-bottom: 5px;'>Ambiental &#8211; Temperaturas de funcionamiento &#8211; M\u00e1xima continua de 75 \u00b0C y m\u00ednima de -40 \u00b0C sin impactos.<\/li>\n<li style='margin-bottom: 5px;'>Mec\u00e1nico &#8211; Alojamiento de terminales &#8211; S\u00f3lo conductor s\u00f3lido o trenzado de cobre #16 &#8211; #8 AWG.<\/li>\n<li style='margin-bottom: 5px;'>Mec\u00e1nico &#8211; Identificaci\u00f3n de terminales &#8211; Terminales identificados de acuerdo con UL 498.<\/li>\n<\/ul><\/div>\n<\/p><\/div>\n<\/p><\/div>\n<\/p><\/div>\n","protected":false},"excerpt":{"rendered":"<p>Clavija con Bloqueo de Media Vuelta Industrial 30 A 600 V CA \/ 3 Polos 4 Hilos \/ Nema L17-30P.<\/p>\n","protected":false},"featured_media":42364,"comment_status":"open","ping_status":"closed","template":"","meta":[],"product_brand":[],"product_cat":[1073],"product_tag":[1074,1066,705],"class_list":{"0":"post-42365","1":"product","2":"type-product","3":"status-publish","4":"has-post-thumbnail","6":"product_cat-apagadores-y-clavijas","7":"product_tag-apagadores-y-clavijas","8":"product_tag-area-electrica","9":"product_tag-hubbell","11":"first","12":"outofstock","13":"sale","14":"shipping-taxable","15":"purchasable","16":"product-type-simple"},"_links":{"self":[{"href":"https:\/\/soydeaqui.ddns.net\/pachuca\/index.php\/wp-json\/wp\/v2\/product\/42365","targetHints":{"allow":["GET"]}}],"collection":[{"href":"https:\/\/soydeaqui.ddns.net\/pachuca\/index.php\/wp-json\/wp\/v2\/product"}],"about":[{"href":"https:\/\/soydeaqui.ddns.net\/pachuca\/index.php\/wp-json\/wp\/v2\/types\/product"}],"replies":[{"embeddable":true,"href":"https:\/\/soydeaqui.ddns.net\/pachuca\/index.php\/wp-json\/wp\/v2\/comments?post=42365"}],"wp:featuredmedia":[{"embeddable":true,"href":"https:\/\/soydeaqui.ddns.net\/pachuca\/index.php\/wp-json\/wp\/v2\/media\/42364"}],"wp:attachment":[{"href":"https:\/\/soydeaqui.ddns.net\/pachuca\/index.php\/wp-json\/wp\/v2\/media?parent=42365"}],"wp:term":[{"taxonomy":"product_brand","embeddable":true,"href":"https:\/\/soydeaqui.ddns.net\/pachuca\/index.php\/wp-json\/wp\/v2\/product_brand?post=42365"},{"taxonomy":"product_cat","embeddable":true,"href":"https:\/\/soydeaqui.ddns.net\/pachuca\/index.php\/wp-json\/wp\/v2\/product_cat?post=42365"},{"taxonomy":"product_tag","embeddable":true,"href":"https:\/\/soydeaqui.ddns.net\/pachuca\/index.php\/wp-json\/wp\/v2\/product_tag?post=42365"}],"curies":[{"name":"wp","href":"https:\/\/api.w.org\/{rel}","templated":true}]}}