{"id":4236,"date":"2026-03-18T06:16:58","date_gmt":"2026-03-18T06:16:58","guid":{"rendered":"https:\/\/soydeaqui.ddns.net\/pachuca\/index.php\/producto\/detector-inalambrico-de-humo-y-calor-5800smokev-3v-litio-deteccion-fotoelectrica-multicriterio-temperatura-fija-135f-alerta-baja-temperatura-41f-rf-345-mhz-sonido-85-dba-comp\/"},"modified":"2026-03-18T06:16:58","modified_gmt":"2026-03-18T06:16:58","slug":"detector-inalambrico-de-humo-y-calor-5800smokev-3v-litio-deteccion-fotoelectrica-multicriterio-temperatura-fija-135f-alerta-baja-temperatura-41f-rf-345-mhz-sonido-85-dba-comp","status":"publish","type":"product","link":"https:\/\/soydeaqui.ddns.net\/pachuca\/index.php\/producto\/detector-inalambrico-de-humo-y-calor-5800smokev-3v-litio-deteccion-fotoelectrica-multicriterio-temperatura-fija-135f-alerta-baja-temperatura-41f-rf-345-mhz-sonido-85-dba-comp\/","title":{"rendered":"Detector Inal\u00e1mbrico de Humo y Calor 5800SMOKEV \/ 3V Litio \/ Detecci\u00f3n Fotoelectrica Multicriterio \/ Temperatura Fija 135\u00b0F \/ Alerta Baja Temperatura 41\u00b0F \/ RF 345 MHz \/ Sonido 85 dBA \/ Compatible con Sistemas Resideo"},"content":{"rendered":"<div style='width: 100%; max-width: 1200px; margin: 0 auto; font-family: sans-serif; line-height: 1.6; color: inherit; background-color: transparent;'> <!-- Secci\u00f3n de overview --> <\/p>\n<div style='margin-bottom: 30px;'>\n<p style='font-size: 17px; line-height: 1.6; margin: 0 0 20px 0; color: inherit;'> El detector inal\u00e1mbrico de humo y calor 5800SMOKEV es un dispositivo avanzado alimentado por bater\u00edas de litio de 3V&comma; dise\u00f1ado para detectar humo&comma; calor&comma; aumento de temperatura y bajas temperaturas. Cumple con los requisitos de la edici\u00f3n 7 de UL 268&comma; ofreciendo detecci\u00f3n temprana y reducci\u00f3n de alarmas molestas. Es ideal para ubicaciones dif\u00edciles de cablear o donde existen materiales peligrosos&comma; con un dise\u00f1o compacto y elegante para lugares donde la est\u00e9tica es importante. Compatible con sistemas de control de seguridad Resideo que admiten tecnolog\u00eda 5800. <\/p>\n<\/p><\/div>\n<p> <!-- Secci\u00f3n de caracter\u00edsticas --> <\/p>\n<div style='display: flex; flex-wrap: wrap; gap: 30px; margin-bottom: 30px;'>\n<div style='flex: 1 1 300px; min-width: 280px;'>\n<h3 style='font-size: 22px; border-bottom: 2px solid currentColor; padding-bottom: 5px; margin-top: 0; color: inherit; opacity: 0.8;'>Caracter\u00edsticas Principales<\/h3>\n<ul style='padding-left: 20px; font-size: 15px; color: inherit;'>\n<li style='margin-bottom: 5px;'>Minimiza alarmas molestas mediante c\u00e1lculos matem\u00e1ticos y compensaci\u00f3n de deriva<\/li>\n<li style='margin-bottom: 5px;'>F\u00e1cil instalaci\u00f3n con base de montaje vers\u00e1til y pesta\u00f1as de extracci\u00f3n r\u00e1pida de la bater\u00eda<\/li>\n<li style='margin-bottom: 5px;'>Indicadores LED visibles para estado de energ\u00eda&comma; problemas del sensor&comma; alarma y bater\u00eda baja<\/li>\n<li style='margin-bottom: 5px;'>Soporta mantenimiento alto\/bajo y alerta cuando se necesita<\/li>\n<li style='margin-bottom: 5px;'>Bot\u00f3n de prueba accesible para verificar la funcionalidad del dispositivo<\/li>\n<li style='margin-bottom: 5px;'>Aplicaciones residenciales y comerciales&comma; cumpliendo con los requisitos de instalaci\u00f3n<\/li>\n<\/ul><\/div>\n<\/p><\/div>\n<p> <!-- Secci\u00f3n de especificaciones t\u00e9cnicas --> <\/p>\n<div style='display: flex; flex-wrap: wrap; gap: 20px; margin-bottom: 30px;'>\n<div style='flex: 2 1 400px; border: 1px solid rgba(150&comma; 150&comma; 150&comma; 0.4); border-radius: 8px; overflow: hidden; display: flex; flex-direction: column;'>\n<div style='padding: 15px; border-bottom: 1px solid rgba(150&comma; 150&comma; 150&comma; 0.2); font-weight: bold; font-size: 18px; color: inherit;'>Especificaciones<\/div>\n<div style='padding: 15px; color: inherit;'>\n<ul style='padding-left: 20px; margin: 0; font-size: 14px; list-style-type: disc;'>\n<li style='margin-bottom: 5px;'><strong>Detecci\u00f3n de temperatura fija:<\/strong> 135 \u00b0F (57 \u00b0C)<\/li>\n<li style='margin-bottom: 5px;'><strong>Detecci\u00f3n de aumento de temperatura:<\/strong> > 104 \u00b0F @ 15 \u00b0F\/min (>40 \u00b0C @ 8.33 \u00b0C\/min)<\/li>\n<li style='margin-bottom: 5px;'><strong>Alerta de baja temperatura:<\/strong> 41 \u00b0F (5 \u00b0C)<\/li>\n<li style='margin-bottom: 5px;'><strong>Intervalo de supervisi\u00f3n RF:<\/strong> 60 a 70 minutos<\/li>\n<li style='margin-bottom: 5px;'><strong>Frecuencia RF:<\/strong> 345 MHz<\/li>\n<li style='margin-bottom: 5px;'><strong>Ubicaci\u00f3n de instalaci\u00f3n:<\/strong> Solo para uso interior<\/li>\n<li style='margin-bottom: 5px;'><strong>Modo de sabotaje:<\/strong> Base<\/li>\n<li style='margin-bottom: 5px;'><strong>Salida de sonido:<\/strong> 85 dBA a 10 pies (3 m)<\/li>\n<li style='margin-bottom: 5px;'><strong>Velocidad m\u00e1xima del aire:<\/strong> 1&comma;000 pies\/min (304.8 m\/min)<\/li>\n<li style='margin-bottom: 5px;'><strong>Fuente de energ\u00eda:<\/strong> Bater\u00edas de litio CR123A de 3V (Cantidad 2)<\/li>\n<li style='margin-bottom: 5px;'><strong>Vida \u00fatil de la bater\u00eda:<\/strong> 5 a\u00f1os (uso t\u00edpico)*<\/li>\n<li style='margin-bottom: 5px;'><strong>Voltaje de operaci\u00f3n:<\/strong> 2.5 a 3.6 V DC<\/li>\n<li style='margin-bottom: 5px;'><strong>Corriente en espera&comma; m\u00e1xima:<\/strong> 10 \u03bcA<\/li>\n<li style='margin-bottom: 5px;'><strong>Corriente de alarma&comma; m\u00e1xima:<\/strong> 35 mA<\/li>\n<li style='margin-bottom: 5px;'><strong>Rango de temperatura de operaci\u00f3n:<\/strong> 40 \u00b0F a 100 \u00b0F (4 \u00b0C a 38 \u00b0C)<\/li>\n<li style='margin-bottom: 5px;'><strong>Rango de humedad:<\/strong> 95% RH m\u00e1xima&comma; sin condensaci\u00f3n<\/li>\n<li style='margin-bottom: 5px;'><strong>Espaciado m\u00e1ximo:<\/strong> 50 pies x 50 pies (15 m x 15 m)<\/li>\n<li style='margin-bottom: 5px;'><strong>Dimensiones (di\u00e1metro x profundidad):<\/strong> 4.74 pulgadas x 2.31 pulgadas (120 mm x 59 mm)<\/li>\n<li style='margin-bottom: 5px;'><strong>Peso (sin bater\u00edas):<\/strong> 5.8 oz (164 g)<\/li>\n<li style='margin-bottom: 5px;'><strong>Aprobaciones:<\/strong> FCC\/IC&comma; Conforme a UL 268 (7\u00aa edici\u00f3n)&comma; Certificado ULC S529&comma; CSFM<\/li>\n<\/ul><\/div>\n<\/p><\/div>\n<div style='flex: 1 1 300px; border: 1px solid rgba(150&comma; 150&comma; 150&comma; 0.4); border-radius: 8px; overflow: hidden; display: flex; flex-direction: column;'>\n<div style='padding: 15px; border-bottom: 1px solid rgba(150&comma; 150&comma; 150&comma; 0.2); font-weight: bold; font-size: 18px; color: inherit;'>Interfaces y Conectividad<\/div>\n<div style='padding: 15px; color: inherit;'>\n<ul style='padding-left: 20px; margin: 0; font-size: 14px; list-style-type: disc;'>\n<li style='margin-bottom: 5px;'>Compatible con sistemas de control de seguridad Resideo que admiten tecnolog\u00eda 5800 (VISTA\u00ae&comma; ProSeries)<\/li>\n<li style='margin-bottom: 5px;'>Utiliza un receptor RF estilo 5800 o el m\u00f3dulo PROTAKEOVER<\/li>\n<\/ul><\/div>\n<\/p><\/div>\n<\/p><\/div>\n<p> <!-- Secci\u00f3n de aplicaciones --> <\/p>\n<div style='display: flex; flex-wrap: wrap; gap: 20px; margin-bottom: 30px;'>\n<div style='flex: 1 1 300px; border: 1px solid rgba(150&comma; 150&comma; 150&comma; 0.4); border-radius: 8px; overflow: hidden; display: flex; flex-direction: column;'>\n<div style='padding: 15px; border-bottom: 1px solid rgba(150&comma; 150&comma; 150&comma; 0.2); font-weight: bold; font-size: 18px; color: inherit;'>Residencial<\/div>\n<div style='padding: 15px; color: inherit;'>\n<p style='margin: 0; font-size: 14px;'>Ideal para hogares donde se requiere detecci\u00f3n temprana de humo y calor&comma; con reducci\u00f3n de alarmas molestas.<\/p>\n<\/p><\/div>\n<\/p><\/div>\n<div style='flex: 1 1 300px; border: 1px solid rgba(150&comma; 150&comma; 150&comma; 0.4); border-radius: 8px; overflow: hidden; display: flex; flex-direction: column;'>\n<div style='padding: 15px; border-bottom: 1px solid rgba(150&comma; 150&comma; 150&comma; 0.2); font-weight: bold; font-size: 18px; color: inherit;'>Comercial<\/div>\n<div style='padding: 15px; color: inherit;'>\n<p style='margin: 0; font-size: 14px;'>Cumple con los requisitos de instalaci\u00f3n comercial&comma; adecuado para oficinas y edificios comerciales.<\/p>\n<\/p><\/div>\n<\/p><\/div>\n<div style='flex: 1 1 300px; border: 1px solid rgba(150&comma; 150&comma; 150&comma; 0.4); border-radius: 8px; overflow: hidden; display: flex; flex-direction: column;'>\n<div style='padding: 15px; border-bottom: 1px solid rgba(150&comma; 150&comma; 150&comma; 0.2); font-weight: bold; font-size: 18px; color: inherit;'>Ubicaciones Dif\u00edciles de Cablear<\/div>\n<div style='padding: 15px; color: inherit;'>\n<p style='margin: 0; font-size: 14px;'>Perfecto para lugares donde el cableado es complicado o donde existen materiales peligrosos.<\/p>\n<\/p><\/div>\n<\/p><\/div>\n<\/p><\/div>\n<p> <!-- Separador final --> <\/p>\n<hr style='border: 0; border-top: 1px solid rgba(150&comma; 150&comma; 150&comma; 0.3); margin: 30px 0;'> <\/div>\n","protected":false},"excerpt":{"rendered":"<p>Detector Inal\u00e1mbrico de Humo y Calor 5800SMOKEV \/ 3V Litio \/ Detecci\u00f3n Fotoelectrica Multicriterio \/ Temperatura Fija 135\u00b0F \/ Alerta Baja Temperatura 41\u00b0F \/ RF 345 MHz \/ Sonido 85 dBA \/ Compatible con Sistemas Resideo<\/p>\n","protected":false},"featured_media":4235,"comment_status":"open","ping_status":"closed","template":"","meta":[],"product_brand":[],"product_cat":[64],"product_tag":[19,45,65],"class_list":{"0":"post-4236","1":"product","2":"type-product","3":"status-publish","4":"has-post-thumbnail","6":"product_cat-humo-inalambricos","7":"product_tag-detectores-sensores","8":"product_tag-honeywell-home-resideo","9":"product_tag-humo-inalambricos","11":"first","12":"instock","13":"sale","14":"shipping-taxable","15":"purchasable","16":"product-type-simple"},"_links":{"self":[{"href":"https:\/\/soydeaqui.ddns.net\/pachuca\/index.php\/wp-json\/wp\/v2\/product\/4236","targetHints":{"allow":["GET"]}}],"collection":[{"href":"https:\/\/soydeaqui.ddns.net\/pachuca\/index.php\/wp-json\/wp\/v2\/product"}],"about":[{"href":"https:\/\/soydeaqui.ddns.net\/pachuca\/index.php\/wp-json\/wp\/v2\/types\/product"}],"replies":[{"embeddable":true,"href":"https:\/\/soydeaqui.ddns.net\/pachuca\/index.php\/wp-json\/wp\/v2\/comments?post=4236"}],"wp:featuredmedia":[{"embeddable":true,"href":"https:\/\/soydeaqui.ddns.net\/pachuca\/index.php\/wp-json\/wp\/v2\/media\/4235"}],"wp:attachment":[{"href":"https:\/\/soydeaqui.ddns.net\/pachuca\/index.php\/wp-json\/wp\/v2\/media?parent=4236"}],"wp:term":[{"taxonomy":"product_brand","embeddable":true,"href":"https:\/\/soydeaqui.ddns.net\/pachuca\/index.php\/wp-json\/wp\/v2\/product_brand?post=4236"},{"taxonomy":"product_cat","embeddable":true,"href":"https:\/\/soydeaqui.ddns.net\/pachuca\/index.php\/wp-json\/wp\/v2\/product_cat?post=4236"},{"taxonomy":"product_tag","embeddable":true,"href":"https:\/\/soydeaqui.ddns.net\/pachuca\/index.php\/wp-json\/wp\/v2\/product_tag?post=4236"}],"curies":[{"name":"wp","href":"https:\/\/api.w.org\/{rel}","templated":true}]}}