{"id":42305,"date":"2026-03-18T18:38:24","date_gmt":"2026-03-18T18:38:24","guid":{"rendered":"https:\/\/soydeaqui.ddns.net\/pachuca\/index.php\/producto\/panel-led-rectangular-empotrado-o-suspendido-1195-x-295-mm-127-vca60hz-tc-6-500-k-angulo-de-luz-de-140\/"},"modified":"2026-03-18T18:38:38","modified_gmt":"2026-03-18T18:38:38","slug":"panel-led-rectangular-empotrado-o-suspendido-1195-x-295-mm-127-vca60hz-tc-6-500-k-angulo-de-luz-de-140","status":"publish","type":"product","link":"https:\/\/soydeaqui.ddns.net\/pachuca\/index.php\/producto\/panel-led-rectangular-empotrado-o-suspendido-1195-x-295-mm-127-vca60hz-tc-6-500-k-angulo-de-luz-de-140\/","title":{"rendered":"Panel LED Rectangular Empotrado o Suspendido \/1195 x 295 mm \/ 127 Vca~60Hz \/ TC 6 500 K \/ Angulo de Luz de 140\u00b0"},"content":{"rendered":"<div style='width: 100%; max-width: 1200px; margin: 0 auto; font-family: sans-serif; line-height: 1.6; color: inherit; background-color: transparent;'>\n<div style='display: flex; flex-wrap: wrap; gap: 30px; margin-bottom: 30px;'>\n<div style='flex: 1 1 300px; min-width: 280px;'>\n<h3 style='font-size: 22px; border-bottom: 2px solid currentColor; padding-bottom: 5px; margin-top: 0; color: inherit; opacity: 0.8;'>Caracter\u00edsticas Principales<\/h3>\n<ul style='padding-left: 20px; font-size: 15px; color: inherit;'>\n<li style='margin-bottom: 5px;'>Libre de mercurio&comma; amigable con el ambiente<\/li>\n<li style='margin-bottom: 5px;'>Instalaci\u00f3n empotrada o suspendida<\/li>\n<li style='margin-bottom: 5px;'>Dimensiones (L) 1195 * (H) 295 mm<\/li>\n<li style='margin-bottom: 5px;'>Voltaje de 127V a 60Hz<\/li>\n<li style='margin-bottom: 5px;'>Iluminaci\u00f3n de 140\u00b0<\/li>\n<li style='margin-bottom: 5px;'>Protecci\u00f3n IP 20<\/li>\n<li style='margin-bottom: 5px;'>Aplicaci\u00f3n Uso en interior<\/li>\n<\/ul><\/div>\n<div style='flex: 1 1 300px; min-width: 280px;'>\n<h3 style='font-size: 22px; border-bottom: 2px solid currentColor; padding-bottom: 5px; margin-top: 0; color: inherit; opacity: 0.8;'>Caracter\u00edsticas F\u00edsicas y El\u00e9ctricas<\/h3>\n<ul style='padding-left: 20px; font-size: 15px; color: inherit;'>\n<li style='margin-bottom: 5px;'>Potencia de 40W<\/li>\n<li style='margin-bottom: 5px;'>Flujo luminoso de 4&comma;200 l\u00famenes<\/li>\n<li style='margin-bottom: 5px;'>Temperatura de color 6 500 K Luz Blanca<\/li>\n<li style='margin-bottom: 5px;'>Temperatura de trabajo TA 60\u00b0 C TC 80\u00b0 C<\/li>\n<li style='margin-bottom: 5px;'>Corriente el\u00e9ctrica 338 mA<\/li>\n<li style='margin-bottom: 5px;'>Consumo de energ\u00eda 0.04 kWh<\/li>\n<li style='margin-bottom: 5px;'>Material: Base de Aluminio y pantalla acr\u00edlico de alta calidad<\/li>\n<li style='margin-bottom: 5px;'>Acabado en blanco sofisticado<\/li>\n<\/ul><\/div>\n<div style='flex: 1 1 300px; min-width: 280px;'>\n<h3 style='font-size: 22px; border-bottom: 2px solid currentColor; padding-bottom: 5px; margin-top: 0; color: inherit; opacity: 0.8;'>Caracter\u00edsticas Destacadas<\/h3>\n<ul style='padding-left: 20px; font-size: 15px; color: inherit;'>\n<li style='margin-bottom: 5px;'>Con &#8216;DRIVER INTEGRADO&#8217;<\/li>\n<li style='margin-bottom: 5px;'>No Dimeable<\/li>\n<li style='margin-bottom: 5px;'>Iluminaci\u00f3n homog\u00e9nea sin parpadeos<\/li>\n<li style='margin-bottom: 5px;'>Vers\u00e1til en instalaci\u00f3n<\/li>\n<li style='margin-bottom: 5px;'>Ideal para ambientes amplios o de trabajo donde se requiera alta iluminaci\u00f3n como centros comerciales&comma; recepciones&comma; cl\u00ednicas&comma; consultorios&comma; despachos&comma; salas de juntas&comma; salones&comma; oficinas y m\u00e1s.<\/li>\n<\/ul><\/div>\n<\/p><\/div>\n<div style='display: flex; flex-wrap: wrap; gap: 30px; margin-bottom: 30px;'>\n<div style='flex: 1 1 100%; min-width: 280px;'>\n<h3 style='font-size: 22px; border-bottom: 2px solid currentColor; padding-bottom: 5px; margin-top: 0; color: inherit; opacity: 0.8;'>Instalaci\u00f3n y Accesorios<\/h3>\n<ul style='padding-left: 20px; font-size: 15px; color: inherit;'>\n<li style='margin-bottom: 5px;'>M\u00e9todos de instalaci\u00f3n flexibles: Empotrado o suspendido<\/li>\n<li style='margin-bottom: 5px;'>Accesorio recomendado: Kit de tensores para instalaci\u00f3n suspendida (<strong>Tensores- X<\/strong>).<\/li>\n<\/ul><\/div>\n<\/p><\/div>\n<hr style='border: 0; border-top: 1px solid rgba(150&comma; 150&comma; 150&comma; 0.3); margin: 30px 0;'> <\/div>\n","protected":false},"excerpt":{"rendered":"<p>Panel LED Rectangular Empotrado o Suspendido \/1195 x 295 mm \/ 127 Vca~60Hz \/ TC 6 500 K \/ Angulo de Luz de 140\u00b0<\/p>\n","protected":false},"featured_media":42304,"comment_status":"open","ping_status":"closed","template":"","meta":[],"product_brand":[],"product_cat":[1166],"product_tag":[1167,1169,1168],"class_list":{"0":"post-42305","1":"product","2":"type-product","3":"status-publish","4":"has-post-thumbnail","6":"product_cat-uso-interior","7":"product_tag-iluminacion","8":"product_tag-jwj","9":"product_tag-uso-interior","11":"first","12":"outofstock","13":"sale","14":"shipping-taxable","15":"purchasable","16":"product-type-simple"},"_links":{"self":[{"href":"https:\/\/soydeaqui.ddns.net\/pachuca\/index.php\/wp-json\/wp\/v2\/product\/42305","targetHints":{"allow":["GET"]}}],"collection":[{"href":"https:\/\/soydeaqui.ddns.net\/pachuca\/index.php\/wp-json\/wp\/v2\/product"}],"about":[{"href":"https:\/\/soydeaqui.ddns.net\/pachuca\/index.php\/wp-json\/wp\/v2\/types\/product"}],"replies":[{"embeddable":true,"href":"https:\/\/soydeaqui.ddns.net\/pachuca\/index.php\/wp-json\/wp\/v2\/comments?post=42305"}],"wp:featuredmedia":[{"embeddable":true,"href":"https:\/\/soydeaqui.ddns.net\/pachuca\/index.php\/wp-json\/wp\/v2\/media\/42304"}],"wp:attachment":[{"href":"https:\/\/soydeaqui.ddns.net\/pachuca\/index.php\/wp-json\/wp\/v2\/media?parent=42305"}],"wp:term":[{"taxonomy":"product_brand","embeddable":true,"href":"https:\/\/soydeaqui.ddns.net\/pachuca\/index.php\/wp-json\/wp\/v2\/product_brand?post=42305"},{"taxonomy":"product_cat","embeddable":true,"href":"https:\/\/soydeaqui.ddns.net\/pachuca\/index.php\/wp-json\/wp\/v2\/product_cat?post=42305"},{"taxonomy":"product_tag","embeddable":true,"href":"https:\/\/soydeaqui.ddns.net\/pachuca\/index.php\/wp-json\/wp\/v2\/product_tag?post=42305"}],"curies":[{"name":"wp","href":"https:\/\/api.w.org\/{rel}","templated":true}]}}