{"id":42289,"date":"2026-03-18T18:37:57","date_gmt":"2026-03-18T18:37:57","guid":{"rendered":"https:\/\/soydeaqui.ddns.net\/pachuca\/index.php\/producto\/termostato-touch-wifi-de-3-etapas-3-calor-2-frio-integrable-con-lutron-visionpro-8000-para-uso-residencial-o-comercial\/"},"modified":"2026-03-18T18:38:01","modified_gmt":"2026-03-18T18:38:01","slug":"termostato-touch-wifi-de-3-etapas-3-calor-2-frio-integrable-con-lutron-visionpro-8000-para-uso-residencial-o-comercial","status":"publish","type":"product","link":"https:\/\/soydeaqui.ddns.net\/pachuca\/index.php\/producto\/termostato-touch-wifi-de-3-etapas-3-calor-2-frio-integrable-con-lutron-visionpro-8000-para-uso-residencial-o-comercial\/","title":{"rendered":"Termostato Touch WiFi de 3 Etapas, 3 Calor \/ 2 Fr\u00edo. Integrable con Lutron, VISIONPRO\u00ae 8000 Para Uso Residencial o Comercial."},"content":{"rendered":"<div style='width: 100%; max-width: 1200px; margin: 0 auto; font-family: sans-serif; line-height: 1.6; color: inherit; background-color: transparent;'>\n<div style='display: flex; flex-wrap: wrap; gap: 30px; margin-bottom: 30px;'>\n<div style='flex: 1 1 300px; min-width: 280px;'>\n<h3 style='font-size: 22px; border-bottom: 2px solid currentColor; padding-bottom: 5px; margin-top: 0; color: inherit; opacity: 0.8;'>Descripci\u00f3n General<\/h3>\n<ul style='padding-left: 20px; font-size: 15px; color: inherit;'>\n<li style='margin-bottom: 5px;'>Sus clientes quieren comodidad&comma; conveniencia y conectividad.<\/li>\n<li style='margin-bottom: 5px;'>Con Wi-Fi VisionPRO&comma; puede ofrecerles los tres.<\/li>\n<li style='margin-bottom: 5px;'>Mediante el uso de una red Wi-Fi existente m\u00e1s los servicios gratuitos Total Connect Comfort de Resideo&comma; el Wi-Fi VisionPRO permite a los propietarios de viviendas controlar de forma remota sus configuraciones de comodidad y administrar sus costos de energ\u00eda&comma; con facilidad<\/li>\n<\/ul><\/div>\n<div style='flex: 1 1 300px; min-width: 280px;'>\n<h3 style='font-size: 22px; border-bottom: 2px solid currentColor; padding-bottom: 5px; margin-top: 0; color: inherit; opacity: 0.8;'>Caracter\u00edsticas F\u00edsicas y El\u00e9ctricas<\/h3>\n<ul style='padding-left: 20px; font-size: 15px; color: inherit;'>\n<li style='margin-bottom: 5px;'><strong>Aplicaci\u00f3n:<\/strong> Hasta 2 Sistemas Convencionales de Calor\/2 de Fr\u00edo; Hasta 3 bombas de calor de calor\/2 de fr\u00edo<\/li>\n<li style='margin-bottom: 5px;'><strong>Dimensiones:<\/strong> 118 mm de alto&comma; 126 mm de ancho&comma; 29 mm de profundidad<\/li>\n<li style='margin-bottom: 5px;'><strong>Alimentaci\u00f3n:<\/strong> 18 a 30 VAC @ 60 Hz<\/li>\n<li style='margin-bottom: 5px;'><strong>Rango de humedad (%HR):<\/strong> 5 a 90 %&comma; sin condensaci\u00f3n<\/li>\n<li style='margin-bottom: 5px;'><strong>Rango de temperatura:<\/strong> 0 a 49 \u00b0C<\/li>\n<li style='margin-bottom: 5px;'><strong>Terminales de conexi\u00f3n:<\/strong> R&comma; RC&comma; C&comma; WO\/B&comma; W2-AUX\/E&comma; Y&comma; Y2&comma; G&comma; AL\/A&comma; K&comma; U1 U1&comma; S1<\/li>\n<li style='margin-bottom: 5px;'><strong>Rango de temperatura de ajuste:<\/strong> Calor: 4.5 a 32 \u00b0C y Fr\u00edo: 10 a 37\u00b0C<\/li>\n<\/ul><\/div>\n<div style='flex: 1 1 300px; min-width: 280px;'>\n<h3 style='font-size: 22px; border-bottom: 2px solid currentColor; padding-bottom: 5px; margin-top: 0; color: inherit; opacity: 0.8;'>Caracter\u00edsticas Destacadas<\/h3>\n<ul style='padding-left: 20px; font-size: 15px; color: inherit;'>\n<li style='margin-bottom: 5px;'>Programaci\u00f3n intuitiva para una configuraci\u00f3n m\u00e1s sencilla<\/li>\n<li style='margin-bottom: 5px;'>Control remoto de confort a trav\u00e9s de computadora&comma; tableta o tel\u00e9fono por medio de aplicativo<\/li>\n<li style='margin-bottom: 5px;'>Programable para ahorro de energ\u00eda anual<\/li>\n<li style='margin-bottom: 5px;'>Cuenta con certificaci\u00f3n ENERGY STAR\u00ae<\/li>\n<\/ul><\/div>\n<\/p><\/div>\n<hr style='border: 0; border-top: 1px solid rgba(150&comma; 150&comma; 150&comma; 0.3); margin: 30px 0;'> <\/div>\n","protected":false},"excerpt":{"rendered":"<p>Termostato Touch WiFi de 3 Etapas, 3 Calor \/ 2 Fr\u00edo. Integrable con Lutron, VISIONPRO\u00ae 8000 Para Uso Residencial o Comercial.<\/p>\n","protected":false},"featured_media":42288,"comment_status":"open","ping_status":"closed","template":"","meta":[],"product_brand":[],"product_cat":[43],"product_tag":[30,45,44],"class_list":{"0":"post-42289","1":"product","2":"type-product","3":"status-publish","4":"has-post-thumbnail","6":"product_cat-termostatos","7":"product_tag-automatizacion-casa-inteligente","8":"product_tag-honeywell-home-resideo","9":"product_tag-termostatos","11":"first","12":"instock","13":"sale","14":"shipping-taxable","15":"purchasable","16":"product-type-simple"},"_links":{"self":[{"href":"https:\/\/soydeaqui.ddns.net\/pachuca\/index.php\/wp-json\/wp\/v2\/product\/42289","targetHints":{"allow":["GET"]}}],"collection":[{"href":"https:\/\/soydeaqui.ddns.net\/pachuca\/index.php\/wp-json\/wp\/v2\/product"}],"about":[{"href":"https:\/\/soydeaqui.ddns.net\/pachuca\/index.php\/wp-json\/wp\/v2\/types\/product"}],"replies":[{"embeddable":true,"href":"https:\/\/soydeaqui.ddns.net\/pachuca\/index.php\/wp-json\/wp\/v2\/comments?post=42289"}],"wp:featuredmedia":[{"embeddable":true,"href":"https:\/\/soydeaqui.ddns.net\/pachuca\/index.php\/wp-json\/wp\/v2\/media\/42288"}],"wp:attachment":[{"href":"https:\/\/soydeaqui.ddns.net\/pachuca\/index.php\/wp-json\/wp\/v2\/media?parent=42289"}],"wp:term":[{"taxonomy":"product_brand","embeddable":true,"href":"https:\/\/soydeaqui.ddns.net\/pachuca\/index.php\/wp-json\/wp\/v2\/product_brand?post=42289"},{"taxonomy":"product_cat","embeddable":true,"href":"https:\/\/soydeaqui.ddns.net\/pachuca\/index.php\/wp-json\/wp\/v2\/product_cat?post=42289"},{"taxonomy":"product_tag","embeddable":true,"href":"https:\/\/soydeaqui.ddns.net\/pachuca\/index.php\/wp-json\/wp\/v2\/product_tag?post=42289"}],"curies":[{"name":"wp","href":"https:\/\/api.w.org\/{rel}","templated":true}]}}