{"id":42281,"date":"2026-03-18T18:37:45","date_gmt":"2026-03-18T18:37:45","guid":{"rendered":"https:\/\/soydeaqui.ddns.net\/pachuca\/index.php\/producto\/termostato-wifi-con-3-de-calor-2-de-frio-programable-inteligente-t6-pro\/"},"modified":"2026-03-18T18:37:46","modified_gmt":"2026-03-18T18:37:46","slug":"termostato-wifi-con-3-de-calor-2-de-frio-programable-inteligente-t6-pro","status":"publish","type":"product","link":"https:\/\/soydeaqui.ddns.net\/pachuca\/index.php\/producto\/termostato-wifi-con-3-de-calor-2-de-frio-programable-inteligente-t6-pro\/","title":{"rendered":"Termostato WiFi Con 3 de Calor \/ 2 de Fr\u00edo, Programable Inteligente T6 PRO"},"content":{"rendered":"<div style='width: 100%; max-width: 1200px; margin: 0 auto; font-family: sans-serif; line-height: 1.6; color: inherit; background-color: transparent;'>\n<div style='display: flex; flex-wrap: wrap; gap: 30px; margin-bottom: 30px;'>\n<div style='flex: 1 1 300px; min-width: 280px;'>\n<h3 style='font-size: 22px; border-bottom: 2px solid currentColor; padding-bottom: 5px; margin-top: 0; color: inherit; opacity: 0.8;'>Descripci\u00f3n General<\/h3>\n<p style='font-size: 15px; color: inherit;'> El T6 Pro Smart ofrece una funcionalidad que es f\u00e1cil de usar y funciones inteligentes que son f\u00e1ciles de amar. Progr\u00e1melo seg\u00fan el horario de los propietarios o deje que se adapte a su vida a medida que cambian los planes. Los propietarios de viviendas pueden ajustarlo desde cualquier lugar utilizando un tel\u00e9fono inteligente o una tableta&comma; lo que garantiza la m\u00e1xima comodidad en el hogar y el ahorro de energ\u00eda&comma; ya sea que est\u00e9n en casa o fuera. <\/p>\n<\/p><\/div>\n<div style='flex: 1 1 300px; min-width: 280px;'>\n<h3 style='font-size: 22px; border-bottom: 2px solid currentColor; padding-bottom: 5px; margin-top: 0; color: inherit; opacity: 0.8;'>Caracter\u00edsticas F\u00edsicas y El\u00e9ctricas<\/h3>\n<ul style='padding-left: 20px; font-size: 15px; color: inherit;'>\n<li style='margin-bottom: 5px;'><strong>Dimensiones:<\/strong> 103.6 mm de largo x 103.6 mm de ancho x 28 mm de profundidad<\/li>\n<li style='margin-bottom: 5px;'><strong>Alimentaci\u00f3n:<\/strong> 20 a 30 VCA<\/li>\n<li style='margin-bottom: 5px;'><strong>Etapas de control:<\/strong> Hasta 2 bombas de calor de calor\/1 de fr\u00edo; Sistemas convencionales de hasta 2 calor\/2 fr\u00edo<\/li>\n<li style='margin-bottom: 5px;'><strong>Rango de Humedad:<\/strong> 5 a 90 % HR&comma; sin condensaci\u00f3n<\/li>\n<li style='margin-bottom: 5px;'><strong>Rango de temperatura:<\/strong> 2.7 \u00b0C a 39 \u00b0C<\/li>\n<li style='margin-bottom: 5px;'><strong>Comunicaci\u00f3n:<\/strong> Wifi<\/li>\n<li style='margin-bottom: 5px;'><strong>Certificaci\u00f3n:<\/strong> ENERGY STAR\u00ae<\/li>\n<\/ul><\/div>\n<div style='flex: 1 1 300px; min-width: 280px;'>\n<h3 style='font-size: 22px; border-bottom: 2px solid currentColor; padding-bottom: 5px; margin-top: 0; color: inherit; opacity: 0.8;'>Caracter\u00edsticas Destacadas<\/h3>\n<ul style='padding-left: 20px; font-size: 15px; color: inherit;'>\n<li style='margin-bottom: 5px;'>TH6320WF2003 Hasta 3H\/2C bomba de calor y 2H\/2C convencional<\/li>\n<li style='margin-bottom: 5px;'>Geofencing&comma; 7 d\u00edas&comma; 5-2&comma; 5-1-1&comma; 1 semana o no programable<\/li>\n<li style='margin-bottom: 5px;'>Utiliza el sistema de montaje UWP que es est\u00e1ndar en todos los termostatos de la serie T<\/li>\n<li style='margin-bottom: 5px;'>La configuraci\u00f3n y la programaci\u00f3n se pueden realizar en la pared del termostato o mediante la aplicaci\u00f3n Resideo App<\/li>\n<li style='margin-bottom: 5px;'>El sencillo proceso de transferencia del propietario permite a los clientes completar el proceso de conexi\u00f3n Wi-Fi por su cuenta<\/li>\n<li style='margin-bottom: 5px;'>Se integra con el hogar inteligente Apple HomeKit y Amazon Alexa para los clientes que desean controlar sus dispositivos dom\u00e9sticos inteligentes desde una sola aplicaci\u00f3n<\/li>\n<li style='margin-bottom: 5px;'>Los clientes pueden programar un horario o usar el control basado en la ubicaci\u00f3n con la tecnolog\u00eda de geo cerca&comma; que usa la ubicaci\u00f3n de su tel\u00e9fono inteligente para ahorrar energ\u00eda cuando est\u00e1n fuera y hacer que el hogar sea c\u00f3modo cuando regresan<\/li>\n<li style='margin-bottom: 5px;'>Incluye: Termostato&comma; sistema de montaje UWP&comma; adaptador de instalaci\u00f3n (caja de conexiones)&comma; placa de cubierta decorativa peque\u00f1a&comma; tornillos y anclajes&comma; gu\u00eda de instalaci\u00f3n y gu\u00eda del usuario<\/li>\n<\/ul><\/div>\n<\/p><\/div>\n<hr style='border: 0; border-top: 1px solid rgba(150&comma; 150&comma; 150&comma; 0.3); margin: 30px 0;'> <\/div>\n","protected":false},"excerpt":{"rendered":"<p>Termostato WiFi Con 3 de Calor \/ 2 de Fr\u00edo, Programable Inteligente T6 PRO<\/p>\n","protected":false},"featured_media":42280,"comment_status":"open","ping_status":"closed","template":"","meta":[],"product_brand":[],"product_cat":[43],"product_tag":[30,45,44],"class_list":{"0":"post-42281","1":"product","2":"type-product","3":"status-publish","4":"has-post-thumbnail","6":"product_cat-termostatos","7":"product_tag-automatizacion-casa-inteligente","8":"product_tag-honeywell-home-resideo","9":"product_tag-termostatos","11":"first","12":"instock","13":"sale","14":"shipping-taxable","15":"purchasable","16":"product-type-simple"},"_links":{"self":[{"href":"https:\/\/soydeaqui.ddns.net\/pachuca\/index.php\/wp-json\/wp\/v2\/product\/42281","targetHints":{"allow":["GET"]}}],"collection":[{"href":"https:\/\/soydeaqui.ddns.net\/pachuca\/index.php\/wp-json\/wp\/v2\/product"}],"about":[{"href":"https:\/\/soydeaqui.ddns.net\/pachuca\/index.php\/wp-json\/wp\/v2\/types\/product"}],"replies":[{"embeddable":true,"href":"https:\/\/soydeaqui.ddns.net\/pachuca\/index.php\/wp-json\/wp\/v2\/comments?post=42281"}],"wp:featuredmedia":[{"embeddable":true,"href":"https:\/\/soydeaqui.ddns.net\/pachuca\/index.php\/wp-json\/wp\/v2\/media\/42280"}],"wp:attachment":[{"href":"https:\/\/soydeaqui.ddns.net\/pachuca\/index.php\/wp-json\/wp\/v2\/media?parent=42281"}],"wp:term":[{"taxonomy":"product_brand","embeddable":true,"href":"https:\/\/soydeaqui.ddns.net\/pachuca\/index.php\/wp-json\/wp\/v2\/product_brand?post=42281"},{"taxonomy":"product_cat","embeddable":true,"href":"https:\/\/soydeaqui.ddns.net\/pachuca\/index.php\/wp-json\/wp\/v2\/product_cat?post=42281"},{"taxonomy":"product_tag","embeddable":true,"href":"https:\/\/soydeaqui.ddns.net\/pachuca\/index.php\/wp-json\/wp\/v2\/product_tag?post=42281"}],"curies":[{"name":"wp","href":"https:\/\/api.w.org\/{rel}","templated":true}]}}