{"id":42275,"date":"2026-03-18T18:37:38","date_gmt":"2026-03-18T18:37:38","guid":{"rendered":"https:\/\/soydeaqui.ddns.net\/pachuca\/index.php\/producto\/termostato-programable-t6-pro-de-2-etapas-de-calor-de-calor-1-frio-o-sistemas-convencionales-de-1-calor-1-frio\/"},"modified":"2026-03-18T18:37:38","modified_gmt":"2026-03-18T18:37:38","slug":"termostato-programable-t6-pro-de-2-etapas-de-calor-de-calor-1-frio-o-sistemas-convencionales-de-1-calor-1-frio","status":"publish","type":"product","link":"https:\/\/soydeaqui.ddns.net\/pachuca\/index.php\/producto\/termostato-programable-t6-pro-de-2-etapas-de-calor-de-calor-1-frio-o-sistemas-convencionales-de-1-calor-1-frio\/","title":{"rendered":"Termostato programable T6 Pro de 2 etapas de calor de calor\/1 fr\u00edo o sistemas convencionales de 1 calor\/1 fr\u00edo"},"content":{"rendered":"<div style='width: 100%; max-width: 1200px; margin: 0 auto; font-family: sans-serif; line-height: 1.6; color: inherit; background-color: transparent;'> <!-- Secci\u00f3n de contenido con flex\/grid --> <\/p>\n<div style='display: flex; flex-wrap: wrap; gap: 30px; margin-bottom: 30px;'>\n<div style='flex: 1 1 300px; min-width: 280px;'>\n<h3 style='font-size: 22px; border-bottom: 2px solid currentColor; padding-bottom: 5px; margin-top: 0; color: inherit; opacity: 0.8;'>Descripci\u00f3n General<\/h3>\n<ul style='padding-left: 20px; font-size: 15px; color: inherit;'>\n<li style='margin-bottom: 5px;'>El termostato programable de la Serie T agiliza todo&comma; desde la selecci\u00f3n e instalaci\u00f3n del producto hasta el servicio y soporte al cliente.<\/li>\n<li style='margin-bottom: 5px;'>Con un tama\u00f1o est\u00e1ndar y una interfaz simple&comma; la Serie T mejorar\u00e1 toda la experiencia del termostato para usted y sus clientes por igual<\/li>\n<\/ul><\/div>\n<div style='flex: 1 1 300px; min-width: 280px;'>\n<h3 style='font-size: 22px; border-bottom: 2px solid currentColor; padding-bottom: 5px; margin-top: 0; color: inherit; opacity: 0.8;'>Caracter\u00edsticas<\/h3>\n<ul style='padding-left: 20px; font-size: 15px; color: inherit;'>\n<li style='margin-bottom: 5px;'>TH6210U Hasta 2 etapas de Calor \/ 1 etapa de Fr\u00edo en sistemas de bomba de calor y 1 etapa de calor \/ 1 etapa de fr\u00edo en sistemas convencionales<\/li>\n<li style='margin-bottom: 5px;'>Programaci\u00f3n de 7 d\u00edas&comma; 5-2&comma; 5-1-1 o no programable<\/li>\n<li style='margin-bottom: 5px;'>Utiliza el sistema de montaje UWP que es est\u00e1ndar en todos los termostatos de la serie T<\/li>\n<li style='margin-bottom: 5px;'>Funcionalidad de bot\u00f3n simple<\/li>\n<\/ul><\/div>\n<div style='flex: 1 1 300px; min-width: 280px;'>\n<h3 style='font-size: 22px; border-bottom: 2px solid currentColor; padding-bottom: 5px; margin-top: 0; color: inherit; opacity: 0.8;'>Especificaciones del producto<\/h3>\n<ul style='padding-left: 20px; font-size: 15px; color: inherit;'>\n<li style='margin-bottom: 5px;'><strong>Dimensiones:<\/strong> 103.6 mm de largo&comma; 103.6 mm de ancho y 28 mm de profundidad<\/li>\n<li style='margin-bottom: 5px;'><strong>Incluye:<\/strong> Termostato&comma; sistema de montaje UWP&comma; adaptador de instalaci\u00f3n (caja de conexiones)&comma; placa de cubierta decorativa peque\u00f1a&comma; tornillos y anclajes&comma; gu\u00eda de instalaci\u00f3n&comma; gu\u00eda del usuario y 2 bater\u00edas AA<\/li>\n<li style='margin-bottom: 5px;'><strong>Voltaje:<\/strong> 20 a 30 VAC<\/li>\n<li style='margin-bottom: 5px;'><strong>Rango de Humedad de funcionamiento (%HR):<\/strong> 5 a 90 % deHR&comma; sin condensaci\u00f3n<\/li>\n<li style='margin-bottom: 5px;'><strong>Opciones de funcionamiento (Sistema):<\/strong> Calor&comma; Apagado&comma; Fr\u00edo y Auto<\/li>\n<li style='margin-bottom: 5px;'><strong>Opciones de funcionamiento (Ventilador):<\/strong> Programa&comma; Auto&comma; Encendido&comma; Circulaci\u00f3n y Seguimiento<\/li>\n<li style='margin-bottom: 5px;'><strong>Rango de temperatura de funcionamiento:<\/strong> 2.7 a 39 \u00b0C<\/li>\n<li style='margin-bottom: 5px;'><strong>Precisi\u00f3n:<\/strong> \u00b1 0.5 \u00b0C<\/li>\n<li style='margin-bottom: 5px;'><strong>Tama\u00f1o de la pantalla:<\/strong> 5.44 Pulgadas cuadradas<\/li>\n<li style='margin-bottom: 5px;'><strong>Rango de ajuste de temperatura:<\/strong> Calor : 4.5 a 32\u00b0C; Fr\u00edo: 10 a 37\u00b0C<\/li>\n<\/ul><\/div>\n<\/p><\/div>\n<p> <!-- Separador --> <\/p>\n<hr style='border: 0; border-top: 1px solid rgba(150&comma; 150&comma; 150&comma; 0.3); margin: 30px 0;'> <\/div>\n","protected":false},"excerpt":{"rendered":"<p>Termostato programable T6 Pro de 2 etapas de calor de calor\/1 fr\u00edo o sistemas convencionales de 1 calor\/1 fr\u00edo<\/p>\n","protected":false},"featured_media":42274,"comment_status":"open","ping_status":"closed","template":"","meta":[],"product_brand":[],"product_cat":[43],"product_tag":[30,45,44],"class_list":{"0":"post-42275","1":"product","2":"type-product","3":"status-publish","4":"has-post-thumbnail","6":"product_cat-termostatos","7":"product_tag-automatizacion-casa-inteligente","8":"product_tag-honeywell-home-resideo","9":"product_tag-termostatos","11":"first","12":"instock","13":"sale","14":"shipping-taxable","15":"purchasable","16":"product-type-simple"},"_links":{"self":[{"href":"https:\/\/soydeaqui.ddns.net\/pachuca\/index.php\/wp-json\/wp\/v2\/product\/42275","targetHints":{"allow":["GET"]}}],"collection":[{"href":"https:\/\/soydeaqui.ddns.net\/pachuca\/index.php\/wp-json\/wp\/v2\/product"}],"about":[{"href":"https:\/\/soydeaqui.ddns.net\/pachuca\/index.php\/wp-json\/wp\/v2\/types\/product"}],"replies":[{"embeddable":true,"href":"https:\/\/soydeaqui.ddns.net\/pachuca\/index.php\/wp-json\/wp\/v2\/comments?post=42275"}],"wp:featuredmedia":[{"embeddable":true,"href":"https:\/\/soydeaqui.ddns.net\/pachuca\/index.php\/wp-json\/wp\/v2\/media\/42274"}],"wp:attachment":[{"href":"https:\/\/soydeaqui.ddns.net\/pachuca\/index.php\/wp-json\/wp\/v2\/media?parent=42275"}],"wp:term":[{"taxonomy":"product_brand","embeddable":true,"href":"https:\/\/soydeaqui.ddns.net\/pachuca\/index.php\/wp-json\/wp\/v2\/product_brand?post=42275"},{"taxonomy":"product_cat","embeddable":true,"href":"https:\/\/soydeaqui.ddns.net\/pachuca\/index.php\/wp-json\/wp\/v2\/product_cat?post=42275"},{"taxonomy":"product_tag","embeddable":true,"href":"https:\/\/soydeaqui.ddns.net\/pachuca\/index.php\/wp-json\/wp\/v2\/product_tag?post=42275"}],"curies":[{"name":"wp","href":"https:\/\/api.w.org\/{rel}","templated":true}]}}