{"id":4227,"date":"2026-03-18T06:16:54","date_gmt":"2026-03-18T06:16:54","guid":{"rendered":"https:\/\/soydeaqui.ddns.net\/pachuca\/index.php\/producto\/tag-adhesivo-rfid-uhf-uso-en-equipos-hospitalarios-o-de-alto-cuidado\/"},"modified":"2026-03-18T06:16:54","modified_gmt":"2026-03-18T06:16:54","slug":"tag-adhesivo-rfid-uhf-uso-en-equipos-hospitalarios-o-de-alto-cuidado","status":"publish","type":"product","link":"https:\/\/soydeaqui.ddns.net\/pachuca\/index.php\/producto\/tag-adhesivo-rfid-uhf-uso-en-equipos-hospitalarios-o-de-alto-cuidado\/","title":{"rendered":"TAG Adhesivo \/ RFID UHF\/ USO en equipos hospitalarios o de alto cuidado"},"content":{"rendered":"<div style='width: 100%; max-width: 1200px; margin: 0 auto; font-family: sans-serif; line-height: 1.6; color: inherit; background-color: transparent;'>\n<div style='width: 100%; margin-bottom: 30px;'> <img style='width: 100%; height: auto; border: 1px solid rgba(150&comma;150&comma;150&comma;0.3); border-radius: 8px;' src='https:\/\/scontent.fcuu2-1.fna.fbcdn.net\/v\/t1.6435-9\/67541985_2351788168239971_5125467276438405120_n.png?_nc_cat=108&#038;ccb=1-7&#038;_nc_sid=2c4854&#038;_nc_ohc=YcUj3QU6PccAX_Wo1T-&#038;_nc_ht=scontent.fcuu2-1.fna&#038;oh=00_AfDQ_GIDH2rBNfvLXqSel1tp9nDjPLjIBWX7eX6rr2Gdpg&#038;oe=654CE7CC' alt=''> <\/div>\n<div style='display: flex; flex-wrap: wrap; gap: 30px; margin-bottom: 30px;'>\n<div style='flex: 1 1 300px; min-width: 280px;'>\n<h3 style='font-size: 22px; border-bottom: 2px solid currentColor; padding-bottom: 5px; margin-top: 0; color: inherit; opacity: 0.8;'>Caracter\u00edsticas Principales<\/h3>\n<ul style='padding-left: 20px; font-size: 15px; color: inherit;'>\n<li style='margin-bottom: 5px;'>Peque\u00f1a dimension<\/li>\n<li style='margin-bottom: 5px;'>Alta flexibilidad<\/li>\n<li style='margin-bottom: 5px;'>Alto rendimiento en lecturas de largo alcance<\/li>\n<\/ul><\/div>\n<div style='flex: 1 1 300px; min-width: 280px;'>\n<h3 style='font-size: 22px; border-bottom: 2px solid currentColor; padding-bottom: 5px; margin-top: 0; color: inherit; opacity: 0.8;'>Caracter\u00edsticas F\u00edsicas y El\u00e9ctricas<\/h3>\n<ul style='padding-left: 20px; font-size: 15px; color: inherit;'>\n<li style='margin-bottom: 5px;'><strong>Frecuencia:<\/strong> 866\/928 MHz<\/li>\n<li style='margin-bottom: 5px;'><strong>Distancia de lectura:<\/strong> 7.5 metros<\/li>\n<li style='margin-bottom: 5px;'><strong>Memoria:<\/strong> 96 EPC TID 64 bir User 512 bit<\/li>\n<li style='margin-bottom: 5px;'><strong>Retencion de datos:<\/strong> 50 a\u00f1os<\/li>\n<li style='margin-bottom: 5px;'><strong>Temperatura de Operacion:<\/strong> -30\u00b0 C a 85\u00b0C<\/li>\n<li style='margin-bottom: 5px;'><strong>IP54<\/strong><\/li>\n<\/ul><\/div>\n<div style='flex: 1 1 300px; min-width: 280px;'>\n<h3 style='font-size: 22px; border-bottom: 2px solid currentColor; padding-bottom: 5px; margin-top: 0; color: inherit; opacity: 0.8;'>Caracter\u00edsticas Destacadas<\/h3>\n<ul style='padding-left: 20px; font-size: 15px; color: inherit;'>\n<li style='margin-bottom: 5px;'>Cumple con ISO\/IEC 18000-6<\/li>\n<li style='margin-bottom: 5px;'>Apto para superficies metalicas y no metalicas<\/li>\n<li style='margin-bottom: 5px;'>RFID<\/li>\n<\/ul><\/div>\n<\/p><\/div>\n<hr style='border: 0; border-top: 1px solid rgba(150&comma; 150&comma; 150&comma; 0.3); margin: 30px 0;'> <\/div>\n","protected":false},"excerpt":{"rendered":"<p>TAG Adhesivo \/ RFID UHF\/ USO en equipos hospitalarios o de alto cuidado<\/p>\n","protected":false},"featured_media":4226,"comment_status":"open","ping_status":"closed","template":"","meta":[],"product_brand":[],"product_cat":[151],"product_tag":[152,153,126],"class_list":{"0":"post-4227","1":"product","2":"type-product","3":"status-publish","4":"has-post-thumbnail","6":"product_cat-atencion-sociosanitaria","7":"product_tag-atencion-sociosanitaria","8":"product_tag-ibernex","9":"product_tag-sistemas-de-emergencia","11":"first","12":"outofstock","13":"sale","14":"shipping-taxable","15":"purchasable","16":"product-type-simple"},"_links":{"self":[{"href":"https:\/\/soydeaqui.ddns.net\/pachuca\/index.php\/wp-json\/wp\/v2\/product\/4227","targetHints":{"allow":["GET"]}}],"collection":[{"href":"https:\/\/soydeaqui.ddns.net\/pachuca\/index.php\/wp-json\/wp\/v2\/product"}],"about":[{"href":"https:\/\/soydeaqui.ddns.net\/pachuca\/index.php\/wp-json\/wp\/v2\/types\/product"}],"replies":[{"embeddable":true,"href":"https:\/\/soydeaqui.ddns.net\/pachuca\/index.php\/wp-json\/wp\/v2\/comments?post=4227"}],"wp:featuredmedia":[{"embeddable":true,"href":"https:\/\/soydeaqui.ddns.net\/pachuca\/index.php\/wp-json\/wp\/v2\/media\/4226"}],"wp:attachment":[{"href":"https:\/\/soydeaqui.ddns.net\/pachuca\/index.php\/wp-json\/wp\/v2\/media?parent=4227"}],"wp:term":[{"taxonomy":"product_brand","embeddable":true,"href":"https:\/\/soydeaqui.ddns.net\/pachuca\/index.php\/wp-json\/wp\/v2\/product_brand?post=4227"},{"taxonomy":"product_cat","embeddable":true,"href":"https:\/\/soydeaqui.ddns.net\/pachuca\/index.php\/wp-json\/wp\/v2\/product_cat?post=4227"},{"taxonomy":"product_tag","embeddable":true,"href":"https:\/\/soydeaqui.ddns.net\/pachuca\/index.php\/wp-json\/wp\/v2\/product_tag?post=4227"}],"curies":[{"name":"wp","href":"https:\/\/api.w.org\/{rel}","templated":true}]}}