{"id":42267,"date":"2026-03-18T18:37:24","date_gmt":"2026-03-18T18:37:24","guid":{"rendered":"https:\/\/soydeaqui.ddns.net\/pachuca\/index.php\/producto\/punta-pararrayos-en-acero-inoxidable-para-80-m-de-diametro-de-proteccion-con-electrodo-y-mejorador-de-terreno\/"},"modified":"2026-03-18T18:37:25","modified_gmt":"2026-03-18T18:37:25","slug":"punta-pararrayos-en-acero-inoxidable-para-80-m-de-diametro-de-proteccion-con-electrodo-y-mejorador-de-terreno","status":"publish","type":"product","link":"https:\/\/soydeaqui.ddns.net\/pachuca\/index.php\/producto\/punta-pararrayos-en-acero-inoxidable-para-80-m-de-diametro-de-proteccion-con-electrodo-y-mejorador-de-terreno\/","title":{"rendered":"Punta Pararrayos en acero inoxidable para 80 m de Di\u00e1metro de Protecci\u00f3n con Electrodo y Mejorador de Terreno."},"content":{"rendered":"<div style='width: 100%; max-width: 1200px; margin: 0 auto; font-family: sans-serif; line-height: 1.6; color: inherit; background-color: transparent;'>\n<div style='display: flex; flex-direction: column; gap: 30px;'>\n<div style='width: 100%;'> <img style='width: 100%; height: auto; border: 1px solid rgba(150&comma;150&comma;150&comma;0.3); border-radius: 8px;' src='https:\/\/ftp3.syscom.mx\/usuarios\/fotos\/KDALU\/76017-total_ground.jpg' alt=''> <\/div>\n<div style='display: flex; flex-wrap: wrap; gap: 30px;'>\n<div style='flex: 1 1 300px; min-width: 280px;'>\n<h3 style='font-size: 22px; border-bottom: 2px solid currentColor; padding-bottom: 5px; margin-top: 0; color: inherit; opacity: 0.8;'>Descripci\u00f3n del producto<\/h3>\n<ul style='padding-left: 20px; font-size: 15px; color: inherit;'>\n<li style='margin-bottom: 5px; color: #c0392b;'><strong style='color: #c0392b;'>Ofrece 80m de di\u00e1metro de protecci\u00f3n.<\/strong><\/li>\n<li style='margin-bottom: 5px;'><strong>Componentes:<\/strong><\/li>\n<\/ul><\/div>\n<div style='flex: 2 1 500px; min-width: 280px;'>\n<p style='font-size: 15px; color: inherit;'>El sistema de pararrayos KDA-LU es un sistema de protecci\u00f3n contra tormentas el\u00e9ctricas (SPTE). Sirve para interceptar&comma; conducir y disipar la corriente del rayo y de elementos internos mediante uniones&comma; blindaje y puesta a tierra. El objetivo de un SPTE es reducir el riesgo de da\u00f1o tanto para las personas y otros seres vivos&comma; as\u00ed como estructuras&comma; edificios y su contenido.<\/p>\n<\/p><\/div>\n<\/p><\/div>\n<div style='display: flex; flex-wrap: wrap; gap: 20px;'>\n<div style='flex: 1 1 250px; border: 1px solid rgba(150&comma; 150&comma; 150&comma; 0.4); border-radius: 8px; overflow: hidden; display: flex; flex-direction: column;'>\n<div style='padding: 15px; border-bottom: 1px solid rgba(150&comma; 150&comma; 150&comma; 0.2); font-weight: bold; font-size: 18px; color: inherit;'>Componentes del sistema<\/div>\n<div style='padding: 15px; color: inherit;'>\n<ul style='padding-left: 20px; margin: 0; font-size: 14px; list-style-type: disc;'>\n<li style='margin-bottom: 5px;'><strong>Sistema de pararrayos:<\/strong> KDA-LU<\/li>\n<li style='margin-bottom: 5px;'><strong>Modelo:<\/strong> KDALUINOX<\/li>\n<li style='margin-bottom: 5px;'><strong>Marca:<\/strong> TOTAL GROUND<\/li>\n<\/ul><\/div>\n<\/p><\/div>\n<div style='flex: 1 1 250px; border: 1px solid rgba(150&comma; 150&comma; 150&comma; 0.4); border-radius: 8px; overflow: hidden; display: flex; flex-direction: column;'>\n<div style='padding: 15px; border-bottom: 1px solid rgba(150&comma; 150&comma; 150&comma; 0.2); font-weight: bold; font-size: 18px; color: inherit;'>Accesorios incluidos<\/div>\n<div style='padding: 15px; color: inherit;'>\n<ul style='padding-left: 20px; margin: 0; font-size: 14px; list-style-type: disc;'>\n<li style='margin-bottom: 5px;'>Registro para electrodo S610<\/li>\n<li style='margin-bottom: 5px;'>Spray protector para conectores ANTIOX<\/li>\n<li style='margin-bottom: 5px;'>3 Conectores de Bronce TGCR11<\/li>\n<li style='margin-bottom: 5px;'>2 Conectores de varilla TGAB18<\/li>\n<\/ul><\/div>\n<\/p><\/div>\n<div style='flex: 1 1 250px; border: 1px solid rgba(150&comma; 150&comma; 150&comma; 0.4); border-radius: 8px; overflow: hidden; display: flex; flex-direction: column;'>\n<div style='padding: 15px; border-bottom: 1px solid rgba(150&comma; 150&comma; 150&comma; 0.2); font-weight: bold; font-size: 18px; color: inherit;'>Accesorios recomendados<\/div>\n<div style='padding: 15px; color: inherit;'>\n<ul style='padding-left: 20px; margin: 0; font-size: 14px; list-style-type: disc;'>\n<li style='margin-bottom: 5px;'><a href='https:\/\/www.syscom.mx\/producto\/SMMK4-SYSCOM-TOWERS-88255.html' target='_blank' rel='noopener' style='color: #2880b9; text-decoration: underline;'>SMMK4<\/a> o <a href='https:\/\/www.syscom.mx\/producto\/SMMK4E-SYSCOM-TOWERS-189540.html' target='_blank' rel='noopener' style='color: #2880b9; text-decoration: underline;'>SMMK4E<\/a> &#8211; Herraje Adaptador de M\u00e1stil para Di\u00e1metros desde 3\/4&#8242; hasta 2-1\/4&#8242;<\/li>\n<li style='margin-bottom: 5px;'><a href='https:\/\/www.syscom.mx\/producto\/TG-CDA-TOTAL-GROUND-76233.html' target='_blank' rel='noopener' style='color: #2880b9; text-decoration: underline;'>TGCDA<\/a> &#8211; Contador de Descargas Atmosf\u00e9ricas<\/li>\n<li style='margin-bottom: 5px;'><a href='https:\/\/www.syscom.mx\/producto\/TG-AC-TOTAL-GROUND-76016.html' target='_blank' rel='noopener' style='color: #2880b9; text-decoration: underline;'>TGAC<\/a> o <a href='https:\/\/www.syscom.mx\/producto\/TG-AC-114-TOTAL-GROUND-85849.html' target='_blank' rel='noopener' style='color: #2880b9; text-decoration: underline;'>TGAC114<\/a> &#8211; Aislador para cable de bajada<\/li>\n<li style='margin-bottom: 5px;'><a href='https:\/\/www.syscom.mx\/producto\/SLMBA8G-SYSCOM-TOWERS-186386.html' target='_blank' rel='noopener' style='color: #2880b9; text-decoration: underline;'>SLMBA8G<\/a> &#8211; Base para M\u00e1stil con Ajuste de \u00c1ngulo. Di\u00e1metros de Mastil: 1&#8242; a 2&#8242;<\/li>\n<li style='margin-bottom: 5px;'><a href='https:\/\/www.syscom.mx\/producto\/SM-ALU3-SYSCOM-TOWERS-142062.html' target='_blank' rel='noopener' style='color: #2880b9; text-decoration: underline;'>SM-ALU-3<\/a>&comma; <a href='https:\/\/www.syscom.mx\/producto\/SM-ALU2-SYSCOM-TOWERS-142216.html' target='_blank' rel='noopener' style='color: #2880b9; text-decoration: underline;'>SM-ALU-2<\/a> o <a href='https:\/\/www.syscom.mx\/producto\/SM-ALU-6-SYSCOM-TOWERS-162922.html' target='_blank' rel='noopener' style='color: #2880b9; text-decoration: underline;'>SM-ALU-6<\/a> &#8211; M\u00e1stil de Aluminio Natural 2&#8242; de Di\u00e1metro&comma; Calibre 18. Altura: 2&comma; 3 o 6 m<\/li>\n<\/ul><\/div>\n<\/p><\/div>\n<\/p><\/div>\n<div style='display: flex; flex-direction: column; gap: 15px;'>\n<h3 style='font-size: 22px; border-bottom: 2px solid currentColor; padding-bottom: 5px; margin-top: 0; color: inherit; opacity: 0.8;'>Especificaciones t\u00e9cnicas<\/h3>\n<div style='display: flex; flex-wrap: wrap; gap: 20px;'>\n<div style='flex: 1 1 250px; border: 1px solid rgba(150&comma; 150&comma; 150&comma; 0.4); border-radius: 8px; overflow: hidden; display: flex; flex-direction: column;'>\n<div style='padding: 15px; border-bottom: 1px solid rgba(150&comma; 150&comma; 150&comma; 0.2); font-weight: bold; font-size: 18px; color: inherit;'>Caracter\u00edsticas<\/div>\n<div style='padding: 15px; color: inherit;'>\n<ul style='padding-left: 20px; margin: 0; font-size: 14px; list-style-type: disc;'>\n<li style='margin-bottom: 5px;'><strong>Dise\u00f1o:<\/strong> Aluminio de alta conductividad<\/li>\n<li style='margin-bottom: 5px;'><strong>Funci\u00f3n:<\/strong> Sistema de protecci\u00f3n externo contra tormentas el\u00e9ctricas (SEPTE)<\/li>\n<li style='margin-bottom: 5px;'><strong>Reducci\u00f3n de ca\u00eddas:<\/strong> Hasta 95% debido a su funcionamiento magnetoactivo<\/li>\n<\/ul><\/div>\n<\/p><\/div>\n<div style='flex: 1 1 250px; border: 1px solid rgba(150&comma; 150&comma; 150&comma; 0.4); border-radius: 8px; overflow: hidden; display: flex; flex-direction: column;'>\n<div style='padding: 15px; border-bottom: 1px solid rgba(150&comma; 150&comma; 150&comma; 0.2); font-weight: bold; font-size: 18px; color: inherit;'>Normas y est\u00e1ndares<\/div>\n<div style='padding: 15px; color: inherit;'>\n<ul style='padding-left: 20px; margin: 0; font-size: 14px; list-style-type: disc;'>\n<li style='margin-bottom: 5px;'><strong>NMX-J-549-ANCE-2005:<\/strong> Sistema de protecci\u00f3n contra tormentas el\u00e9ctricas<\/li>\n<li style='margin-bottom: 5px;'><strong>SPTE:<\/strong> Sistema de protecci\u00f3n externo contra tormentas el\u00e9ctricas<\/li>\n<li style='margin-bottom: 5px;'><strong>SIPTE:<\/strong> Sistema interno de protecci\u00f3n contra tormentas el\u00e9ctricas<\/li>\n<\/ul><\/div>\n<\/p><\/div>\n<div style='flex: 1 1 250px; border: 1px solid rgba(150&comma; 150&comma; 150&comma; 0.4); border-radius: 8px; overflow: hidden; display: flex; flex-direction: column;'>\n<div style='padding: 15px; border-bottom: 1px solid rgba(150&comma; 150&comma; 150&comma; 0.2); font-weight: bold; font-size: 18px; color: inherit;'>Especificaciones f\u00edsicas<\/div>\n<div style='padding: 15px; color: inherit;'>\n<ul style='padding-left: 20px; margin: 0; font-size: 14px; list-style-type: disc;'>\n<li style='margin-bottom: 5px;'><strong>Dimensiones de empaque:<\/strong> 87 x 35.5 x 26.5 cm<\/li>\n<li style='margin-bottom: 5px;'><strong>Peso de empaque:<\/strong> 18 kg<\/li>\n<\/ul><\/div>\n<\/p><\/div>\n<\/p><\/div>\n<\/p><\/div>\n<div style='display: flex; flex-direction: column; gap: 15px;'>\n<h3 style='font-size: 22px; border-bottom: 2px solid currentColor; padding-bottom: 5px; margin-top: 0; color: inherit; opacity: 0.8;'>Documentaci\u00f3n y recursos<\/h3>\n<div style='display: flex; flex-wrap: wrap; gap: 20px;'>\n<div style='flex: 1 1 300px; border: 1px solid rgba(150&comma; 150&comma; 150&comma; 0.4); border-radius: 8px; overflow: hidden; display: flex; flex-direction: column;'>\n<div style='padding: 15px; border-bottom: 1px solid rgba(150&comma; 150&comma; 150&comma; 0.2); font-weight: bold; font-size: 18px; color: inherit;'>Manual del usuario<\/div>\n<div style='padding: 15px; color: inherit;'>\n<p style='margin-bottom: 10px; font-size: 14px; color: inherit;'>Punta captadora de rayos y conductora de corriente dise\u00f1ada en aluminio de alta conductividad la que forma parte de un sistema de protecci\u00f3n externo contra tormentas el\u00e9ctricas (SEPTE)&comma; para reducir el riesgo de da\u00f1o que puede provocar un rayo.<\/p>\n<p style='font-size: 14px; color: inherit;'>Se recomienda tomar en cuenta la Norma NMX-J-549-ANCE-2005 que sugiere que un sistema de protecci\u00f3n contra tormentas el\u00e9ctricas (SPTE) debe contar con un sistema interno de protecci\u00f3n contra tormentas el\u00e9ctricas (SIPTE) y otro externo de protecci\u00f3n contra tormentas el\u00e9ctricas (SEPTE).<\/p>\n<\/p><\/div>\n<\/p><\/div>\n<div style='flex: 1 1 300px; border: 1px solid rgba(150&comma; 150&comma; 150&comma; 0.4); border-radius: 8px; overflow: hidden; display: flex; flex-direction: column;'>\n<div style='padding: 15px; border-bottom: 1px solid rgba(150&comma; 150&comma; 150&comma; 0.2); font-weight: bold; font-size: 18px; color: inherit;'>Recursos adicionales<\/div>\n<div style='padding: 15px; color: inherit;'>\n<ul style='padding-left: 20px; margin: 0; font-size: 14px; list-style-type: disc;'>\n<li style='margin-bottom: 5px;'><a href='https:\/\/www.syscom.mx\/producto\/S-610-TOTAL-GROUND-75929.html' target='_blank' rel='noopener' style='color: #2880b9; text-decoration: underline;'>S610<\/a> &#8211; Registro para electrodo<\/li>\n<li style='margin-bottom: 5px;'><a href='https:\/\/www.syscom.mx\/producto\/ANTIOX-TOTAL-GROUND-75931.html' target='_blank' rel='noopener' style='color: #2880b9; text-decoration: underline;'>ANTIOX<\/a> &#8211; Spray protector para conectores<\/li>\n<li style='margin-bottom: 5px;'><a href='https:\/\/www.syscom.mx\/producto\/TG-CR11-TOTAL-GROUND-76026.html' target='_blank' rel='noopener' style='color: #2880b9; text-decoration: underline;'>TGCR11<\/a> &#8211; Conector de Bronce<\/li>\n<li style='margin-bottom: 5px;'><a href='https:\/\/www.syscom.mx\/producto\/TG-AB18-TOTAL-GROUND-76028.html' target='_blank' rel='noopener' style='color: #2880b9; text-decoration: underline;'>TGAB18<\/a> &#8211; Conector de varilla<\/li>\n<li style='margin-bottom: 5px;'><a href='https:\/\/www.syscom.mx\/producto\/SLY-346-BLK-INDIANA-176872.html' target='_blank' rel='noopener' style='color: #2880b9; text-decoration: underline;'>SLY346BLK<\/a> &#8211; Cable de Cobre Recubierto THW-LS Calibre 2\/0 AWG<\/li>\n<\/ul><\/div>\n<\/p><\/div>\n<\/p><\/div>\n<\/p><\/div>\n<div style='display: flex; flex-direction: column; gap: 15px;'>\n<h3 style='font-size: 22px; border-bottom: 2px solid currentColor; padding-bottom: 5px; margin-top: 0; color: inherit; opacity: 0.8;'>Dimensiones<\/h3>\n<div style='width: 100%;'> <img style='width: 100%; height: auto; border: 1px solid rgba(150&comma;150&comma;150&comma;0.3); border-radius: 8px;' src='https:\/\/ftp3.syscom.mx\/usuarios\/fotos\/KDALU\/76017-kdadetalles.jpg' alt=''> <\/div>\n<\/p><\/div>\n<div style='display: flex; flex-direction: column; gap: 15px;'>\n<h3 style='font-size: 22px; border-bottom: 2px solid currentColor; padding-bottom: 5px; margin-top: 0; color: inherit; opacity: 0.8;'>Recursos multimedia<\/h3>\n<div style='display: flex; flex-wrap: wrap; gap: 20px;'>\n<div style='flex: 1 1 500px;'>\n<div style='position: relative; padding-bottom: 56.25%; height: 0; overflow: hidden;'>   <\/div>\n<p style='margin-top: 10px; font-size: 14px; color: inherit; text-align: center;'><a href='https:\/\/www.youtube.com\/watch?v=Vw8lGg4-fQk' target='_blank' rel='noopener' style='color: #2880b9; text-decoration: underline;'>Curso b\u00e1sico para selecci\u00f3n e implementaci\u00f3n de sistemas de protecci\u00f3n<\/a><\/p>\n<\/p><\/div>\n<div style='flex: 1 1 500px;'>\n<div style='position: relative; padding-bottom: 56.25%; height: 0; overflow: hidden;'>   <\/div>\n<p style='margin-top: 10px; font-size: 14px; color: inherit; text-align: center;'><a href='https:\/\/www.youtube.com\/watch?v=w2TCtYLXk-c' target='_blank' rel='noopener' style='color: #2880b9; text-decoration: underline;'>WEBINAR 1: B\u00e1sico de tierras f\u00edsicas y pararrayos<\/a><\/p>\n<\/p><\/div>\n<div style='flex: 1 1 500px;'>\n<div style='position: relative; padding-bottom: 56.25%; height: 0; overflow: hidden;'>   <\/div>\n<p style='margin-top: 10px; font-size: 14px; color: inherit; text-align: center;'><a href='https:\/\/www.youtube.com\/watch?v=Y4p2ZVsC6s' target='_blank' rel='noopener' style='color: #2880b9; text-decoration: underline;'>WEBINAR 2: Instalaci\u00f3n de tierras f\u00edsicas y pararrayos<\/a><\/p>\n<\/p><\/div>\n<div style='flex: 1 1 500px;'>\n<div style='position: relative; padding-bottom: 56.25%; height: 0; overflow: hidden;'>   <\/div>\n<p style='margin-top: 10px; font-size: 14px; color: inherit; text-align: center;'><a href='https:\/\/www.youtube.com\/watch?v=O2XW-RmWKqc' target='_blank' rel='noopener' style='color: #2880b9; text-decoration: underline;'>WEBINAR 3: Sistemas de pararrayo TOTAL GROUND<\/a><\/p>\n<\/p><\/div>\n<\/p><\/div>\n<\/p><\/div>\n<\/p><\/div>\n<\/p><\/div>\n","protected":false},"excerpt":{"rendered":"<p>Punta Pararrayos en acero inoxidable para 80 m de Di\u00e1metro de Protecci\u00f3n con Electrodo y Mejorador de Terreno.<\/p>\n","protected":false},"featured_media":42266,"comment_status":"open","ping_status":"closed","template":"","meta":[],"product_brand":[],"product_cat":[1161],"product_tag":[1088,1162,635],"class_list":{"0":"post-42267","1":"product","2":"type-product","3":"status-publish","4":"has-post-thumbnail","6":"product_cat-pararrayos","7":"product_tag-calidad-de-la-energia","8":"product_tag-pararrayos","9":"product_tag-total-ground","11":"first","12":"outofstock","13":"sale","14":"shipping-taxable","15":"purchasable","16":"product-type-simple"},"_links":{"self":[{"href":"https:\/\/soydeaqui.ddns.net\/pachuca\/index.php\/wp-json\/wp\/v2\/product\/42267","targetHints":{"allow":["GET"]}}],"collection":[{"href":"https:\/\/soydeaqui.ddns.net\/pachuca\/index.php\/wp-json\/wp\/v2\/product"}],"about":[{"href":"https:\/\/soydeaqui.ddns.net\/pachuca\/index.php\/wp-json\/wp\/v2\/types\/product"}],"replies":[{"embeddable":true,"href":"https:\/\/soydeaqui.ddns.net\/pachuca\/index.php\/wp-json\/wp\/v2\/comments?post=42267"}],"wp:featuredmedia":[{"embeddable":true,"href":"https:\/\/soydeaqui.ddns.net\/pachuca\/index.php\/wp-json\/wp\/v2\/media\/42266"}],"wp:attachment":[{"href":"https:\/\/soydeaqui.ddns.net\/pachuca\/index.php\/wp-json\/wp\/v2\/media?parent=42267"}],"wp:term":[{"taxonomy":"product_brand","embeddable":true,"href":"https:\/\/soydeaqui.ddns.net\/pachuca\/index.php\/wp-json\/wp\/v2\/product_brand?post=42267"},{"taxonomy":"product_cat","embeddable":true,"href":"https:\/\/soydeaqui.ddns.net\/pachuca\/index.php\/wp-json\/wp\/v2\/product_cat?post=42267"},{"taxonomy":"product_tag","embeddable":true,"href":"https:\/\/soydeaqui.ddns.net\/pachuca\/index.php\/wp-json\/wp\/v2\/product_tag?post=42267"}],"curies":[{"name":"wp","href":"https:\/\/api.w.org\/{rel}","templated":true}]}}