{"id":42260,"date":"2026-03-18T18:37:14","date_gmt":"2026-03-18T18:37:14","guid":{"rendered":"https:\/\/soydeaqui.ddns.net\/pachuca\/index.php\/producto\/fuente-de-poder-industrial-48-vcc-10a-480w-funcion-relay-vcc-funcion-de-conexion-paralelo-riel-din\/"},"modified":"2026-03-18T18:37:22","modified_gmt":"2026-03-18T18:37:22","slug":"fuente-de-poder-industrial-48-vcc-10a-480w-funcion-relay-vcc-funcion-de-conexion-paralelo-riel-din","status":"publish","type":"product","link":"https:\/\/soydeaqui.ddns.net\/pachuca\/index.php\/producto\/fuente-de-poder-industrial-48-vcc-10a-480w-funcion-relay-vcc-funcion-de-conexion-paralelo-riel-din\/","title":{"rendered":"Fuente de Poder Industrial 48 Vcc @ 10A \/ 480W \/ Funci\u00f3n relay Vcc  \/ Funci\u00f3n de Conexi\u00f3n Paralelo \/ Riel Din"},"content":{"rendered":"<div style='width: 100%; max-width: 1200px; margin: 0 auto; font-family: sans-serif; line-height: 1.6; color: inherit; background-color: transparent;'>\n<div style='text-align: center; margin-bottom: 30px;'>\n<h1 style='font-size: 28px; margin: 0; color: inherit;'><strong>SDR48048<\/strong><\/h1>\n<h3 style='margin: 10px 0; color: inherit;'>Fuente de alimentaci\u00f3n Din Riel 48 Vcc @ 480 W ; @ 10 Amper<\/h3>\n<h3 style='margin: 10px 0; color: inherit; font-weight: bold;'> Funci\u00f3n de conexi\u00f3n paralelo 3&comma;840 W ( 7 + 1 ) y Funci\u00f3n relay Vcc. <\/h3>\n<\/p><\/div>\n<div style='text-align: center; margin: 0 70px 30px; color: inherit;'>\n<p style='margin: 0; padding: 0;'><strong>Sistemas de alimentaci\u00f3n para aplicaciones en sistemas de seguridad electr\u00f3nica y comunicaci\u00f3n.<\/strong><\/p>\n<\/p><\/div>\n<p> <!-- CARACTERISTICIAS Y ESPECIFICACIONES --> <\/p>\n<div style='display: flex; flex-wrap: wrap; gap: 30px; margin-bottom: 30px;'>\n<div style='flex: 1 1 300px; min-width: 280px;'> <img style='width: 100%; height: auto; border: 1px solid rgba(150&comma;150&comma;150&comma;0.3); border-radius: 8px; margin-bottom: 15px;' src='https:\/\/ftp3.syscom.mx\/usuarios\/fotos\/BancoFotografiasSyscom\/EPCOMPOWERLINE\/SDR48048\/SDR48048-p.PNG' alt=''> <\/p>\n<h3 style='font-size: 22px; border-bottom: 2px solid currentColor; padding-bottom: 5px; margin-top: 0; color: inherit; opacity: 0.8;'>Caracter\u00edsticas<\/h3>\n<ul style='padding-left: 20px; font-size: 15px; color: inherit;'>\n<li style='margin-bottom: 5px;'>Voltaje de entrada: 100-240 Vca<\/li>\n<li style='margin-bottom: 5px;'><strong>Voltaje de salida : 48 Vcc *+ \/- 5 %<\/strong><\/li>\n<li style='margin-bottom: 5px;'><strong>Corriente de salida en 48 V : 10 Amper<\/strong><\/li>\n<li style='margin-bottom: 5px;'>Frecuencia nominal : 50-60 Hz<\/li>\n<li style='margin-bottom: 5px;'><strong>Potencia de salida : 480 W<\/strong><\/li>\n<li style='margin-bottom: 5px;'><strong>Funci\u00f3n Relay : Vcc<\/strong><\/li>\n<li style='margin-bottom: 5px;'><strong>Funci\u00f3n de conexi\u00f3n paralelo 3&comma;840 W ( 7 + 1 )<\/strong><\/li>\n<\/ul><\/div>\n<div style='flex: 1 1 300px; min-width: 280px;'> <img style='width: 100%; height: auto; border: 1px solid rgba(150&comma;150&comma;150&comma;0.3); border-radius: 8px; margin-bottom: 15px;' src='https:\/\/ftp3.syscom.mx\/usuarios\/fotos\/BancoFotografiasSyscom\/EPCOMPOWERLINE\/SDR48048\/SDR48048-AD-2-p.PNG' alt=''> <\/p>\n<h3 style='font-size: 22px; border-bottom: 2px solid currentColor; padding-bottom: 5px; margin-top: 0; color: inherit; opacity: 0.8;'>Especificaciones F\u00edsicas<\/h3>\n<ul style='padding-left: 20px; font-size: 15px; color: inherit;'>\n<li style='margin-bottom: 5px;'>Entrada : Terminales tipo tornillo<\/li>\n<li style='margin-bottom: 5px;'>Salida : Terminales tipo tornillo<\/li>\n<li style='margin-bottom: 5px;'>Material : Pl\u00e1stico ABS<\/li>\n<li style='margin-bottom: 5px;'>Color : Negro<\/li>\n<li style='margin-bottom: 5px;'><strong>Temperatura de operaci\u00f3n : -20 \u00b0C a 70 \u00b0C<\/strong><\/li>\n<li style='margin-bottom: 5px;'>Dimensiones ( L x W x H ): 120.4 x 88.2 x 126.6 mm.<\/li>\n<\/ul><\/div>\n<div style='flex: 1 1 300px; min-width: 280px;'> <img style='width: 100%; height: auto; border: 1px solid rgba(150&comma;150&comma;150&comma;0.3); border-radius: 8px; margin-bottom: 15px;' src='https:\/\/ftp3.syscom.mx\/usuarios\/fotos\/BancoFotografiasSyscom\/EPCOMPOWERLINE\/SDR48048\/SDR48048-AD-1-p.PNG' alt=''> <\/p>\n<h3 style='font-size: 22px; border-bottom: 2px solid currentColor; padding-bottom: 5px; margin-top: 0; color: inherit; opacity: 0.8;'>Productos relacionados<\/h3>\n<ul style='padding-left: 20px; font-size: 15px; color: inherit;'>\n<li style='margin-bottom: 5px;'><strong>SDR4808<\/strong><\/li>\n<li style='margin-bottom: 5px;'><strong>HDR6012<\/strong><\/li>\n<li style='margin-bottom: 5px;'><strong>HDR6024<\/strong><\/li>\n<\/ul><\/div>\n<\/p><\/div>\n<p> <!-- Video --> <\/p>\n<div style='margin: 30px 0;'>\n<div style='position: relative; padding-bottom: 56.25%; height: 0; overflow: hidden;'>   <\/div>\n<\/p><\/div>\n<p> <!-- Separador --> <\/p>\n<hr style='border: 0; border-top: 1px solid rgba(150&comma; 150&comma; 150&comma; 0.3); margin: 30px 0;'> <\/div>\n","protected":false},"excerpt":{"rendered":"<p>Fuente de Poder Industrial 48 Vcc @ 10A \/ 480W \/ Funci\u00f3n relay Vcc  \/ Funci\u00f3n de Conexi\u00f3n Paralelo \/ Riel Din<\/p>\n","protected":false},"featured_media":42259,"comment_status":"open","ping_status":"closed","template":"","meta":[],"product_brand":[],"product_cat":[1188],"product_tag":[454,405,1189],"class_list":{"0":"post-42260","1":"product","2":"type-product","3":"status-publish","4":"has-post-thumbnail","6":"product_cat-fuentes-de-uso-industrial-riel-din","7":"product_tag-epcom-powerline","8":"product_tag-fuentes-de-poder","9":"product_tag-fuentes-de-uso-industrial-riel-din","11":"first","12":"instock","13":"sale","14":"shipping-taxable","15":"purchasable","16":"product-type-simple"},"_links":{"self":[{"href":"https:\/\/soydeaqui.ddns.net\/pachuca\/index.php\/wp-json\/wp\/v2\/product\/42260","targetHints":{"allow":["GET"]}}],"collection":[{"href":"https:\/\/soydeaqui.ddns.net\/pachuca\/index.php\/wp-json\/wp\/v2\/product"}],"about":[{"href":"https:\/\/soydeaqui.ddns.net\/pachuca\/index.php\/wp-json\/wp\/v2\/types\/product"}],"replies":[{"embeddable":true,"href":"https:\/\/soydeaqui.ddns.net\/pachuca\/index.php\/wp-json\/wp\/v2\/comments?post=42260"}],"wp:featuredmedia":[{"embeddable":true,"href":"https:\/\/soydeaqui.ddns.net\/pachuca\/index.php\/wp-json\/wp\/v2\/media\/42259"}],"wp:attachment":[{"href":"https:\/\/soydeaqui.ddns.net\/pachuca\/index.php\/wp-json\/wp\/v2\/media?parent=42260"}],"wp:term":[{"taxonomy":"product_brand","embeddable":true,"href":"https:\/\/soydeaqui.ddns.net\/pachuca\/index.php\/wp-json\/wp\/v2\/product_brand?post=42260"},{"taxonomy":"product_cat","embeddable":true,"href":"https:\/\/soydeaqui.ddns.net\/pachuca\/index.php\/wp-json\/wp\/v2\/product_cat?post=42260"},{"taxonomy":"product_tag","embeddable":true,"href":"https:\/\/soydeaqui.ddns.net\/pachuca\/index.php\/wp-json\/wp\/v2\/product_tag?post=42260"}],"curies":[{"name":"wp","href":"https:\/\/api.w.org\/{rel}","templated":true}]}}