{"id":42251,"date":"2026-03-18T18:36:58","date_gmt":"2026-03-18T18:36:58","guid":{"rendered":"https:\/\/soydeaqui.ddns.net\/pachuca\/index.php\/producto\/cincho-stronghold-160-mm-largo-x-4-8-mm-ancho-tension-50-lb-222-n-naylon-6-6-color-natural-paquete-de-1000-piezas\/"},"modified":"2026-03-18T18:37:02","modified_gmt":"2026-03-18T18:37:02","slug":"cincho-stronghold-160-mm-largo-x-4-8-mm-ancho-tension-50-lb-222-n-naylon-6-6-color-natural-paquete-de-1000-piezas","status":"publish","type":"product","link":"https:\/\/soydeaqui.ddns.net\/pachuca\/index.php\/producto\/cincho-stronghold-160-mm-largo-x-4-8-mm-ancho-tension-50-lb-222-n-naylon-6-6-color-natural-paquete-de-1000-piezas\/","title":{"rendered":"Cincho STRONGHOLD, 160 mm largo x  4.8 mm ancho, Tensi\u00f3n 50 lb (222 N) Naylon 6.6 Color Natural, Paquete de 1000 Piezas"},"content":{"rendered":"<div style='width: 100%; max-width: 1200px; margin: 0 auto; font-family: sans-serif; line-height: 1.6; color: inherit; background-color: transparent;'> <!-- Logo de la marca --> <\/p>\n<div style='text-align: center; margin: 20px 0;'> <img style='width: 100%; max-width: 300px; height: auto; border: 1px solid rgba(150&comma;150&comma;150&comma;0.3); border-radius: 8px;' src='https:\/\/ftp3.syscom.mx\/usuarios\/fotos\/SCL2\/0X\/214870-217843-panduit-logo-tm-negro-fondo_trans30-01_(002)_(1).png' alt='Logo Panduit'> <\/div>\n<p> <!-- T\u00edtulo del producto --> <\/p>\n<h1 style='font-size: 24px; margin: 20px 0 15px; color: inherit; opacity: 0.9; font-weight: 600; line-height: 1.3;'> Cincho STRONGHOLD 6.3&#8242; Largo (160 mm) 0.19&#8242; Ancho (4.8 mm)&comma; Tensi\u00f3n 50 lb (222 N) Naylon 6.6 Color Natural. <\/h1>\n<p> <!-- N\u00famero de modelo --> <\/p>\n<div style='margin-bottom: 20px;'>\n<h3 style='font-size: 18px; margin: 0; color: inherit; opacity: 0.8; font-weight: 500;'> S6-50-M <\/h3>\n<\/p><\/div>\n<p> <!-- Descripci\u00f3n principal --> <\/p>\n<div style='margin-bottom: 25px;'>\n<p style='font-size: 15px; color: inherit; opacity: 0.9;'> Las bridas S6-50-M StrongHold ofrecen a los contratistas una opci\u00f3n de brida econ\u00f3mica para aplicaciones de uso general y de construcci\u00f3n comercial. Est\u00e1ndar&comma; 6.3&#8242; (160mm) de largo&comma; Nylon 6.6&comma; con calificaci\u00f3n AH-2 para c\u00e1mara impelente&comma; color natural. <\/p>\n<\/p><\/div>\n<p> <!-- Imagen del producto --> <\/p>\n<div style='text-align: center; margin: 25px 0;'> <img style='width: 100%; max-width: 852px; height: auto; border: 1px solid rgba(150&comma;150&comma;150&comma;0.3); border-radius: 8px;' src='https:\/\/ftp3.syscom.mx\/usuarios\/fotos\/S650M\/219358-captura_de_pantalla_2023-06-06_a_la(s)_17.16.04.png' alt='Cincho STRONGHOLD S6-50-M'> <\/div>\n<\/p><\/div>\n","protected":false},"excerpt":{"rendered":"<p>Cincho STRONGHOLD, 160 mm largo x  4.8 mm ancho, Tensi\u00f3n 50 lb (222 N) Naylon 6.6 Color Natural, Paquete de 1000 Piezas<\/p>\n","protected":false},"featured_media":42250,"comment_status":"open","ping_status":"closed","template":"","meta":[],"product_brand":[],"product_cat":[574],"product_tag":[572,575,445],"class_list":{"0":"post-42251","1":"product","2":"type-product","3":"status-publish","4":"has-post-thumbnail","6":"product_cat-fijacion","7":"product_tag-canalizacion","8":"product_tag-fijacion","9":"product_tag-panduit","11":"first","12":"instock","13":"sale","14":"shipping-taxable","15":"purchasable","16":"product-type-simple"},"_links":{"self":[{"href":"https:\/\/soydeaqui.ddns.net\/pachuca\/index.php\/wp-json\/wp\/v2\/product\/42251","targetHints":{"allow":["GET"]}}],"collection":[{"href":"https:\/\/soydeaqui.ddns.net\/pachuca\/index.php\/wp-json\/wp\/v2\/product"}],"about":[{"href":"https:\/\/soydeaqui.ddns.net\/pachuca\/index.php\/wp-json\/wp\/v2\/types\/product"}],"replies":[{"embeddable":true,"href":"https:\/\/soydeaqui.ddns.net\/pachuca\/index.php\/wp-json\/wp\/v2\/comments?post=42251"}],"wp:featuredmedia":[{"embeddable":true,"href":"https:\/\/soydeaqui.ddns.net\/pachuca\/index.php\/wp-json\/wp\/v2\/media\/42250"}],"wp:attachment":[{"href":"https:\/\/soydeaqui.ddns.net\/pachuca\/index.php\/wp-json\/wp\/v2\/media?parent=42251"}],"wp:term":[{"taxonomy":"product_brand","embeddable":true,"href":"https:\/\/soydeaqui.ddns.net\/pachuca\/index.php\/wp-json\/wp\/v2\/product_brand?post=42251"},{"taxonomy":"product_cat","embeddable":true,"href":"https:\/\/soydeaqui.ddns.net\/pachuca\/index.php\/wp-json\/wp\/v2\/product_cat?post=42251"},{"taxonomy":"product_tag","embeddable":true,"href":"https:\/\/soydeaqui.ddns.net\/pachuca\/index.php\/wp-json\/wp\/v2\/product_tag?post=42251"}],"curies":[{"name":"wp","href":"https:\/\/api.w.org\/{rel}","templated":true}]}}