{"id":4225,"date":"2026-03-18T06:16:53","date_gmt":"2026-03-18T06:16:53","guid":{"rendered":"https:\/\/soydeaqui.ddns.net\/pachuca\/index.php\/producto\/sirena-para-interior-de-superficie-ibernex-diferentes-niveles-de-sonido-32-tonos-seleccionables-exclusiva-para-solucion-de-control-de-errantes\/"},"modified":"2026-03-18T06:16:53","modified_gmt":"2026-03-18T06:16:53","slug":"sirena-para-interior-de-superficie-ibernex-diferentes-niveles-de-sonido-32-tonos-seleccionables-exclusiva-para-solucion-de-control-de-errantes","status":"publish","type":"product","link":"https:\/\/soydeaqui.ddns.net\/pachuca\/index.php\/producto\/sirena-para-interior-de-superficie-ibernex-diferentes-niveles-de-sonido-32-tonos-seleccionables-exclusiva-para-solucion-de-control-de-errantes\/","title":{"rendered":"Sirena para interior de Superficie IBERNEX \/ Diferentes niveles de sonido \/ 32 tonos seleccionables \/ Exclusiva para soluci\u00f3n de control de errantes"},"content":{"rendered":"<div style='width: 100%; max-width: 1200px; margin: 0 auto; font-family: sans-serif; line-height: 1.6; color: inherit; background-color: transparent;'>\n<div style='display: flex; flex-wrap: wrap; gap: 30px; margin-bottom: 30px;'>\n<div style='flex: 1 1 300px; min-width: 280px;'>\n<h3 style='font-size: 22px; border-bottom: 2px solid currentColor; padding-bottom: 5px; margin-top: 0; color: inherit; opacity: 0.8;'>Caracter\u00edsticas principales<\/h3>\n<p style='font-size: 15px; color: inherit;'>La sirena NX9131 combina luz y sonido adapt\u00e1ndose a la mayor\u00eda de necesidades de aviso contra situaciones de alarma y seguridad donde el sonido convencional exige una alarma visual.<\/p>\n<\/p><\/div>\n<div style='flex: 1 1 300px; min-width: 280px;'>\n<h3 style='font-size: 22px; border-bottom: 2px solid currentColor; padding-bottom: 5px; margin-top: 0; color: inherit; opacity: 0.8;'>Caracter\u00edsticas el\u00e9ctricas y f\u00edsicas<\/h3>\n<ul style='padding-left: 20px; font-size: 15px; color: inherit;'>\n<li style='margin-bottom: 5px;'>Dimensiones: Di\u00e1metro 92mm x 82mm<\/li>\n<li style='margin-bottom: 5px;'>Alimentaci\u00f3n: 9 &#8211; 30 Vcc<\/li>\n<li style='margin-bottom: 5px;'>Consumo: luz 90 mA + sonido 12 mA<\/li>\n<li style='margin-bottom: 5px;'>Clasificaci\u00f3n: IP45<\/li>\n<li style='margin-bottom: 5px;'>32 tonos seleccionables<\/li>\n<li style='margin-bottom: 5px;'>Diferentes niveles de sonido<\/li>\n<\/ul><\/div>\n<div style='flex: 1 1 300px; min-width: 280px;'>\n<h3 style='font-size: 22px; border-bottom: 2px solid currentColor; padding-bottom: 5px; margin-top: 0; color: inherit; opacity: 0.8;'>Caracter\u00edsticas destacadas<\/h3>\n<ul style='padding-left: 20px; font-size: 15px; color: inherit;'>\n<li style='margin-bottom: 5px;'>Aviso ac\u00fastico y luminoso<\/li>\n<li style='margin-bottom: 5px;'>F\u00e1cil montaje<\/li>\n<li style='margin-bottom: 5px;'>M\u00faltiples aplicaciones y entornos<\/li>\n<\/ul><\/div>\n<\/p><\/div>\n<div style='margin: 30px 0;'>\n<p style='font-size: 15px; color: inherit; font-weight: bold; background-color: rgba(255&comma; 128&comma; 0&comma; 0.1); padding: 15px; border-left: 4px solid #ff8000;'> Nota: Requiere certificaci\u00f3n para su instalaci\u00f3n y para solicitar soporte t\u00e9cnico. <\/p>\n<\/p><\/div>\n<hr style='border: 0; border-top: 1px solid rgba(150&comma; 150&comma; 150&comma; 0.3); margin: 30px 0;'> <\/div>\n","protected":false},"excerpt":{"rendered":"<p>Sirena para interior de Superficie IBERNEX \/ Diferentes niveles de sonido \/ 32 tonos seleccionables \/ Exclusiva para soluci\u00f3n de control de errantes<\/p>\n","protected":false},"featured_media":4224,"comment_status":"open","ping_status":"closed","template":"","meta":[],"product_brand":[],"product_cat":[151],"product_tag":[152,153,126],"class_list":{"0":"post-4225","1":"product","2":"type-product","3":"status-publish","4":"has-post-thumbnail","6":"product_cat-atencion-sociosanitaria","7":"product_tag-atencion-sociosanitaria","8":"product_tag-ibernex","9":"product_tag-sistemas-de-emergencia","11":"first","12":"outofstock","13":"sale","14":"shipping-taxable","15":"purchasable","16":"product-type-simple"},"_links":{"self":[{"href":"https:\/\/soydeaqui.ddns.net\/pachuca\/index.php\/wp-json\/wp\/v2\/product\/4225","targetHints":{"allow":["GET"]}}],"collection":[{"href":"https:\/\/soydeaqui.ddns.net\/pachuca\/index.php\/wp-json\/wp\/v2\/product"}],"about":[{"href":"https:\/\/soydeaqui.ddns.net\/pachuca\/index.php\/wp-json\/wp\/v2\/types\/product"}],"replies":[{"embeddable":true,"href":"https:\/\/soydeaqui.ddns.net\/pachuca\/index.php\/wp-json\/wp\/v2\/comments?post=4225"}],"wp:featuredmedia":[{"embeddable":true,"href":"https:\/\/soydeaqui.ddns.net\/pachuca\/index.php\/wp-json\/wp\/v2\/media\/4224"}],"wp:attachment":[{"href":"https:\/\/soydeaqui.ddns.net\/pachuca\/index.php\/wp-json\/wp\/v2\/media?parent=4225"}],"wp:term":[{"taxonomy":"product_brand","embeddable":true,"href":"https:\/\/soydeaqui.ddns.net\/pachuca\/index.php\/wp-json\/wp\/v2\/product_brand?post=4225"},{"taxonomy":"product_cat","embeddable":true,"href":"https:\/\/soydeaqui.ddns.net\/pachuca\/index.php\/wp-json\/wp\/v2\/product_cat?post=4225"},{"taxonomy":"product_tag","embeddable":true,"href":"https:\/\/soydeaqui.ddns.net\/pachuca\/index.php\/wp-json\/wp\/v2\/product_tag?post=4225"}],"curies":[{"name":"wp","href":"https:\/\/api.w.org\/{rel}","templated":true}]}}