{"id":42239,"date":"2026-03-18T18:36:40","date_gmt":"2026-03-18T18:36:40","guid":{"rendered":"https:\/\/soydeaqui.ddns.net\/pachuca\/index.php\/producto\/ecoflow-delta-2-estacion-de-energia-portatil-1800w-6-ac-1800-w-max-2200w-2-usb-c-100w-capacidad-para-aumentar-respaldo-cargador-de-coche-8a-a-12v-y-24v-conectividad-wifi-y-bluetooth-ap\/"},"modified":"2026-03-18T18:36:41","modified_gmt":"2026-03-18T18:36:41","slug":"ecoflow-delta-2-estacion-de-energia-portatil-1800w-6-ac-1800-w-max-2200w-2-usb-c-100w-capacidad-para-aumentar-respaldo-cargador-de-coche-8a-a-12v-y-24v-conectividad-wifi-y-bluetooth-ap","status":"publish","type":"product","link":"https:\/\/soydeaqui.ddns.net\/pachuca\/index.php\/producto\/ecoflow-delta-2-estacion-de-energia-portatil-1800w-6-ac-1800-w-max-2200w-2-usb-c-100w-capacidad-para-aumentar-respaldo-cargador-de-coche-8a-a-12v-y-24v-conectividad-wifi-y-bluetooth-ap\/","title":{"rendered":"EcoFlow Delta 2 | Estaci\u00f3n de Energ\u00eda Port\u00e1til 1800W \/ 6 AC 1800 W (Max. 2200W) \/ 2 USB-C 100W \/ Capacidad para Aumentar Respaldo \/ Cargador de Coche 8A a 12V y 24V \/ Conectividad WiFi y Bluetooth (App) \/ Carga Solar 500W Max."},"content":{"rendered":"<div style='width: 100%; max-width: 1200px; margin: 0 auto; font-family: sans-serif; line-height: 1.6; color: inherit; background-color: transparent;'>\n<div style='position: relative; padding-bottom: 56.25%; height: 0; overflow: hidden; margin-bottom: 30px;'>   <\/div>\n<div style='text-align: center; margin: 30px 0;'>\n<h4 style='font-size: 18px; margin: 0; color: inherit; opacity: 0.8;'>EcoFlow DELTA 2 es imprescindible para cualquier hogar que priorice la seguridad y la comodidad de la energ\u00eda. Aseg\u00farese de estar preparado con la central el\u00e9ctrica hecha para casi cualquier situaci\u00f3n en la que su familia pueda encontrarse. Todo mientras se mantiene ecol\u00f3gico.<\/h4>\n<\/p><\/div>\n<div style='display: flex; flex-wrap: wrap; gap: 30px; margin-bottom: 30px;'>\n<div style='flex: 1 1 300px; min-width: 280px;'>\n<h3 style='font-size: 22px; border-bottom: 2px solid currentColor; padding-bottom: 5px; margin-top: 0; color: inherit; opacity: 0.8;'>Hazlo triple. Amplia la capacidad.<\/h3>\n<p style='font-size: 15px; color: inherit;'>Con una capacidad de 1kWh para empezar&comma; tienes suficiente energ\u00eda para tus cosas esenciales durante horas y horas. \u00bfNecesitas a\u00fan m\u00e1s? Agregue la bater\u00eda adicional DELTA 2 para alcanzar los 2048 Wh&comma; o agregue la bater\u00eda adicional DELTA Max para alcanzar los 3040 Wh. Ideal para copias de seguridad del hogar o electrodom\u00e9sticos de uso diario.<\/p>\n<\/p><\/div>\n<\/p><\/div>\n<div style='text-align: center; margin: 30px 0;'> <img style='width: 100%; height: auto; border: 1px solid rgba(150&comma;150&comma;150&comma;0.3); border-radius: 8px;' src='https:\/\/cdn.shopify.com\/s\/files\/1\/1996\/9707\/files\/delta-2-expand-capacity_1800x.png?v=1661485368' alt=''> <\/div>\n<div style='display: flex; flex-wrap: wrap; gap: 30px; margin-bottom: 30px;'>\n<div style='flex: 1 1 300px; min-width: 280px;'>\n<h3 style='font-size: 22px; border-bottom: 2px solid currentColor; padding-bottom: 5px; margin-top: 0; color: inherit; opacity: 0.8;'>Listo para emergencias.<\/h3>\n<p style='font-size: 15px; color: inherit;'>\u00daselo como un EPS (fuente de alimentaci\u00f3n de emergencia) para cambiar autom\u00e1ticamente a la energ\u00eda de la bater\u00eda cuando se cae la red. Ideal para apagones para mantener tus elementos esenciales en funcionamiento.<\/p>\n<\/p><\/div>\n<\/p><\/div>\n<div style='text-align: center; margin: 30px 0;'> <img style='width: 100%; height: auto; border: 1px solid rgba(150&comma;150&comma;150&comma;0.3); border-radius: 8px;' src='https:\/\/cdn.shopify.com\/s\/files\/1\/1996\/9707\/files\/delta-2-power-anything.png' alt=''> <\/div>\n<div style='display: flex; flex-wrap: wrap; gap: 30px; margin-bottom: 30px;'>\n<div style='flex: 1 1 300px; min-width: 280px;'>\n<h3 style='font-size: 22px; border-bottom: 2px solid currentColor; padding-bottom: 5px; margin-top: 0; color: inherit; opacity: 0.8;'>Energ\u00eda de respaldo para el hogar Plug and Play.<\/h3>\n<p style='font-size: 15px; color: inherit;'>Una soluci\u00f3n simple de corte de energ\u00eda para alimentar sus electrodom\u00e9sticos esenciales con una salida de CA de 1800 W conectando directamente el DELTA 2 con la caja de entrada de energ\u00eda de su hogar con un cable de generador* para respaldo parcial del hogar. Con un dise\u00f1o plug-and-play&comma; es m\u00e1s f\u00e1cil que nunca prepararse para los apagones. <br \/>*Incluido el interruptor de transferencia que tiene una conexi\u00f3n de bloqueo giratorio L14-30 macho que puede aceptar un cable de extensi\u00f3n L14-30.<\/p>\n<\/p><\/div>\n<\/p><\/div>\n<div style='text-align: center; margin: 30px 0;'> <img style='width: 100%; height: auto; border: 1px solid rgba(150&comma;150&comma;150&comma;0.3); border-radius: 8px;' src='https:\/\/cdn.shopify.com\/s\/files\/1\/1996\/9707\/files\/20221205-144400_1800x.jpg?v=1670223020' alt=''> <\/div>\n<div style='display: flex; flex-wrap: wrap; gap: 30px; margin-bottom: 30px;'>\n<div style='flex: 1 1 300px; min-width: 280px;'>\n<h3 style='font-size: 22px; border-bottom: 2px solid currentColor; padding-bottom: 5px; margin-top: 0; color: inherit; opacity: 0.8;'>Controla desde cualquier lugar.<\/h3>\n<p style='font-size: 15px; color: inherit;'>Use la aplicaci\u00f3n EcoFlow para controlar su DELTA 2 desde cualquier lugar usando Wi-Fi. Enlace con Bluetooth cuando est\u00e1 fuera de la red. De cualquier manera&comma; puede verificar los datos de carga&comma; personalizar la configuraci\u00f3n y ajustar la velocidad de carga con facilidad.<\/p>\n<\/p><\/div>\n<\/p><\/div>\n<div style='text-align: center; margin: 30px 0;'> <img style='width: 100%; height: auto; border: 1px solid rgba(150&comma;150&comma;150&comma;0.3); border-radius: 8px;' src='https:\/\/cdn.shopify.com\/s\/files\/1\/1996\/9707\/files\/DELTA2-control-monitor_1800x.png?v=1661485301' alt=''> <\/div>\n<\/p><\/div>\n","protected":false},"excerpt":{"rendered":"<p>EcoFlow Delta 2 | Estaci\u00f3n de Energ\u00eda Port\u00e1til 1800W \/ 6 AC 1800 W (Max. 2200W) \/ 2 USB-C 100W \/ Capacidad para Aumentar Respaldo \/ Cargador de Coche 8A a 12V y 24V \/ Conectividad WiFi y Bluetooth (App) \/ Carga Solar 500W Max.<\/p>\n","protected":false},"featured_media":32,"comment_status":"open","ping_status":"closed","template":"","meta":[],"product_brand":[],"product_cat":[1100],"product_tag":[1116,1101,1102],"class_list":{"0":"post-42239","1":"product","2":"type-product","3":"status-publish","4":"has-post-thumbnail","6":"product_cat-ups-no-break","7":"product_tag-ecoflow","8":"product_tag-respaldo-de-energia","9":"product_tag-ups-no-break","11":"first","12":"outofstock","13":"sale","14":"shipping-taxable","15":"purchasable","16":"product-type-simple"},"_links":{"self":[{"href":"https:\/\/soydeaqui.ddns.net\/pachuca\/index.php\/wp-json\/wp\/v2\/product\/42239","targetHints":{"allow":["GET"]}}],"collection":[{"href":"https:\/\/soydeaqui.ddns.net\/pachuca\/index.php\/wp-json\/wp\/v2\/product"}],"about":[{"href":"https:\/\/soydeaqui.ddns.net\/pachuca\/index.php\/wp-json\/wp\/v2\/types\/product"}],"replies":[{"embeddable":true,"href":"https:\/\/soydeaqui.ddns.net\/pachuca\/index.php\/wp-json\/wp\/v2\/comments?post=42239"}],"wp:featuredmedia":[{"embeddable":true,"href":"https:\/\/soydeaqui.ddns.net\/pachuca\/index.php\/wp-json\/wp\/v2\/media\/32"}],"wp:attachment":[{"href":"https:\/\/soydeaqui.ddns.net\/pachuca\/index.php\/wp-json\/wp\/v2\/media?parent=42239"}],"wp:term":[{"taxonomy":"product_brand","embeddable":true,"href":"https:\/\/soydeaqui.ddns.net\/pachuca\/index.php\/wp-json\/wp\/v2\/product_brand?post=42239"},{"taxonomy":"product_cat","embeddable":true,"href":"https:\/\/soydeaqui.ddns.net\/pachuca\/index.php\/wp-json\/wp\/v2\/product_cat?post=42239"},{"taxonomy":"product_tag","embeddable":true,"href":"https:\/\/soydeaqui.ddns.net\/pachuca\/index.php\/wp-json\/wp\/v2\/product_tag?post=42239"}],"curies":[{"name":"wp","href":"https:\/\/api.w.org\/{rel}","templated":true}]}}