{"id":42232,"date":"2026-03-18T18:36:25","date_gmt":"2026-03-18T18:36:25","guid":{"rendered":"https:\/\/soydeaqui.ddns.net\/pachuca\/index.php\/producto\/termostato-para-sistemas-de-una-sola-etapa-calor-y-frio-no-programable-t1-pro-para-sistemas-de-24-vac\/"},"modified":"2026-03-18T18:36:37","modified_gmt":"2026-03-18T18:36:37","slug":"termostato-para-sistemas-de-una-sola-etapa-calor-y-frio-no-programable-t1-pro-para-sistemas-de-24-vac","status":"publish","type":"product","link":"https:\/\/soydeaqui.ddns.net\/pachuca\/index.php\/producto\/termostato-para-sistemas-de-una-sola-etapa-calor-y-frio-no-programable-t1-pro-para-sistemas-de-24-vac\/","title":{"rendered":"Termostato para sistemas de una sola etapa, Calor y frio, no programable T1 Pro para sistemas de 24 Vac."},"content":{"rendered":"<div style='width: 100%; max-width: 1200px; margin: 0 auto; font-family: sans-serif; line-height: 1.6; color: inherit; background-color: transparent;'>\n<div style='display: flex; flex-wrap: wrap; gap: 30px; margin-bottom: 30px;'>\n<div style='flex: 1 1 300px; min-width: 280px;'>\n<h3 style='font-size: 22px; border-bottom: 2px solid currentColor; padding-bottom: 5px; margin-top: 0; color: inherit; opacity: 0.8;'>Descripci\u00f3n<\/h3>\n<p style='font-size: 15px; color: inherit; margin: 0 0 15px;'> Termostato no programable T1 Pro para sistemas de 24 Vac&comma; sistemas de calor y fr\u00edo de una sola etapa. <\/p>\n<p style='font-size: 15px; color: inherit; margin: 0;'> Bombas de calor de una etapa sin calor auxiliar. <\/p>\n<\/p><\/div>\n<\/p><\/div>\n<div style='display: flex; flex-wrap: wrap; gap: 30px; margin-bottom: 30px;'>\n<div style='flex: 1 1 300px; min-width: 280px;'> <img style='width: 100%; height: auto; border: 1px solid rgba(150&comma;150&comma;150&comma;0.3); border-radius: 8px;' src='https:\/\/ftp3.syscom.mx\/usuarios\/fotos\/BancoFotograficasSyscom\/HONEYWELLHOMERESIDEO\/TH1110D2009_U\/TH1110D2009_U-p.PNG' alt=''> <\/div>\n<div style='flex: 1 1 300px; min-width: 280px;'>\n<h3 style='font-size: 22px; border-bottom: 2px solid currentColor; padding-bottom: 5px; margin-top: 0; color: inherit; opacity: 0.8;'>Especificaciones t\u00e9cnicas<\/h3>\n<ul style='padding-left: 20px; font-size: 15px; color: inherit;'>\n<li style='margin-bottom: 5px;'><strong>Aplicaci\u00f3n:<\/strong> Sistemas de 24 Vca; Gas&comma; Petr\u00f3leo&comma; Electricidad Aire Caliente; Bater\u00eda de agua caliente; Gas&comma; Petr\u00f3leo&comma; El\u00e9ctrico Hidr\u00f3nico; o Sistemas de Vapor\/Gravedad.<\/li>\n<li style='margin-bottom: 5px;'><strong>Dimensiones:<\/strong> 103.6 mm de largo x 103.6 mm de ancho x 28 mm de profundidad<\/li>\n<li style='margin-bottom: 5px;'><strong>Frecuencia:<\/strong> 50 Hz; 60 Hz<\/li>\n<li style='margin-bottom: 5px;'><strong>Etapas:<\/strong> Hasta 1 bomba de calor de calor\/1 de fr\u00edo; Sistemas convencionales de hasta 1 calor\/1 fr\u00edo<\/li>\n<li style='margin-bottom: 5px;'><strong>Rango de humedad de funcionamiento (% HR):<\/strong> 5 a 90 % de HR&comma; sin condensaci\u00f3n<\/li>\n<li style='margin-bottom: 5px;'><strong>Voltaje de alimentaci\u00f3n:<\/strong> 20 a 30 Vca<\/li>\n<li style='margin-bottom: 5px;'><strong>Rango de temperatura de funcionamiento:<\/strong> 0 C a 39 C<\/li>\n<li style='margin-bottom: 5px;'><strong>LED:<\/strong> Luz de fondo LED<\/li>\n<li style='margin-bottom: 5px;'><strong>M\u00e9todo de potencia:<\/strong> Bater\u00eda o cableado<\/li>\n<li style='margin-bottom: 5px;'><strong>Tipo de interruptor:<\/strong> Rel\u00e9<\/li>\n<li style='margin-bottom: 5px;'><strong>Tama\u00f1o de la pantalla:<\/strong> 2.37 pulgadas cuadradas<\/li>\n<li style='margin-bottom: 5px;'><strong>Selecciones del modo de control de temperatura:<\/strong> Temperatura ambiente<\/li>\n<li style='margin-bottom: 5px;'><strong>Rango de temperatura de ajuste:<\/strong> Calor: 0 C a 32.0 C; Fresco: 10 C a 37.0 C<\/li>\n<\/ul><\/div>\n<\/p><\/div>\n<hr style='border: 0; border-top: 1px solid rgba(150&comma; 150&comma; 150&comma; 0.3); margin: 30px 0;'> <\/div>\n","protected":false},"excerpt":{"rendered":"<p>Termostato para sistemas de una sola etapa, Calor y frio, no programable T1 Pro para sistemas de 24 Vac.<\/p>\n","protected":false},"featured_media":42231,"comment_status":"open","ping_status":"closed","template":"","meta":[],"product_brand":[],"product_cat":[43],"product_tag":[30,45,44],"class_list":{"0":"post-42232","1":"product","2":"type-product","3":"status-publish","4":"has-post-thumbnail","6":"product_cat-termostatos","7":"product_tag-automatizacion-casa-inteligente","8":"product_tag-honeywell-home-resideo","9":"product_tag-termostatos","11":"first","12":"instock","13":"sale","14":"shipping-taxable","15":"purchasable","16":"product-type-simple"},"_links":{"self":[{"href":"https:\/\/soydeaqui.ddns.net\/pachuca\/index.php\/wp-json\/wp\/v2\/product\/42232","targetHints":{"allow":["GET"]}}],"collection":[{"href":"https:\/\/soydeaqui.ddns.net\/pachuca\/index.php\/wp-json\/wp\/v2\/product"}],"about":[{"href":"https:\/\/soydeaqui.ddns.net\/pachuca\/index.php\/wp-json\/wp\/v2\/types\/product"}],"replies":[{"embeddable":true,"href":"https:\/\/soydeaqui.ddns.net\/pachuca\/index.php\/wp-json\/wp\/v2\/comments?post=42232"}],"wp:featuredmedia":[{"embeddable":true,"href":"https:\/\/soydeaqui.ddns.net\/pachuca\/index.php\/wp-json\/wp\/v2\/media\/42231"}],"wp:attachment":[{"href":"https:\/\/soydeaqui.ddns.net\/pachuca\/index.php\/wp-json\/wp\/v2\/media?parent=42232"}],"wp:term":[{"taxonomy":"product_brand","embeddable":true,"href":"https:\/\/soydeaqui.ddns.net\/pachuca\/index.php\/wp-json\/wp\/v2\/product_brand?post=42232"},{"taxonomy":"product_cat","embeddable":true,"href":"https:\/\/soydeaqui.ddns.net\/pachuca\/index.php\/wp-json\/wp\/v2\/product_cat?post=42232"},{"taxonomy":"product_tag","embeddable":true,"href":"https:\/\/soydeaqui.ddns.net\/pachuca\/index.php\/wp-json\/wp\/v2\/product_tag?post=42232"}],"curies":[{"name":"wp","href":"https:\/\/api.w.org\/{rel}","templated":true}]}}