{"id":42228,"date":"2026-03-18T18:36:19","date_gmt":"2026-03-18T18:36:19","guid":{"rendered":"https:\/\/soydeaqui.ddns.net\/pachuca\/index.php\/producto\/cincho-stronghold-100-mm-largo-x-2-5-mm-ancho-tension-18-lb-80-n-naylon-6-6-color-natural-paquete-de-1000-piezas\/"},"modified":"2026-03-18T18:36:23","modified_gmt":"2026-03-18T18:36:23","slug":"cincho-stronghold-100-mm-largo-x-2-5-mm-ancho-tension-18-lb-80-n-naylon-6-6-color-natural-paquete-de-1000-piezas","status":"publish","type":"product","link":"https:\/\/soydeaqui.ddns.net\/pachuca\/index.php\/producto\/cincho-stronghold-100-mm-largo-x-2-5-mm-ancho-tension-18-lb-80-n-naylon-6-6-color-natural-paquete-de-1000-piezas\/","title":{"rendered":"Cincho STRONGHOLD, 100 mm largo x 2.5 mm ancho, Tensi\u00f3n 18 lb (80 N) Naylon 6.6 Color Natural, Paquete de 1000 Piezas"},"content":{"rendered":"<div style='width: 100%; max-width: 1200px; margin: 0 auto; font-family: sans-serif; line-height: 1.6; color: inherit; background-color: transparent;'>\n<div style='width: 100%; text-align: center; margin: 20px 0;'> <img style='width: 100%; max-width: 300px; height: auto; border: 1px solid rgba(150&comma;150&comma;150&comma;0.3); border-radius: 8px;' src='https:\/\/ftp3.syscom.mx\/usuarios\/fotos\/SCL2\/0X\/214870-217843-panduit-logo-tm-negro-fondo_trans30-01_(002)_(1).png' alt=''> <\/div>\n<h3 style='font-size: 22px; border-bottom: 2px solid currentColor; padding-bottom: 5px; margin-top: 0; color: inherit; opacity: 0.8;'> Cincho STRONGHOLD 3.94&#8242; Largo (100 mm) 0.1&#8242; Ancho (2.5 mm)&comma; Tensi\u00f3n 18 lb (80 N) Naylon 6.6 Color Natural. <\/h3>\n<div style='display: flex; flex-wrap: wrap; gap: 30px; margin-bottom: 30px;'>\n<div style='flex: 1 1 300px; min-width: 280px;'>\n<h4 style='font-size: 18px; margin-top: 0; color: inherit; opacity: 0.8;'>Modelo<\/h4>\n<ul style='padding-left: 20px; font-size: 15px; color: inherit;'>\n<li style='margin-bottom: 5px;'>S4-18-M<\/li>\n<\/ul><\/div>\n<\/p><\/div>\n<div style='margin-bottom: 30px;'>\n<h4 style='font-size: 18px; margin-top: 0; color: inherit; opacity: 0.8;'>Caracter\u00edsticas principales<\/h4>\n<p style='font-size: 15px; color: inherit; margin-top: 10px;'> Las bridas S4-18-M StrongHold ofrecen a los contratistas una opci\u00f3n de brida econ\u00f3mica para aplicaciones de uso general y de construcci\u00f3n comercial. Est\u00e1ndar&comma; 3.94&#8242; (100mm) de largo&comma; fabricadas con Nylon 6.6&comma; con calificaci\u00f3n AH-2 para c\u00e1mara impelente. Color natural. <\/p>\n<\/p><\/div>\n<div style='width: 100%; text-align: center; margin: 20px 0;'> <img style='width: 100%; max-width: 850px; height: auto; border: 1px solid rgba(150&comma;150&comma;150&comma;0.3); border-radius: 8px;' src='https:\/\/ftp3.syscom.mx\/usuarios\/fotos\/S418M\/219414-captura_de_pantalla_2023-06-08_a_la(s)_11.05.46.png' alt=''> <\/div>\n<hr style='border: 0; border-top: 1px solid rgba(150&comma; 150&comma; 150&comma; 0.3); margin: 30px 0;'> <\/div>\n","protected":false},"excerpt":{"rendered":"<p>Cincho STRONGHOLD, 100 mm largo x 2.5 mm ancho, Tensi\u00f3n 18 lb (80 N) Naylon 6.6 Color Natural, Paquete de 1000 Piezas<\/p>\n","protected":false},"featured_media":42227,"comment_status":"open","ping_status":"closed","template":"","meta":[],"product_brand":[],"product_cat":[574],"product_tag":[572,575,445],"class_list":{"0":"post-42228","1":"product","2":"type-product","3":"status-publish","4":"has-post-thumbnail","6":"product_cat-fijacion","7":"product_tag-canalizacion","8":"product_tag-fijacion","9":"product_tag-panduit","11":"first","12":"instock","13":"sale","14":"shipping-taxable","15":"purchasable","16":"product-type-simple"},"_links":{"self":[{"href":"https:\/\/soydeaqui.ddns.net\/pachuca\/index.php\/wp-json\/wp\/v2\/product\/42228","targetHints":{"allow":["GET"]}}],"collection":[{"href":"https:\/\/soydeaqui.ddns.net\/pachuca\/index.php\/wp-json\/wp\/v2\/product"}],"about":[{"href":"https:\/\/soydeaqui.ddns.net\/pachuca\/index.php\/wp-json\/wp\/v2\/types\/product"}],"replies":[{"embeddable":true,"href":"https:\/\/soydeaqui.ddns.net\/pachuca\/index.php\/wp-json\/wp\/v2\/comments?post=42228"}],"wp:featuredmedia":[{"embeddable":true,"href":"https:\/\/soydeaqui.ddns.net\/pachuca\/index.php\/wp-json\/wp\/v2\/media\/42227"}],"wp:attachment":[{"href":"https:\/\/soydeaqui.ddns.net\/pachuca\/index.php\/wp-json\/wp\/v2\/media?parent=42228"}],"wp:term":[{"taxonomy":"product_brand","embeddable":true,"href":"https:\/\/soydeaqui.ddns.net\/pachuca\/index.php\/wp-json\/wp\/v2\/product_brand?post=42228"},{"taxonomy":"product_cat","embeddable":true,"href":"https:\/\/soydeaqui.ddns.net\/pachuca\/index.php\/wp-json\/wp\/v2\/product_cat?post=42228"},{"taxonomy":"product_tag","embeddable":true,"href":"https:\/\/soydeaqui.ddns.net\/pachuca\/index.php\/wp-json\/wp\/v2\/product_tag?post=42228"}],"curies":[{"name":"wp","href":"https:\/\/api.w.org\/{rel}","templated":true}]}}