{"id":42223,"date":"2026-03-18T18:36:13","date_gmt":"2026-03-18T18:36:13","guid":{"rendered":"https:\/\/soydeaqui.ddns.net\/pachuca\/index.php\/producto\/protector-de-baterias-12-24v-a-prueba-de-agua-40-a\/"},"modified":"2026-03-18T18:36:15","modified_gmt":"2026-03-18T18:36:15","slug":"protector-de-baterias-12-24v-a-prueba-de-agua-40-a","status":"publish","type":"product","link":"https:\/\/soydeaqui.ddns.net\/pachuca\/index.php\/producto\/protector-de-baterias-12-24v-a-prueba-de-agua-40-a\/","title":{"rendered":"Protector de Bater\u00edas 12\/24V a Prueba de Agua 40 A"},"content":{"rendered":"<div style='width: 100%; max-width: 1200px; margin: 0 auto; font-family: sans-serif; line-height: 1.6; color: inherit; background-color: transparent;'> <!-- Secci\u00f3n de caracter\u00edsticas principales --> <\/p>\n<div style='display: flex; flex-wrap: wrap; gap: 30px; margin-bottom: 30px;'>\n<div style='flex: 1 1 300px; min-width: 280px;'>\n<h3 style='font-size: 22px; border-bottom: 2px solid currentColor; padding-bottom: 5px; margin-top: 0; color: inherit; opacity: 0.8;'>Caracter\u00edsticas Principales<\/h3>\n<ul style='padding-left: 20px; font-size: 15px; color: inherit; list-style-type: disc;'>\n<li style='margin-bottom: 5px;'>Previene descarga excesiva de bater\u00edas<\/li>\n<li style='margin-bottom: 5px;'>Rangos de voltaje programables por puentes<\/li>\n<li style='margin-bottom: 5px;'>Protecci\u00f3n contra sobrevoltaje efectiva<\/li>\n<li style='margin-bottom: 5px;'>Detecci\u00f3n autom\u00e1tica de voltaje de bater\u00edas<\/li>\n<li style='margin-bottom: 5px;'>Dise\u00f1o a prueba de agua robusto (IP66)<\/li>\n<\/ul><\/div>\n<\/p><\/div>\n<p> <!-- Secci\u00f3n de especificaciones t\u00e9cnicas --> <\/p>\n<div style='display: flex; flex-wrap: wrap; gap: 20px; margin-bottom: 30px;'>\n<div style='flex: 1 1 250px; border: 1px solid rgba(150&comma; 150&comma; 150&comma; 0.4); border-radius: 8px; overflow: hidden; display: flex; flex-direction: column;'>\n<div style='padding: 15px; border-bottom: 1px solid rgba(150&comma; 150&comma; 150&comma; 0.2); font-weight: bold; font-size: 18px; color: inherit;'>Especificaciones El\u00e9ctricas<\/div>\n<div style='padding: 15px; color: inherit;'>\n<ul style='padding-left: 20px; margin: 0; font-size: 14px; list-style-type: disc;'>\n<li style='margin-bottom: 5px;'><strong>Corriente m\u00e1xima continua:<\/strong> 40A (45A de apagado)<\/li>\n<li style='margin-bottom: 5px;'><strong>Corriente pico:<\/strong> 300A (0.7 seg)<\/li>\n<li style='margin-bottom: 5px;'><strong>Voltaje de funcionamiento:<\/strong> 8-19 VCD (12 VCD) \/ 20-35 VCD (24 VCD)<\/li>\n<li style='margin-bottom: 5px;'><strong>Consumo de corriente:<\/strong> 3.2mA<\/li>\n<li style='margin-bottom: 5px;'><strong>Ca\u00edda de voltaje:<\/strong> 40 mV a 40A<\/li>\n<li style='margin-bottom: 5px;'><strong>Precisi\u00f3n de corriente:<\/strong> \u00b110%<\/li>\n<li style='margin-bottom: 5px;'><strong>Precisi\u00f3n de voltaje:<\/strong> \u00b12%<\/li>\n<\/ul><\/div>\n<\/p><\/div>\n<div style='flex: 1 1 250px; border: 1px solid rgba(150&comma; 150&comma; 150&comma; 0.4); border-radius: 8px; overflow: hidden; display: flex; flex-direction: column;'>\n<div style='padding: 15px; border-bottom: 1px solid rgba(150&comma; 150&comma; 150&comma; 0.2); font-weight: bold; font-size: 18px; color: inherit;'>Caracter\u00edsticas F\u00edsicas<\/div>\n<div style='padding: 15px; color: inherit;'>\n<ul style='padding-left: 20px; margin: 0; font-size: 14px; list-style-type: disc;'>\n<li style='margin-bottom: 5px;'><strong>Tipo de gabinete:<\/strong> IP66 (Impermeable)<\/li>\n<li style='margin-bottom: 5px;'><strong>Cobertura:<\/strong> Caucho de Poliuretano PU552<\/li>\n<li style='margin-bottom: 5px;'><strong>Dimensiones:<\/strong> 62 x 72 x 32 mm (2.44 x 2.83 x 1.26 pulg)<\/li>\n<li style='margin-bottom: 5px;'><strong>Peso:<\/strong> 0.2 kg (0.4 lb)<\/li>\n<\/ul><\/div>\n<\/p><\/div>\n<div style='flex: 1 1 250px; border: 1px solid rgba(150&comma; 150&comma; 150&comma; 0.4); border-radius: 8px; overflow: hidden; display: flex; flex-direction: column;'>\n<div style='padding: 15px; border-bottom: 1px solid rgba(150&comma; 150&comma; 150&comma; 0.2); font-weight: bold; font-size: 18px; color: inherit;'>Protecci\u00f3n y Certificaciones<\/div>\n<div style='padding: 15px; color: inherit;'>\n<ul style='padding-left: 20px; margin: 0; font-size: 14px; list-style-type: disc;'>\n<li style='margin-bottom: 5px;'>Protecci\u00f3n contra sobrevoltaje&comma; sobrecorriente y temperatura<\/li>\n<li style='margin-bottom: 5px;'>Detecci\u00f3n autom\u00e1tica de voltaje<\/li>\n<li style='margin-bottom: 5px;'>Certificaciones: CE&comma; UKCA&comma; RoHS<\/li>\n<li style='margin-bottom: 5px;'>Cumple con EN 61000-6-3:2007 y EN 61000-6-2:2005<\/li>\n<\/ul><\/div>\n<\/p><\/div>\n<\/p><\/div>\n<p> <!-- Separador --> <\/p>\n<hr style='border: 0; border-top: 1px solid rgba(150&comma; 150&comma; 150&comma; 0.3); margin: 30px 0;'> <!-- Secci\u00f3n de informaci\u00f3n adicional --> <\/p>\n<div style='display: flex; flex-wrap: wrap; gap: 30px;'>\n<div style='flex: 1 1 300px; min-width: 280px;'>\n<h3 style='font-size: 22px; border-bottom: 2px solid currentColor; padding-bottom: 5px; margin-top: 0; color: inherit; opacity: 0.8;'>Aplicaciones<\/h3>\n<p style='font-size: 15px; color: inherit; margin-bottom: 15px;'>Ideal para sistemas marinos&comma; veh\u00edculos recreativos&comma; sistemas solares y aplicaciones industriales donde se requiere protecci\u00f3n confiable de bater\u00edas contra descargas profundas y condiciones ambientales adversas.<\/p>\n<\/p><\/div>\n<\/p><\/div>\n<\/p><\/div>\n","protected":false},"excerpt":{"rendered":"<p>Protector de Bater\u00edas 12\/24V a Prueba de Agua 40 A<\/p>\n","protected":false},"featured_media":42222,"comment_status":"open","ping_status":"closed","template":"","meta":[],"product_brand":[],"product_cat":[1127],"product_tag":[1085,1221,1128],"class_list":{"0":"post-42223","1":"product","2":"type-product","3":"status-publish","4":"has-post-thumbnail","6":"product_cat-terminales-y-accesorios","7":"product_tag-baterias-y-cargadores","8":"product_tag-samlex","9":"product_tag-terminales-y-accesorios","11":"first","12":"instock","13":"sale","14":"shipping-taxable","15":"purchasable","16":"product-type-simple"},"_links":{"self":[{"href":"https:\/\/soydeaqui.ddns.net\/pachuca\/index.php\/wp-json\/wp\/v2\/product\/42223","targetHints":{"allow":["GET"]}}],"collection":[{"href":"https:\/\/soydeaqui.ddns.net\/pachuca\/index.php\/wp-json\/wp\/v2\/product"}],"about":[{"href":"https:\/\/soydeaqui.ddns.net\/pachuca\/index.php\/wp-json\/wp\/v2\/types\/product"}],"replies":[{"embeddable":true,"href":"https:\/\/soydeaqui.ddns.net\/pachuca\/index.php\/wp-json\/wp\/v2\/comments?post=42223"}],"wp:featuredmedia":[{"embeddable":true,"href":"https:\/\/soydeaqui.ddns.net\/pachuca\/index.php\/wp-json\/wp\/v2\/media\/42222"}],"wp:attachment":[{"href":"https:\/\/soydeaqui.ddns.net\/pachuca\/index.php\/wp-json\/wp\/v2\/media?parent=42223"}],"wp:term":[{"taxonomy":"product_brand","embeddable":true,"href":"https:\/\/soydeaqui.ddns.net\/pachuca\/index.php\/wp-json\/wp\/v2\/product_brand?post=42223"},{"taxonomy":"product_cat","embeddable":true,"href":"https:\/\/soydeaqui.ddns.net\/pachuca\/index.php\/wp-json\/wp\/v2\/product_cat?post=42223"},{"taxonomy":"product_tag","embeddable":true,"href":"https:\/\/soydeaqui.ddns.net\/pachuca\/index.php\/wp-json\/wp\/v2\/product_tag?post=42223"}],"curies":[{"name":"wp","href":"https:\/\/api.w.org\/{rel}","templated":true}]}}