{"id":4221,"date":"2026-03-18T06:16:50","date_gmt":"2026-03-18T06:16:50","guid":{"rendered":"https:\/\/soydeaqui.ddns.net\/pachuca\/index.php\/producto\/detector-de-movimiento-pasivo-flipx-standard-detector-pir-para-interior-con-lente-giratoria-con-montaje\/"},"modified":"2026-03-18T06:16:52","modified_gmt":"2026-03-18T06:16:52","slug":"detector-de-movimiento-pasivo-flipx-standard-detector-pir-para-interior-con-lente-giratoria-con-montaje","status":"publish","type":"product","link":"https:\/\/soydeaqui.ddns.net\/pachuca\/index.php\/producto\/detector-de-movimiento-pasivo-flipx-standard-detector-pir-para-interior-con-lente-giratoria-con-montaje\/","title":{"rendered":"Detector de Movimiento Pasivo \/ FlipX Standard detector PIR para interior con lente giratoria \/ Con montaje"},"content":{"rendered":"<div style='width: 100%; max-width: 1200px; margin: 0 auto; font-family: sans-serif; line-height: 1.6; color: inherit; background-color: transparent;'>\n<div style='margin-bottom: 30px;'>\n<p style='font-size: 18px; color: inherit; margin: 0; padding: 0; text-align: justify;'> FLX-S-ST forma parte de la serie FlipX Standard y es el \u00faltimo sensor para interiores de Optex&comma; que cuenta con un innovador sensor piroel\u00e9ctrico nuevo en el mercado con un elemento de detecci\u00f3n de personas para crear \u00e1reas de detecci\u00f3n del tama\u00f1o de un ser humano y con una mayor tolerancia a las mascotas. Dotados de una lente giratoria&comma; los sensores FlipX permiten pasar f\u00e1cilmente de un rango de detecci\u00f3n amplio a uno estrecho&comma; lo que significa que un solo producto desempe\u00f1a dos funciones. Es la opci\u00f3n perfecta para la detecci\u00f3n diaria de intrusos en sitios residenciales o comerciales ligeros. <\/p>\n<\/p><\/div>\n<p> <!-- Secci\u00f3n de caracter\u00edsticas --> <\/p>\n<div style='margin-bottom: 30px;'>\n<h3 style='font-size: 22px; border-bottom: 2px solid currentColor; padding-bottom: 5px; margin-top: 0; color: inherit; opacity: 0.8; font-weight: 600;'> Sensor piroel\u00e9ctrico avanzado <\/h3>\n<p style='font-size: 15px; color: inherit; margin-top: 15px;'> FlipX Standard&comma; que cuenta con la \u00faltima tecnolog\u00eda y un sensor piroel\u00e9ctrico hecho a medida&comma; garantiza un alto rendimiento y una elevada precisi\u00f3n. Lo que hace que el sensor sea \u00fanico es su capacidad de adaptarse a la forma humana y diferenciar a los humanos con mayor claridad&comma; lo que evita las falsas alarmas provocadas por las mascotas. <\/p>\n<\/p><\/div>\n<p> <!-- Secci\u00f3n con imagen y texto --> <\/p>\n<div style='display: flex; flex-wrap: wrap; gap: 30px; margin-bottom: 30px;'>\n<div style='flex: 1 1 300px; min-width: 280px; order: 2; display: flex; align-items: center; justify-content: center;'> <img style='width: 100%; height: auto; border: 1px solid rgba(150&comma;150&comma;150&comma;0.3); border-radius: 8px;' src='https:\/\/s3-eu-west-1.amazonaws.com\/optex-europe\/featured-images\/_750xAUTO_fit_center-center_none\/rotatable-lens.png' alt=''> <\/div>\n<div style='flex: 1 1 300px; min-width: 280px; order: 1;'>\n<h3 style='font-size: 20px; border-bottom: 2px solid currentColor; padding-bottom: 5px; margin-top: 0; color: inherit; opacity: 0.8; font-weight: 600;'> Lente rotable <\/h3>\n<p style='font-size: 15px; color: inherit; margin-top: 15px;'> FlipX Standard cuenta con nuestra innovadora soluci\u00f3n para ahorrar tiempo y dinero: la lente rotable. El sensor viene con el ajuste de f\u00e1brica configurado para una detecci\u00f3n amplia&comma; pero con solo quitar la carcasa y girar la lente 180 grados&comma; se puede crear un \u00e1rea de detecci\u00f3n estrecha completamente nueva para proteger pasillos&comma; ventanas y m\u00e1s. <\/p>\n<\/p><\/div>\n<\/p><\/div>\n<p> <!-- Secci\u00f3n de especificaciones --> <\/p>\n<div style='display: flex; flex-wrap: wrap; gap: 20px; margin-bottom: 30px;'>\n<div style='flex: 1 1 250px; border: 1px solid rgba(150&comma; 150&comma; 150&comma; 0.4); border-radius: 8px; overflow: hidden; display: flex; flex-direction: column;'>\n<div style='padding: 15px; border-bottom: 1px solid rgba(150&comma; 150&comma; 150&comma; 0.2); font-weight: bold; font-size: 18px; color: inherit;'> Dise\u00f1o de lente esf\u00e9rica <\/div>\n<div style='padding: 15px; color: inherit;'>\n<p style='font-size: 14px; margin: 0;'> La lente esf\u00e9rica especialmente dise\u00f1ada proporciona una longitud focal precisa para cada rayo de detecci\u00f3n sobre los elementos piroel\u00e9ctricos. Este avanzado dise\u00f1o de lente ayuda a garantizar una detecci\u00f3n uniforme en todo el campo de detecci\u00f3n y reduce de manera notable la posibilidad de que se pierdan alarmas. <\/p>\n<\/p><\/div>\n<\/p><\/div>\n<div style='flex: 1 1 250px; border: 1px solid rgba(150&comma; 150&comma; 150&comma; 0.4); border-radius: 8px; overflow: hidden; display: flex; flex-direction: column;'>\n<div style='padding: 15px; border-bottom: 1px solid rgba(150&comma; 150&comma; 150&comma; 0.2); font-weight: bold; font-size: 18px; color: inherit;'> F\u00e1cil de instalar <\/div>\n<div style='padding: 15px; color: inherit;'>\n<p style='font-size: 14px; margin: 0;'> FlipX Standard viene con un indicador LED verde f\u00e1cilmente visible para asegurarse de que el sensor est\u00e1 encendido y en funcionamiento. Tambi\u00e9n viene con una carcasa que se puede quitar f\u00e1cilmente girando el bloqueo en 180 grados para poder girar la lente y cambiar el rango de detecci\u00f3n de ancho a estrecho. <\/p>\n<\/p><\/div>\n<\/p><\/div>\n<div style='flex: 1 1 250px; border: 1px solid rgba(150&comma; 150&comma; 150&comma; 0.4); border-radius: 8px; overflow: hidden; display: flex; flex-direction: column;'>\n<div style='padding: 15px; border-bottom: 1px solid rgba(150&comma; 150&comma; 150&comma; 0.2); font-weight: bold; font-size: 18px; color: inherit;'> Aplicaciones <\/div>\n<div style='padding: 15px; color: inherit;'>\n<ul style='padding-left: 20px; margin: 0; font-size: 14px; list-style-type: disc;'>\n<li style='margin-bottom: 5px;'>Edificios<\/li>\n<li style='margin-bottom: 5px;'>Casa<\/li>\n<\/ul><\/div>\n<\/p><\/div>\n<div style='flex: 1 1 250px; border: 1px solid rgba(150&comma; 150&comma; 150&comma; 0.4); border-radius: 8px; overflow: hidden; display: flex; flex-direction: column;'>\n<div style='padding: 15px; border-bottom: 1px solid rgba(150&comma; 150&comma; 150&comma; 0.2); font-weight: bold; font-size: 18px; color: inherit;'> Caracter\u00edsticas <\/div>\n<div style='padding: 15px; color: inherit;'>\n<ul style='padding-left: 20px; margin: 0; font-size: 14px; list-style-type: disc;'>\n<li style='margin-bottom: 5px;'>PIR para interiores cableado con lente giratoria<\/li>\n<li style='margin-bottom: 5px;'>Detecci\u00f3n ancha hasta 12 m y 85 grados y detecci\u00f3n estrecha hasta 18 m<\/li>\n<li style='margin-bottom: 5px;'>Mayor tolerancia a las mascotas gracias al nuevo elemento piroel\u00e9ctrico<\/li>\n<li style='margin-bottom: 5px;'>Montaje variable entre 2&comma;0 y 3&comma;0 metros de altura<\/li>\n<li style='margin-bottom: 5px;'>INCLUYE MONTAJE<\/li>\n<\/ul><\/div>\n<\/p><\/div>\n<\/p><\/div>\n<p> <!-- Separador --> <\/p>\n<hr style='border: 0; border-top: 1px solid rgba(150&comma; 150&comma; 150&comma; 0.3); margin: 30px 0;'> <\/div>\n","protected":false},"excerpt":{"rendered":"<p>Detector de Movimiento Pasivo \/ FlipX Standard detector PIR para interior con lente giratoria \/ Con montaje<\/p>\n","protected":false},"featured_media":4220,"comment_status":"open","ping_status":"closed","template":"","meta":[],"product_brand":[],"product_cat":[18],"product_tag":[19,20,106],"class_list":{"0":"post-4221","1":"product","2":"type-product","3":"status-publish","4":"has-post-thumbnail","6":"product_cat-movimiento-para-interior","7":"product_tag-detectores-sensores","8":"product_tag-movimiento-para-interior","9":"product_tag-optex","11":"first","12":"instock","13":"sale","14":"shipping-taxable","15":"purchasable","16":"product-type-simple"},"_links":{"self":[{"href":"https:\/\/soydeaqui.ddns.net\/pachuca\/index.php\/wp-json\/wp\/v2\/product\/4221","targetHints":{"allow":["GET"]}}],"collection":[{"href":"https:\/\/soydeaqui.ddns.net\/pachuca\/index.php\/wp-json\/wp\/v2\/product"}],"about":[{"href":"https:\/\/soydeaqui.ddns.net\/pachuca\/index.php\/wp-json\/wp\/v2\/types\/product"}],"replies":[{"embeddable":true,"href":"https:\/\/soydeaqui.ddns.net\/pachuca\/index.php\/wp-json\/wp\/v2\/comments?post=4221"}],"wp:featuredmedia":[{"embeddable":true,"href":"https:\/\/soydeaqui.ddns.net\/pachuca\/index.php\/wp-json\/wp\/v2\/media\/4220"}],"wp:attachment":[{"href":"https:\/\/soydeaqui.ddns.net\/pachuca\/index.php\/wp-json\/wp\/v2\/media?parent=4221"}],"wp:term":[{"taxonomy":"product_brand","embeddable":true,"href":"https:\/\/soydeaqui.ddns.net\/pachuca\/index.php\/wp-json\/wp\/v2\/product_brand?post=4221"},{"taxonomy":"product_cat","embeddable":true,"href":"https:\/\/soydeaqui.ddns.net\/pachuca\/index.php\/wp-json\/wp\/v2\/product_cat?post=4221"},{"taxonomy":"product_tag","embeddable":true,"href":"https:\/\/soydeaqui.ddns.net\/pachuca\/index.php\/wp-json\/wp\/v2\/product_tag?post=4221"}],"curies":[{"name":"wp","href":"https:\/\/api.w.org\/{rel}","templated":true}]}}