{"id":42193,"date":"2026-03-18T18:35:24","date_gmt":"2026-03-18T18:35:24","guid":{"rendered":"https:\/\/soydeaqui.ddns.net\/pachuca\/index.php\/producto\/kit-de-energia-solar-para-minisplit-220vca-2000w\/"},"modified":"2026-03-18T18:35:25","modified_gmt":"2026-03-18T18:35:25","slug":"kit-de-energia-solar-para-minisplit-220vca-2000w","status":"publish","type":"product","link":"https:\/\/soydeaqui.ddns.net\/pachuca\/index.php\/producto\/kit-de-energia-solar-para-minisplit-220vca-2000w\/","title":{"rendered":"KIT DE ENERGIA SOLAR PARA MINISPLIT 220VCA  2000W"},"content":{"rendered":"<div style='width: 100%; max-width: 1200px; margin: 0 auto; font-family: sans-serif; line-height: 1.6; color: inherit; background-color: transparent;'>\n<div style='display: flex; flex-wrap: wrap; gap: 30px; margin-bottom: 30px;'>\n<div style='flex: 1 1 300px; min-width: 280px;'>\n<h3 style='font-size: 22px; border-bottom: 2px solid currentColor; padding-bottom: 5px; margin-top: 0; color: inherit; opacity: 0.8;'>Kit de Energ\u00eda Solar para Minisplit 220Vca 2000W<\/h3>\n<p style='font-size: 15px; color: inherit; margin-bottom: 15px;'>Este kit de energ\u00eda solar est\u00e1 dise\u00f1ado para alimentar un minisplit de 220Vca con un consumo m\u00e1ximo de 2000W. Es adecuado para aplicaciones aisladas de la red el\u00e9ctrica. <strong>Con uso de operaci\u00f3n de 10 horas<\/strong>.<\/p>\n<\/p><\/div>\n<\/p><\/div>\n<div style='display: flex; flex-wrap: wrap; gap: 20px; margin-bottom: 30px;'>\n<div style='flex: 1 1 250px; border: 1px solid rgba(150&comma; 150&comma; 150&comma; 0.4); border-radius: 8px; overflow: hidden; display: flex; flex-direction: column;'>\n<div style='padding: 15px; border-bottom: 1px solid rgba(150&comma; 150&comma; 150&comma; 0.2); font-weight: bold; font-size: 18px; color: inherit;'>Caracter\u00edsticas del Kit<\/div>\n<div style='padding: 15px; color: inherit;'>\n<ul style='padding-left: 20px; margin: 0; font-size: 14px; list-style-type: disc;'>\n<li style='margin-bottom: 5px;'><strong>10<\/strong> &#8211; EGE550W144M(M10) M\u00f3dulo Fotovoltaico 550W 50Vc<\/li>\n<li style='margin-bottom: 5px;'><strong>4<\/strong> &#8211; RLB10048PRO Bater\u00eda de Litio 48V 104Ah<\/li>\n<li style='margin-bottom: 5px;'><strong>2<\/strong> &#8211; SPF3000TLLVM48P Inversor Cargador 3000W&comma; Entrada: 48V&comma; Salida: 120Vca<\/li>\n<li style='margin-bottom: 5px;'><strong>3<\/strong> &#8211; VETOR8R Montaje para Piso para 4 M\u00f3dulos 550W<\/li>\n<\/ul><\/div>\n<\/p><\/div>\n<div style='flex: 1 1 250px; border: 1px solid rgba(150&comma; 150&comma; 150&comma; 0.4); border-radius: 8px; overflow: hidden; display: flex; flex-direction: column;'>\n<div style='padding: 15px; border-bottom: 1px solid rgba(150&comma; 150&comma; 150&comma; 0.2); font-weight: bold; font-size: 18px; color: inherit;'>Accesorios de Instalaci\u00f3n (no incluidos)<\/div>\n<div style='padding: 15px; color: inherit;'>\n<ul style='padding-left: 20px; margin: 0; font-size: 14px; list-style-type: disc;'>\n<li style='margin-bottom: 5px;'><strong>3<\/strong> &#8211; PROSECA01 Conector MC4 Simples<\/li>\n<li style='margin-bottom: 5px;'><strong>5<\/strong> &#8211; PROSECB02 Par de Conectores MC4 Conexi\u00f3n en Paralelo<\/li>\n<li style='margin-bottom: 5px;'><strong>1<\/strong> &#8211; KIT-MASTER-70K Kit Tierra F\u00edsica 70A<\/li>\n<li style='margin-bottom: 5px;'><strong>6<\/strong> &#8211; CBLMC42P5MBLK Cable Fotovoltaico 2.5m Negro Calibre 10AWG<\/li>\n<li style='margin-bottom: 5px;'><strong>6<\/strong> &#8211; CBLMC42P5MRED Cable Fotovoltaico 2.5m Rojo Calibre 10AWG<\/li>\n<li style='margin-bottom: 5px;'><strong>2<\/strong> &#8211; CBL-8AWG-3R Cable Controlador 3m Rojo Calibre 8AWG<\/li>\n<li style='margin-bottom: 5px;'><strong>2<\/strong> &#8211; CBL-8AWG-3BLK Cable Controlador 3m Negro Calibre 8AWG<\/li>\n<li style='margin-bottom: 5px;'><strong>3<\/strong> &#8211; RLBRED6AWG Cable para Bater\u00edas Rojo<\/li>\n<li style='margin-bottom: 5px;'><strong>3<\/strong> &#8211; RLBBLK6AWG Cable para Bater\u00edas Negro<\/li>\n<li style='margin-bottom: 5px;'><strong>3<\/strong> &#8211; RLBCAT6 Cable RJ45 para Comunicaci\u00f3n entre Bater\u00edas 0.35m CAT6<\/li>\n<li style='margin-bottom: 5px;'><strong>2<\/strong> &#8211; LP-RPP-1914 Montaje en Rack para 3 Bater\u00edas<\/li>\n<li style='margin-bottom: 5px;'><strong>4<\/strong> &#8211; LPSR601U Accesorio de Montaje para Bater\u00edas<\/li>\n<li style='margin-bottom: 5px;'><strong>1<\/strong> &#8211; LP-UT6-300-BU Cable para Comunicaci\u00f3n entre Inversor y Bater\u00edas<\/li>\n<\/ul><\/div>\n<\/p><\/div>\n<\/p><\/div>\n<div style='display: flex; flex-wrap: wrap; gap: 30px; margin-bottom: 30px;'>\n<div style='flex: 1 1 300px; min-width: 280px;'>\n<h3 style='font-size: 22px; border-bottom: 2px solid currentColor; padding-bottom: 5px; margin-top: 0; color: inherit; opacity: 0.8;'>Compatibilidad del Minisplit<\/h3>\n<p style='font-size: 15px; color: inherit; margin-bottom: 15px;'>Para determinar si su minisplit es compatible con el kit&comma; verifique el consumo m\u00e1ximo en la ficha t\u00e9cnica. No debe exceder los 2000W y debe ser alimentado a 220Vca.<\/p>\n<\/p><\/div>\n<\/p><\/div>\n<hr style='border: 0; border-top: 1px solid rgba(150&comma; 150&comma; 150&comma; 0.3); margin: 30px 0;'> <\/div>\n","protected":false},"excerpt":{"rendered":"<p>KIT DE ENERGIA SOLAR PARA MINISPLIT 220VCA  2000W<\/p>\n","protected":false},"featured_media":42192,"comment_status":"open","ping_status":"closed","template":"","meta":[],"product_brand":[],"product_cat":[1196],"product_tag":[964,454,1197],"class_list":{"0":"post-42193","1":"product","2":"type-product","3":"status-publish","4":"has-post-thumbnail","6":"product_cat-kit-solar-sistema-aislado","7":"product_tag-energia-solar","8":"product_tag-epcom-powerline","9":"product_tag-kit-solar-sistema-aislado","11":"first","12":"outofstock","13":"sale","14":"shipping-taxable","15":"purchasable","16":"product-type-simple"},"_links":{"self":[{"href":"https:\/\/soydeaqui.ddns.net\/pachuca\/index.php\/wp-json\/wp\/v2\/product\/42193","targetHints":{"allow":["GET"]}}],"collection":[{"href":"https:\/\/soydeaqui.ddns.net\/pachuca\/index.php\/wp-json\/wp\/v2\/product"}],"about":[{"href":"https:\/\/soydeaqui.ddns.net\/pachuca\/index.php\/wp-json\/wp\/v2\/types\/product"}],"replies":[{"embeddable":true,"href":"https:\/\/soydeaqui.ddns.net\/pachuca\/index.php\/wp-json\/wp\/v2\/comments?post=42193"}],"wp:featuredmedia":[{"embeddable":true,"href":"https:\/\/soydeaqui.ddns.net\/pachuca\/index.php\/wp-json\/wp\/v2\/media\/42192"}],"wp:attachment":[{"href":"https:\/\/soydeaqui.ddns.net\/pachuca\/index.php\/wp-json\/wp\/v2\/media?parent=42193"}],"wp:term":[{"taxonomy":"product_brand","embeddable":true,"href":"https:\/\/soydeaqui.ddns.net\/pachuca\/index.php\/wp-json\/wp\/v2\/product_brand?post=42193"},{"taxonomy":"product_cat","embeddable":true,"href":"https:\/\/soydeaqui.ddns.net\/pachuca\/index.php\/wp-json\/wp\/v2\/product_cat?post=42193"},{"taxonomy":"product_tag","embeddable":true,"href":"https:\/\/soydeaqui.ddns.net\/pachuca\/index.php\/wp-json\/wp\/v2\/product_tag?post=42193"}],"curies":[{"name":"wp","href":"https:\/\/api.w.org\/{rel}","templated":true}]}}