{"id":42180,"date":"2026-03-18T18:35:04","date_gmt":"2026-03-18T18:35:04","guid":{"rendered":"https:\/\/soydeaqui.ddns.net\/pachuca\/index.php\/producto\/ecoflow-delta-2-max-estacion-de-energia-portatil-2048wh-litio-lfp-6-ac-2400-w-max-3400w-2-usb-c-100w-capacidad-para-aumentar-respaldo-soporta-cargador-de-coche-10a-a-12-6v-conectividad\/"},"modified":"2026-03-18T18:35:12","modified_gmt":"2026-03-18T18:35:12","slug":"ecoflow-delta-2-max-estacion-de-energia-portatil-2048wh-litio-lfp-6-ac-2400-w-max-3400w-2-usb-c-100w-capacidad-para-aumentar-respaldo-soporta-cargador-de-coche-10a-a-12-6v-conectividad","status":"publish","type":"product","link":"https:\/\/soydeaqui.ddns.net\/pachuca\/index.php\/producto\/ecoflow-delta-2-max-estacion-de-energia-portatil-2048wh-litio-lfp-6-ac-2400-w-max-3400w-2-usb-c-100w-capacidad-para-aumentar-respaldo-soporta-cargador-de-coche-10a-a-12-6v-conectividad\/","title":{"rendered":"EcoFlow DELTA 2 MAX | Estaci\u00f3n de Energ\u00eda Port\u00e1til 2048Wh Litio LFP \/ 6 AC 2400 W (Max. 3400W) \/ 2 USB-C 100W \/ Capacidad para Aumentar Respaldo \/ Soporta Cargador de Coche 10A a 12.6V \/ Conectividad WiFi y Bluetooth (App) \/ Carga Sol"},"content":{"rendered":"<div style=\"width: 100%; max-width: 1200px; margin: 0 auto; font-family: sans-serif; line-height: 1.6; color: inherit; background-color: transparent;\"><!-- T\u00edtulo principal --><\/p>\n<h2 style=\"font-size: 24px; font-weight: 500; text-align: center; margin: 0 0 15px; color: inherit;\"><strong>Duradero&comma; seguro&comma; ligero<\/strong><\/h2>\n<p><!-- Descripci\u00f3n principal --><\/p>\n<p style=\"font-size: 16px; margin-bottom: 20px; color: inherit;\">Con su qu&iacute;mica de bater&iacute;a LFP mejorada&comma; DELTA 2 Max tiene una vida &uacute;til de 3000 ciclos completos; una vez alcanzados&comma; se reduce al 80% de su capacidad. Obtendr&aacute; casi 10 a&ntilde;os de energ&iacute;a&comma; incluso si lo usa todos los d&iacute;as. Eso es 6 veces m&aacute;s que otras estaciones de energ&iacute;a con una capacidad y rendimiento similares.<\/p>\n<p><!-- Video de YouTube --><\/p>\n<div style=\"position: relative; padding-bottom: 56.25%; height: 0; overflow: hidden; margin: 20px 0;\"> <\/div>\n<p><!-- Secci\u00f3n de especificaciones --><\/p>\n<div style=\"margin: 40px 0;\">\n<h3 style=\"font-size: 20px; color: #3598db; border-bottom: 2px solid currentColor; padding-bottom: 5px; margin: 0 0 20px; text-align: center; opacity: 0.9;\">ESPECIFICACIONES<\/h3>\n<p><!-- Grid de cards --><\/p>\n<div style=\"display: flex; flex-wrap: wrap; gap: 20px; margin-top: 20px;\"><!-- Caracter\u00edsticas Generales --><\/p>\n<div style=\"flex: 1 1 250px; border: 1px solid rgba(150&comma; 150&comma; 150&comma; 0.4); border-radius: 8px; overflow: hidden; display: flex; flex-direction: column;\">\n<div style=\"padding: 15px; border-bottom: 1px solid rgba(150&comma; 150&comma; 150&comma; 0.2); font-weight: bold; font-size: 18px; color: #3598db;\">Caracter&iacute;sticas Generales<\/div>\n<div style=\"padding: 15px; color: inherit;\">\n<ul style=\"padding-left: 20px; margin: 0; font-size: 14px; list-style-type: disc;\">\n<li style=\"margin-bottom: 5px;\"><strong>Capacidad:<\/strong> 2&comma;048 Wh<\/li>\n<li style=\"margin-bottom: 5px;\"><strong>Ciclos de vida &uacute;til:<\/strong> 3000 ciclos a m&aacute;s del 80%<\/li>\n<li style=\"margin-bottom: 5px;\"><strong>Qu&iacute;mica de la bater&iacute;a:<\/strong> LiFePo4<\/li>\n<li style=\"margin-bottom: 5px;\"><strong>Bater&iacute;a Adicional:<\/strong> Admite una bater&iacute;a adicional DELTA MAX<\/li>\n<li style=\"margin-bottom: 5px;\"><strong>Conectividad:<\/strong> Wi-Fi &amp; Bluetooth<\/li>\n<li style=\"margin-bottom: 5px;\"><strong>Dimensiones:<\/strong> 497x242x305 (mm)<\/li>\n<li style=\"margin-bottom: 5px;\"><strong>Peso Neto:<\/strong> 23 Kg<\/li>\n<li style=\"margin-bottom: 5px;\"><strong>Apilable:<\/strong> Soporta hasta 2 bater&iacute;as incrementando su capacidad hasta 6kWh<\/li>\n<\/ul>\n<\/div>\n<\/div>\n<p><!-- Puertos de Salida --><\/p>\n<div style=\"flex: 1 1 250px; border: 1px solid rgba(150&comma; 150&comma; 150&comma; 0.4); border-radius: 8px; overflow: hidden; display: flex; flex-direction: column;\">\n<div style=\"padding: 15px; border-bottom: 1px solid rgba(150&comma; 150&comma; 150&comma; 0.2); font-weight: bold; font-size: 18px; color: #3598db;\">Puertos de Salida<\/div>\n<div style=\"padding: 15px; color: inherit;\">\n<ul style=\"padding-left: 20px; margin: 0; font-size: 14px; list-style-type: disc;\">\n<li style=\"margin-bottom: 5px;\"><strong>Salidas de CA:<\/strong> 6 salidas&comma; Onda sinusoidal pura&comma; 2400W totales (m&aacute;ximo: 4800W)&comma; 120V (50Hz\/60Hz)<\/li>\n<li style=\"margin-bottom: 5px;\"><strong>Potencia m&aacute;xima de los dispositivos compatibles con X-Boost:<\/strong> 3&comma;400W<\/li>\n<li style=\"margin-bottom: 5px;\"><strong>Salidas USB-A:<\/strong> 2 puertos&comma; 5V&comma; 2.4A&comma; 12W m&aacute;x. (por puerto)&comma; 24W totales<\/li>\n<li style=\"margin-bottom: 5px;\"><strong>Carga r&aacute;pida USB-A:<\/strong> 2 puertos&comma; 5V&comma; 2.4A\/9V&comma;2A\/12V&comma;1.5A 18W m&aacute;x. por puerto.<\/li>\n<li style=\"margin-bottom: 5px;\"><strong>Salidas USB-C:<\/strong> 2 puertos&comma; 5\/9\/12\/15\/20V&comma; 5A&comma; 100W m&aacute;x. por puerto<\/li>\n<li style=\"margin-bottom: 5px;\"><strong>Cargador para coche:<\/strong> 1 puerto&comma; 12.6V&comma; 10A 126W m&aacute;x.<\/li>\n<li style=\"margin-bottom: 5px;\"><strong>Salida DC5521:<\/strong> 2 puertos&comma; 12.6V&comma; 3A&comma; 38W como m&aacute;x.<\/li>\n<\/ul>\n<\/div>\n<\/div>\n<p><!-- Puertos de Entrada --><\/p>\n<div style=\"flex: 1 1 250px; border: 1px solid rgba(150&comma; 150&comma; 150&comma; 0.4); border-radius: 8px; overflow: hidden; display: flex; flex-direction: column;\">\n<div style=\"padding: 15px; border-bottom: 1px solid rgba(150&comma; 150&comma; 150&comma; 0.2); font-weight: bold; font-size: 18px; color: #3598db;\">Puertos de Entrada<\/div>\n<div style=\"padding: 15px; color: inherit;\">\n<ul style=\"padding-left: 20px; margin: 0; font-size: 14px; list-style-type: disc;\">\n<li style=\"margin-bottom: 5px;\"><strong>Carga de CA Carga r&aacute;pida de X-Stream:<\/strong> 1800W m&aacute;x. 15A<\/li>\n<li style=\"margin-bottom: 5px;\"><strong>Tensi&oacute;n de entrada de CA:<\/strong> <span style=\"color: rgb(117&comma; 117&comma; 117); font-family: manrope; font-size: 14px; font-style: normal; font-variant-ligatures: normal; font-variant-caps: normal; font-weight: 400; letter-spacing: normal; orphans: 2; text-align: start; text-indent: 0px; text-transform: none; widows: 2; word-spacing: 0px; -webkit-text-stroke-width: 0px; white-space: normal; background-color: rgb(255&comma; 255&comma; 255); text-decoration-thickness: initial; text-decoration-style: initial; text-decoration-color: initial; display: inline !important; float: none;\" data-pasted=\"true\">100-120V~ max. 15A 50Hz\/60Hz<\/span><\/li>\n<li style=\"margin-bottom: 5px;\"><strong>Carga mediante energ&iacute;a solar:<\/strong> 11-60V&comma; 15A&comma; puerto &uacute;nico 500W m&aacute;x.: puerto doble 1000W<\/li>\n<li style=\"margin-bottom: 5px;\"><strong>Carga para veh&iacute;culo:<\/strong> Admite bater&iacute;a de 12V\/24V&comma; Valor predeterminado: 8A<\/li>\n<\/ul>\n<\/div>\n<\/div>\n<p><!-- Protecciones --><\/p>\n<div style=\"flex: 1 1 250px; border: 1px solid rgba(150&comma; 150&comma; 150&comma; 0.4); border-radius: 8px; overflow: hidden; display: flex; flex-direction: column;\">\n<div style=\"padding: 15px; border-bottom: 1px solid rgba(150&comma; 150&comma; 150&comma; 0.2); font-weight: bold; font-size: 18px; color: #3598db;\">Tipo de Protecci&oacute;nes<\/div>\n<div style=\"padding: 15px; color: inherit;\">\n<ul style=\"padding-left: 20px; margin: 0; font-size: 14px; list-style-type: disc;\">\n<li style=\"margin-bottom: 5px;\"><strong>Sobretensi&oacute;n<\/strong><\/li>\n<li style=\"margin-bottom: 5px;\"><strong>Sobrecarga<\/strong><\/li>\n<li style=\"margin-bottom: 5px;\"><strong>Sobrecalentamiento<\/strong><\/li>\n<li style=\"margin-bottom: 5px;\"><strong>Cortocircuito<\/strong><\/li>\n<li style=\"margin-bottom: 5px;\"><strong>Temperatura baja<\/strong><\/li>\n<li style=\"margin-bottom: 5px;\"><strong>Tensi&oacute;n baja<\/strong><\/li>\n<li style=\"margin-bottom: 5px;\"><strong>Sobrecorriente<\/strong><\/li>\n<\/ul>\n<\/div>\n<\/div>\n<\/div>\n<\/div>\n<p><!-- Separador --><\/p>\n<hr style=\"border: 0; border-top: 1px solid rgba(150&comma; 150&comma; 150&comma; 0.3); margin: 40px 0;\"><!-- Bater\u00eda LFP --><\/p>\n<div style=\"margin: 40px 0;\">\n<h3 style=\"font-size: 20px; color: #3598db; border-bottom: 2px solid currentColor; padding-bottom: 5px; margin: 0 0 20px; text-align: center; opacity: 0.9;\">BATER&Iacute;A DURADERA&comma; SEGURA Y LIVIANA<\/h3>\n<p><!-- Im\u00e1genes de la bater\u00eda --><\/p>\n<div style=\"display: flex; flex-wrap: wrap; gap: 20px; justify-content: center; margin-top: 20px;\">\n<div style=\"flex: 1 1 300px; min-width: 280px;\"><img decoding=\"async\" style=\"width: 100%; height: auto; border: 1px solid rgba(150&comma; 150&comma; 150&comma; 0.3); border-radius: 8px;\" src=\"https:\/\/cdn.shopify.com\/s\/files\/1\/1996\/9707\/files\/10-year_Long-lasting_LFP_Battery_c3f2f4cd-0229-4c9b-839c-215108b3a522.png?v=1685697351&#038;width=1000\" alt=\"\" class=\"fr-fic fr-dii\"><\/div>\n<div style=\"flex: 1 1 300px; min-width: 280px;\"><img decoding=\"async\" style=\"width: 100%; height: auto; border: 1px solid rgba(150&comma; 150&comma; 150&comma; 0.3); border-radius: 8px;\" src=\"https:\/\/cdn.shopify.com\/s\/files\/1\/1996\/9707\/files\/LFP_Battery_Chemistry_113341ce-8920-4dd7-a135-ca3cec55fae3.png?v=1685697367&#038;width=1000\" alt=\"\" class=\"fr-fic fr-dii\"><\/div>\n<\/div>\n<\/div>\n<p><!-- Separador --><\/p>\n<hr style=\"border: 0; border-top: 1px solid rgba(150&comma; 150&comma; 150&comma; 0.3); margin: 40px 0;\"><!-- Men\u00fa expandible - Monitoreo --><\/p>\n<div style=\"margin: 40px 0;\">\n<h3 style=\"font-size: 20px; color: #3598db; border-bottom: 2px solid currentColor; padding-bottom: 5px; margin: 0 0 20px; text-align: center; opacity: 0.9;\">MONITOREO<\/h3>\n<div style=\"display: flex; flex-wrap: wrap; gap: 20px; align-items: center; justify-content: center; margin-top: 20px;\">\n<div style=\"flex: 1 1 300px; min-width: 280px;\"><img decoding=\"async\" style=\"width: 100%; height: auto; border: 1px solid rgba(150&comma; 150&comma; 150&comma; 0.3); border-radius: 8px;\" src=\"https:\/\/cdn.shopify.com\/s\/files\/1\/1996\/9707\/files\/PC_03f7d028-db6e-4316-94fc-da3d2adbfbab.png?v=1684743067\" alt=\"\" class=\"fr-fic fr-dii\"><\/div>\n<div style=\"flex: 1 1 300px; min-width: 280px;\">\n<p style=\"text-align: center; font-size: 18px; margin-bottom: 15px; color: inherit;\"><strong>Control desde cualquier lugar<\/strong><\/p>\n<p style=\"text-align: center; font-size: 14px; margin-bottom: 20px; color: inherit;\">Utiliza la aplicaci&oacute;n EcoFlow para controlar tu DELTA 2 Max desde cualquier lugar mediante Wi-Fi. Conectate por Bluetooth cuando no tengas conexi&oacute;n a la red. En ambos casos puedes comprobar datos de carga&comma; personalizar la configuraci&oacute;n y ajustar la velocidad de carga con facilidad.<\/p>\n<p style=\"text-align: center; font-size: 14px; margin-bottom: 10px; color: inherit;\"><strong>Caracter&iacute;sticas del Bluetooth y Wi-Fi<\/strong><\/p>\n<div style=\"margin: 15px 0;\">\n<p style=\"margin-bottom: 10px; font-size: 14px; color: inherit;\"><strong>Wi-Fi:<\/strong><\/p>\n<ul style=\"padding-left: 20px; margin: 0 0 15px 20px; font-size: 14px; list-style-type: disc; color: inherit;\">\n<li style=\"margin-bottom: 5px;\"><strong>Gama de frecuencia:<\/strong> 2412-2462 Mhz \/ 2422-2452 Mhz<\/li>\n<li style=\"margin-bottom: 5px;\"><strong>Potencia m&aacute;xima de salida:<\/strong> 0.071 W<\/li>\n<\/ul>\n<p style=\"margin-bottom: 10px; font-size: 14px; color: inherit;\"><strong>Bluetooth:<\/strong><\/p>\n<ul style=\"padding-left: 20px; margin: 0 0 15px 20px; font-size: 14px; list-style-type: disc; color: inherit;\">\n<li style=\"margin-bottom: 5px;\"><strong>Gama de frecuencia:<\/strong> 2402-2480 Mhz<\/li>\n<li style=\"margin-bottom: 5px;\"><strong>Potencia m&aacute;xima de salida:<\/strong> 0.005 W<\/li>\n<\/ul>\n<\/div>\n<\/div>\n<\/div>\n<\/div>\n<p><!-- Separador --><\/p>\n<hr style=\"border: 0; border-top: 1px solid rgba(150&comma; 150&comma; 150&comma; 0.3); margin: 40px 0;\"><!-- Men\u00fa expandible - Tiempo de Respaldo --><\/p>\n<div style=\"margin: 40px 0;\">\n<h3 style=\"font-size: 20px; color: #3598db; border-bottom: 2px solid currentColor; padding-bottom: 5px; margin: 0 0 20px; text-align: center; opacity: 0.9;\">TIEMPO DE RESPALDO<\/h3>\n<h4 style=\"text-align: center; font-size: 18px; margin-bottom: 20px; color: inherit;\">Energ&iacute;a para TODA la Familia<\/h4>\n<p style=\"text-align: center; font-size: 14px; margin-bottom: 30px; color: inherit;\">Una generosa capacidad de 2048Wh hace que el DELTA 2 Max sea ideal para el respaldo de energ&iacute;a en el hogar&comma; manteniendo tus elementos escenciales funcionando durante horas&comma; Mant&eacute;n encendida tu nevera y evita que los alimentos se estropeen hasta por 14 horas. Con su dise&ntilde;o ligero&comma; el DELTA 2 Max es lo suficientemente port&aacute;til como para llevarlo contigo en el pr&oacute;ximo viaje.<\/p>\n<p><!-- Im\u00e1genes de tiempo de respaldo --><\/p>\n<div style=\"display: flex; flex-wrap: wrap; gap: 20px; justify-content: center; margin-top: 20px;\">\n<div style=\"flex: 1 1 300px; min-width: 280px;\"><img decoding=\"async\" style=\"width: 100%; height: auto; border: 1px solid rgba(150&comma; 150&comma; 150&comma; 0.3); border-radius: 8px;\" src=\"https:\/\/ftp3.syscom.mx\/usuarios\/fotos\/EFD350\/219535-tiempo_de_respaldo.jpg\" alt=\"\" class=\"fr-fic fr-dii\"><\/div>\n<div style=\"flex: 1 1 300px; min-width: 280px;\"><img decoding=\"async\" style=\"width: 100%; height: auto; border: 1px solid rgba(150&comma; 150&comma; 150&comma; 0.3); border-radius: 8px;\" src=\"https:\/\/ftp3.syscom.mx\/usuarios\/fotos\/EFD350\/219535-aplicaciones_1.jpg\" alt=\"\" class=\"fr-fic fr-dii\"><\/div>\n<div style=\"flex: 1 1 300px; min-width: 280px;\"><img decoding=\"async\" style=\"width: 100%; height: auto; border: 1px solid rgba(150&comma; 150&comma; 150&comma; 0.3); border-radius: 8px;\" src=\"https:\/\/ftp3.syscom.mx\/usuarios\/fotos\/EFD350\/219535-aplicaciones_2.jpg\" alt=\"\" class=\"fr-fic fr-dii\"><\/div>\n<\/div>\n<\/div>\n<p><!-- Separador --><\/p>\n<hr style=\"border: 0; border-top: 1px solid rgba(150&comma; 150&comma; 150&comma; 0.3); margin: 40px 0;\"><!-- Men\u00fa expandible - Contenido --><\/p>\n<div style=\"margin: 40px 0;\">\n<h3 style=\"font-size: 20px; color: #3598db; border-bottom: 2px solid currentColor; padding-bottom: 5px; margin: 0 0 20px; text-align: center; opacity: 0.9;\">CONTENIDO<\/h3>\n<div style=\"display: flex; flex-wrap: wrap; gap: 30px; align-items: start; justify-content: center; margin-top: 20px;\">\n<div style=\"flex: 1 1 300px; min-width: 280px;\">\n<h4 style=\"text-align: center; font-size: 18px; margin-bottom: 15px; color: inherit;\">DELTA 2 Max<\/h4>\n<ul style=\"padding-left: 20px; margin: 0 0 15px 20px; font-size: 14px; list-style-type: disc; color: inherit;\">\n<li style=\"margin-bottom: 5px;\"><strong>DELTA 2 Max<\/strong><\/li>\n<li style=\"margin-bottom: 5px;\"><strong>Manual de usuario<\/strong><\/li>\n<li style=\"margin-bottom: 5px;\"><strong>Warranty card<\/strong><\/li>\n<\/ul>\n<\/div>\n<div style=\"flex: 1 1 300px; min-width: 280px;\">&nbsp;<\/div>\n<\/div>\n<\/div>\n<p><!-- Separador --><\/p>\n<hr style=\"border: 0; border-top: 1px solid rgba(150&comma; 150&comma; 150&comma; 0.3); margin: 40px 0;\"><!-- Caracter\u00edsticas destacadas --><\/p>\n<div style=\"margin: 40px 0;\">\n<h3 style=\"font-size: 20px; color: #3598db; border-bottom: 2px solid currentColor; padding-bottom: 5px; margin: 0 0 20px; text-align: center; opacity: 0.9;\">CARACTER&Iacute;STICAS DESTACADAS<\/h3>\n<div style=\"display: flex; justify-content: center; margin-top: 20px;\"><img decoding=\"async\" style=\"width: 100%; max-width: 800px; height: auto; border: 1px solid rgba(150&comma; 150&comma; 150&comma; 0.3); border-radius: 8px;\" src=\"https:\/\/ftp3.syscom.mx\/usuarios\/fotos\/EFD350\/219535-caracteristicas_destacadas.jpg\" alt=\"\" class=\"fr-fil fr-dib\"><\/div>\n<\/div>\n<\/div>\n","protected":false},"excerpt":{"rendered":"<p>EcoFlow DELTA 2 MAX | Estaci\u00f3n de Energ\u00eda Port\u00e1til 2048Wh Litio LFP \/ 6 AC 2400 W (Max. 3400W) \/ 2 USB-C 100W \/ Capacidad para Aumentar Respaldo \/ Soporta Cargador de Coche 10A a 12.6V \/ Conectividad WiFi y Bluetooth (App) \/ Carga Sol<\/p>\n","protected":false},"featured_media":42179,"comment_status":"open","ping_status":"closed","template":"","meta":[],"product_brand":[],"product_cat":[1114],"product_tag":[1116,1115,1101],"class_list":{"0":"post-42180","1":"product","2":"type-product","3":"status-publish","4":"has-post-thumbnail","6":"product_cat-estaciones-de-energia-portables","7":"product_tag-ecoflow","8":"product_tag-estaciones-de-energia-portables","9":"product_tag-respaldo-de-energia","11":"first","12":"instock","13":"sale","14":"shipping-taxable","15":"purchasable","16":"product-type-simple"},"_links":{"self":[{"href":"https:\/\/soydeaqui.ddns.net\/pachuca\/index.php\/wp-json\/wp\/v2\/product\/42180","targetHints":{"allow":["GET"]}}],"collection":[{"href":"https:\/\/soydeaqui.ddns.net\/pachuca\/index.php\/wp-json\/wp\/v2\/product"}],"about":[{"href":"https:\/\/soydeaqui.ddns.net\/pachuca\/index.php\/wp-json\/wp\/v2\/types\/product"}],"replies":[{"embeddable":true,"href":"https:\/\/soydeaqui.ddns.net\/pachuca\/index.php\/wp-json\/wp\/v2\/comments?post=42180"}],"wp:featuredmedia":[{"embeddable":true,"href":"https:\/\/soydeaqui.ddns.net\/pachuca\/index.php\/wp-json\/wp\/v2\/media\/42179"}],"wp:attachment":[{"href":"https:\/\/soydeaqui.ddns.net\/pachuca\/index.php\/wp-json\/wp\/v2\/media?parent=42180"}],"wp:term":[{"taxonomy":"product_brand","embeddable":true,"href":"https:\/\/soydeaqui.ddns.net\/pachuca\/index.php\/wp-json\/wp\/v2\/product_brand?post=42180"},{"taxonomy":"product_cat","embeddable":true,"href":"https:\/\/soydeaqui.ddns.net\/pachuca\/index.php\/wp-json\/wp\/v2\/product_cat?post=42180"},{"taxonomy":"product_tag","embeddable":true,"href":"https:\/\/soydeaqui.ddns.net\/pachuca\/index.php\/wp-json\/wp\/v2\/product_tag?post=42180"}],"curies":[{"name":"wp","href":"https:\/\/api.w.org\/{rel}","templated":true}]}}