{"id":42173,"date":"2026-03-18T18:34:53","date_gmt":"2026-03-18T18:34:53","guid":{"rendered":"https:\/\/soydeaqui.ddns.net\/pachuca\/index.php\/producto\/bateria-de-litio-lfp-inteligente-de-1024wh-para-aumentar-tiempo-de-respaldo-compatible-con-efd330-delta-2\/"},"modified":"2026-03-18T18:35:02","modified_gmt":"2026-03-18T18:35:02","slug":"bateria-de-litio-lfp-inteligente-de-1024wh-para-aumentar-tiempo-de-respaldo-compatible-con-efd330-delta-2","status":"publish","type":"product","link":"https:\/\/soydeaqui.ddns.net\/pachuca\/index.php\/producto\/bateria-de-litio-lfp-inteligente-de-1024wh-para-aumentar-tiempo-de-respaldo-compatible-con-efd330-delta-2\/","title":{"rendered":"Bater\u00eda de Litio LFP Inteligente de 1024Wh para Aumentar Tiempo de Respaldo Compatible con EFD330 (DELTA 2)"},"content":{"rendered":"<div style='width: 100%; max-width: 1200px; margin: 0 auto; font-family: sans-serif; line-height: 1.6; color: inherit; background-color: transparent;'> <!-- T\u00edtulo principal --> <\/p>\n<div style='text-align: center; margin: 30px 0;'> <span style='font-size: 22px; font-weight: bold; color: inherit; display: block; margin-bottom: 15px;'>Ampl\u00eda tu autonom\u00eda hasta 2048 Wh con la bater\u00eda adicional inteligente<\/span> <span style='font-size: 22px; font-weight: bold; color: #3598db;'>EFD330EB<\/span> <span style='font-size: 22px; display: block; margin-top: 10px;'>y mantente preparado para cualquier situaci\u00f3n.<\/span> <\/div>\n<p> <!-- Imagen principal --> <\/p>\n<div style='margin: 30px 0; text-align: center;'> <img style='width: 100%; max-width: 1095px; height: auto; border: 1px solid rgba(150&comma;150&comma;150&comma;0.3); border-radius: 8px;' src='https:\/\/ftp3.syscom.mx\/usuarios\/fotos\/EFD330EB\/219536-ampliar_respaldo.jpg' alt=''> <\/div>\n<p> <!-- Secci\u00f3n de especificaciones --> <\/p>\n<div style='margin: 50px 0 30px;'>\n<h2 style='font-size: 28px; text-align: center; color: #3598db; margin: 0; padding-bottom: 10px; border-bottom: 2px solid currentColor; display: inline-block;'>ESPECIFICACIONES<\/h2>\n<\/p><\/div>\n<p> <!-- Cards de especificaciones --> <\/p>\n<div style='display: flex; flex-wrap: wrap; gap: 20px; margin-bottom: 30px;'> <!-- Caracter\u00edsticas Generales --> <\/p>\n<div style='flex: 1 1 250px; border: 1px solid rgba(150&comma; 150&comma; 150&comma; 0.4); border-radius: 8px; overflow: hidden; display: flex; flex-direction: column;'>\n<div style='padding: 15px; border-bottom: 1px solid rgba(150&comma; 150&comma; 150&comma; 0.2); font-weight: bold; font-size: 18px; color: #3598db;'>Caracter\u00edsticas Generales<\/div>\n<div style='padding: 15px; color: inherit;'>\n<ul style='padding-left: 20px; margin: 0; font-size: 14px; list-style-type: disc;'>\n<li style='margin-bottom: 5px;'><strong>Capacidad:<\/strong> 1024 Wh<\/li>\n<li style='margin-bottom: 5px;'><strong>Bater\u00eda:<\/strong> Qu\u00edmica LFP&comma; 3000 ciclos a una capacidad de 80%<\/li>\n<li style='margin-bottom: 5px;'><strong>Dimensiones:<\/strong> 464x235x283 mm<\/li>\n<li style='margin-bottom: 5px;'><strong>Peso:<\/strong> 19kg<\/li>\n<\/ul><\/div>\n<\/p><\/div>\n<p> <!-- Compatibilidad --> <\/p>\n<div style='flex: 1 1 250px; border: 1px solid rgba(150&comma; 150&comma; 150&comma; 0.4); border-radius: 8px; overflow: hidden; display: flex; flex-direction: column;'>\n<div style='padding: 15px; border-bottom: 1px solid rgba(150&comma; 150&comma; 150&comma; 0.2); font-weight: bold; font-size: 18px; color: #3598db;'>Compatibilidad<\/div>\n<div style='padding: 15px; color: inherit;'>\n<ul style='padding-left: 20px; margin: 0; font-size: 14px; list-style-type: disc;'>\n<li style='margin-bottom: 5px;'><strong>DELTA 2<\/strong><\/li>\n<\/ul><\/div>\n<\/p><\/div>\n<p> <!-- Puertos de Salida --> <\/p>\n<div style='flex: 1 1 250px; border: 1px solid rgba(150&comma; 150&comma; 150&comma; 0.4); border-radius: 8px; overflow: hidden; display: flex; flex-direction: column;'>\n<div style='padding: 15px; border-bottom: 1px solid rgba(150&comma; 150&comma; 150&comma; 0.2); font-weight: bold; font-size: 18px; color: #3598db;'>Puertos de Salida<\/div>\n<div style='padding: 15px; color: inherit;'>\n<ul style='padding-left: 20px; margin: 0; font-size: 14px; list-style-type: disc;'>\n<li style='margin-bottom: 5px;'><strong>Voltaje:<\/strong> 51.2 V<\/li>\n<li style='margin-bottom: 5px;'><strong>Potencia:<\/strong> 3200 W m\u00e1x<\/li>\n<\/ul><\/div>\n<\/p><\/div>\n<p> <!-- Puerto de Entrada --> <\/p>\n<div style='flex: 1 1 250px; border: 1px solid rgba(150&comma; 150&comma; 150&comma; 0.4); border-radius: 8px; overflow: hidden; display: flex; flex-direction: column;'>\n<div style='padding: 15px; border-bottom: 1px solid rgba(150&comma; 150&comma; 150&comma; 0.2); font-weight: bold; font-size: 18px; color: #3598db;'>Puerto de Entrada<\/div>\n<div style='padding: 15px; color: inherit;'>\n<ul style='padding-left: 20px; margin: 0; font-size: 14px; list-style-type: disc;'>\n<li style='margin-bottom: 5px;'><strong>Voltaje:<\/strong> 51.2 V<\/li>\n<li style='margin-bottom: 5px;'><strong>Potencia:<\/strong> 2000W m\u00e1x<\/li>\n<\/ul><\/div>\n<\/p><\/div>\n<\/p><\/div>\n<p> <!-- Imagen adicional --> <\/p>\n<div style='margin: 50px 0;'> <img style='width: 100%; max-width: 1500px; height: auto; border: 1px solid rgba(150&comma;150&comma;150&comma;0.3); border-radius: 8px;' src='https:\/\/ftp3.syscom.mx\/usuarios\/fotos\/EFD330\/216293-aj-ecoflow-wyoming-12.jpg' alt=''> <\/div>\n<p> <!-- T\u00edtulo Men\u00fa Expandible --> <\/p>\n<div style='margin: 50px 0 30px;'>\n<h2 style='font-size: 28px; text-align: center; color: #3598db; margin: 0; padding-bottom: 10px; border-bottom: 2px solid currentColor; display: inline-block;'>MEN\u00da EXPANDIBLE<\/h2>\n<\/p><\/div>\n<p> <!-- Acordion - Contenido --> <\/p>\n<div style='margin-bottom: 30px;'>\n<h3 style='font-size: 20px; color: #3598db; border-bottom: 2px solid currentColor; padding-bottom: 5px; margin-top: 0; color: inherit; opacity: 0.8;'>CONTENIDO<\/h3>\n<div style='display: flex; flex-wrap: wrap; gap: 20px; margin-top: 15px;'>\n<div style='flex: 1 1 300px; min-width: 250px;'> <img style='width: 100%; height: auto; border: 1px solid rgba(150&comma;150&comma;150&comma;0.3); border-radius: 8px;' src='https:\/\/ftp3.syscom.mx\/usuarios\/fotos\/EFD330EB\/219536-contenido.jpg' alt=''> <\/div>\n<div style='flex: 1 1 300px; min-width: 250px;'>\n<h4 style='text-align: center; margin-top: 0; color: inherit;'>EFD330EB<\/h4>\n<ul style='padding-left: 20px; font-size: 15px; color: inherit;'>\n<li style='margin-bottom: 5px;'>Bater\u00eda Adicional Inteligente EcoFlow DELTA 2<\/li>\n<li style='margin-bottom: 5px;'>Cable de Bater\u00eda Adicional Inteligente DELTA 2<\/li>\n<li style='margin-bottom: 5px;'>Manual de Usuario &#038; Carta de Garant\u00eda<\/li>\n<\/ul><\/div>\n<\/p><\/div>\n<\/p><\/div>\n<p> <!-- Acordion - Monitoreo --> <\/p>\n<div style='margin-bottom: 30px;'>\n<h3 style='font-size: 20px; color: #3598db; border-bottom: 2px solid currentColor; padding-bottom: 5px; margin-top: 0; color: inherit; opacity: 0.8;'>MONITOREO<\/h3>\n<div style='display: flex; flex-wrap: wrap; gap: 20px; margin-top: 15px;'>\n<div style='flex: 1 1 300px; min-width: 250px;'>\n<h4 style='text-align: center; margin-top: 0; color: inherit;'>Control desde cualquier lugar<\/h4>\n<p style='color: inherit; font-size: 14px;'>Obtienes la misma informaci\u00f3n sobre el porcentaje de bater\u00eda&comma; el tiempo de carga restante&comma; las horas restantes y mucho m\u00e1s en la pantalla integrada. Puedes comprobar el estado de la bater\u00eda en cualquier lugar desde la aplicaci\u00f3n EcoFlow<\/p>\n<\/p><\/div>\n<div style='flex: 1 1 300px; min-width: 250px;'> <img style='width: 100%; height: auto; border: 1px solid rgba(150&comma;150&comma;150&comma;0.3); border-radius: 8px;' src='https:\/\/cdn.shopify.com\/s\/files\/1\/0651\/6922\/7998\/files\/delta-2-eb-control-anywhere_1800x.png?v=1661416586' alt=''> <\/div>\n<\/p><\/div>\n<\/p><\/div>\n<p> <!-- Acordion - Recarga --> <\/p>\n<div style='margin-bottom: 30px;'>\n<h3 style='font-size: 20px; color: #3598db; border-bottom: 2px solid currentColor; padding-bottom: 5px; margin-top: 0; color: inherit; opacity: 0.8;'>RECARGA<\/h3>\n<div style='display: flex; flex-wrap: wrap; gap: 20px; margin-top: 15px; margin-bottom: 20px;'>\n<div style='flex: 1 1 300px; min-width: 250px;'> <img style='width: 100%; height: auto; border: 1px solid rgba(150&comma;150&comma;150&comma;0.3); border-radius: 8px;' src='https:\/\/cdn.shopify.com\/s\/files\/1\/0651\/6922\/7998\/files\/delta-2-eb-convinient-recharging_1800x.png?v=1661416588' alt=''> <\/div>\n<div style='flex: 1 1 300px; min-width: 250px;'> <img style='width: 100%; height: auto; border: 1px solid rgba(150&comma;150&comma;150&comma;0.3); border-radius: 8px;' src='https:\/\/cdn.shopify.com\/s\/files\/1\/0651\/6922\/7998\/files\/delta-2-eb-fast-recharging_1800x.png?v=1661416579' alt=''> <\/div>\n<\/p><\/div>\n<div style='text-align: center; margin: 20px 0;'>\n<h4 style='margin: 0 0 10px; color: inherit;'>Recarga c\u00f3moda y r\u00e1pida<\/h4>\n<p style='margin: 8px 0; font-size: 14px; color: inherit;'>DELTA 2 y su bater\u00eda adicional se cargan y descargan al mismo tiempo. La recarga desde paneles solares port\u00e1tiles&comma; tomas de CA o nuestro Generador Inteligente es muy sencilla.<\/p>\n<p style='margin: 8px 0; font-size: 14px; color: inherit;'>Carga con DELTA2 del 0 al 80% en 70 minutos y del 0 al 100% en 120 minutos con entrada de CA.<\/p>\n<\/p><\/div>\n<\/p><\/div>\n<p> <!-- Imagen final --> <\/p>\n<div style='margin: 50px 0;'> <img style='width: 100%; max-width: 1505px; height: auto; border: 1px solid rgba(150&comma;150&comma;150&comma;0.3); border-radius: 8px;' src='https:\/\/cdn.shopify.com\/s\/files\/1\/0651\/6922\/7998\/files\/delta-2-eb-expandable-capacity_1800x.png?v=1661416565' alt=''> <\/div>\n<p> <!-- Separador final --> <\/p>\n<hr style='border: 0; border-top: 1px solid rgba(150&comma; 150&comma; 150&comma; 0.3); margin: 50px 0;'> <\/div>\n","protected":false},"excerpt":{"rendered":"<p>Bater\u00eda de Litio LFP Inteligente de 1024Wh para Aumentar Tiempo de Respaldo Compatible con EFD330 (DELTA 2)<\/p>\n","protected":false},"featured_media":42172,"comment_status":"open","ping_status":"closed","template":"","meta":[],"product_brand":[],"product_cat":[1114],"product_tag":[1116,1115,1101],"class_list":{"0":"post-42173","1":"product","2":"type-product","3":"status-publish","4":"has-post-thumbnail","6":"product_cat-estaciones-de-energia-portables","7":"product_tag-ecoflow","8":"product_tag-estaciones-de-energia-portables","9":"product_tag-respaldo-de-energia","11":"first","12":"instock","13":"sale","14":"shipping-taxable","15":"purchasable","16":"product-type-simple"},"_links":{"self":[{"href":"https:\/\/soydeaqui.ddns.net\/pachuca\/index.php\/wp-json\/wp\/v2\/product\/42173","targetHints":{"allow":["GET"]}}],"collection":[{"href":"https:\/\/soydeaqui.ddns.net\/pachuca\/index.php\/wp-json\/wp\/v2\/product"}],"about":[{"href":"https:\/\/soydeaqui.ddns.net\/pachuca\/index.php\/wp-json\/wp\/v2\/types\/product"}],"replies":[{"embeddable":true,"href":"https:\/\/soydeaqui.ddns.net\/pachuca\/index.php\/wp-json\/wp\/v2\/comments?post=42173"}],"wp:featuredmedia":[{"embeddable":true,"href":"https:\/\/soydeaqui.ddns.net\/pachuca\/index.php\/wp-json\/wp\/v2\/media\/42172"}],"wp:attachment":[{"href":"https:\/\/soydeaqui.ddns.net\/pachuca\/index.php\/wp-json\/wp\/v2\/media?parent=42173"}],"wp:term":[{"taxonomy":"product_brand","embeddable":true,"href":"https:\/\/soydeaqui.ddns.net\/pachuca\/index.php\/wp-json\/wp\/v2\/product_brand?post=42173"},{"taxonomy":"product_cat","embeddable":true,"href":"https:\/\/soydeaqui.ddns.net\/pachuca\/index.php\/wp-json\/wp\/v2\/product_cat?post=42173"},{"taxonomy":"product_tag","embeddable":true,"href":"https:\/\/soydeaqui.ddns.net\/pachuca\/index.php\/wp-json\/wp\/v2\/product_tag?post=42173"}],"curies":[{"name":"wp","href":"https:\/\/api.w.org\/{rel}","templated":true}]}}