{"id":42165,"date":"2026-03-18T18:34:37","date_gmt":"2026-03-18T18:34:37","guid":{"rendered":"https:\/\/soydeaqui.ddns.net\/pachuca\/index.php\/producto\/bateria-de-litio-lfp-inteligente-de-2048wh-para-aumentar-tiempo-de-respaldo-compatible-con-efd350-delta-2-max\/"},"modified":"2026-03-18T18:34:49","modified_gmt":"2026-03-18T18:34:49","slug":"bateria-de-litio-lfp-inteligente-de-2048wh-para-aumentar-tiempo-de-respaldo-compatible-con-efd350-delta-2-max","status":"publish","type":"product","link":"https:\/\/soydeaqui.ddns.net\/pachuca\/index.php\/producto\/bateria-de-litio-lfp-inteligente-de-2048wh-para-aumentar-tiempo-de-respaldo-compatible-con-efd350-delta-2-max\/","title":{"rendered":"Bater\u00eda de Litio LFP Inteligente de 2048Wh para Aumentar Tiempo de Respaldo Compatible con EFD350 (DELTA 2 MAX)"},"content":{"rendered":"<div style='width: 100%; max-width: 1200px; margin: 0 auto; font-family: sans-serif; line-height: 1.6; color: inherit; background-color: transparent;'>\n<div style='display: flex; flex-wrap: wrap; gap: 30px; margin-bottom: 30px;'>\n<div style='flex: 1 1 300px; min-width: 280px;'>\n<h3 style='font-size: 22px; border-bottom: 2px solid currentColor; padding-bottom: 5px; margin-top: 0; color: inherit; opacity: 0.8;'>Triplica la potencia<\/h3>\n<p style='font-size: 15px; color: inherit;'>La <strong style='color: #3598db;'>EFD350EB<\/strong> cuenta con capacidad ampliable de 2-6 kWh para adaptarse a tus necesidades de almacenamiento de energ\u00eda. Agrega hasta dos bater\u00edas adicionales inteligentes <strong style='color: #3598db;'>DELTA 2<\/strong> <strong style='color: #3598db;'>Max<\/strong> para alcanzar una capacidad de 6144 Wh. Ideal para respaldo en el hogar&comma; RV&comma; actividades al aire libre e incluso uso diario.<\/p>\n<\/p><\/div>\n<\/p><\/div>\n<div style='display: flex; flex-wrap: wrap; justify-content: center; margin-bottom: 30px;'>\n<div style='width: 100%; max-width: 800px;'> <img style='width: 100%; height: auto; border: 1px solid rgba(150&comma;150&comma;150&comma;0.3); border-radius: 8px;' src='https:\/\/ftp3.syscom.mx\/usuarios\/fotos\/EFD350EB\/219537-lifestyle.jpg' alt=''> <\/div>\n<\/p><\/div>\n<hr style='border: 0; border-top: 1px solid rgba(150&comma; 150&comma; 150&comma; 0.3); margin: 30px 0;'>\n<div style='display: flex; flex-wrap: wrap; gap: 20px; margin-bottom: 30px;'>\n<div style='flex: 1 1 250px; border: 1px solid rgba(150&comma; 150&comma; 150&comma; 0.4); border-radius: 8px; overflow: hidden; display: flex; flex-direction: column;'>\n<div style='padding: 15px; border-bottom: 1px solid rgba(150&comma; 150&comma; 150&comma; 0.2); font-weight: bold; font-size: 18px; color: inherit;'>Caracter\u00edsticas Generales<\/div>\n<div style='padding: 15px; color: inherit;'>\n<ul style='padding-left: 20px; margin: 0; font-size: 14px; list-style-type: disc;'>\n<li style='margin-bottom: 5px;'><strong>Capacidad:<\/strong> 2048 Wh<\/li>\n<li style='margin-bottom: 5px;'><strong>Bater\u00eda:<\/strong> Qu\u00edmica LFP&comma; 3000 ciclos a una capacidad de 80%<\/li>\n<li style='margin-bottom: 5px;'><strong>Dimensiones:<\/strong> 464x235x283 mm<\/li>\n<li style='margin-bottom: 5px;'><strong>Peso:<\/strong> 19kg<\/li>\n<\/ul><\/div>\n<\/p><\/div>\n<div style='flex: 1 1 250px; border: 1px solid rgba(150&comma; 150&comma; 150&comma; 0.4); border-radius: 8px; overflow: hidden; display: flex; flex-direction: column;'>\n<div style='padding: 15px; border-bottom: 1px solid rgba(150&comma; 150&comma; 150&comma; 0.2); font-weight: bold; font-size: 18px; color: inherit;'>Compatibilidad<\/div>\n<div style='padding: 15px; color: inherit;'>\n<ul style='padding-left: 20px; margin: 0; font-size: 14px; list-style-type: disc;'>\n<li style='margin-bottom: 5px;'>DELTA 2<\/li>\n<li style='margin-bottom: 5px;'>DELTA Max 2000<\/li>\n<li style='margin-bottom: 5px;'>DELTA 2 Max<\/li>\n<\/ul><\/div>\n<\/p><\/div>\n<div style='flex: 1 1 250px; border: 1px solid rgba(150&comma; 150&comma; 150&comma; 0.4); border-radius: 8px; overflow: hidden; display: flex; flex-direction: column;'>\n<div style='padding: 15px; border-bottom: 1px solid rgba(150&comma; 150&comma; 150&comma; 0.2); font-weight: bold; font-size: 18px; color: inherit;'>Puertos de Salida<\/div>\n<div style='padding: 15px; color: inherit;'>\n<ul style='padding-left: 20px; margin: 0; font-size: 14px; list-style-type: disc;'>\n<li style='margin-bottom: 5px;'><strong>Voltaje:<\/strong> 51.2 V<\/li>\n<li style='margin-bottom: 5px;'><strong>Potencia:<\/strong> 2000 W m\u00e1x<\/li>\n<\/ul><\/div>\n<\/p><\/div>\n<div style='flex: 1 1 250px; border: 1px solid rgba(150&comma; 150&comma; 150&comma; 0.4); border-radius: 8px; overflow: hidden; display: flex; flex-direction: column;'>\n<div style='padding: 15px; border-bottom: 1px solid rgba(150&comma; 150&comma; 150&comma; 0.2); font-weight: bold; font-size: 18px; color: inherit;'>Puerto de Entrada<\/div>\n<div style='padding: 15px; color: inherit;'>\n<ul style='padding-left: 20px; margin: 0; font-size: 14px; list-style-type: disc;'>\n<li style='margin-bottom: 5px;'><strong>Voltaje:<\/strong> 51.2 V<\/li>\n<li style='margin-bottom: 5px;'><strong>Potencia:<\/strong> 2000W m\u00e1x<\/li>\n<\/ul><\/div>\n<\/p><\/div>\n<\/p><\/div>\n<hr style='border: 0; border-top: 1px solid rgba(150&comma; 150&comma; 150&comma; 0.3); margin: 30px 0;'>\n<div style='display: flex; flex-wrap: wrap; justify-content: center; margin-bottom: 30px;'>\n<div style='width: 100%; max-width: 800px;'> <img style='width: 100%; height: auto; border: 1px solid rgba(150&comma;150&comma;150&comma;0.3); border-radius: 8px;' src='https:\/\/cdn.shopify.com\/s\/files\/1\/1996\/9707\/files\/LFP_Battery_Chemistry_113341ce-8920-4dd7-a135-ca3cec55fae3.png?v=1685697367&#038;width=1000' alt=''> <\/div>\n<\/p><\/div>\n<hr style='border: 0; border-top: 1px solid rgba(150&comma; 150&comma; 150&comma; 0.3); margin: 30px 0;'>\n<div style='display: flex; flex-wrap: wrap; gap: 30px; margin-bottom: 30px;'>\n<div style='flex: 1 1 300px; min-width: 280px;'>\n<h3 style='font-size: 22px; border-bottom: 2px solid currentColor; padding-bottom: 5px; margin-top: 0; color: inherit; opacity: 0.8;'>Contenido<\/h3>\n<div style='display: flex; flex-wrap: wrap; gap: 15px;'>\n<div style='width: 100%; max-width: 400px;'> <img style='width: 100%; height: auto; border: 1px solid rgba(150&comma;150&comma;150&comma;0.3); border-radius: 8px;' src='https:\/\/ftp3.syscom.mx\/usuarios\/fotos\/EFD330EB\/219536-contenido.jpg' alt=''> <\/div>\n<div style='flex: 1 1 200px;'>\n<h4 style='font-size: 18px; margin-top: 0; color: inherit;'>EFD350EB<\/h4>\n<ul style='padding-left: 20px; font-size: 14px; color: inherit;'>\n<li style='margin-bottom: 5px;'>Bater\u00eda Adicional Inteligente EcoFlow DELTA 2<\/li>\n<li style='margin-bottom: 5px;'>Cable de Bater\u00eda Adicional Inteligente DELTA 2 Max<\/li>\n<li style='margin-bottom: 5px;'>Manual de Usuario &#038; Carta de Garant\u00eda<\/li>\n<\/ul><\/div>\n<\/p><\/div>\n<\/p><\/div>\n<\/p><\/div>\n<div style='display: flex; flex-wrap: wrap; gap: 30px; margin-bottom: 30px;'>\n<div style='flex: 1 1 300px; min-width: 280px;'>\n<h3 style='font-size: 22px; border-bottom: 2px solid currentColor; padding-bottom: 5px; margin-top: 0; color: inherit; opacity: 0.8;'>Monitoreo<\/h3>\n<div style='display: flex; flex-wrap: wrap; gap: 15px;'>\n<div style='flex: 1 1 200px;'>\n<h4 style='font-size: 18px; margin-top: 0; color: inherit;'>Control desde cualquier lugar<\/h4>\n<p style='font-size: 14px; color: inherit;'>Obtienes la misma informaci\u00f3n sobre el porcentaje de bater\u00eda&comma; el tiempo de carga restante&comma; las horas restantes y mucho m\u00e1s en la pantalla integrada. Puedes comprobar el estado de la bater\u00eda en cualquier lugar desde la aplicaci\u00f3n EcoFlow<\/p>\n<\/p><\/div>\n<div style='width: 100%; max-width: 400px;'> <img style='width: 100%; height: auto; border: 1px solid rgba(150&comma;150&comma;150&comma;0.3); border-radius: 8px;' src='https:\/\/cdn.shopify.com\/s\/files\/1\/0651\/6922\/7998\/files\/delta-2-eb-control-anywhere_1800x.png?v=1661416586' alt=''> <\/div>\n<\/p><\/div>\n<\/p><\/div>\n<\/p><\/div>\n<div style='display: flex; flex-wrap: wrap; gap: 30px; margin-bottom: 30px;'>\n<div style='flex: 1 1 300px; min-width: 280px;'>\n<h3 style='font-size: 22px; border-bottom: 2px solid currentColor; padding-bottom: 5px; margin-top: 0; color: inherit; opacity: 0.8;'>Recarga<\/h3>\n<div style='display: flex; flex-wrap: wrap; gap: 15px; justify-content: center;'>\n<div style='width: 100%; max-width: 400px;'> <img style='width: 100%; height: auto; border: 1px solid rgba(150&comma;150&comma;150&comma;0.3); border-radius: 8px;' src='https:\/\/cdn.shopify.com\/s\/files\/1\/0651\/6922\/7998\/files\/delta-2-eb-convinient-recharging_1800x.png?v=1661416588' alt=''> <\/div>\n<div style='width: 100%; max-width: 400px;'> <img style='width: 100%; height: auto; border: 1px solid rgba(150&comma;150&comma;150&comma;0.3); border-radius: 8px;' src='https:\/\/cdn.shopify.com\/s\/files\/1\/0651\/6922\/7998\/files\/delta-2-eb-fast-recharging_1800x.png?v=1661416579' alt=''> <\/div>\n<\/p><\/div>\n<h4 style='text-align: center; font-size: 18px; margin-top: 15px; color: inherit;'>Recarga c\u00f3moda y r\u00e1pida<\/h4>\n<p style='text-align: center; font-size: 14px; color: inherit;'>DELTA 2 Max y su bater\u00eda adicional se cargan y descargan al mismo tiempo. La recarga desde paneles solares port\u00e1tiles&comma; tomas de CA o nuestro Generador Inteligente es muy sencilla.<\/p>\n<\/p><\/div>\n<\/p><\/div>\n<hr style='border: 0; border-top: 1px solid rgba(150&comma; 150&comma; 150&comma; 0.3); margin: 30px 0;'>\n<div style='display: flex; flex-wrap: wrap; gap: 30px; margin-bottom: 30px;'>\n<div style='flex: 1 1 300px; min-width: 280px;'>\n<h3 style='font-size: 22px; border-bottom: 2px solid currentColor; padding-bottom: 5px; margin-top: 0; color: inherit; opacity: 0.8;'>Bater\u00eda LFP de 10 A\u00f1os de Vida<\/h3>\n<p style='font-size: 15px; color: inherit;'>Duradera&comma; segura&comma; liviana.<\/p>\n<p style='font-size: 15px; color: inherit;'>Con su tecnolog\u00eda de bater\u00eda LFP mejorada&comma; <strong style='color: #3598db;'>DELTA 2 Max<\/strong> tiene una vida \u00fatil de <strong>3000 ciclos completos<\/strong> antes de reducirse al 80% de capacidad. Obtendr\u00e1s pr\u00e1cticamente 10 a\u00f1os de energ\u00eda aproximadamente<\/p>\n<p style='font-size: 15px; color: inherit;'>\u00a1Incluso si lo utilizas todos los d\u00edas&comma; eso es 6 veces m\u00e1s que otras estaciones de energ\u00eda con una capacidad y salida similares!<\/p>\n<\/p><\/div>\n<\/p><\/div>\n<div style='display: flex; flex-wrap: wrap; justify-content: center; margin-bottom: 30px;'>\n<div style='width: 100%; max-width: 800px;'> <img style='width: 100%; height: auto; border: 1px solid rgba(150&comma;150&comma;150&comma;0.3); border-radius: 8px;' src='https:\/\/cdn.shopify.com\/s\/files\/1\/1996\/9707\/files\/10-year_Long-lasting_LFP_Battery_c3f2f4cd-0229-4c9b-839c-215108b3a522.png?v=1685697351&#038;width=1000' alt=''> <\/div>\n<\/p><\/div>\n<\/p><\/div>\n","protected":false},"excerpt":{"rendered":"<p>Bater\u00eda de Litio LFP Inteligente de 2048Wh para Aumentar Tiempo de Respaldo Compatible con EFD350 (DELTA 2 MAX)<\/p>\n","protected":false},"featured_media":42164,"comment_status":"open","ping_status":"closed","template":"","meta":[],"product_brand":[],"product_cat":[1114],"product_tag":[1116,1115,1101],"class_list":{"0":"post-42165","1":"product","2":"type-product","3":"status-publish","4":"has-post-thumbnail","6":"product_cat-estaciones-de-energia-portables","7":"product_tag-ecoflow","8":"product_tag-estaciones-de-energia-portables","9":"product_tag-respaldo-de-energia","11":"first","12":"instock","13":"sale","14":"shipping-taxable","15":"purchasable","16":"product-type-simple"},"_links":{"self":[{"href":"https:\/\/soydeaqui.ddns.net\/pachuca\/index.php\/wp-json\/wp\/v2\/product\/42165","targetHints":{"allow":["GET"]}}],"collection":[{"href":"https:\/\/soydeaqui.ddns.net\/pachuca\/index.php\/wp-json\/wp\/v2\/product"}],"about":[{"href":"https:\/\/soydeaqui.ddns.net\/pachuca\/index.php\/wp-json\/wp\/v2\/types\/product"}],"replies":[{"embeddable":true,"href":"https:\/\/soydeaqui.ddns.net\/pachuca\/index.php\/wp-json\/wp\/v2\/comments?post=42165"}],"wp:featuredmedia":[{"embeddable":true,"href":"https:\/\/soydeaqui.ddns.net\/pachuca\/index.php\/wp-json\/wp\/v2\/media\/42164"}],"wp:attachment":[{"href":"https:\/\/soydeaqui.ddns.net\/pachuca\/index.php\/wp-json\/wp\/v2\/media?parent=42165"}],"wp:term":[{"taxonomy":"product_brand","embeddable":true,"href":"https:\/\/soydeaqui.ddns.net\/pachuca\/index.php\/wp-json\/wp\/v2\/product_brand?post=42165"},{"taxonomy":"product_cat","embeddable":true,"href":"https:\/\/soydeaqui.ddns.net\/pachuca\/index.php\/wp-json\/wp\/v2\/product_cat?post=42165"},{"taxonomy":"product_tag","embeddable":true,"href":"https:\/\/soydeaqui.ddns.net\/pachuca\/index.php\/wp-json\/wp\/v2\/product_tag?post=42165"}],"curies":[{"name":"wp","href":"https:\/\/api.w.org\/{rel}","templated":true}]}}