{"id":4216,"date":"2026-03-18T06:16:47","date_gmt":"2026-03-18T06:16:47","guid":{"rendered":"https:\/\/soydeaqui.ddns.net\/pachuca\/index.php\/producto\/detector-de-humo-inalambrico-compatible-con-hub-cs-a3-protocolozigbee-uso-interior\/"},"modified":"2026-03-18T06:16:49","modified_gmt":"2026-03-18T06:16:49","slug":"detector-de-humo-inalambrico-compatible-con-hub-cs-a3-protocolozigbee-uso-interior","status":"publish","type":"product","link":"https:\/\/soydeaqui.ddns.net\/pachuca\/index.php\/producto\/detector-de-humo-inalambrico-compatible-con-hub-cs-a3-protocolozigbee-uso-interior\/","title":{"rendered":"Detector de Humo Inalambrico \/ Compatible con Hub CS-A3 \/ ProtocoloZigbee \/ Uso interior"},"content":{"rendered":"<div style='width: 100%; max-width: 1200px; margin: 0 auto; font-family: sans-serif; line-height: 1.6; color: inherit; background-color: transparent;'>\n<div style='display: flex; flex-wrap: wrap; gap: 30px; margin-bottom: 30px;'>\n<div style='flex: 1 1 300px; min-width: 280px;'>\n<div style='width: 100%; max-width: 100%; margin-bottom: 20px;'> <img style='width: 100%; height: auto; border: 1px solid rgba(150&comma;150&comma;150&comma;0.3); border-radius: 8px;' src='https:\/\/ftp3.syscom.mx\/usuarios\/rcovarrubias\/EZVIZ\/Manual%20esp-ing\/CS-B1\/banner-sensores.jpg' alt='Banner sensores'> <\/div>\n<\/p><\/div>\n<div style='flex: 1 1 300px; min-width: 280px;'>\n<div style='border: 1px solid rgba(66&comma; 187&comma; 26&comma; 0.3); border-radius: 8px; padding: 15px; box-shadow: 2px 2px 10px rgba(216&comma; 216&comma; 216&comma; 0.3);'>\n<h3 style='font-size: 22px; border-bottom: 2px solid currentColor; padding-bottom: 5px; margin-top: 0; color: inherit; opacity: 0.8;'>Caracter\u00edsticas principales<\/h3>\n<ul style='padding-left: 20px; font-size: 15px; color: inherit;'>\n<li style='margin-bottom: 10px;'>\n<p style='margin: 0; color: inherit;'>Detector de humo inal\u00e1mbrico&comma; compatible con el kit de alarma <a href='https:\/\/www.syscom.mx\/producto\/CS-B1-EZVIZ-210878.html' style='color: #42BB1A; text-decoration: underline;' target='_blank' rel='noopener'><strong>CS-B1<\/strong><\/a> EZVIZ.<\/p>\n<\/li>\n<li style='margin-bottom: 10px;'>Volumen: 85 dB a 3 metros<\/li>\n<li style='margin-bottom: 10px;'>Utiliza bater\u00eda de 3 V CC&comma; bater\u00eda de litio CR14250<\/li>\n<li style='margin-bottom: 10px;'>Temperatura de operaci\u00f3n: -10 \u00b0C ~ 55 \u00b0C<\/li>\n<li style='margin-bottom: 10px;'>Humedad: Humedad relativa: \u226495 %<\/li>\n<li style='margin-bottom: 10px;'>Dimensiones: 87 mm x 35 mm<\/li>\n<\/ul>\n<div style='margin-top: 20px;'>\n<h3 style='font-size: 22px; border-bottom: 2px solid currentColor; padding-bottom: 5px; margin-top: 0; color: inherit; opacity: 0.8;'>Notas<\/h3>\n<ul style='padding-left: 20px; font-size: 15px; color: #f44336;'>\n<li style='margin-bottom: 10px;'>Configuraci\u00f3n \u00fanicamente mediante aplicaci\u00f3n EZVIZ<\/li>\n<li style='margin-bottom: 10px;'>No es posible vincularlo directo a la APP&comma; se requiere el Hub CS-A3<\/li>\n<\/ul><\/div>\n<\/p><\/div>\n<\/p><\/div>\n<\/p><\/div>\n<hr style='border: 0; border-top: 1px solid rgba(150&comma; 150&comma; 150&comma; 0.3); margin: 30px 0;'> <\/div>\n","protected":false},"excerpt":{"rendered":"<p>Detector de Humo Inalambrico \/ Compatible con Hub CS-A3 \/ ProtocoloZigbee \/ Uso interior<\/p>\n","protected":false},"featured_media":4215,"comment_status":"open","ping_status":"closed","template":"","meta":[],"product_brand":[],"product_cat":[64],"product_tag":[19,111,65],"class_list":{"0":"post-4216","1":"product","2":"type-product","3":"status-publish","4":"has-post-thumbnail","6":"product_cat-humo-inalambricos","7":"product_tag-detectores-sensores","8":"product_tag-ezviz","9":"product_tag-humo-inalambricos","11":"first","12":"instock","13":"sale","14":"shipping-taxable","15":"purchasable","16":"product-type-simple"},"_links":{"self":[{"href":"https:\/\/soydeaqui.ddns.net\/pachuca\/index.php\/wp-json\/wp\/v2\/product\/4216","targetHints":{"allow":["GET"]}}],"collection":[{"href":"https:\/\/soydeaqui.ddns.net\/pachuca\/index.php\/wp-json\/wp\/v2\/product"}],"about":[{"href":"https:\/\/soydeaqui.ddns.net\/pachuca\/index.php\/wp-json\/wp\/v2\/types\/product"}],"replies":[{"embeddable":true,"href":"https:\/\/soydeaqui.ddns.net\/pachuca\/index.php\/wp-json\/wp\/v2\/comments?post=4216"}],"wp:featuredmedia":[{"embeddable":true,"href":"https:\/\/soydeaqui.ddns.net\/pachuca\/index.php\/wp-json\/wp\/v2\/media\/4215"}],"wp:attachment":[{"href":"https:\/\/soydeaqui.ddns.net\/pachuca\/index.php\/wp-json\/wp\/v2\/media?parent=4216"}],"wp:term":[{"taxonomy":"product_brand","embeddable":true,"href":"https:\/\/soydeaqui.ddns.net\/pachuca\/index.php\/wp-json\/wp\/v2\/product_brand?post=4216"},{"taxonomy":"product_cat","embeddable":true,"href":"https:\/\/soydeaqui.ddns.net\/pachuca\/index.php\/wp-json\/wp\/v2\/product_cat?post=4216"},{"taxonomy":"product_tag","embeddable":true,"href":"https:\/\/soydeaqui.ddns.net\/pachuca\/index.php\/wp-json\/wp\/v2\/product_tag?post=4216"}],"curies":[{"name":"wp","href":"https:\/\/api.w.org\/{rel}","templated":true}]}}