{"id":42157,"date":"2026-03-18T18:34:26","date_gmt":"2026-03-18T18:34:26","guid":{"rendered":"https:\/\/soydeaqui.ddns.net\/pachuca\/index.php\/producto\/protector-mediano-universal-del-termostato-cubierta-transparente\/"},"modified":"2026-03-18T18:34:27","modified_gmt":"2026-03-18T18:34:27","slug":"protector-mediano-universal-del-termostato-cubierta-transparente","status":"publish","type":"product","link":"https:\/\/soydeaqui.ddns.net\/pachuca\/index.php\/producto\/protector-mediano-universal-del-termostato-cubierta-transparente\/","title":{"rendered":"Protector Mediano Universal del Termostato, Cubierta Transparente"},"content":{"rendered":"<div style='width: 100%; max-width: 1200px; margin: 0 auto; font-family: sans-serif; line-height: 1.6; color: inherit; background-color: transparent;'>\n<div style='display: flex; flex-wrap: wrap; gap: 30px; margin-bottom: 30px;'>\n<div style='flex: 1 1 300px; min-width: 280px;'>\n<h3 style='font-size: 22px; border-bottom: 2px solid currentColor; padding-bottom: 5px; margin-top: 0; color: inherit; opacity: 0.8;'>Descripci\u00f3n General<\/h3>\n<ul style='padding-left: 20px; font-size: 15px; color: inherit;'>\n<li style='margin-bottom: 5px;'>Las protecciones universales para termostatos Versaguard\u00ae cubren los termostatos de pared y protegen contra manipulaciones&comma; da\u00f1os y ajustes no autorizados de la configuraci\u00f3n del termostato.<\/li>\n<\/ul><\/div>\n<div style='flex: 1 1 300px; min-width: 280px;'>\n<h3 style='font-size: 22px; border-bottom: 2px solid currentColor; padding-bottom: 5px; margin-top: 0; color: inherit; opacity: 0.8;'>Caracter\u00edsticas<\/h3>\n<ul style='padding-left: 20px; font-size: 15px; color: inherit;'>\n<li style='margin-bottom: 5px;'>La construcci\u00f3n \u00fanica de doble pared proporciona una medida adicional de resistencia a la manipulaci\u00f3n<\/li>\n<li style='margin-bottom: 5px;'>Se utiliza tanto en aplicaciones nuevas como existentes<\/li>\n<li style='margin-bottom: 5px;'>Cerradura a prueba de manipulaciones; la llave no se puede quitar a menos que est\u00e9 en la posici\u00f3n de bloqueo<\/li>\n<li style='margin-bottom: 5px;'>Todos los modelos se montan vertical u horizontalmente en la pared o en la caja de conexiones expuesta<\/li>\n<li style='margin-bottom: 5px;'>Las rejillas de ventilaci\u00f3n en la base de protecci\u00f3n permiten el flujo de aire para un rendimiento \u00f3ptimo del termostato<\/li>\n<\/ul><\/div>\n<div style='flex: 1 1 300px; min-width: 280px;'>\n<h3 style='font-size: 22px; border-bottom: 2px solid currentColor; padding-bottom: 5px; margin-top: 0; color: inherit; opacity: 0.8;'>Especificaciones del producto<\/h3>\n<ul style='padding-left: 20px; font-size: 15px; color: inherit;'>\n<li style='margin-bottom: 5px;'>Dimensiones de exterior: 165 mm de altura&comma; 191 mm de ancho y 75 mm de profundidad<\/li>\n<li style='margin-bottom: 5px;'>Dimensiones de interior: 129 mm de alto&comma; 154 mm de ancho<\/li>\n<li style='margin-bottom: 5px;'>Compatible con las series: TH3000&comma; TH4000&comma; TH5000&comma; TH6000&comma; TH8000 y otros (Verificar medidas del dispositivo)<\/li>\n<\/ul><\/div>\n<\/p><\/div>\n<\/p><\/div>\n","protected":false},"excerpt":{"rendered":"<p>Protector Mediano Universal del Termostato, Cubierta Transparente<\/p>\n","protected":false},"featured_media":42156,"comment_status":"open","ping_status":"closed","template":"","meta":[],"product_brand":[],"product_cat":[1266],"product_tag":[1144,1267,45],"class_list":{"0":"post-42157","1":"product","2":"type-product","3":"status-publish","4":"has-post-thumbnail","6":"product_cat-control-de-temperatura","7":"product_tag-climatizacion-refrigeracion","8":"product_tag-control-de-temperatura","9":"product_tag-honeywell-home-resideo","11":"first","12":"instock","13":"sale","14":"shipping-taxable","15":"purchasable","16":"product-type-simple"},"_links":{"self":[{"href":"https:\/\/soydeaqui.ddns.net\/pachuca\/index.php\/wp-json\/wp\/v2\/product\/42157","targetHints":{"allow":["GET"]}}],"collection":[{"href":"https:\/\/soydeaqui.ddns.net\/pachuca\/index.php\/wp-json\/wp\/v2\/product"}],"about":[{"href":"https:\/\/soydeaqui.ddns.net\/pachuca\/index.php\/wp-json\/wp\/v2\/types\/product"}],"replies":[{"embeddable":true,"href":"https:\/\/soydeaqui.ddns.net\/pachuca\/index.php\/wp-json\/wp\/v2\/comments?post=42157"}],"wp:featuredmedia":[{"embeddable":true,"href":"https:\/\/soydeaqui.ddns.net\/pachuca\/index.php\/wp-json\/wp\/v2\/media\/42156"}],"wp:attachment":[{"href":"https:\/\/soydeaqui.ddns.net\/pachuca\/index.php\/wp-json\/wp\/v2\/media?parent=42157"}],"wp:term":[{"taxonomy":"product_brand","embeddable":true,"href":"https:\/\/soydeaqui.ddns.net\/pachuca\/index.php\/wp-json\/wp\/v2\/product_brand?post=42157"},{"taxonomy":"product_cat","embeddable":true,"href":"https:\/\/soydeaqui.ddns.net\/pachuca\/index.php\/wp-json\/wp\/v2\/product_cat?post=42157"},{"taxonomy":"product_tag","embeddable":true,"href":"https:\/\/soydeaqui.ddns.net\/pachuca\/index.php\/wp-json\/wp\/v2\/product_tag?post=42157"}],"curies":[{"name":"wp","href":"https:\/\/api.w.org\/{rel}","templated":true}]}}