{"id":42115,"date":"2026-03-18T18:33:23","date_gmt":"2026-03-18T18:33:23","guid":{"rendered":"https:\/\/soydeaqui.ddns.net\/pachuca\/index.php\/producto\/certificacion-virtual-en-sistemas-de-proteccion-para-instalaciones-fotovoltaicas-valida-ante-secretaria-del-trabajo\/"},"modified":"2026-03-18T18:33:23","modified_gmt":"2026-03-18T18:33:23","slug":"certificacion-virtual-en-sistemas-de-proteccion-para-instalaciones-fotovoltaicas-valida-ante-secretaria-del-trabajo","status":"publish","type":"product","link":"https:\/\/soydeaqui.ddns.net\/pachuca\/index.php\/producto\/certificacion-virtual-en-sistemas-de-proteccion-para-instalaciones-fotovoltaicas-valida-ante-secretaria-del-trabajo\/","title":{"rendered":"Certificaci\u00f3n Virtual en Sistemas de Proteccion para Instalaciones Fotovoltaicas (V\u00e1lida Ante Secretar\u00eda del Trabajo)"},"content":{"rendered":"<div style='width: 100%; max-width: 1200px; margin: 0 auto; font-family: sans-serif; line-height: 1.6; color: inherit; background-color: transparent;'> <!-- Secci\u00f3n de informaci\u00f3n general --> <\/p>\n<div style='display: flex; flex-wrap: wrap; gap: 30px; margin-bottom: 30px;'>\n<div style='flex: 1 1 300px; min-width: 280px;'>\n<h3 style='font-size: 22px; border-bottom: 2px solid currentColor; padding-bottom: 5px; margin-top: 0; color: inherit; opacity: 0.8;'>Informaci\u00f3n del Curso<\/h3>\n<ul style='padding-left: 20px; font-size: 15px; color: inherit;'>\n<li style='margin-bottom: 5px;'><strong>Calendarizaci\u00f3n:<\/strong> <a href='https:\/\/www.syscom.mx\/calendario\/' style='color: inherit; text-decoration: underline;'>Ver calendarizaci\u00f3n<\/a><\/li>\n<li style='margin-bottom: 5px;'><strong>Requisitos:<\/strong> Llenar el formato DC-3 para obtener el certificado con validez en la secretar\u00eda de trabajo. Conocimientos b\u00e1sicos de Electricidad.<\/li>\n<li style='margin-bottom: 5px;'><strong>Duraci\u00f3n:<\/strong> 14 horas (5 d\u00edas)<\/li>\n<li style='margin-bottom: 5px;'><strong>Horario:<\/strong> de 4:00 p.m. a 7:00 p.m. (Hora del centro)<\/li>\n<\/ul><\/div>\n<div style='flex: 1 1 300px; min-width: 280px;'>\n<h3 style='font-size: 22px; border-bottom: 2px solid currentColor; padding-bottom: 5px; margin-top: 0; color: inherit; opacity: 0.8;'>Detalles Adicionales<\/h3>\n<ul style='padding-left: 20px; font-size: 15px; color: inherit;'>\n<li style='margin-bottom: 5px;'><strong>Condicionantes:<\/strong> Para obtener el certificado con validez en la secretar\u00eda del trabajo&comma; se debe aprobar el examen y presentar 3 copias originales del formato DC-3.<\/li>\n<li style='margin-bottom: 5px;'>El curso puede ser cancelado si no se re\u00fane un grupo m\u00ednimo.<\/li>\n<\/ul><\/div>\n<\/p><\/div>\n<p> <!-- Secci\u00f3n de contenido del curso --> <\/p>\n<div style='display: flex; flex-wrap: wrap; gap: 30px; margin-bottom: 30px;'>\n<div style='flex: 1 1 300px; min-width: 280px;'>\n<h3 style='font-size: 22px; border-bottom: 2px solid currentColor; padding-bottom: 5px; margin-top: 0; color: inherit; opacity: 0.8;'>Incluye<\/h3>\n<ul style='padding-left: 20px; font-size: 15px; color: inherit;'>\n<li style='margin-bottom: 5px;'>Informaci\u00f3n del curso correspondiente<\/li>\n<li style='margin-bottom: 5px;'>Documentos de apoyo<\/li>\n<li style='margin-bottom: 5px;'>Portafolio<\/li>\n<li style='margin-bottom: 5px;'>Examen<\/li>\n<li style='margin-bottom: 5px;'>Evaluaci\u00f3n del curso<\/li>\n<li style='margin-bottom: 5px;'>Certificado Total Ground con vigencia de 2 a\u00f1os (requisito: pasar el examen)<\/li>\n<\/ul><\/div>\n<div style='flex: 1 1 300px; min-width: 280px;'>\n<h3 style='font-size: 22px; border-bottom: 2px solid currentColor; padding-bottom: 5px; margin-top: 0; color: inherit; opacity: 0.8;'>Dirigido a<\/h3>\n<ul style='padding-left: 20px; font-size: 15px; color: inherit;'>\n<li style='margin-bottom: 5px;'>Instaladores de Equipo de Radiocomunicaci\u00f3n<\/li>\n<li style='margin-bottom: 5px;'>Integradores de Sistemas Profesionales de CCTV<\/li>\n<li style='margin-bottom: 5px;'>Torreros&comma; Ing. Civiles&comma; Arquitectos enfocados en la planeaci\u00f3n de Edificaciones<\/li>\n<li style='margin-bottom: 5px;'>T\u00e9cnicos El\u00e9ctricos y Electr\u00f3nicos encargados de realizar estudios e instalaciones de Tierras F\u00edsicas<\/li>\n<li style='margin-bottom: 5px;'>Organismos dedicados a certificar o realizar mediciones de resistencia de suelo<\/li>\n<\/ul><\/div>\n<div style='flex: 1 1 300px; min-width: 280px;'>\n<h3 style='font-size: 22px; border-bottom: 2px solid currentColor; padding-bottom: 5px; margin-top: 0; color: inherit; opacity: 0.8;'>Objetivo<\/h3>\n<ul style='padding-left: 20px; font-size: 15px; color: inherit;'>\n<li style='margin-bottom: 5px;'>Garantizar que todos aquellos responsables de implementar soluciones TOTAL GROUND est\u00e9n debidamente preparados y capacitados para llevar a cabo con \u00e9xito cada proyecto<\/li>\n<\/ul><\/div>\n<\/p><\/div>\n<p> <!-- Secci\u00f3n de competencias --> <\/p>\n<div style='margin-bottom: 30px;'>\n<h3 style='font-size: 22px; border-bottom: 2px solid currentColor; padding-bottom: 5px; margin-top: 0; color: inherit; opacity: 0.8;'>Al terminar el participante ser\u00e1 capaz de<\/h3>\n<ul style='padding-left: 20px; font-size: 15px; color: inherit;'>\n<li style='margin-bottom: 5px;'>Proponer sistemas de infraestructura el\u00e9ctrica que aseguren la calidad de la energ\u00eda<\/li>\n<li style='margin-bottom: 5px;'>Comprender los conceptos b\u00e1sicos de la electricidad y el magnetismo&comma; el sistema de puesta a tierra&comma; los sistemas de protecci\u00f3n atmosf\u00e9rica as\u00ed como supresores de transitorios&comma; de acuerdo a la NOM-001-SEDE-2012&comma; Cap\u00edtulo 1<\/li>\n<li style='margin-bottom: 5px;'>Analizar proyectos constructivos&comma; comerciales&comma; industriales y residenciales para identificar riesgos y proponer soluciones contra descargas atmosf\u00e9ricas&comma; est\u00e1tica y perturbaciones en la l\u00ednea<\/li>\n<li style='margin-bottom: 5px;'>Ejecutar conforme a procedimientos la instalaci\u00f3n de las soluciones de Total Ground con personal ejecutivo verificando su desempe\u00f1o<\/li>\n<li style='margin-bottom: 5px;'>Realizar memorias t\u00e9cnicas de la instalaci\u00f3n de las diferentes soluciones de Total Ground<\/li>\n<\/ul><\/div>\n<p> <!-- Secci\u00f3n de temario --> <\/p>\n<div style='margin-bottom: 30px;'>\n<h3 style='font-size: 22px; border-bottom: 2px solid currentColor; padding-bottom: 5px; margin-top: 0; color: inherit; opacity: 0.8;'>Temario<\/h3>\n<div style='margin-top: 20px;'>\n<h4 style='font-size: 18px; margin-top: 15px; margin-bottom: 10px; color: inherit; opacity: 0.9;'>M\u00f3dulo 1: Conceptos B\u00e1sicos<\/h4>\n<ul style='padding-left: 20px; font-size: 15px; color: inherit;'>\n<li style='margin-bottom: 5px;'>Tensi\u00f3n<\/li>\n<li style='margin-bottom: 5px;'>Corriente<\/li>\n<li style='margin-bottom: 5px;'>Resistencia<\/li>\n<li style='margin-bottom: 5px;'>Ley de OHM<\/li>\n<li style='margin-bottom: 5px;'>Corriente Directa<\/li>\n<li style='margin-bottom: 5px;'>Corriente Alterna<\/li>\n<li style='margin-bottom: 5px;'>Tipo de Materiales<\/li>\n<li style='margin-bottom: 5px;'>Principio de funcionamiento de paneles solares e inversores<\/li>\n<\/ul><\/div>\n<div style='margin-top: 20px;'>\n<h4 style='font-size: 18px; margin-top: 15px; margin-bottom: 10px; color: inherit; opacity: 0.9;'>M\u00f3dulo 2: \u00bfCu\u00e1les son los elementos que componen un sistema fotovoltaico y su funcionalidad?<\/h4>\n<ul style='padding-left: 20px; font-size: 15px; color: inherit;'>\n<li style='margin-bottom: 5px;'>Paneles Solares<\/li>\n<li style='margin-bottom: 5px;'>Celdas Fotovoltaicas<\/li>\n<li style='margin-bottom: 5px;'>Inversores<\/li>\n<li style='margin-bottom: 5px;'>Cableado<\/li>\n<li style='margin-bottom: 5px;'>Medidor bidireccional<\/li>\n<li style='margin-bottom: 5px;'>Estructuras<\/li>\n<li style='margin-bottom: 5px;'>Sistema de seguimiento<\/li>\n<\/ul><\/div>\n<div style='margin-top: 20px;'>\n<h4 style='font-size: 18px; margin-top: 15px; margin-bottom: 10px; color: inherit; opacity: 0.9;'>M\u00f3dulo 3: DIMENSIONAMIENTO Y SOLUCIONES TG<\/h4>\n<ul style='padding-left: 20px; font-size: 15px; color: inherit;'>\n<li style='margin-bottom: 5px;'>Dimensionamiento<\/li>\n<li style='margin-bottom: 5px;'>Par\u00e1metros a cuidar para proteger el equipo<\/li>\n<li style='margin-bottom: 5px;'>Productos TG y su correcta instalaci\u00f3n<\/li>\n<\/ul><\/div>\n<div style='margin-top: 20px;'>\n<h4 style='font-size: 18px; margin-top: 15px; margin-bottom: 10px; color: inherit; opacity: 0.9;'>M\u00f3dulo 4: Normatividad aplicable mexicana<\/h4>\n<ul style='padding-left: 20px; font-size: 15px; color: inherit;'>\n<li style='margin-bottom: 5px;'>NOM-022-STP2015<\/li>\n<li style='margin-bottom: 5px;'>NOM-001 SEDE 2012<\/li>\n<li style='margin-bottom: 5px;'>CFE G0100-04<\/li>\n<\/ul><\/div>\n<\/p><\/div>\n<p> <!-- Separador --> <\/p>\n<hr style='border: 0; border-top: 1px solid rgba(150&comma; 150&comma; 150&comma; 0.3); margin: 30px 0;'> <\/div>\n","protected":false},"excerpt":{"rendered":"<p>Certificaci\u00f3n Virtual en Sistemas de Proteccion para Instalaciones Fotovoltaicas (V\u00e1lida Ante Secretar\u00eda del Trabajo)<\/p>\n","protected":false},"featured_media":42114,"comment_status":"open","ping_status":"closed","template":"","meta":[],"product_brand":[],"product_cat":[1161],"product_tag":[1088,1162,635],"class_list":{"0":"post-42115","1":"product","2":"type-product","3":"status-publish","4":"has-post-thumbnail","6":"product_cat-pararrayos","7":"product_tag-calidad-de-la-energia","8":"product_tag-pararrayos","9":"product_tag-total-ground","11":"first","12":"instock","13":"sale","14":"shipping-taxable","15":"purchasable","16":"product-type-simple"},"_links":{"self":[{"href":"https:\/\/soydeaqui.ddns.net\/pachuca\/index.php\/wp-json\/wp\/v2\/product\/42115","targetHints":{"allow":["GET"]}}],"collection":[{"href":"https:\/\/soydeaqui.ddns.net\/pachuca\/index.php\/wp-json\/wp\/v2\/product"}],"about":[{"href":"https:\/\/soydeaqui.ddns.net\/pachuca\/index.php\/wp-json\/wp\/v2\/types\/product"}],"replies":[{"embeddable":true,"href":"https:\/\/soydeaqui.ddns.net\/pachuca\/index.php\/wp-json\/wp\/v2\/comments?post=42115"}],"wp:featuredmedia":[{"embeddable":true,"href":"https:\/\/soydeaqui.ddns.net\/pachuca\/index.php\/wp-json\/wp\/v2\/media\/42114"}],"wp:attachment":[{"href":"https:\/\/soydeaqui.ddns.net\/pachuca\/index.php\/wp-json\/wp\/v2\/media?parent=42115"}],"wp:term":[{"taxonomy":"product_brand","embeddable":true,"href":"https:\/\/soydeaqui.ddns.net\/pachuca\/index.php\/wp-json\/wp\/v2\/product_brand?post=42115"},{"taxonomy":"product_cat","embeddable":true,"href":"https:\/\/soydeaqui.ddns.net\/pachuca\/index.php\/wp-json\/wp\/v2\/product_cat?post=42115"},{"taxonomy":"product_tag","embeddable":true,"href":"https:\/\/soydeaqui.ddns.net\/pachuca\/index.php\/wp-json\/wp\/v2\/product_tag?post=42115"}],"curies":[{"name":"wp","href":"https:\/\/api.w.org\/{rel}","templated":true}]}}