{"id":42101,"date":"2026-03-18T18:33:01","date_gmt":"2026-03-18T18:33:01","guid":{"rendered":"https:\/\/soydeaqui.ddns.net\/pachuca\/index.php\/producto\/gabinete-antiexplosivo-e-ignifugo-de-12-x-24-x-8-serie-exb-aluminio-fundido-para-areas-peligrosas\/"},"modified":"2026-03-18T18:33:02","modified_gmt":"2026-03-18T18:33:02","slug":"gabinete-antiexplosivo-e-ignifugo-de-12-x-24-x-8-serie-exb-aluminio-fundido-para-areas-peligrosas","status":"publish","type":"product","link":"https:\/\/soydeaqui.ddns.net\/pachuca\/index.php\/producto\/gabinete-antiexplosivo-e-ignifugo-de-12-x-24-x-8-serie-exb-aluminio-fundido-para-areas-peligrosas\/","title":{"rendered":"Gabinete Antiexplosivo e Ign\u00edfugo de 12&#8243; x 24&#8243; x 8&#8243; \/ Serie EXB \/ Aluminio Fundido \/ Para \u00c1reas Peligrosas."},"content":{"rendered":"<div style='width: 100%; max-width: 1200px; margin: 0 auto; font-family: sans-serif; line-height: 1.6; color: inherit; background-color: transparent;'> <!-- Secci\u00f3n de aplicaciones --> <\/p>\n<div style='margin-bottom: 30px;'>\n<h3 style='font-size: 22px; border-bottom: 2px solid currentColor; padding-bottom: 5px; margin-top: 0; color: inherit; opacity: 0.8;'>Aplicaciones<\/h3>\n<ul style='padding-left: 20px; font-size: 15px; color: inherit; list-style-type: disc;'>\n<li style='margin-bottom: 5px;'>Ubicaciones que se vuelven peligrosas debido a la presencia de gases o vapores inflamables&comma; polvos combustibles o fibras inflamables f\u00e1cilmente y vol\u00e1tiles y \u00e1reas que est\u00e1n sujetas a climas corrosivos y h\u00famedos.<\/li>\n<li style='margin-bottom: 5px;'>Adecuados para Refiner\u00edas de Petr\u00f3leo&comma; Plantas Qu\u00edmicas y Petroqu\u00edmicas con procesos interiores y exteriores.<\/li>\n<li style='margin-bottom: 5px;'>Aplicaciones que requieren empalme&comma; extracci\u00f3n y caja de empalmes.<\/li>\n<li style='margin-bottom: 5px;'>Gabinetes para albergar estaciones de control&comma; contadores&comma; relevadores&comma; arrancadores&comma; interruptores&comma; bloques de terminales&comma; otros equipos y dispositivos.<\/li>\n<li style='margin-bottom: 5px;'>Aplicaciones globales (ATEX\/IECEx) los gabinetes est\u00e1n disponibles para aplicaciones globales con el sufijo CEN.<\/li>\n<li style='margin-bottom: 5px;'>Los gabinetes est\u00e1n disponibles en blanco o con modificaciones de f\u00e1brica&comma; opciones y accesorios.<\/li>\n<\/ul><\/div>\n<p> <!-- Secci\u00f3n de caracter\u00edsticas --> <\/p>\n<div style='display: flex; flex-wrap: wrap; gap: 30px; margin-bottom: 30px;'>\n<div style='flex: 1 1 300px; min-width: 280px;'>\n<h3 style='font-size: 22px; border-bottom: 2px solid currentColor; padding-bottom: 5px; margin-top: 0; color: inherit; opacity: 0.8;'>Caracter\u00edsticas<\/h3>\n<ul style='padding-left: 20px; font-size: 15px; color: inherit; list-style-type: disc;'>\n<li style='margin-bottom: 5px;'><strong>Color:<\/strong> Gris<\/li>\n<li style='margin-bottom: 5px;'><strong>Tama\u00f1o:<\/strong> 12 x 24 x 8 in (305 x 610 x 152 mm) (W x L x D)<\/li>\n<li style='margin-bottom: 5px;'><strong>Peso:<\/strong> 72.57 kgs<\/li>\n<\/ul><\/div>\n<div style='flex: 1 1 300px; min-width: 280px;'>\n<h3 style='font-size: 22px; border-bottom: 2px solid currentColor; padding-bottom: 5px; margin-top: 0; color: inherit; opacity: 0.8;'>&nbsp;<\/h3>\n<ul style='padding-left: 20px; font-size: 15px; color: inherit; list-style-type: disc;'>\n<li style='margin-bottom: 5px;'><strong>Dimensiones internas:<\/strong><\/li>\n<ul style='padding-left: 20px; margin-top: 5px; margin-bottom: 5px;'>\n<li style='margin-bottom: 5px;'><strong>Platina Interna:<\/strong> 10.25 x 22.25 in (260 x 565.2 mm)<\/li>\n<\/ul>\n<li style='margin-bottom: 5px;'><strong>Dimensiones externas:<\/strong><\/li>\n<ul style='padding-left: 20px; margin-top: 5px; margin-bottom: 5px;'>\n<li style='margin-bottom: 5px;'><strong>Ancho:<\/strong> 21.25 in (539.75 mm)<\/li>\n<li style='margin-bottom: 5px;'><strong>Alto:<\/strong> 29.25 in (742.95 mm)<\/li>\n<li style='margin-bottom: 5px;'><strong>Profundidad:<\/strong> 12 in (304.80 mm)<\/li>\n<\/ul>\n<li style='margin-bottom: 5px;'><strong>Dimensiones para dispositivos:<\/strong> 16 x 24 x 8 in (406.4 x 609.6 x 206.25 mm)<\/li>\n<\/ul><\/div>\n<\/p><\/div>\n<p> <!-- Secci\u00f3n de detalles t\u00e9cnicos --> <\/p>\n<div style='display: flex; flex-wrap: wrap; gap: 30px; margin-bottom: 30px;'>\n<div style='flex: 1 1 300px; min-width: 280px;'>\n<h3 style='font-size: 22px; border-bottom: 2px solid currentColor; padding-bottom: 5px; margin-top: 0; color: inherit; opacity: 0.8;'>Detalles T\u00e9cnicos<\/h3>\n<ul style='padding-left: 20px; font-size: 15px; color: inherit; list-style-type: disc;'>\n<li style='margin-bottom: 5px;'>Fabricado de Aluminio fundido libre de cobre. Alta resistencia&comma; m\u00e1s ligero en peso&comma; resistente a la corrosi\u00f3n.<\/li>\n<li style='margin-bottom: 5px;'>Menos pernos en cubierta. Su dise\u00f1o asistido por computadora reduce el n\u00famero de pernos de la tapa&comma; eliminando los pernos de la esquina. Reduciendo tiempo de instalaci\u00f3n y mantenimiento.<\/li>\n<li style='margin-bottom: 5px;'>Anillo &#8216;O&#8217; de Nitrilo (BUNA-N) alrededor de los pernos para evitar que el agua se filtre dentro del gabinete&comma; IP 66 &#038; tipo 4.<\/li>\n<li style='margin-bottom: 5px;'>Argollas de montaje d\u00factiles. Las argollas son hechas de aleaci\u00f3n de aluminio d\u00factil para ajustarse a superficies de montaje irregulares sin da\u00f1ar el gabinete.<\/li>\n<li style='margin-bottom: 5px;'>Tama\u00f1os de gabinetes desde 8x12x6 y m\u00e1s grandes est\u00e1n equipados con argollas de montaje bidireccionales que pueden ser colocados vertical o horizontalmente para facilitar el montaje.<\/li>\n<li style='margin-bottom: 5px;'>Tama\u00f1os de gabinetes desde 8x12x6 y m\u00e1s grandes son suministrados con bisagras montadas en el lado izquierdo. Los gabinetes m\u00e1s peque\u00f1os est\u00e1n perforados para la instalaci\u00f3n de 2 montajes Killark HINGE-9 o pueden ser instalados como f\u00e1brica agregando SU2. Para ubicar las bisagras en otras posiciones se debe especificar al ordenar.<\/li>\n<li style='margin-bottom: 5px;'>Las opciones incluyen ventanas de visualizaci\u00f3n&comma; operadores de control&comma; manijas giratorias&comma; manijas de disyuntores&comma; aberturas de conductos NPT y aberturas de prensaestopas m\u00e9tricas.<\/li>\n<\/ul><\/div>\n<div style='flex: 1 1 300px; min-width: 280px;'>\n<h3 style='font-size: 22px; border-bottom: 2px solid currentColor; padding-bottom: 5px; margin-top: 0; color: inherit; opacity: 0.8;'>Materiales \/ Acabado<\/h3>\n<ul style='padding-left: 20px; font-size: 15px; color: inherit; list-style-type: disc;'>\n<li style='margin-bottom: 5px;'><strong>Gabinetes:<\/strong> Aluminio libre de Cobre (menos del 4\/10 de 1%)<\/li>\n<li style='margin-bottom: 5px;'><strong>Bisagras:<\/strong> Aluminio con acero inoxidable.<\/li>\n<li style='margin-bottom: 5px;'><strong>Pernos:<\/strong> Cubierta de acero.<\/li>\n<li style='margin-bottom: 5px;'><strong>Placas de montaje opcionales:<\/strong> L\u00e1mina de Aluminio.<\/li>\n<li style='margin-bottom: 5px;'><strong>Ventanas Opcionales:<\/strong> Vidrio templado sodoc\u00e1lcico.<\/li>\n<li style='margin-bottom: 5px;'><strong>Pintura:<\/strong> Laca de Aluminio con acabado est\u00e1ndar.<\/li>\n<\/ul><\/div>\n<\/p><\/div>\n<p> <!-- Secci\u00f3n de certificaciones --> <\/p>\n<div style='margin-bottom: 30px;'>\n<h3 style='font-size: 22px; border-bottom: 2px solid currentColor; padding-bottom: 5px; margin-top: 0; color: inherit; opacity: 0.8;'>Certificaciones<\/h3>\n<ul style='padding-left: 20px; font-size: 15px; color: inherit; list-style-type: disc;'>\n<li style='margin-bottom: 5px;'><strong>Clasificaciones para \u00e1reas peligrosas:<\/strong>\n<ul style='padding-left: 20px; margin-top: 5px; margin-bottom: 5px;'>\n<li style='margin-bottom: 5px;'>Clase I&comma; Divisiones 1 &#038; 2&comma; Grupos B&comma;C&comma;D<\/li>\n<li style='margin-bottom: 5px;'>Clase I&comma; Zonas 1 &#038; 2&comma; Grupos IIB + H2&comma; IIA<\/li>\n<li style='margin-bottom: 5px;'>Clase II&comma; Divisiones 1 &#038; 2&comma; Grupos E&comma;F&comma;G<\/li>\n<li style='margin-bottom: 5px;'>Clase III&comma; Divisiones 1 &#038; 2<\/li>\n<\/ul>\n<\/li>\n<li style='margin-bottom: 5px;'><strong>N\u00famero de archivo ATEX:<\/strong> PTB 07 ATEX 1025U \/ PBT 07 ATEX 1024<\/li>\n<li style='margin-bottom: 5px;'><strong>N\u00famero de archivo CSA:<\/strong> LR11716<\/li>\n<li style='margin-bottom: 5px;'><strong>N\u00famero de archivo IECEx:<\/strong> IEC Ex 07.0022U \/ IEC Ex 07.0023<\/li>\n<li style='margin-bottom: 5px;'><strong>Clasificaci\u00f3n NEMA:<\/strong> 3&comma; 4&comma; 4X<\/li>\n<li style='margin-bottom: 5px;'><strong>N\u00famero de archivo UL:<\/strong> E10514 \/ E83696 \/ E12379<\/li>\n<\/ul><\/div>\n<p> <!-- Separador --> <\/p>\n<hr style='border: 0; border-top: 1px solid rgba(150&comma; 150&comma; 150&comma; 0.3); margin: 30px 0;'> <\/div>\n","protected":false},"excerpt":{"rendered":"<p>Gabinete Antiexplosivo e Ign\u00edfugo de 12&#8243; x 24&#8243; x 8&#8243; \/ Serie EXB \/ Aluminio Fundido \/ Para \u00c1reas Peligrosas.<\/p>\n","protected":false},"featured_media":42100,"comment_status":"open","ping_status":"closed","template":"","meta":[],"product_brand":[],"product_cat":[731],"product_tag":[26,25,704],"class_list":{"0":"post-42101","1":"product","2":"type-product","3":"status-publish","4":"has-post-thumbnail","6":"product_cat-accesorios-de-instalacion-herramientas-deteccion-de-fuego","7":"product_tag-accesorios-de-instalacion","8":"product_tag-herramientas","9":"product_tag-hubbell-killark","11":"first","12":"outofstock","13":"sale","14":"shipping-taxable","15":"purchasable","16":"product-type-simple"},"_links":{"self":[{"href":"https:\/\/soydeaqui.ddns.net\/pachuca\/index.php\/wp-json\/wp\/v2\/product\/42101","targetHints":{"allow":["GET"]}}],"collection":[{"href":"https:\/\/soydeaqui.ddns.net\/pachuca\/index.php\/wp-json\/wp\/v2\/product"}],"about":[{"href":"https:\/\/soydeaqui.ddns.net\/pachuca\/index.php\/wp-json\/wp\/v2\/types\/product"}],"replies":[{"embeddable":true,"href":"https:\/\/soydeaqui.ddns.net\/pachuca\/index.php\/wp-json\/wp\/v2\/comments?post=42101"}],"wp:featuredmedia":[{"embeddable":true,"href":"https:\/\/soydeaqui.ddns.net\/pachuca\/index.php\/wp-json\/wp\/v2\/media\/42100"}],"wp:attachment":[{"href":"https:\/\/soydeaqui.ddns.net\/pachuca\/index.php\/wp-json\/wp\/v2\/media?parent=42101"}],"wp:term":[{"taxonomy":"product_brand","embeddable":true,"href":"https:\/\/soydeaqui.ddns.net\/pachuca\/index.php\/wp-json\/wp\/v2\/product_brand?post=42101"},{"taxonomy":"product_cat","embeddable":true,"href":"https:\/\/soydeaqui.ddns.net\/pachuca\/index.php\/wp-json\/wp\/v2\/product_cat?post=42101"},{"taxonomy":"product_tag","embeddable":true,"href":"https:\/\/soydeaqui.ddns.net\/pachuca\/index.php\/wp-json\/wp\/v2\/product_tag?post=42101"}],"curies":[{"name":"wp","href":"https:\/\/api.w.org\/{rel}","templated":true}]}}