{"id":4207,"date":"2026-03-18T06:16:40","date_gmt":"2026-03-18T06:16:40","guid":{"rendered":"https:\/\/soydeaqui.ddns.net\/pachuca\/index.php\/producto\/sensor-de-temperatura-y-humedad-compatible-con-hub-cs-a3-protocolo-zigbee\/"},"modified":"2026-03-18T06:16:45","modified_gmt":"2026-03-18T06:16:45","slug":"sensor-de-temperatura-y-humedad-compatible-con-hub-cs-a3-protocolo-zigbee","status":"publish","type":"product","link":"https:\/\/soydeaqui.ddns.net\/pachuca\/index.php\/producto\/sensor-de-temperatura-y-humedad-compatible-con-hub-cs-a3-protocolo-zigbee\/","title":{"rendered":"Sensor de Temperatura y Humedad \/ Compatible con Hub CS-A3 \/ Protocolo Zigbee"},"content":{"rendered":"<div style='width: 100%; max-width: 1200px; margin: 0 auto; font-family: sans-serif; line-height: 1.6; color: inherit; background-color: transparent;'> <!-- Imagen principal --> <\/p>\n<div style='margin-bottom: 30px;'> <a href='#link' target='_blank' rel='noopener' style='display: block;'> <img style='width: 100%; height: auto; border: 1px solid rgba(150&comma;150&comma;150&comma;0.3); border-radius: 8px;' src='https:\/\/ftp3.syscom.mx\/usuarios\/rcovarrubias\/EZVIZ\/Manual%20esp-ing\/CS-A3\/banner-sensores.jpg' alt=''> <\/a> <\/div>\n<p> <!-- Secci\u00f3n de caracter\u00edsticas --> <\/p>\n<div style='display: flex; flex-wrap: wrap; gap: 30px; margin-bottom: 30px;'>\n<div style='flex: 1 1 300px; min-width: 280px;'>\n<h3 style='font-size: 22px; border-bottom: 2px solid currentColor; padding-bottom: 5px; margin-top: 0; color: inherit; opacity: 0.8;'>Caracter\u00edsticas principales<\/h3>\n<ul style='padding-left: 20px; font-size: 15px; color: inherit;'>\n<li style='margin-bottom: 5px;'>Muestra la temperatura y nivel de humedad en tiempo real<\/li>\n<li style='margin-bottom: 5px;'>Pantalla de gran visibilidad<\/li>\n<li style='margin-bottom: 5px;'>Se conecta hacia el concentrador (hub) <a href='https:\/\/www.syscom.mx\/producto\/CS-A3-EZVIZ-202830.html' style='color: #42BB1A; text-decoration: none; font-weight: bold;'>CS-A3<\/a> mediante Zigbee (frecuencia 2.4GHz)<\/li>\n<li style='margin-bottom: 5px;'>Compatible con el kit de alarmas <a href='https:\/\/www.syscom.mx\/producto\/CS-B1-EZVIZ-210878.html' style='color: #42BB1A; text-decoration: none; font-weight: bold;'>CS-B1<\/a><\/li>\n<li style='margin-bottom: 5px;'>Integraci\u00f3n inteligente con camaras EZVIZ<\/li>\n<li style='margin-bottom: 5px;'>Datos hist\u00f3ricos de temperatura<\/li>\n<li style='margin-bottom: 5px;'><strong>Modelo de bater\u00eda:<\/strong> CR2450 (3V)<\/li>\n<li style='margin-bottom: 5px;'><strong>Temperatura de operaci\u00f3n:<\/strong> -10\u00b0C a +60\u00b0C<\/li>\n<li style='margin-bottom: 5px;'><strong>Dimensiones:<\/strong> 134 x 51.55 mm<\/li>\n<li style='margin-bottom: 5px;'><strong>Peso:<\/strong> 52 g<\/li>\n<li style='margin-bottom: 5px;'>Dise\u00f1o de ahorro de energ\u00eda con bater\u00eda de larga duraci\u00f3n<\/li>\n<\/ul>\n<p> <!-- Notas importantes --> <\/p>\n<div style='margin-top: 20px;'>\n<h4 style='color: #f44336; font-size: 18px; margin-top: 0; margin-bottom: 10px;'>Notas:<\/h4>\n<ul style='padding-left: 20px; font-size: 14px; color: inherit;'>\n<li style='margin-bottom: 5px; color: #f44336;'><strong>Configuraci\u00f3n \u00fanicamente mediante aplicaci\u00f3n EZVIZ<\/strong><\/li>\n<li style='margin-bottom: 5px; color: #f44336;'><strong>No es posible vincularlo directo a la APP&comma; se requiere el Hub CS-A3<\/strong><\/li>\n<\/ul><\/div>\n<\/p><\/div>\n<\/p><\/div>\n<p> <!-- Separador --> <\/p>\n<hr style='border: 0; border-top: 1px solid rgba(150&comma; 150&comma; 150&comma; 0.3); margin: 30px 0;'> <!-- Im\u00e1genes adicionales --> <\/p>\n<div style='display: flex; flex-wrap: wrap; gap: 20px; margin-bottom: 30px;'>\n<div style='flex: 1 1 300px; min-width: 280px;'> <img style='width: 100%; height: auto; border: 1px solid rgba(150&comma;150&comma;150&comma;0.3); border-radius: 8px;' src='https:\/\/ftp3.syscom.mx\/usuarios\/rcovarrubias\/EZVIZ\/Manual%20esp-ing\/T51C%20%28Zigbee%203.0%20chip%29\/t51c1.png' alt=''> <\/div>\n<div style='flex: 1 1 300px; min-width: 280px;'> <img style='width: 100%; height: auto; border: 1px solid rgba(150&comma;150&comma;150&comma;0.3); border-radius: 8px;' src='https:\/\/ftp3.syscom.mx\/usuarios\/rcovarrubias\/EZVIZ\/Manual%20esp-ing\/T51C%20%28Zigbee%203.0%20chip%29\/t51c2.png' alt=''> <\/div>\n<div style='flex: 1 1 300px; min-width: 280px;'> <img style='width: 100%; height: auto; border: 1px solid rgba(150&comma;150&comma;150&comma;0.3); border-radius: 8px;' src='https:\/\/ftp3.syscom.mx\/usuarios\/rcovarrubias\/EZVIZ\/Manual%20esp-ing\/T51C%20%28Zigbee%203.0%20chip%29\/t51c3.png' alt=''> <\/div>\n<\/p><\/div>\n<\/p><\/div>\n","protected":false},"excerpt":{"rendered":"<p>Sensor de Temperatura y Humedad \/ Compatible con Hub CS-A3 \/ Protocolo Zigbee<\/p>\n","protected":false},"featured_media":4206,"comment_status":"open","ping_status":"closed","template":"","meta":[],"product_brand":[],"product_cat":[32],"product_tag":[19,111,33],"class_list":{"0":"post-4207","1":"product","2":"type-product","3":"status-publish","4":"has-post-thumbnail","6":"product_cat-temperatura","7":"product_tag-detectores-sensores","8":"product_tag-ezviz","9":"product_tag-temperatura","11":"first","12":"instock","13":"sale","14":"shipping-taxable","15":"purchasable","16":"product-type-simple"},"_links":{"self":[{"href":"https:\/\/soydeaqui.ddns.net\/pachuca\/index.php\/wp-json\/wp\/v2\/product\/4207","targetHints":{"allow":["GET"]}}],"collection":[{"href":"https:\/\/soydeaqui.ddns.net\/pachuca\/index.php\/wp-json\/wp\/v2\/product"}],"about":[{"href":"https:\/\/soydeaqui.ddns.net\/pachuca\/index.php\/wp-json\/wp\/v2\/types\/product"}],"replies":[{"embeddable":true,"href":"https:\/\/soydeaqui.ddns.net\/pachuca\/index.php\/wp-json\/wp\/v2\/comments?post=4207"}],"wp:featuredmedia":[{"embeddable":true,"href":"https:\/\/soydeaqui.ddns.net\/pachuca\/index.php\/wp-json\/wp\/v2\/media\/4206"}],"wp:attachment":[{"href":"https:\/\/soydeaqui.ddns.net\/pachuca\/index.php\/wp-json\/wp\/v2\/media?parent=4207"}],"wp:term":[{"taxonomy":"product_brand","embeddable":true,"href":"https:\/\/soydeaqui.ddns.net\/pachuca\/index.php\/wp-json\/wp\/v2\/product_brand?post=4207"},{"taxonomy":"product_cat","embeddable":true,"href":"https:\/\/soydeaqui.ddns.net\/pachuca\/index.php\/wp-json\/wp\/v2\/product_cat?post=4207"},{"taxonomy":"product_tag","embeddable":true,"href":"https:\/\/soydeaqui.ddns.net\/pachuca\/index.php\/wp-json\/wp\/v2\/product_tag?post=4207"}],"curies":[{"name":"wp","href":"https:\/\/api.w.org\/{rel}","templated":true}]}}