{"id":42061,"date":"2026-03-18T18:32:00","date_gmt":"2026-03-18T18:32:00","guid":{"rendered":"https:\/\/soydeaqui.ddns.net\/pachuca\/index.php\/producto\/curso-introductorio-de-energia-solar\/"},"modified":"2026-03-18T18:32:01","modified_gmt":"2026-03-18T18:32:01","slug":"curso-introductorio-de-energia-solar","status":"publish","type":"product","link":"https:\/\/soydeaqui.ddns.net\/pachuca\/index.php\/producto\/curso-introductorio-de-energia-solar\/","title":{"rendered":"Curso Introductorio De Energ\u00eda Solar"},"content":{"rendered":"<div style='width: 100%; max-width: 1200px; margin: 0 auto; font-family: sans-serif; line-height: 1.6; color: inherit; background-color: transparent;'>\n<div style='display: flex; flex-wrap: wrap; gap: 30px; margin-bottom: 30px;'>\n<div style='flex: 1 1 300px; min-width: 280px;'>\n<h3 style='font-size: 22px; border-bottom: 2px solid currentColor; padding-bottom: 5px; margin-top: 0; color: inherit; opacity: 0.8;'>A qui\u00e9n est\u00e1 dirigido<\/h3>\n<p style='font-size: 15px; color: inherit; margin-top: 0; margin-bottom: 15px;'>Este programa est\u00e1 dise\u00f1ado especialmente para Integradores Profesionales Autorizados SYSCOM que deseen sumergirse en el fascinante mundo de la energ\u00eda solar.<\/p>\n<\/p><\/div>\n<div style='flex: 1 1 300px; min-width: 280px;'>\n<h3 style='font-size: 22px; border-bottom: 2px solid currentColor; padding-bottom: 5px; margin-top: 0; color: inherit; opacity: 0.8;'>Objetivos<\/h3>\n<p style='font-size: 15px; color: inherit; margin-top: 0; margin-bottom: 15px;'>Al finalizar este entrenamiento los participantes no solo conocer\u00e1n los fundamentos de la energ\u00eda solar&comma; sino que tambi\u00e9n ser\u00e1n capaces de realizar c\u00e1lculos b\u00e1sicos y entender distintos tipos de sistemas y productos asociados.<\/p>\n<\/p><\/div>\n<\/p><\/div>\n<div style='display: flex; flex-wrap: wrap; gap: 30px; margin-bottom: 30px;'>\n<div style='flex: 1 1 300px; min-width: 280px;'>\n<h3 style='font-size: 22px; border-bottom: 2px solid currentColor; padding-bottom: 5px; margin-top: 0; color: inherit; opacity: 0.8;'>Requisitos<\/h3>\n<ul style='padding-left: 20px; font-size: 15px; color: inherit; list-style-type: disc;'>\n<li style='margin-bottom: 5px;'>Ser Integrador Profesional Autorizado SYSCOM<\/li>\n<li style='margin-bottom: 5px;'>\u00a1No olvides traer tu calculadora!<\/li>\n<\/ul><\/div>\n<div style='flex: 1 1 300px; min-width: 280px;'>\n<h3 style='font-size: 22px; border-bottom: 2px solid currentColor; padding-bottom: 5px; margin-top: 0; color: inherit; opacity: 0.8;'>Temario<\/h3>\n<ol style='padding-left: 20px; font-size: 15px; color: inherit; list-style-type: decimal;'>\n<li style='margin-bottom: 5px;'>Introducci\u00f3n al concepto de Energ\u00edas Renovables y su importancia<\/li>\n<li style='margin-bottom: 5px;'>Exploraci\u00f3n de los diferentes tipos de Energ\u00eda Solar<\/li>\n<li style='margin-bottom: 5px;'>Profundizaci\u00f3n en la aplicaci\u00f3n de la energ\u00eda solar t\u00e9rmica<\/li>\n<li style='margin-bottom: 5px;'>Principios fundamentales de la Energ\u00eda Solar Fotovoltaica<\/li>\n<li style='margin-bottom: 5px;'>Desglose detallado de los componentes y funciones esenciales de un m\u00f3dulo solar<\/li>\n<li style='margin-bottom: 5px;'>Componentes de un sistema Aislado: M\u00f3dulos Solares&comma; Controladores&comma; Bater\u00edas&comma; Inversores y Accesorios<\/li>\n<li style='margin-bottom: 5px;'>C\u00e1lculos y que necesita ingenier\u00eda para calcular un sistema aislado<\/li>\n<li style='margin-bottom: 5px;'>Componentes de un Sistema de Interconexi\u00f3n: M\u00f3dulos Solares&comma; Inversor Central&comma; Microinversores&comma; Montajes y Accesorios<\/li>\n<li style='margin-bottom: 5px;'>C\u00e1lculos y que necesita ingenier\u00eda para calcular un sistema de interconexi\u00f3n<\/li>\n<\/ol><\/div>\n<\/p><\/div>\n<div style='text-align: center; margin: 30px 0;'>\n<p style='font-size: 16px; color: inherit; font-weight: bold; margin: 0;'><span style='color: inherit;'>\u00a1Prep\u00e1rate para una experiencia educativa&comma; interactiva y enriquecedora!<\/span><\/p>\n<\/p><\/div>\n<\/p><\/div>\n","protected":false},"excerpt":{"rendered":"<p>Curso Introductorio De Energ\u00eda Solar<\/p>\n","protected":false},"featured_media":42060,"comment_status":"open","ping_status":"closed","template":"","meta":[],"product_brand":[],"product_cat":[1067],"product_tag":[1068,964,63],"class_list":{"0":"post-42061","1":"product","2":"type-product","3":"status-publish","4":"has-post-thumbnail","6":"product_cat-accesorios-cables-jumpers","7":"product_tag-accesorios-cables-jumpers","8":"product_tag-energia-solar","9":"product_tag-syscom","11":"first","12":"outofstock","13":"sale","14":"shipping-taxable","15":"purchasable","16":"product-type-simple"},"_links":{"self":[{"href":"https:\/\/soydeaqui.ddns.net\/pachuca\/index.php\/wp-json\/wp\/v2\/product\/42061","targetHints":{"allow":["GET"]}}],"collection":[{"href":"https:\/\/soydeaqui.ddns.net\/pachuca\/index.php\/wp-json\/wp\/v2\/product"}],"about":[{"href":"https:\/\/soydeaqui.ddns.net\/pachuca\/index.php\/wp-json\/wp\/v2\/types\/product"}],"replies":[{"embeddable":true,"href":"https:\/\/soydeaqui.ddns.net\/pachuca\/index.php\/wp-json\/wp\/v2\/comments?post=42061"}],"wp:featuredmedia":[{"embeddable":true,"href":"https:\/\/soydeaqui.ddns.net\/pachuca\/index.php\/wp-json\/wp\/v2\/media\/42060"}],"wp:attachment":[{"href":"https:\/\/soydeaqui.ddns.net\/pachuca\/index.php\/wp-json\/wp\/v2\/media?parent=42061"}],"wp:term":[{"taxonomy":"product_brand","embeddable":true,"href":"https:\/\/soydeaqui.ddns.net\/pachuca\/index.php\/wp-json\/wp\/v2\/product_brand?post=42061"},{"taxonomy":"product_cat","embeddable":true,"href":"https:\/\/soydeaqui.ddns.net\/pachuca\/index.php\/wp-json\/wp\/v2\/product_cat?post=42061"},{"taxonomy":"product_tag","embeddable":true,"href":"https:\/\/soydeaqui.ddns.net\/pachuca\/index.php\/wp-json\/wp\/v2\/product_tag?post=42061"}],"curies":[{"name":"wp","href":"https:\/\/api.w.org\/{rel}","templated":true}]}}