{"id":4205,"date":"2026-03-18T06:16:39","date_gmt":"2026-03-18T06:16:39","guid":{"rendered":"https:\/\/soydeaqui.ddns.net\/pachuca\/index.php\/producto\/soporte-de-techo-para-antena-uhf-nx9781\/"},"modified":"2026-03-18T06:16:39","modified_gmt":"2026-03-18T06:16:39","slug":"soporte-de-techo-para-antena-uhf-nx9781","status":"publish","type":"product","link":"https:\/\/soydeaqui.ddns.net\/pachuca\/index.php\/producto\/soporte-de-techo-para-antena-uhf-nx9781\/","title":{"rendered":"SOPORTE DE TECHO PARA ANTENA UHF NX9781"},"content":{"rendered":"<div style='width: 100%; max-width: 1200px; margin: 0 auto; font-family: sans-serif; line-height: 1.6; color: inherit; background-color: transparent;'>\n<div style='display: flex; flex-wrap: wrap; gap: 30px; margin-bottom: 30px;'>\n<div style='flex: 1 1 300px; min-width: 280px;'>\n<h3 style='font-size: 22px; border-bottom: 2px solid currentColor; padding-bottom: 5px; margin-top: 0; color: inherit; opacity: 0.8;'>Caracter\u00edsticas principales<\/h3>\n<ul style='padding-left: 20px; font-size: 15px; color: inherit;'>\n<li style='margin-bottom: 5px;'>Soporte de metal para montaje en techo de antenas UHF<\/li>\n<li style='margin-bottom: 5px;'>Ajuste de giro de 90\u00b0 hacia la derecha o la izquierda<\/li>\n<li style='margin-bottom: 5px;'>Inclinaci\u00f3n de 20\u00b0 hacia arriba o abajo<\/li>\n<li style='margin-bottom: 5px;'>Poste de acero inoxidable con longitud ajustable de 625 mm a 875 mm<\/li>\n<li style='margin-bottom: 5px;'>Tubo de 30 mm de di\u00e1metro interno con orificio para introducir el cable de la antena<\/li>\n<li style='margin-bottom: 5px;'>Compatible con patrones de orificios de montaje VESA: 75&#215;75&comma; 100&#215;100&comma; 200&#215;100&comma; 200&#215;200<\/li>\n<li style='margin-bottom: 5px;'>Color Plata<\/li>\n<li style='margin-bottom: 5px;'>Instalaci\u00f3n sencilla en el techo<\/li>\n<li style='margin-bottom: 5px;'>F\u00e1cil adaptaci\u00f3n a todo tipo de puertas orientando antenas<\/li>\n<li style='margin-bottom: 5px;'>Capacidad de carga m\u00e1xima: 30 kg<\/li>\n<\/ul><\/div>\n<div style='flex: 1 1 300px; min-width: 280px;'>\n<h3 style='font-size: 22px; border-bottom: 2px solid currentColor; padding-bottom: 5px; margin-top: 0; color: inherit; opacity: 0.8;'>Caracter\u00edsticas f\u00edsicas<\/h3>\n<ul style='padding-left: 20px; font-size: 15px; color: inherit;'>\n<li style='margin-bottom: 5px;'>Colocaci\u00f3n: Montaje en techo para antenas UHF<\/li>\n<li style='margin-bottom: 5px;'>Dimensiones: 526x252x64 mm<\/li>\n<li style='margin-bottom: 5px;'>Peso: 2&comma;32 kg<\/li>\n<\/ul><\/div>\n<div style='flex: 1 1 300px; min-width: 280px;'>\n<h3 style='font-size: 22px; border-bottom: 2px solid currentColor; padding-bottom: 5px; margin-top: 0; color: inherit; opacity: 0.8;'>Caracter\u00edsticas Destacadas<\/h3>\n<ul style='padding-left: 20px; font-size: 15px; color: inherit;'>\n<li style='margin-bottom: 5px;'>Permite el giro e inclinaci\u00f3n de la antena y regulaci\u00f3n de la longitud del poste adapt\u00e1ndose a todo tipo de puertas<\/li>\n<li style='margin-bottom: 5px;'>Se suministra con kit de montaje de techo y tornillos<\/li>\n<li style='margin-bottom: 5px;'>Posibilidad de giro e inclinaci\u00f3n del soporte y regulaci\u00f3n de la longitud del poste para \u00f3ptima orientaci\u00f3n<\/li>\n<li style='margin-bottom: 5px;'>Orificio en el poste para introducir el cable de la antena y quede oculto<\/li>\n<li style='margin-bottom: 5px;'>Dise\u00f1ado para f\u00e1cil montaje<\/li>\n<li style='margin-bottom: 5px;'>F\u00e1cil adaptaci\u00f3n a todo tipo de puertas<\/li>\n<\/ul><\/div>\n<\/p><\/div>\n<div style='margin: 30px 0;'>\n<p style='font-weight: bold; color: inherit; margin: 0;'><strong>Nota:<\/strong> Requiere certificaci\u00f3n para su instalaci\u00f3n y para solicitar soporte t\u00e9cnico.<\/p>\n<\/p><\/div>\n<hr style='border: 0; border-top: 1px solid rgba(150&comma; 150&comma; 150&comma; 0.3); margin: 30px 0;'>\n<div style='display: flex; flex-wrap: wrap; gap: 30px; margin-bottom: 30px;'>\n<div style='flex: 1 1 300px; min-width: 280px;'>\n<h3 style='font-size: 22px; border-bottom: 2px solid currentColor; padding-bottom: 5px; margin-top: 0; color: inherit; opacity: 0.8;'>\u00bfQUE OBTENGO CON NUESTRA SOLUCI\u00d3N?<\/h3>\n<ul style='padding-left: 20px; font-size: 15px; color: inherit;'>\n<li style='margin-bottom: 5px;'><strong>CONTROL DE ACCESOS:<\/strong> Controlar\u00e1s los accesos a todas las \u00e1reas de tu hospital<\/li>\n<li style='margin-bottom: 5px;'><strong>SEGURIDAD EN EL HOSPITAL:<\/strong> Garantizamos la seguridad de tu hospital<\/li>\n<li style='margin-bottom: 5px;'><strong>ACCESO DE VISITAS:<\/strong> Controlar\u00e1s el acceso de veh\u00edculos y visitas<\/li>\n<li style='margin-bottom: 5px;'><strong>MODO DE ACCESO:<\/strong> Permitimos la gesti\u00f3n del modo de acceso a zonas restringidas seg\u00fan perfiles<\/li>\n<\/ul><\/div>\n<div style='flex: 1 1 300px; min-width: 280px;'> <img style='width: 100%; height: auto; border: 1px solid rgba(150&comma;150&comma;150&comma;0.3); border-radius: 8px;' src='https:\/\/ibernex.es\/wp-content\/uploads\/2021\/06\/control-de-accesos-hospitales.jpg' alt='Control de accesos hospitales'> <\/div>\n<\/p><\/div>\n<\/p><\/div>\n","protected":false},"excerpt":{"rendered":"<p>SOPORTE DE TECHO PARA ANTENA UHF NX9781<\/p>\n","protected":false},"featured_media":4204,"comment_status":"open","ping_status":"closed","template":"","meta":[],"product_brand":[],"product_cat":[151],"product_tag":[152,153,126],"class_list":{"0":"post-4205","1":"product","2":"type-product","3":"status-publish","4":"has-post-thumbnail","6":"product_cat-atencion-sociosanitaria","7":"product_tag-atencion-sociosanitaria","8":"product_tag-ibernex","9":"product_tag-sistemas-de-emergencia","11":"first","12":"outofstock","13":"sale","14":"shipping-taxable","15":"purchasable","16":"product-type-simple"},"_links":{"self":[{"href":"https:\/\/soydeaqui.ddns.net\/pachuca\/index.php\/wp-json\/wp\/v2\/product\/4205","targetHints":{"allow":["GET"]}}],"collection":[{"href":"https:\/\/soydeaqui.ddns.net\/pachuca\/index.php\/wp-json\/wp\/v2\/product"}],"about":[{"href":"https:\/\/soydeaqui.ddns.net\/pachuca\/index.php\/wp-json\/wp\/v2\/types\/product"}],"replies":[{"embeddable":true,"href":"https:\/\/soydeaqui.ddns.net\/pachuca\/index.php\/wp-json\/wp\/v2\/comments?post=4205"}],"wp:featuredmedia":[{"embeddable":true,"href":"https:\/\/soydeaqui.ddns.net\/pachuca\/index.php\/wp-json\/wp\/v2\/media\/4204"}],"wp:attachment":[{"href":"https:\/\/soydeaqui.ddns.net\/pachuca\/index.php\/wp-json\/wp\/v2\/media?parent=4205"}],"wp:term":[{"taxonomy":"product_brand","embeddable":true,"href":"https:\/\/soydeaqui.ddns.net\/pachuca\/index.php\/wp-json\/wp\/v2\/product_brand?post=4205"},{"taxonomy":"product_cat","embeddable":true,"href":"https:\/\/soydeaqui.ddns.net\/pachuca\/index.php\/wp-json\/wp\/v2\/product_cat?post=4205"},{"taxonomy":"product_tag","embeddable":true,"href":"https:\/\/soydeaqui.ddns.net\/pachuca\/index.php\/wp-json\/wp\/v2\/product_tag?post=4205"}],"curies":[{"name":"wp","href":"https:\/\/api.w.org\/{rel}","templated":true}]}}