{"id":42049,"date":"2026-03-18T18:31:39","date_gmt":"2026-03-18T18:31:39","guid":{"rendered":"https:\/\/soydeaqui.ddns.net\/pachuca\/index.php\/producto\/estacion-de-inversor-hibrido-de-8-kw-con-4-baterias-de-5-12kwh-y-gabinete\/"},"modified":"2026-03-18T18:31:45","modified_gmt":"2026-03-18T18:31:45","slug":"estacion-de-inversor-hibrido-de-8-kw-con-4-baterias-de-5-12kwh-y-gabinete","status":"publish","type":"product","link":"https:\/\/soydeaqui.ddns.net\/pachuca\/index.php\/producto\/estacion-de-inversor-hibrido-de-8-kw-con-4-baterias-de-5-12kwh-y-gabinete\/","title":{"rendered":"Estacion de Inversor Hibrido de 8 kW con 4 Bater\u00edas de 5.12Kwh y Gabinete"},"content":{"rendered":"<div style='width: 100%; max-width: 1200px; margin: 0 auto; font-family: sans-serif; line-height: 1.6; color: inherit; background-color: transparent;'>\n<div style='display: flex; flex-wrap: wrap; gap: 30px; margin-bottom: 30px;'>\n<div style='flex: 1 1 300px; min-width: 280px;'>\n<h3 style='font-size: 22px; border-bottom: 2px solid currentColor; padding-bottom: 5px; margin-top: 0; color: inherit; opacity: 0.8;'>Descripci\u00f3n<\/h3>\n<p style='font-size: 15px; color: inherit;'>Este es un a estacion multifuncional&comma; que combina funciones de inversor&comma; cargador solar y bater\u00eda. cargador para ofrecer soporte de energ\u00eda ininterrumpida.<\/p>\n<p style='font-size: 15px; color: inherit;'>Su completa pantalla LCD ofrece una operaci\u00f3n de botones configurable y de f\u00e1cil acceso para el usuario&comma; como carga de bater\u00eda&comma; CA\/ Carga solar y voltaje de entrada aceptable basado en diferentes aplicaciones.<\/p>\n<\/div>\n<\/div>\n<div style='display: flex; flex-wrap: wrap; gap: 20px; margin-bottom: 30px;'>\n<div style='flex: 1 1 250px; border: 1px solid rgba(150&comma; 150&comma; 150&comma; 0.4); border-radius: 8px; overflow: hidden; display: flex; flex-direction: column;'>\n<div style='padding: 15px; border-bottom: 1px solid rgba(150&comma; 150&comma; 150&comma; 0.2); font-weight: bold; font-size: 18px; color: inherit;'>Caracter\u00edsticas<\/div>\n<div style='padding: 15px; color: inherit;'>\n<ul style='padding-left: 20px; margin: 0; font-size: 14px; list-style-type: disc; color: inherit;'>\n<li style='margin-bottom: 5px; color: inherit;'>Soporta sistema Split fase 120\/240Vac&comma; Trif\u00e1sico 120\/208Vac<\/li>\n<li style='margin-bottom: 5px; color: inherit;'>Autoconsumo e inyecci\u00f3n a red<\/li>\n<li style='margin-bottom: 5px; color: inherit;'>Reinicio autom\u00e1tico mientras AC se est\u00e1 recuperando<\/li>\n<li style='margin-bottom: 5px; color: inherit;'>Prioridad de suministro programable para bater\u00eda o red<\/li>\n<li style='margin-bottom: 5px; color: inherit;'>M\u00faltiples modos de funcionamiento programables: On grid&comma; off grid y UPS<\/li>\n<li style='margin-bottom: 5px; color: inherit;'>Tensi\u00f3n\/corriente de carga de la bater\u00eda configurable en funci\u00f3n de las aplicaciones mediante la configuraci\u00f3n de la pantalla LCD<\/li>\n<li style='margin-bottom: 5px; color: inherit;'>Prioridad configurable del cargador AC\/Solar\/Generator mediante la configuraci\u00f3n de la pantalla LCD<\/li>\n<li style='margin-bottom: 5px; color: inherit;'>Compatible con tensi\u00f3n de red o generador<\/li>\n<li style='margin-bottom: 5px; color: inherit;'>Protecci\u00f3n contra sobrecarga\/sobretemperatura\/cortocircuito<\/li>\n<li style='margin-bottom: 5px; color: inherit;'>Dise\u00f1o de cargador de bater\u00eda inteligente para optimizar el rendimiento de la bater\u00eda<\/li>\n<li style='margin-bottom: 5px; color: inherit;'>Con funci\u00f3n de l\u00edmite&comma; evita el desbordamiento de exceso de energ\u00eda a la red<\/li>\n<li style='margin-bottom: 5px; color: inherit;'>Soporte de monitoreo WIFI y 2 cadenas integradas de rastreadores MPP<\/li>\n<li style='margin-bottom: 5px; color: inherit;'>Carga MPPT de tres etapas configurable de forma inteligente para optimizar el rendimiento de la bater\u00eda<\/li>\n<li style='margin-bottom: 5px; color: inherit;'>Funci\u00f3n de tiempo de uso<\/li>\n<li style='margin-bottom: 5px; color: inherit;'>Funci\u00f3n Carga Inteligente<\/li>\n<\/ul>\n<\/div>\n<\/div>\n<\/div>\n<\/div>\n<hr style='border: 0; border-top: 1px solid rgba(150&comma; 150&comma; 150&comma; 0.3); margin: 30px 0;'><\/div>\n","protected":false},"excerpt":{"rendered":"<p>Estacion de Inversor Hibrido de 8 kW con 4 Bater\u00edas de 5.12Kwh y Gabinete<\/p>\n","protected":false},"featured_media":42048,"comment_status":"open","ping_status":"closed","template":"","meta":[],"product_brand":[],"product_cat":[1092],"product_tag":[1269,964,1093],"class_list":{"0":"post-42049","1":"product","2":"type-product","3":"status-publish","4":"has-post-thumbnail","6":"product_cat-inversores-interconexion-on-grid","7":"product_tag-deye","8":"product_tag-energia-solar","9":"product_tag-inversores-interconexion-on-grid","11":"first","12":"outofstock","13":"sale","14":"shipping-taxable","15":"purchasable","16":"product-type-simple"},"_links":{"self":[{"href":"https:\/\/soydeaqui.ddns.net\/pachuca\/index.php\/wp-json\/wp\/v2\/product\/42049","targetHints":{"allow":["GET"]}}],"collection":[{"href":"https:\/\/soydeaqui.ddns.net\/pachuca\/index.php\/wp-json\/wp\/v2\/product"}],"about":[{"href":"https:\/\/soydeaqui.ddns.net\/pachuca\/index.php\/wp-json\/wp\/v2\/types\/product"}],"replies":[{"embeddable":true,"href":"https:\/\/soydeaqui.ddns.net\/pachuca\/index.php\/wp-json\/wp\/v2\/comments?post=42049"}],"wp:featuredmedia":[{"embeddable":true,"href":"https:\/\/soydeaqui.ddns.net\/pachuca\/index.php\/wp-json\/wp\/v2\/media\/42048"}],"wp:attachment":[{"href":"https:\/\/soydeaqui.ddns.net\/pachuca\/index.php\/wp-json\/wp\/v2\/media?parent=42049"}],"wp:term":[{"taxonomy":"product_brand","embeddable":true,"href":"https:\/\/soydeaqui.ddns.net\/pachuca\/index.php\/wp-json\/wp\/v2\/product_brand?post=42049"},{"taxonomy":"product_cat","embeddable":true,"href":"https:\/\/soydeaqui.ddns.net\/pachuca\/index.php\/wp-json\/wp\/v2\/product_cat?post=42049"},{"taxonomy":"product_tag","embeddable":true,"href":"https:\/\/soydeaqui.ddns.net\/pachuca\/index.php\/wp-json\/wp\/v2\/product_tag?post=42049"}],"curies":[{"name":"wp","href":"https:\/\/api.w.org\/{rel}","templated":true}]}}