{"id":42045,"date":"2026-03-18T18:31:27","date_gmt":"2026-03-18T18:31:27","guid":{"rendered":"https:\/\/soydeaqui.ddns.net\/pachuca\/index.php\/producto\/dado-de-prensado-para-herramienta-de-crimpado-panduit-serie-ct29xx-calibre-6-awg-cobre-codigo-azul-p24\/"},"modified":"2026-03-18T18:31:31","modified_gmt":"2026-03-18T18:31:31","slug":"dado-de-prensado-para-herramienta-de-crimpado-panduit-serie-ct29xx-calibre-6-awg-cobre-codigo-azul-p24","status":"publish","type":"product","link":"https:\/\/soydeaqui.ddns.net\/pachuca\/index.php\/producto\/dado-de-prensado-para-herramienta-de-crimpado-panduit-serie-ct29xx-calibre-6-awg-cobre-codigo-azul-p24\/","title":{"rendered":"Dado de Prensado para Herramienta de Crimpado PANDUIT Serie CT29XX, Calibre 6 AWG Cobre. C\u00f3digo Azul P24"},"content":{"rendered":"<div style='width: 100%; max-width: 1200px; margin: 0 auto; font-family: sans-serif; line-height: 1.6; color: inherit; background-color: transparent;'>\n<div style='display: flex; flex-direction: column; align-items: center; margin-bottom: 30px;'> <img style='width: 100%; max-width: 300px; height: auto; border: 1px solid rgba(150&comma;150&comma;150&comma;0.3); border-radius: 8px;' src='https:\/\/ftp3.syscom.mx\/usuarios\/fotos\/SCL2\/0X\/214870-217843-panduit-logo-tm-negro-fondo_trans30-01_(002)_(1).png' alt=''> <\/p>\n<h1 style='font-size: 30px; margin: 20px 0 13px; color: inherit; font-weight: 500; line-height: 1.1; text-align: center; padding: 0; opacity: 0.8;'> Dado de Prensado para Herramienta de Crimpado PANDUIT Serie CT29XX&comma; Calibre 6 AWG Cobre. <\/h1>\n<\/p><\/div>\n<div style='display: flex; flex-direction: column; gap: 20px; color: inherit; font-size: 16px;'>\n<div style='flex: 1 1 auto;'>\n<h3 style='font-size: 21px; margin: 0 0 15px; color: inherit; font-weight: 500; line-height: 1.1; opacity: 0.8;'>CD-920-6<\/h3>\n<p style='color: inherit; opacity: 0.8;'> Ofrece resultados de prensado en forma de circunferencia en terminaciones con un rendimiento el\u00e9ctrico y mec\u00e1nico de alta calidad con empalmes y talones de compresi\u00f3n de cobre Panduit. Los dados y los conectores est\u00e1n codificados por color para facilitar el empalme&comma; mientras que el n\u00famero de pieza se encuentra marcado de forma permanente en el dado para facilitar su identificaci\u00f3n. Dado para usar con las herramientas Panduit Serie CT-29XX. <\/p>\n<\/p><\/div>\n<div style='flex: 1 1 auto;'> <img style='width: 100%; height: auto; border: 1px solid rgba(150&comma;150&comma;150&comma;0.3); border-radius: 8px;' src='https:\/\/ftp3.syscom.mx\/usuarios\/fotos\/CD9206\/221907-captura_de_pantalla_2023-09-04_a_la(s)_16.43.48.png' alt=''> <\/div>\n<\/p><\/div>\n<\/p><\/div>\n","protected":false},"excerpt":{"rendered":"<p>Dado de Prensado para Herramienta de Crimpado PANDUIT Serie CT29XX, Calibre 6 AWG Cobre. C\u00f3digo Azul P24<\/p>\n","protected":false},"featured_media":42044,"comment_status":"open","ping_status":"closed","template":"","meta":[],"product_brand":[],"product_cat":[1090],"product_tag":[1091,1088,445],"class_list":{"0":"post-42045","1":"product","2":"type-product","3":"status-publish","4":"has-post-thumbnail","6":"product_cat-accesorios-para-tierra-fisica","7":"product_tag-accesorios-para-tierra-fisica","8":"product_tag-calidad-de-la-energia","9":"product_tag-panduit","11":"first","12":"instock","13":"sale","14":"shipping-taxable","15":"purchasable","16":"product-type-simple"},"_links":{"self":[{"href":"https:\/\/soydeaqui.ddns.net\/pachuca\/index.php\/wp-json\/wp\/v2\/product\/42045","targetHints":{"allow":["GET"]}}],"collection":[{"href":"https:\/\/soydeaqui.ddns.net\/pachuca\/index.php\/wp-json\/wp\/v2\/product"}],"about":[{"href":"https:\/\/soydeaqui.ddns.net\/pachuca\/index.php\/wp-json\/wp\/v2\/types\/product"}],"replies":[{"embeddable":true,"href":"https:\/\/soydeaqui.ddns.net\/pachuca\/index.php\/wp-json\/wp\/v2\/comments?post=42045"}],"wp:featuredmedia":[{"embeddable":true,"href":"https:\/\/soydeaqui.ddns.net\/pachuca\/index.php\/wp-json\/wp\/v2\/media\/42044"}],"wp:attachment":[{"href":"https:\/\/soydeaqui.ddns.net\/pachuca\/index.php\/wp-json\/wp\/v2\/media?parent=42045"}],"wp:term":[{"taxonomy":"product_brand","embeddable":true,"href":"https:\/\/soydeaqui.ddns.net\/pachuca\/index.php\/wp-json\/wp\/v2\/product_brand?post=42045"},{"taxonomy":"product_cat","embeddable":true,"href":"https:\/\/soydeaqui.ddns.net\/pachuca\/index.php\/wp-json\/wp\/v2\/product_cat?post=42045"},{"taxonomy":"product_tag","embeddable":true,"href":"https:\/\/soydeaqui.ddns.net\/pachuca\/index.php\/wp-json\/wp\/v2\/product_tag?post=42045"}],"curies":[{"name":"wp","href":"https:\/\/api.w.org\/{rel}","templated":true}]}}