{"id":4203,"date":"2026-03-18T06:16:38","date_gmt":"2026-03-18T06:16:38","guid":{"rendered":"https:\/\/soydeaqui.ddns.net\/pachuca\/index.php\/producto\/lector-rfid-125khz-control-de-accesos-y-presencia-3-entradas-y-1-salida-colector-abierto-montaje-de-superficie\/"},"modified":"2026-03-18T06:16:38","modified_gmt":"2026-03-18T06:16:38","slug":"lector-rfid-125khz-control-de-accesos-y-presencia-3-entradas-y-1-salida-colector-abierto-montaje-de-superficie","status":"publish","type":"product","link":"https:\/\/soydeaqui.ddns.net\/pachuca\/index.php\/producto\/lector-rfid-125khz-control-de-accesos-y-presencia-3-entradas-y-1-salida-colector-abierto-montaje-de-superficie\/","title":{"rendered":"Lector rfid 125khz\/ Control de accesos y presencia\/ 3 entradas y 1 salida colector abierto\/ montaje de superficie"},"content":{"rendered":"<div style='width: 100%; max-width: 1200px; margin: 0 auto; font-family: sans-serif; line-height: 1.6; color: inherit; background-color: transparent;'> <!-- Secci\u00f3n de caracter\u00edsticas principales --> <\/p>\n<div style='display: flex; flex-wrap: wrap; gap: 30px; margin-bottom: 30px;'>\n<div style='flex: 1 1 300px; min-width: 280px;'>\n<h3 style='font-size: 22px; border-bottom: 2px solid currentColor; padding-bottom: 5px; margin-top: 0; color: inherit; opacity: 0.8;'>Caracter\u00edsticas principales<\/h3>\n<p style='font-size: 15px; color: inherit; text-align: justify;'>El lector de tarjetas de superficie NX0126 es uno de los perif\u00e9ricos del sistema de control de accesos y presencia de Ibernex que tambi\u00e9n puede funcionar como un control de accesos aut\u00f3nomo. Puede activar cerraduras el\u00e9ctricas&comma; sirenas&#8230; a trav\u00e9s de la salida de colector abierto y opcionalmente accionar las entradas para sensor de apertura&comma; pulsador de apertura manual para salida&comma; etc.<\/p>\n<\/p><\/div>\n<p> <!-- Secci\u00f3n de caracter\u00edsticas el\u00e9ctricas y f\u00edsicas --> <\/p>\n<div style='flex: 1 1 300px; min-width: 280px;'>\n<h3 style='font-size: 22px; border-bottom: 2px solid currentColor; padding-bottom: 5px; margin-top: 0; color: inherit; opacity: 0.8;'>Caracter\u00edsticas el\u00e9ctricas y f\u00edsicas<\/h3>\n<ul style='padding-left: 20px; font-size: 15px; list-style-type: disc; color: inherit;'>\n<li style='margin-bottom: 5px;'><strong>Alimentaci\u00f3n nominal:<\/strong> 12Vdc.<\/li>\n<li style='margin-bottom: 5px;'><strong>Lector RFID:<\/strong> 125 kHz integrado (s\u00f3lo lectura) y alcance de lectura hasta 8 cm.<\/li>\n<li style='margin-bottom: 5px;'><strong>Comunicaci\u00f3n:<\/strong> RS485<\/li>\n<li style='margin-bottom: 5px;'><strong>Entradas:<\/strong> 3 entradas digitales para contacto seco<\/li>\n<li style='margin-bottom: 5px;'><strong>Salida:<\/strong> 1 salida tipo colector abierto. 48V\/2A<\/li>\n<li style='margin-bottom: 5px;'><strong>Contactos:<\/strong> Normalmente abierto y normalmente cerrado.<\/li>\n<li style='margin-bottom: 5px;'><strong>Se\u00f1alizaci\u00f3n:<\/strong> Led bicolor (rojo \/ verde) y se\u00f1alizaci\u00f3n ac\u00fastica<\/li>\n<\/ul><\/div>\n<p> <!-- Secci\u00f3n de caracter\u00edsticas destacadas --> <\/p>\n<div style='flex: 1 1 300px; min-width: 280px;'>\n<h3 style='font-size: 22px; border-bottom: 2px solid currentColor; padding-bottom: 5px; margin-top: 0; color: inherit; opacity: 0.8;'>Caracter\u00edsticas Destacadas<\/h3>\n<ul style='padding-left: 20px; font-size: 15px; list-style-type: disc; color: inherit;'>\n<li style='margin-bottom: 5px;'>Funcionamiento como perif\u00e9rico o en modo aut\u00f3nomo.<\/li>\n<li style='margin-bottom: 5px;'>Perif\u00e9rico: notificaci\u00f3n de lectura de tarjetas&comma; cambios en entradas y recepci\u00f3n de mensajes de control.<\/li>\n<li style='margin-bottom: 5px;'>Modo aut\u00f3nomo: control de accesos configurado mediante tarjeta maestra.<\/li>\n<li style='margin-bottom: 5px;'>Compatible con diferentes tipos de se\u00f1ales para control de accesos: Cerraduras el\u00e9ctricas&comma; Ventosas magn\u00e9ticas&comma; sirenas&#8230;.<\/li>\n<\/ul><\/div>\n<\/p><\/div>\n<p> <!-- Nota de certificaci\u00f3n --> <\/p>\n<div style='margin-top: 30px; padding: 15px; border-left: 5px solid rgba(255&comma; 128&comma; 0&comma; 0.8); background-color: rgba(255&comma; 128&comma; 0&comma; 0.05); color: inherit;'>\n<p style='margin: 0; font-size: 15px;'><strong>Nota:<\/strong> Requiere certificaci\u00f3n para su instalaci\u00f3n y para solicitar soporte t\u00e9cnico.<\/p>\n<\/p><\/div>\n<p> <!-- Separador --> <\/p>\n<hr style='border: 0; border-top: 1px solid rgba(150&comma; 150&comma; 150&comma; 0.3); margin: 30px 0;'> <\/div>\n","protected":false},"excerpt":{"rendered":"<p>Lector rfid 125khz\/ Control de accesos y presencia\/ 3 entradas y 1 salida colector abierto\/ montaje de superficie<\/p>\n","protected":false},"featured_media":4202,"comment_status":"open","ping_status":"closed","template":"","meta":[],"product_brand":[],"product_cat":[151],"product_tag":[152,153,126],"class_list":{"0":"post-4203","1":"product","2":"type-product","3":"status-publish","4":"has-post-thumbnail","6":"product_cat-atencion-sociosanitaria","7":"product_tag-atencion-sociosanitaria","8":"product_tag-ibernex","9":"product_tag-sistemas-de-emergencia","11":"first","12":"instock","13":"sale","14":"shipping-taxable","15":"purchasable","16":"product-type-simple"},"_links":{"self":[{"href":"https:\/\/soydeaqui.ddns.net\/pachuca\/index.php\/wp-json\/wp\/v2\/product\/4203","targetHints":{"allow":["GET"]}}],"collection":[{"href":"https:\/\/soydeaqui.ddns.net\/pachuca\/index.php\/wp-json\/wp\/v2\/product"}],"about":[{"href":"https:\/\/soydeaqui.ddns.net\/pachuca\/index.php\/wp-json\/wp\/v2\/types\/product"}],"replies":[{"embeddable":true,"href":"https:\/\/soydeaqui.ddns.net\/pachuca\/index.php\/wp-json\/wp\/v2\/comments?post=4203"}],"wp:featuredmedia":[{"embeddable":true,"href":"https:\/\/soydeaqui.ddns.net\/pachuca\/index.php\/wp-json\/wp\/v2\/media\/4202"}],"wp:attachment":[{"href":"https:\/\/soydeaqui.ddns.net\/pachuca\/index.php\/wp-json\/wp\/v2\/media?parent=4203"}],"wp:term":[{"taxonomy":"product_brand","embeddable":true,"href":"https:\/\/soydeaqui.ddns.net\/pachuca\/index.php\/wp-json\/wp\/v2\/product_brand?post=4203"},{"taxonomy":"product_cat","embeddable":true,"href":"https:\/\/soydeaqui.ddns.net\/pachuca\/index.php\/wp-json\/wp\/v2\/product_cat?post=4203"},{"taxonomy":"product_tag","embeddable":true,"href":"https:\/\/soydeaqui.ddns.net\/pachuca\/index.php\/wp-json\/wp\/v2\/product_tag?post=4203"}],"curies":[{"name":"wp","href":"https:\/\/api.w.org\/{rel}","templated":true}]}}