{"id":42023,"date":"2026-03-18T18:30:53","date_gmt":"2026-03-18T18:30:53","guid":{"rendered":"https:\/\/soydeaqui.ddns.net\/pachuca\/index.php\/producto\/montaje-para-panel-solar-riel-5-de-5400mm-para-modulos-con-espesor-de-35mm-velocidad-de-viento-max-190km-h\/"},"modified":"2026-03-18T18:30:57","modified_gmt":"2026-03-18T18:30:57","slug":"montaje-para-panel-solar-riel-5-de-5400mm-para-modulos-con-espesor-de-35mm-velocidad-de-viento-max-190km-h","status":"publish","type":"product","link":"https:\/\/soydeaqui.ddns.net\/pachuca\/index.php\/producto\/montaje-para-panel-solar-riel-5-de-5400mm-para-modulos-con-espesor-de-35mm-velocidad-de-viento-max-190km-h\/","title":{"rendered":"Montaje para Panel Solar, Riel &#8220;5&#8221; de 5400mm para M\u00f3dulos con Espesor de 35mm, Velocidad de Viento M\u00e1x. 190km\/h"},"content":{"rendered":"<div style='width: 100%; max-width: 1200px; margin: 0 auto; font-family: sans-serif; line-height: 1.6; color: inherit; background-color: transparent;'> <!-- Imagen de garant\u00eda --> <\/p>\n<div style='margin-bottom: 30px;'> <img style='width: 100%; height: auto; border: 1px solid rgba(150&comma;150&comma;150&comma;0.3); border-radius: 8px;' src='https:\/\/ftp3.syscom.mx\/usuarios\/anavarro\/SUNFORSON\/garantia25.png' alt=''> <\/div>\n<p> <!-- Secci\u00f3n de introducci\u00f3n --> <\/p>\n<div style='margin-bottom: 30px;'>\n<h1 style='font-size: 28px; text-align: center; color: inherit; margin: 0 0 20px 0;'>Montajes de aluminio anodizado&comma; alta resistencia al viento y a la corrosi\u00f3n con 2.<\/h1>\n<\/p><\/div>\n<p> <!-- Secci\u00f3n de beneficios --> <\/p>\n<div style='margin-bottom: 30px;'>\n<h2 style='font-size: 20px; color: inherit; margin: 0 0 15px 0;'><span style='font-size: 14pt; color: inherit;'>Beneficios de utilizar montajes de Aluminio Anodizado EPCOM POWER LINE:<\/span><\/h2>\n<ul style='padding-left: 20px; list-style-type: circle; color: inherit;'>\n<li style='margin-bottom: 8px;'>Mitigue la corrosi\u00f3n por efecto del &#8216;Par Galv\u00e1nico&#8217;&comma; garantice sus instalaciones contra la corrosi\u00f3n prematura.<\/li>\n<li style='margin-bottom: 8px;'>Resistencia al viento de hasta 190 km\/h&comma; ideales para zonas con fuertes vientos.<\/li>\n<li style='margin-bottom: 8px;'>F\u00e1cil instalaci\u00f3n y adaptabilidad a sus necesidades debido a la gran variedad de accesorios disponibles.<\/li>\n<li style='margin-bottom: 8px;'>\u00a12 contra defectos de fabricaci\u00f3n!<\/li>\n<li style='margin-bottom: 8px;'>Sistema de aterrizaje &#8216;Ground Clip&#8217; integrado (no incluye electrodo ni cable para aterrizaje).<\/li>\n<\/ul><\/div>\n<p> <!-- Imagen de sistema de aterrizaje --> <\/p>\n<div style='margin-bottom: 30px;'> <img style='width: 100%; height: auto; border: 1px solid rgba(150&comma;150&comma;150&comma;0.3); border-radius: 8px;' src='https:\/\/ftp3.syscom.mx\/usuarios\/anavarro\/SUNFORSON\/Ground%20system.png' alt=''> <\/div>\n<p> <!-- Descripci\u00f3n de aplicaci\u00f3n --> <\/p>\n<div style='margin-bottom: 30px;'>\n<p style='font-size: 22px; color: inherit; margin: 0; text-align: center; background-color: transparent;'> Montaje de aluminio para techo o piso de concreto&comma; arreglo 1&#215;4 m\u00f3dulos fotovolt\u00e1icos. <\/p>\n<\/p><\/div>\n<p> <!-- Caracter\u00edsticas principales --> <\/p>\n<div style='margin-bottom: 30px;'>\n<h3 style='font-size: 22px; border-bottom: 2px solid currentColor; padding-bottom: 5px; margin-top: 0; color: inherit; opacity: 0.8;'>Caracter\u00edsticas Principales:<\/h3>\n<ul style='padding-left: 20px; font-size: 15px; color: inherit;'>\n<li style='margin-bottom: 5px;'>Para arreglo de 1&#215;4 modulos fotovoltaicos de 35mm de espesor<\/li>\n<li style='margin-bottom: 5px;'>Inclinaci\u00f3n: 20-45\u00b0<\/li>\n<li style='margin-bottom: 5px;'>Peso: 21.3 kg<\/li>\n<li style='margin-bottom: 5px;'>Velocidad del viento m\u00e1x.: 190 km\/h<\/li>\n<\/ul><\/div>\n<p> <!-- Comparaci\u00f3n con competencia --> <\/p>\n<div style='margin-bottom: 30px;'>\n<h3 style='font-size: 24px; color: inherit; margin: 0 0 20px 0; text-align: center;'><span style='color: inherit;'>Epcom Power Line vs Competencia<\/span><\/h3>\n<\/p><\/div>\n<p> <!-- Imagen de comparaci\u00f3n --> <\/p>\n<div style='margin-bottom: 30px;'> <img style='width: 100%; height: auto; border: 1px solid rgba(150&comma;150&comma;150&comma;0.3); border-radius: 8px;' src='https:\/\/ftp3.syscom.mx\/usuarios\/anavarro\/SUNFORSON\/Comparacion-montajes.jpg' alt=''> <\/div>\n<p> <!-- Ventajas de los sistemas --> <\/p>\n<div style='margin-bottom: 30px;'>\n<h3 style='font-size: 22px; color: inherit; margin: 0 0 15px 0;'><span style='color: inherit;'>Ventajas de los sistemas de montaje de Epcom Power Line<\/span><\/h3>\n<ul style='padding-left: 20px; font-size: 15px; color: inherit;'>\n<li style='margin-bottom: 8px;'><span style='font-size: 14pt; color: inherit;'>Materiales de la m\u00e1s alta calidad.<\/span><\/li>\n<li style='margin-bottom: 8px;'><span style='font-size: 14pt; color: inherit;'>Instalaci\u00f3n r\u00e1pida y sencilla.<\/span><\/li>\n<li style='margin-bottom: 8px;'><span style='font-size: 14pt; color: inherit;'>Sistema de aterrizaje &#8216;Ground Clip&#8217; de f\u00e1cil instalaci\u00f3n.<\/span><\/li>\n<li style='margin-bottom: 8px;'><span style='font-size: 14pt; color: inherit;'>Piezas m\u00e1s robustas resistentes en climas extremos.<\/span><\/li>\n<li style='margin-bottom: 8px;'><span style='font-size: 14pt; color: inherit;'>Soporte t\u00e9cnico 365 d\u00edas del a\u00f1o.<\/span><\/li>\n<li style='margin-bottom: 8px;'><span style='font-size: 14pt; color: inherit;'>2.<\/span><\/li>\n<\/ul><\/div>\n<p> <!-- Secci\u00f3n de m\u00f3dulos compatibles --> <\/p>\n<div style='margin-bottom: 30px;'>\n<h3 style='font-size: 22px; border-bottom: 2px solid currentColor; padding-bottom: 5px; margin-top: 0; color: inherit; opacity: 0.8;'>M\u00f3dulos compatibles<\/h3>\n<div style='overflow-x: auto; margin-top: 15px; border: 1px solid rgba(150&comma;150&comma;150&comma;0.3); border-radius: 8px;'>\n<table style='width: 100%; border-collapse: collapse; color: inherit;'>\n<thead>\n<tr style='background-color: rgba(150&comma;150&comma;150&comma;0.1);'>\n<th style='padding: 12px; border-bottom: 1px solid rgba(150&comma;150&comma;150&comma;0.3); text-align: left;'>Modelo<\/th>\n<th style='padding: 12px; border-bottom: 1px solid rgba(150&comma;150&comma;150&comma;0.3); text-align: left;'>Cantidad<\/th>\n<\/tr>\n<\/thead>\n<tbody>\n<tr>\n<td style='padding: 10px; border-bottom: 1px solid rgba(150&comma;150&comma;150&comma;0.2);'>EGE550W144M(M10)<\/td>\n<td style='padding: 10px; border-bottom: 1px solid rgba(150&comma;150&comma;150&comma;0.2);'>4 m\u00f3dulos<\/td>\n<\/tr>\n<tr>\n<td style='padding: 10px; border-bottom: 1px solid rgba(150&comma;150&comma;150&comma;0.2);'>ETM760BH450WW\/WB<\/td>\n<td style='padding: 10px; border-bottom: 1px solid rgba(150&comma;150&comma;150&comma;0.2);'>4 m\u00f3dulos<\/td>\n<\/tr>\n<tr>\n<td style='padding: 10px; border-bottom: 1px solid rgba(150&comma;150&comma;150&comma;0.2);'>ETM772BH540BB<\/td>\n<td style='padding: 10px; border-bottom: 1px solid rgba(150&comma;150&comma;150&comma;0.2);'>4 m\u00f3dulos<\/td>\n<\/tr>\n<tr>\n<td style='padding: 10px; border-bottom: 1px solid rgba(150&comma;150&comma;150&comma;0.2);'>ETM772BH550WW\/WB<\/td>\n<td style='padding: 10px; border-bottom: 1px solid rgba(150&comma;150&comma;150&comma;0.2);'>4 m\u00f3dulos<\/td>\n<\/tr>\n<tr>\n<td style='padding: 10px; border-bottom: 1px solid rgba(150&comma;150&comma;150&comma;0.2);'>LR572HTH575M<\/td>\n<td style='padding: 10px; border-bottom: 1px solid rgba(150&comma;150&comma;150&comma;0.2);'>4 m\u00f3dulos<\/td>\n<\/tr>\n<tr>\n<td style='padding: 10px; border-bottom: 1px solid rgba(150&comma;150&comma;150&comma;0.2);'>RSM1449550M<\/td>\n<td style='padding: 10px; border-bottom: 1px solid rgba(150&comma;150&comma;150&comma;0.2);'>4 m\u00f3dulos<\/td>\n<\/tr>\n<tr>\n<td style='padding: 10px; border-bottom: 1px solid rgba(150&comma;150&comma;150&comma;0.2);'>RSM1328660M<\/td>\n<td style='padding: 10px; border-bottom: 1px solid rgba(150&comma;150&comma;150&comma;0.2);'>4 m\u00f3dulos<\/td>\n<\/tr>\n<tr>\n<td style='padding: 10px; border-bottom: 1px solid rgba(150&comma;150&comma;150&comma;0.2);'>EGE550W144M(M10)<\/td>\n<td style='padding: 10px; border-bottom: 1px solid rgba(150&comma;150&comma;150&comma;0.2);'>4 m\u00f3dulos<\/td>\n<\/tr>\n<tr>\n<td style='padding: 10px; border-bottom: 1px solid rgba(150&comma;150&comma;150&comma;0.2);'>LP210*210M66MH665W<\/td>\n<td style='padding: 10px; border-bottom: 1px solid rgba(150&comma;150&comma;150&comma;0.2);'>4 m\u00f3dulos<\/td>\n<\/tr>\n<tr>\n<td style='padding: 10px; border-bottom: 1px solid rgba(150&comma;150&comma;150&comma;0.2);'>LR572HTH580M<\/td>\n<td style='padding: 10px; border-bottom: 1px solid rgba(150&comma;150&comma;150&comma;0.2);'>4 m\u00f3dulos + se AGREGAN <strong>4<\/strong> EPLECN230\/35<\/td>\n<\/tr>\n<tr>\n<td style='padding: 10px; border-bottom: 1px solid rgba(150&comma;150&comma;150&comma;0.2);'>LR772HTH610M<\/td>\n<td style='padding: 10px; border-bottom: 1px solid rgba(150&comma;150&comma;150&comma;0.2);'>4 m\u00f3dulos + se AGREGAN <strong>4<\/strong> EPLECN230\/35<\/td>\n<\/tr>\n<tr>\n<td style='padding: 10px; border-bottom: 1px solid rgba(150&comma;150&comma;150&comma;0.2);'>LP182*182M72NH580W<\/td>\n<td style='padding: 10px; border-bottom: 1px solid rgba(150&comma;150&comma;150&comma;0.2);'>4 m\u00f3dulos + se AGREGAN <strong>4<\/strong> EPLECN230\/35<\/td>\n<\/tr>\n<tr>\n<td style='padding: 10px; border-bottom: 1px solid rgba(150&comma;150&comma;150&comma;0.2);'>LP182*199M66NH580W<\/td>\n<td style='padding: 10px; border-bottom: 1px solid rgba(150&comma;150&comma;150&comma;0.2);'>4 m\u00f3dulos + se AGREGAN <strong>4<\/strong> EPLECN230\/35<\/td>\n<\/tr>\n<tr>\n<td style='padding: 10px; border-bottom: 1px solid rgba(150&comma;150&comma;150&comma;0.2);'>LP210*210M66NB670W<\/td>\n<td style='padding: 10px; border-bottom: 1px solid rgba(150&comma;150&comma;150&comma;0.2);'>4 m\u00f3dulos + se AGREGAN <strong>4<\/strong> EPLECN230\/35<\/td>\n<\/tr>\n<\/tbody>\n<\/table><\/div>\n<\/p><\/div>\n<p> <!-- Consideraciones especiales --> <\/p>\n<div style='margin-bottom: 30px;'>\n<h3 style='font-size: 22px; border-bottom: 2px solid currentColor; padding-bottom: 5px; margin-top: 0; color: inherit; opacity: 0.8;'>Consideraciones especiales:<\/h3>\n<p style='margin: 15px 0; color: inherit;'>Para la instalaci\u00f3n de 4 m\u00f3dulos el ancho de cada m\u00f3dulo debe ser menor a 1303 mm.<\/p>\n<p style='margin: 15px 0; color: inherit;'><em>*Se sugiere revisar compatibilidad con el departamento de ingenier\u00eda.<\/em><\/p>\n<\/p><\/div>\n<p> <!-- Imagen final --> <\/p>\n<div style='margin-bottom: 30px;'> <img style='width: 100%; height: auto; border: 1px solid rgba(150&comma;150&comma;150&comma;0.3); border-radius: 8px;' src='https:\/\/ftp3.syscom.mx\/usuarios\/anavarro\/Epcom.png' alt=''> <\/div>\n<\/p><\/div>\n","protected":false},"excerpt":{"rendered":"<p>Montaje para Panel Solar, Riel &#8220;5&#8221; de 5400mm para M\u00f3dulos con Espesor de 35mm, Velocidad de Viento M\u00e1x. 190km\/h<\/p>\n","protected":false},"featured_media":42022,"comment_status":"open","ping_status":"closed","template":"","meta":[],"product_brand":[],"product_cat":[963],"product_tag":[964,454,965],"class_list":{"0":"post-42023","1":"product","2":"type-product","3":"status-publish","4":"has-post-thumbnail","6":"product_cat-montajes-completos-para-modulos","7":"product_tag-energia-solar","8":"product_tag-epcom-powerline","9":"product_tag-montajes-completos-para-modulos","11":"first","12":"outofstock","13":"sale","14":"shipping-taxable","15":"purchasable","16":"product-type-simple"},"_links":{"self":[{"href":"https:\/\/soydeaqui.ddns.net\/pachuca\/index.php\/wp-json\/wp\/v2\/product\/42023","targetHints":{"allow":["GET"]}}],"collection":[{"href":"https:\/\/soydeaqui.ddns.net\/pachuca\/index.php\/wp-json\/wp\/v2\/product"}],"about":[{"href":"https:\/\/soydeaqui.ddns.net\/pachuca\/index.php\/wp-json\/wp\/v2\/types\/product"}],"replies":[{"embeddable":true,"href":"https:\/\/soydeaqui.ddns.net\/pachuca\/index.php\/wp-json\/wp\/v2\/comments?post=42023"}],"wp:featuredmedia":[{"embeddable":true,"href":"https:\/\/soydeaqui.ddns.net\/pachuca\/index.php\/wp-json\/wp\/v2\/media\/42022"}],"wp:attachment":[{"href":"https:\/\/soydeaqui.ddns.net\/pachuca\/index.php\/wp-json\/wp\/v2\/media?parent=42023"}],"wp:term":[{"taxonomy":"product_brand","embeddable":true,"href":"https:\/\/soydeaqui.ddns.net\/pachuca\/index.php\/wp-json\/wp\/v2\/product_brand?post=42023"},{"taxonomy":"product_cat","embeddable":true,"href":"https:\/\/soydeaqui.ddns.net\/pachuca\/index.php\/wp-json\/wp\/v2\/product_cat?post=42023"},{"taxonomy":"product_tag","embeddable":true,"href":"https:\/\/soydeaqui.ddns.net\/pachuca\/index.php\/wp-json\/wp\/v2\/product_tag?post=42023"}],"curies":[{"name":"wp","href":"https:\/\/api.w.org\/{rel}","templated":true}]}}