{"id":42019,"date":"2026-03-18T18:30:47","date_gmt":"2026-03-18T18:30:47","guid":{"rendered":"https:\/\/soydeaqui.ddns.net\/pachuca\/index.php\/producto\/montaje-para-2-paneles-solares-riel-8-de-2700mm-para-modulos-con-espesor-de-30-35mm-velocidad-de-viento-max-136km-h\/"},"modified":"2026-03-18T18:30:51","modified_gmt":"2026-03-18T18:30:51","slug":"montaje-para-2-paneles-solares-riel-8-de-2700mm-para-modulos-con-espesor-de-30-35mm-velocidad-de-viento-max-136km-h","status":"publish","type":"product","link":"https:\/\/soydeaqui.ddns.net\/pachuca\/index.php\/producto\/montaje-para-2-paneles-solares-riel-8-de-2700mm-para-modulos-con-espesor-de-30-35mm-velocidad-de-viento-max-136km-h\/","title":{"rendered":"Montaje para 2 Paneles Solares, Riel &#8220;8&#8221; de 2700mm para M\u00f3dulos con Espesor de 30-35mm, Velocidad de Viento M\u00e1x. 136km\/h"},"content":{"rendered":"<div style='width: 100%; max-width: 1200px; margin: 0 auto; font-family: sans-serif; line-height: 1.6; color: inherit; background-color: transparent;'> <!-- Imagen garant\u00eda --> <\/p>\n<div style='margin-bottom: 30px;'> <img style='width: 100%; height: auto; border: 1px solid rgba(150&comma;150&comma;150&comma;0.3); border-radius: 8px;' src='https:\/\/ftp3.syscom.mx\/usuarios\/anavarro\/SUNFORSON\/garantia25.png' alt=''> <\/div>\n<p> <!-- Descripci\u00f3n principal --> <\/p>\n<div style='margin-bottom: 30px;'>\n<h1 style='font-size: 28px; text-align: center; color: inherit; margin: 0 0 20px 0;'>Montajes de aluminio anodizado&comma; alta resistencia al viento y a la corrosi\u00f3n con 2.<\/h1>\n<\/p><\/div>\n<p> <!-- Beneficios --> <\/p>\n<div style='margin-bottom: 30px;'>\n<h2 style='font-size: 20px; color: inherit; margin: 0 0 15px 0;'><span style='font-size: 14pt; color: inherit;'>Beneficios de utilizar montajes de Aluminio Anodizado EPCOM POWER LINE:<\/span><\/h2>\n<ul style='padding-left: 20px; color: inherit;'>\n<li style='margin-bottom: 10px;'><span style='color: inherit;'>Mitigue la corrosi\u00f3n por efecto del &#8216;Par Galv\u00e1nico&#8217;&comma; garantice sus instalaciones contra la corrosi\u00f3n prematura.<\/span><\/li>\n<li style='margin-bottom: 10px;'><span style='color: inherit;'>Resistencia al viento de hasta 136 km\/h&comma; ideales para zonas con fuertes vientos.<\/span><\/li>\n<li style='margin-bottom: 10px;'><span style='color: inherit;'>F\u00e1cil instalaci\u00f3n y adaptabilidad a sus necesidades debido a la gran variedad de accesorios disponibles.<\/span><\/li>\n<li style='margin-bottom: 10px;'><span style='color: inherit;'>\u00a12 contra defectos de fabricaci\u00f3n!<\/span><\/li>\n<li style='margin-bottom: 10px;'><span style='color: inherit;'>Sistema de aterrizaje &#8216;Ground Clip&#8217; integrado (no incluye electrodo ni cable para aterrizaje).<\/span><\/li>\n<\/ul><\/div>\n<p> <!-- Imagen sistema de aterrizaje --> <\/p>\n<div style='margin-bottom: 30px;'> <img style='width: 100%; height: auto; border: 1px solid rgba(150&comma;150&comma;150&comma;0.3); border-radius: 8px;' src='https:\/\/ftp3.syscom.mx\/usuarios\/anavarro\/SUNFORSON\/Ground%20system.png' alt=''> <\/div>\n<p> <!-- Descripci\u00f3n adicional --> <\/p>\n<div style='margin-bottom: 30px;'>\n<p style='font-size: 24px; color: inherit; text-align: center; margin: 0;'> Montaje de aluminio para techo o piso de concreto&comma; arreglo 1&#215;2 m\u00f3dulos fotovolt\u00e1icos. <\/p>\n<\/p><\/div>\n<p> <!-- Caracter\u00edsticas principales --> <\/p>\n<div style='margin-bottom: 30px;'>\n<h3 style='font-size: 20px; color: inherit; margin: 0 0 15px 0;'>Caracter\u00edsticas Principales:<\/h3>\n<ul style='padding-left: 20px; color: inherit;'>\n<li style='margin-bottom: 8px;'><span style='color: inherit;'>Para arreglo de 1&#215;2 modulos fotovoltaicos de 35mm de espesor<\/span><\/li>\n<li style='margin-bottom: 8px;'><span style='color: inherit;'>Inclinaci\u00f3n: 20-45\u00b0<\/span><\/li>\n<li style='margin-bottom: 8px;'><span style='color: inherit;'>Peso: 21.3 kg<\/span><\/li>\n<li style='margin-bottom: 8px;'><span style='color: inherit;'>Velocidad del viento m\u00e1x.: 136 km\/h<\/span><\/li>\n<\/ul><\/div>\n<p> <!-- Comparativo con competencia --> <\/p>\n<div style='margin-bottom: 30px;'>\n<h3 style='font-size: 24px; color: inherit; margin: 0 0 15px 0; text-align: center;'><span style='color: inherit;'>Epcom Power Line vs Competencia<\/span><\/h3>\n<p> <img style='width: 100%; height: auto; border: 1px solid rgba(150&comma;150&comma;150&comma;0.3); border-radius: 8px;' src='https:\/\/ftp3.syscom.mx\/usuarios\/anavarro\/SUNFORSON\/Comparacion-montajes.jpg' alt=''> <\/div>\n<p> <!-- Ventajas --> <\/p>\n<div style='margin-bottom: 30px;'>\n<h3 style='font-size: 24px; color: inherit; margin: 0 0 15px 0; text-align: center;'><span style='color: inherit;'>Ventajas de los sistemas de montaje de Epcom Power Line<\/span><\/h3>\n<ul style='padding-left: 20px; color: inherit;'>\n<li style='margin-bottom: 10px;'><span style='color: inherit; font-size: 14pt;'>Materiales de la m\u00e1s alta calidad.<\/span><\/li>\n<li style='margin-bottom: 10px;'><span style='color: inherit; font-size: 14pt;'>Instalaci\u00f3n r\u00e1pida y sencilla.<\/span><\/li>\n<li style='margin-bottom: 10px;'><span style='color: inherit; font-size: 14pt;'>Sistema de aterrizaje &#8216;Ground Clip&#8217; de f\u00e1cil instalaci\u00f3n.<\/span><\/li>\n<li style='margin-bottom: 10px;'><span style='color: inherit; font-size: 14pt;'>Piezas m\u00e1s robustas resistentes en climas extremos.<\/span><\/li>\n<li style='margin-bottom: 10px;'><span style='color: inherit; font-size: 14pt;'>Soporte t\u00e9cnico 365 d\u00edas del a\u00f1o.<\/span><\/li>\n<li style='margin-bottom: 10px;'><span style='color: inherit; font-size: 14pt;'>2. <\/span><\/li>\n<\/ul><\/div>\n<p> <!-- M\u00f3dulos compatibles --> <\/p>\n<div style='margin-bottom: 30px;'>\n<h3 style='font-size: 20px; color: inherit; margin: 0 0 15px 0;'><span style='color: #18bc9b; font-weight: bold; color: inherit;'>Modulos compatibles<\/span><\/h3>\n<div style='overflow-x: auto;'>\n<table style='width: 100%; border-collapse: collapse; color: inherit;'>\n<thead>\n<tr style='background-color: rgba(150&comma;150&comma;150&comma;0.1);'>\n<th style='padding: 12px; border: 1px solid rgba(150&comma;150&comma;150&comma;0.3);'>Modelo<\/th>\n<th style='padding: 12px; border: 1px solid rgba(150&comma;150&comma;150&comma;0.3);'>Cantidad<\/th>\n<\/tr>\n<\/thead>\n<tbody>\n<tr>\n<td style='padding: 10px; border: 1px solid rgba(150&comma;150&comma;150&comma;0.3);'>LP182*199M72NB620W<\/td>\n<td style='padding: 10px; border: 1px solid rgba(150&comma;150&comma;150&comma;0.3);'>2 m\u00f3dulos<\/td>\n<\/tr>\n<tr>\n<td style='padding: 10px; border: 1px solid rgba(150&comma;150&comma;150&comma;0.3);'>LP210*210M66NB700W<\/td>\n<td style='padding: 10px; border: 1px solid rgba(150&comma;150&comma;150&comma;0.3);'>2 m\u00f3dulos<\/td>\n<\/tr>\n<tr>\n<td style='padding: 10px; border: 1px solid rgba(150&comma;150&comma;150&comma;0.3);'>LR772HVHF645M<\/td>\n<td style='padding: 10px; border: 1px solid rgba(150&comma;150&comma;150&comma;0.3);'>2 m\u00f3dulos<\/td>\n<\/tr>\n<tr>\n<td style='padding: 10px; border: 1px solid rgba(150&comma;150&comma;150&comma;0.3);'>LR772HVH640M<\/td>\n<td style='padding: 10px; border: 1px solid rgba(150&comma;150&comma;150&comma;0.3);'>2 m\u00f3dulos<\/td>\n<\/tr>\n<tr>\n<td style='padding: 10px; border: 1px solid rgba(150&comma;150&comma;150&comma;0.3);'>LR772HVH645M<\/td>\n<td style='padding: 10px; border: 1px solid rgba(150&comma;150&comma;150&comma;0.3);'>2 m\u00f3dulos<\/td>\n<\/tr>\n<tr>\n<td style='padding: 10px; border: 1px solid rgba(150&comma;150&comma;150&comma;0.3);'>ETNR66TBHGL610W<\/td>\n<td style='padding: 10px; border: 1px solid rgba(150&comma;150&comma;150&comma;0.3);'>2 m\u00f3dulos<\/td>\n<\/tr>\n<tr>\n<td style='padding: 10px; border: 1px solid rgba(150&comma;150&comma;150&comma;0.3);'>ETNR66TBH620GL<\/td>\n<td style='padding: 10px; border: 1px solid rgba(150&comma;150&comma;150&comma;0.3);'>2 m\u00f3dulos<\/td>\n<\/tr>\n<tr>\n<td style='padding: 10px; border: 1px solid rgba(150&comma;150&comma;150&comma;0.3);'>EGE550W144M(M10)<\/td>\n<td style='padding: 10px; border: 1px solid rgba(150&comma;150&comma;150&comma;0.3);'>2 m\u00f3dulos<\/td>\n<\/tr>\n<tr>\n<td style='padding: 10px; border: 1px solid rgba(150&comma;150&comma;150&comma;0.3);'>LP210*210M66MH665W<\/td>\n<td style='padding: 10px; border: 1px solid rgba(150&comma;150&comma;150&comma;0.3);'>2 m\u00f3dulos<\/td>\n<\/tr>\n<tr>\n<td style='padding: 10px; border: 1px solid rgba(150&comma;150&comma;150&comma;0.3);'>LR572HTH585M<\/td>\n<td style='padding: 10px; border: 1px solid rgba(150&comma;150&comma;150&comma;0.3);'>2 m\u00f3dulos<\/td>\n<\/tr>\n<tr>\n<td style='padding: 10px; border: 1px solid rgba(150&comma;150&comma;150&comma;0.3);'>LR572HTHF580M<\/td>\n<td style='padding: 10px; border: 1px solid rgba(150&comma;150&comma;150&comma;0.3);'>2 m\u00f3dulos<\/td>\n<\/tr>\n<tr>\n<td style='padding: 10px; border: 1px solid rgba(150&comma;150&comma;150&comma;0.3);'>LR772HTH610M<\/td>\n<td style='padding: 10px; border: 1px solid rgba(150&comma;150&comma;150&comma;0.3);'>2 m\u00f3dulos<\/td>\n<\/tr>\n<tr>\n<td style='padding: 10px; border: 1px solid rgba(150&comma;150&comma;150&comma;0.3);'>LP182*182M72NH580W<\/td>\n<td style='padding: 10px; border: 1px solid rgba(150&comma;150&comma;150&comma;0.3);'>2 m\u00f3dulos<\/td>\n<\/tr>\n<tr>\n<td style='padding: 10px; border: 1px solid rgba(150&comma;150&comma;150&comma;0.3);'>LP182*199M66NH580W<\/td>\n<td style='padding: 10px; border: 1px solid rgba(150&comma;150&comma;150&comma;0.3);'>2 m\u00f3dulos<\/td>\n<\/tr>\n<tr>\n<td style='padding: 10px; border: 1px solid rgba(150&comma;150&comma;150&comma;0.3);'>LP210*210M66NB670W<\/td>\n<td style='padding: 10px; border: 1px solid rgba(150&comma;150&comma;150&comma;0.3);'>2 m\u00f3dulos<\/td>\n<\/tr>\n<\/tbody>\n<\/table><\/div>\n<\/p><\/div>\n<p> <!-- Consideraciones especiales --> <\/p>\n<div style='margin-bottom: 30px;'>\n<h3 style='font-size: 20px; color: inherit; margin: 0 0 15px 0;'>Consideraciones especiales:<\/h3>\n<ul style='padding-left: 20px; color: inherit;'>\n<li style='margin-bottom: 10px;'><span style='color: inherit;'>Para la instalaci\u00f3n de 2 m\u00f3dulos el ancho de cada m\u00f3dulo debe ser menor a 1303 mm.<\/span><\/li>\n<li style='margin-bottom: 10px;'><span style='color: inherit;'>*Se sugiere revisar compatibilidad con el departamento de ingenier\u00eda.<\/span><\/li>\n<\/ul><\/div>\n<p> <!-- Logo --> <\/p>\n<div style='text-align: center;'> <img style='width: 450px; height: auto; max-width: 100%; border: 1px solid rgba(150&comma;150&comma;150&comma;0.3); border-radius: 8px;' src='https:\/\/ftp3.syscom.mx\/usuarios\/anavarro\/Epcom.png' alt=''> <\/div>\n<\/p><\/div>\n","protected":false},"excerpt":{"rendered":"<p>Montaje para 2 Paneles Solares, Riel &#8220;8&#8221; de 2700mm para M\u00f3dulos con Espesor de 30-35mm, Velocidad de Viento M\u00e1x. 136km\/h<\/p>\n","protected":false},"featured_media":42018,"comment_status":"open","ping_status":"closed","template":"","meta":[],"product_brand":[],"product_cat":[963],"product_tag":[964,454,965],"class_list":{"0":"post-42019","1":"product","2":"type-product","3":"status-publish","4":"has-post-thumbnail","6":"product_cat-montajes-completos-para-modulos","7":"product_tag-energia-solar","8":"product_tag-epcom-powerline","9":"product_tag-montajes-completos-para-modulos","11":"first","12":"instock","13":"sale","14":"shipping-taxable","15":"purchasable","16":"product-type-simple"},"_links":{"self":[{"href":"https:\/\/soydeaqui.ddns.net\/pachuca\/index.php\/wp-json\/wp\/v2\/product\/42019","targetHints":{"allow":["GET"]}}],"collection":[{"href":"https:\/\/soydeaqui.ddns.net\/pachuca\/index.php\/wp-json\/wp\/v2\/product"}],"about":[{"href":"https:\/\/soydeaqui.ddns.net\/pachuca\/index.php\/wp-json\/wp\/v2\/types\/product"}],"replies":[{"embeddable":true,"href":"https:\/\/soydeaqui.ddns.net\/pachuca\/index.php\/wp-json\/wp\/v2\/comments?post=42019"}],"wp:featuredmedia":[{"embeddable":true,"href":"https:\/\/soydeaqui.ddns.net\/pachuca\/index.php\/wp-json\/wp\/v2\/media\/42018"}],"wp:attachment":[{"href":"https:\/\/soydeaqui.ddns.net\/pachuca\/index.php\/wp-json\/wp\/v2\/media?parent=42019"}],"wp:term":[{"taxonomy":"product_brand","embeddable":true,"href":"https:\/\/soydeaqui.ddns.net\/pachuca\/index.php\/wp-json\/wp\/v2\/product_brand?post=42019"},{"taxonomy":"product_cat","embeddable":true,"href":"https:\/\/soydeaqui.ddns.net\/pachuca\/index.php\/wp-json\/wp\/v2\/product_cat?post=42019"},{"taxonomy":"product_tag","embeddable":true,"href":"https:\/\/soydeaqui.ddns.net\/pachuca\/index.php\/wp-json\/wp\/v2\/product_tag?post=42019"}],"curies":[{"name":"wp","href":"https:\/\/api.w.org\/{rel}","templated":true}]}}