{"id":42013,"date":"2026-03-18T18:30:37","date_gmt":"2026-03-18T18:30:37","guid":{"rendered":"https:\/\/soydeaqui.ddns.net\/pachuca\/index.php\/producto\/multimetro-digital-de-gancho-dt266-600-vcc-vca-catii-con-pantalla-lcd-incluye-bateria-er-9v-de-9v\/"},"modified":"2026-03-18T18:30:44","modified_gmt":"2026-03-18T18:30:44","slug":"multimetro-digital-de-gancho-dt266-600-vcc-vca-catii-con-pantalla-lcd-incluye-bateria-er-9v-de-9v","status":"publish","type":"product","link":"https:\/\/soydeaqui.ddns.net\/pachuca\/index.php\/producto\/multimetro-digital-de-gancho-dt266-600-vcc-vca-catii-con-pantalla-lcd-incluye-bateria-er-9v-de-9v\/","title":{"rendered":"Mult\u00edmetro Digital de Gancho DT266 600 Vcc \/ Vca  CATII. Con pantalla LCD. Incluye Bater\u00eda ER-9V de 9V"},"content":{"rendered":"<div style='width: 100%; max-width: 1200px; margin: 0 auto; font-family: sans-serif; line-height: 1.6; color: inherit; background-color: transparent;'>\n<div style='display: flex; flex-wrap: wrap; gap: 30px; margin-bottom: 30px;'>\n<div style='flex: 1 1 300px; min-width: 280px;'> <img style='width: 100%; height: auto; border: 1px solid rgba(150&comma;150&comma;150&comma;0.3); border-radius: 8px;' src='https:\/\/ftp3.syscom.mx\/usuarios\/fotos\/logotipos\/precision.png' alt='Logo de PRECISION'> <\/div>\n<\/p><\/div>\n<div style='display: flex; flex-wrap: wrap; gap: 30px; margin-bottom: 30px;'>\n<div style='flex: 1 1 300px; min-width: 280px;'>\n<h3 style='font-size: 22px; border-bottom: 2px solid currentColor; padding-bottom: 5px; margin-top: 0; color: inherit; opacity: 0.8;'>Mult\u00edmetro B\u00e1sico de Gancho DT266 y Bater\u00eda ER-9V&comma; para Mediciones El\u00e9ctricas de uso Dom\u00e9stico \/ Estudiante.<\/h3>\n<\/p><\/div>\n<\/p><\/div>\n<div style='display: flex; flex-wrap: wrap; gap: 30px; margin-bottom: 30px;'>\n<div style='flex: 1 1 300px; min-width: 280px;'>\n<div style='border: 1px solid rgba(150&comma; 150&comma; 150&comma; 0.4); border-radius: 8px; overflow: hidden; display: flex; flex-direction: column;'>\n<div style='padding: 15px; border-bottom: 1px solid rgba(150&comma; 150&comma; 150&comma; 0.2); font-weight: bold; font-size: 18px; color: inherit;'>Caracter\u00edsticas Generales:<\/div>\n<div style='padding: 15px; color: inherit;'>\n<ul style='padding-left: 20px; margin: 0; font-size: 14px; list-style-type: disc;'>\n<li style='margin-bottom: 5px;'><span style='color: inherit;'>Pantalla LCD de 3 &#8211; 1\/2<\/span><\/li>\n<li style='margin-bottom: 5px;'><span style='color: inherit;'>Maxima resoluci\u00f3n 1999 recuentos cada 2 segundos.<\/span><\/li>\n<li style='margin-bottom: 5px;'><span style='color: inherit;'>Indicador de bater\u00eda baja.<\/span><\/li>\n<li style='margin-bottom: 5px;'><span style='color: inherit;'>Indicador de Polaridad en CC<\/span><\/li>\n<li style='margin-bottom: 5px;'><span style='color: inherit;'>Protecci\u00f3n contra sobre cargas.<\/span><\/li>\n<li style='margin-bottom: 5px;'><span style='color: inherit;'>Diametro m\u00e1ximo de pinza 57mm (2.09&#8242;)<\/span><\/li>\n<\/ul><\/div>\n<\/p><\/div>\n<\/p><\/div>\n<div style='flex: 1 1 300px; min-width: 280px;'>\n<div style='border: 1px solid rgba(150&comma; 150&comma; 150&comma; 0.4); border-radius: 8px; overflow: hidden; display: flex; flex-direction: column;'>\n<div style='padding: 15px; border-bottom: 1px solid rgba(150&comma; 150&comma; 150&comma; 0.2); font-weight: bold; font-size: 18px; color: inherit;'>Funciones de Medici\u00f3n:<\/div>\n<div style='padding: 15px; color: inherit;'>\n<ul style='padding-left: 20px; margin: 0; font-size: 14px; list-style-type: disc;'>\n<li style='margin-bottom: 5px;'><span style='color: inherit;'>Medici\u00f3n de Voltaje 600 V CA\/CC. CATII<\/span><\/li>\n<li style='margin-bottom: 5px;'><span style='color: inherit;'>Medici\u00f3n de Corriente 20 \/ 1000 A CA.<\/span><\/li>\n<li style='margin-bottom: 5px;'><span style='color: inherit;'>Medici\u00f3n de Resistencia 200\u03a9 &#8211; 20 K\u03a9.<\/span><\/li>\n<li style='margin-bottom: 5px;'><span style='color: inherit;'>Medici\u00f3n de Resistencia 200 K\u03a9 &#8211; 2 M\u03a9.<\/span><\/li>\n<li style='margin-bottom: 5px;'><span style='color: inherit;'>Prueba audible de continuidad \u2666<\/span><\/li>\n<li style='margin-bottom: 5px;'><span style='color: inherit;'>Funci\u00f3n HOLD para medici\u00f3n temporal.<\/span><\/li>\n<\/ul><\/div>\n<\/p><\/div>\n<\/p><\/div>\n<div style='flex: 1 1 300px; min-width: 280px;'>\n<div style='border: 1px solid rgba(150&comma; 150&comma; 150&comma; 0.4); border-radius: 8px; overflow: hidden; display: flex; flex-direction: column;'>\n<div style='padding: 15px; border-bottom: 1px solid rgba(150&comma; 150&comma; 150&comma; 0.2); font-weight: bold; font-size: 18px; color: inherit;'>Caracter\u00edsticas F\u00edsicas y El\u00e9ctricas:<\/div>\n<div style='padding: 15px; color: inherit;'>\n<ul style='padding-left: 20px; margin: 0; font-size: 14px; list-style-type: disc;'>\n<li style='margin-bottom: 5px;'><span style='color: inherit;'>Alimentaci\u00f3n: <a href='https:\/\/www.syscom.mx\/producto\/ER-9V-EPCOM-POWERLINE-190929.html' style='color: inherit; text-decoration: underline;'>bater\u00eda alcalina 9V ER-9V (Incluida).<\/a><\/span><\/li>\n<li style='margin-bottom: 5px;'><span style='color: inherit;'>Temperatura de operaci\u00f3n: 0\u00baC a 40\u00baC.<\/span><\/li>\n<li style='margin-bottom: 5px;'><span style='color: inherit;'>Dimensiones: 230 x 68 x 37 mm.<\/span><\/li>\n<li style='margin-bottom: 5px;'><span style='color: inherit;'>Peso: 0.24 Kg. aprox.<\/span><\/li>\n<li style='margin-bottom: 5px;'><span style='color: inherit; font-weight: bold;'>Incluye: Puntas de prueba&comma; Estuche Blando&comma; y manual de usuario.<\/span><\/li>\n<\/ul><\/div>\n<\/p><\/div>\n<\/p><\/div>\n<\/p><\/div>\n<hr style='border: 0; border-top: 1px solid rgba(150&comma; 150&comma; 150&comma; 0.3); margin: 30px 0;'> <\/div>\n","protected":false},"excerpt":{"rendered":"<p>Mult\u00edmetro Digital de Gancho DT266 600 Vcc \/ Vca  CATII. Con pantalla LCD. Incluye Bater\u00eda ER-9V de 9V<\/p>\n","protected":false},"featured_media":42012,"comment_status":"open","ping_status":"closed","template":"","meta":[],"product_brand":[],"product_cat":[1140],"product_tag":[1058,1141,248],"class_list":{"0":"post-42013","1":"product","2":"type-product","3":"status-publish","4":"has-post-thumbnail","6":"product_cat-medicion-e-inspeccion-electrica","7":"product_tag-ferreteria","8":"product_tag-medicion-e-inspeccion-electrica","9":"product_tag-precision","11":"first","12":"instock","13":"sale","14":"shipping-taxable","15":"purchasable","16":"product-type-simple"},"_links":{"self":[{"href":"https:\/\/soydeaqui.ddns.net\/pachuca\/index.php\/wp-json\/wp\/v2\/product\/42013","targetHints":{"allow":["GET"]}}],"collection":[{"href":"https:\/\/soydeaqui.ddns.net\/pachuca\/index.php\/wp-json\/wp\/v2\/product"}],"about":[{"href":"https:\/\/soydeaqui.ddns.net\/pachuca\/index.php\/wp-json\/wp\/v2\/types\/product"}],"replies":[{"embeddable":true,"href":"https:\/\/soydeaqui.ddns.net\/pachuca\/index.php\/wp-json\/wp\/v2\/comments?post=42013"}],"wp:featuredmedia":[{"embeddable":true,"href":"https:\/\/soydeaqui.ddns.net\/pachuca\/index.php\/wp-json\/wp\/v2\/media\/42012"}],"wp:attachment":[{"href":"https:\/\/soydeaqui.ddns.net\/pachuca\/index.php\/wp-json\/wp\/v2\/media?parent=42013"}],"wp:term":[{"taxonomy":"product_brand","embeddable":true,"href":"https:\/\/soydeaqui.ddns.net\/pachuca\/index.php\/wp-json\/wp\/v2\/product_brand?post=42013"},{"taxonomy":"product_cat","embeddable":true,"href":"https:\/\/soydeaqui.ddns.net\/pachuca\/index.php\/wp-json\/wp\/v2\/product_cat?post=42013"},{"taxonomy":"product_tag","embeddable":true,"href":"https:\/\/soydeaqui.ddns.net\/pachuca\/index.php\/wp-json\/wp\/v2\/product_tag?post=42013"}],"curies":[{"name":"wp","href":"https:\/\/api.w.org\/{rel}","templated":true}]}}