{"id":42010,"date":"2026-03-18T18:30:33","date_gmt":"2026-03-18T18:30:33","guid":{"rendered":"https:\/\/soydeaqui.ddns.net\/pachuca\/index.php\/producto\/montaje-para-piso-de-concreto-para-un-modulo-fotovoltaico-de-450-a-660w\/"},"modified":"2026-03-18T18:30:35","modified_gmt":"2026-03-18T18:30:35","slug":"montaje-para-piso-de-concreto-para-un-modulo-fotovoltaico-de-450-a-660w","status":"publish","type":"product","link":"https:\/\/soydeaqui.ddns.net\/pachuca\/index.php\/producto\/montaje-para-piso-de-concreto-para-un-modulo-fotovoltaico-de-450-a-660w\/","title":{"rendered":"Montaje Para Piso de Concreto Para un Modulo Fotovoltaico  de 450 a 660W"},"content":{"rendered":"<div style='width: 100%; max-width: 1200px; margin: 0 auto; font-family: sans-serif; line-height: 1.6; color: inherit; background-color: transparent;'>\n<div style='width: 100%; margin-bottom: 30px;'> <img style='width: 100%; height: auto; border: 1px solid rgba(150&comma;150&comma;150&comma;0.3); border-radius: 8px;' src='https:\/\/ftp3.syscom.mx\/usuarios\/anavarro\/SUNFORSON\/garantia25.png' alt=''> <\/div>\n<div style='display: flex; flex-direction: column; gap: 30px;'>\n<div>\n<h1 style='font-size: 35px; text-align: center; color: inherit; margin: 0;'>Montaje para 1 m\u00f3dulo solar sobre piso<\/h1>\n<\/p><\/div>\n<div>\n<h2 style='font-size: 14pt; color: inherit; margin-top: 0;'>Beneficios de utilizar montajes de Aluminio Anodizado PSFR03H de Precision:<\/h2>\n<ul style='list-style-type: circle; padding-left: 20px; color: inherit;'>\n<li style='margin-bottom: 5px;'>Mitigue la corrosi\u00f3n por efecto del &#8216;Par Galv\u00e1nico\u201d&comma; garantice sus instalaciones contra la corrosi\u00f3n prematura.<\/li>\n<li style='margin-bottom: 5px;'>F\u00e1cil instalaci\u00f3n y adaptabilidad a sus necesidades debido a la gran variedad de accesorios disponibles.<\/li>\n<li style='margin-bottom: 5px;'>\u00a12 contra defectos de fabricaci\u00f3n!<\/li>\n<\/ul><\/div>\n<div>\n<p style='color: inherit; font-size: 30px; background-color: transparent; margin: 0;'>Montaje para muro&comma; para diversos arreglos de m\u00f3dulos fotovoltaicos.<\/p>\n<\/p><\/div>\n<div>\n<h3 style='color: inherit; margin-top: 0;'>Caracter\u00edsticas Principales:<\/h3>\n<ul style='padding-left: 20px; color: inherit;'>\n<li style='margin-bottom: 5px;'>Para diversos arreglos de m\u00f3dulos fotovoltaicos de 35-40 mm de espesor<\/li>\n<\/ul>\n<p style='margin: 15px 0; color: inherit;'>*Se sugiere revisar compatibilidad con el departamento de ingenier\u00eda.<\/p>\n<\/p><\/div>\n<div>\n<h2 style='font-size: 14pt; color: inherit; margin-top: 0;'>M\u00f3dulos compatibles:<\/h2>\n<ul style='padding-left: 20px; color: inherit;'>\n<li style='margin-bottom: 5px;'> <a style='color: #005cb9; text-decoration: none; font-size: 12px;' href='https:\/\/www.syscom.mx\/principal\/searchcont?route=ETM772BH550WW\/WB-ETSOLAR-207706&#038;autodetect=550w'>ETM772BH550WW\/WB<\/a> <\/li>\n<li style='margin-bottom: 5px;'> <a style='color: #005cb9; text-decoration: none; font-size: 12px;' href='https:\/\/www.syscom.mx\/producto\/ETM672BH450WW-WB-ETSOLAR-194441.html'>ETM672BH450WW\/WB<\/a> <\/li>\n<li style='margin-bottom: 5px;'> <a style='color: #005cb9; text-decoration: none; font-size: 15px;' href='https:\/\/www.syscom.mx\/producto\/LR572HTH575M-LONGI-224263.html'>LR572HTH575M<\/a> <\/li>\n<li style='margin-bottom: 5px;'> <a style='color: #005cb9; text-decoration: none; font-size: 15px;' href='https:\/\/www.syscom.mx\/producto\/RSM1328660M-RISEN-217338.html'>RSM1328660M<\/a> <\/li>\n<li style='margin-bottom: 5px;'> <a style='color: #005cb9; text-decoration: none; font-size: 15px;' href='https:\/\/www.syscom.mx\/producto\/LP182*182M72NH580W-LEAPTON-222349.html'>LP182*182M72NH580W<\/a> Agregando 4 <span style='color: #2196f3;'><strong>EPL-ECG2-30R<\/strong><\/span> <\/li>\n<\/ul><\/div>\n<div>\n<p style='color: inherit; margin: 0;'>Puede montar:<\/p>\n<ul style='padding-left: 20px; color: inherit;'>\n<li style='margin-bottom: 5px;'>1 PRO12512-Agregando 4 <span style='color: #2196f3;'><strong>EPL-ECG2-30R<\/strong><\/span><\/li>\n<li style='margin-bottom: 5px;'>1 PRO10012-Agregando 4 <span style='color: #2196f3;'><strong>EPL-ECG2-30R<\/strong><\/span><\/li>\n<li style='margin-bottom: 5px;'>1 PRO15012-Agregando 4 <span style='color: #2196f3;'><strong>EPL-ECG2-30R<\/strong><\/span><\/li>\n<\/ul><\/div>\n<div>\n<h2 style='font-size: 24pt; color: inherit; text-align: center; margin-top: 0;'>Ventajas de los sistemas de montaje de Epcom Power Line<\/h2>\n<ul style='padding-left: 20px; color: inherit;'>\n<li style='margin-bottom: 5px;'> <span style='font-size: 14pt;'>Materiales de la m\u00e1s alta calidad.<\/span> <\/li>\n<li style='margin-bottom: 5px;'> <span style='font-size: 14pt;'>Instalaci\u00f3n r\u00e1pida y sencilla.<\/span> <\/li>\n<li style='margin-bottom: 5px;'> <span style='font-size: 14pt;'>Piezas m\u00e1s robustas resistentes en climas extremos.<\/span> <\/li>\n<li style='margin-bottom: 5px;'> <span style='font-size: 14pt;'>Soporte t\u00e9cnico 365 d\u00edas del a\u00f1o.<\/span> <\/li>\n<li style='margin-bottom: 5px;'> <span style='font-size: 14pt;'>2.<\/span> <\/li>\n<\/ul><\/div>\n<\/p><\/div>\n<\/p><\/div>\n","protected":false},"excerpt":{"rendered":"<p>Montaje Para Piso de Concreto Para un Modulo Fotovoltaico  de 450 a 660W<\/p>\n","protected":false},"featured_media":42009,"comment_status":"open","ping_status":"closed","template":"","meta":[],"product_brand":[],"product_cat":[963],"product_tag":[964,965,248],"class_list":{"0":"post-42010","1":"product","2":"type-product","3":"status-publish","4":"has-post-thumbnail","6":"product_cat-montajes-completos-para-modulos","7":"product_tag-energia-solar","8":"product_tag-montajes-completos-para-modulos","9":"product_tag-precision","11":"first","12":"instock","13":"sale","14":"shipping-taxable","15":"purchasable","16":"product-type-simple"},"_links":{"self":[{"href":"https:\/\/soydeaqui.ddns.net\/pachuca\/index.php\/wp-json\/wp\/v2\/product\/42010","targetHints":{"allow":["GET"]}}],"collection":[{"href":"https:\/\/soydeaqui.ddns.net\/pachuca\/index.php\/wp-json\/wp\/v2\/product"}],"about":[{"href":"https:\/\/soydeaqui.ddns.net\/pachuca\/index.php\/wp-json\/wp\/v2\/types\/product"}],"replies":[{"embeddable":true,"href":"https:\/\/soydeaqui.ddns.net\/pachuca\/index.php\/wp-json\/wp\/v2\/comments?post=42010"}],"wp:featuredmedia":[{"embeddable":true,"href":"https:\/\/soydeaqui.ddns.net\/pachuca\/index.php\/wp-json\/wp\/v2\/media\/42009"}],"wp:attachment":[{"href":"https:\/\/soydeaqui.ddns.net\/pachuca\/index.php\/wp-json\/wp\/v2\/media?parent=42010"}],"wp:term":[{"taxonomy":"product_brand","embeddable":true,"href":"https:\/\/soydeaqui.ddns.net\/pachuca\/index.php\/wp-json\/wp\/v2\/product_brand?post=42010"},{"taxonomy":"product_cat","embeddable":true,"href":"https:\/\/soydeaqui.ddns.net\/pachuca\/index.php\/wp-json\/wp\/v2\/product_cat?post=42010"},{"taxonomy":"product_tag","embeddable":true,"href":"https:\/\/soydeaqui.ddns.net\/pachuca\/index.php\/wp-json\/wp\/v2\/product_tag?post=42010"}],"curies":[{"name":"wp","href":"https:\/\/api.w.org\/{rel}","templated":true}]}}